{"id":339,"date":"2024-03-08T09:43:25","date_gmt":"2024-03-08T08:43:25","guid":{"rendered":"https:\/\/edublog.educastur.es\/biohumphreys\/?page_id=339"},"modified":"2024-03-14T10:06:21","modified_gmt":"2024-03-14T09:06:21","slug":"meiosis","status":"publish","type":"page","link":"https:\/\/edublog.educastur.es\/biohumphreys\/meiosis\/","title":{"rendered":"MEIOSIS"},"content":{"rendered":"<h2 style=\"text-align: center\">SIGNIFICADO BIOL\u00d3GICO DE LA MEIOSIS<\/h2>\n<p style=\"text-align: justify\">Tiene lugar en cualquier ciclo biol\u00f3gico en los que se d\u00e9 un <strong>proceso de reproducci\u00f3n sexual<\/strong>, por consiguiente, siempre est\u00e1\u00a0<strong>asociada a procesos reproductivos o germinales y no a los som\u00e1ticos.<\/strong><\/p>\n<p style=\"text-align: justify\">Siempre\u00a0<strong>necesita partir de una c\u00e9lula diploide<\/strong>\u00a0(con pares de cromosomas, es decir, dos cromosomas de cada tipo), la que, tras\u00a0<strong>dos divisiones sucesivas<\/strong>, con una breve interfase en la que no hay duplicaci\u00f3n del ADN, <strong>se originan 4 c\u00e9lulas haploides<\/strong>\u00a0(con la mitad del material gen\u00e9tico, es decir, un solo cromosoma de cada tipo).<\/p>\n<p style=\"text-align: justify\">Adem\u00e1s, en\u00a0<strong>esta divisi\u00f3n se origina variabilidad<\/strong>, en otras palabras,\u00a0<strong>esas c\u00e9lulas hijas ya no son id\u00e9nticas entre s\u00ed<\/strong>\u00a0ni equivalentes a la c\u00e9lula madre.<\/p>\n<p>Dicha variabilidad es muy importante, <strong>consider\u00e1ndose por muchos autores el motor principal de la evoluci\u00f3n<\/strong>, ya que permite la supervivencia de las especies ante un cambio dr\u00e1stico del medio, seleccionando solo aquellas variantes m\u00e1s propias (selecci\u00f3n natural).<\/p>\n<p style=\"text-align: center\">\n<!-- iframe plugin v.6.0 wordpress.org\/plugins\/iframe\/ -->\n<iframe loading=\"lazy\" width=\"90%\" height=\"315\" src=\"https:\/\/www.youtube.com\/embed\/0gCzdE7d5Mc?si=5Xfx-WvFWoWA1Exd&#038;amp;clip=UgkxxKD_E-6VW8g_Djo5SAmMEGLGDLoVd75e&#038;amp;clipt=EM-NAhiv4gU\" title=\"YouTube video player\" frameborder=\"0\" allow=\"accelerometer; autoplay; clipboard-write; encrypted-media; gyroscope; picture-in-picture; web-share\" 0=\"allowfullscreen&gt;&lt;\/iframe\" scrolling=\"yes\" class=\"iframe-class\"><\/iframe>\n<\/p>\n<p>Si entendemos estas nociones b\u00e1sicas de la meiosis, comprenderemos las diferencias en este esquema respecto a la mitosis (<em>ver la explicaci\u00f3n de la imagen para entender su descripci\u00f3n<\/em>):<\/p>\n<div style=\"width: 903px\" class=\"wp-caption aligncenter\"><img loading=\"lazy\" decoding=\"async\" class=\"\" title=\"https:\/\/image2.slideserve.com\/4324274\/4-contenido-de-adn-durante-el-ciclo-celular-meiosis-formaci-n-de-gametos-l.jpg\" src=\"https:\/\/image2.slideserve.com\/4324274\/4-contenido-de-adn-durante-el-ciclo-celular-meiosis-formaci-n-de-gametos-l.jpg\" alt=\"Cantidad de ADN a lo largo del ciclo celular de una c\u00e9lula que sufre meiosis. Como se deriva del esquema, a partir de una c\u00e9lula diploide, se duplica el material gen\u00e9tico en fase S, en la G2 mantiene el ADN duplicado (tetraploide) y, tras dos divisiones sucesivas en las que hay una breve interfase sin duplicaci\u00f3n del material gen\u00e9tico, se origina una c\u00e9lula haploide con la mitad de ADN que su c\u00e9lula madre.\" width=\"893\" height=\"670\" \/><p class=\"wp-caption-text\">Cantidad de ADN a lo largo del ciclo celular de una c\u00e9lula que sufre meiosis. Como se deriva del esquema, a partir de una c\u00e9lula diploide, se duplica el material gen\u00e9tico en fase S, en la G2 mantiene el ADN duplicado (tetraploide) y, tras dos divisiones sucesivas en las que hay una breve interfase sin duplicaci\u00f3n del material gen\u00e9tico, se origina una c\u00e9lula haploide con la mitad de ADN que su c\u00e9lula madre.<\/p><\/div>\n<h2 style=\"text-align: center\">DIVISI\u00d3N MEI\u00d3TICA<\/h2>\n<p style=\"text-align: justify\">Consta de las mismas fases que la mitosis, pero, en este caso, <strong>son dos divisiones sucesivas y tendr\u00e1n ligeras diferencias<\/strong>. As\u00ed, tenemos:<\/p>\n<h3 style=\"text-align: justify\">1\u00aa DIVISI\u00d3N MEI\u00d3TICA<\/h3>\n<p style=\"text-align: justify\">Es la etapa en la que ocurre l<strong>a divisi\u00f3n reduccional<\/strong>, es decir, el momento en el que se <strong>reduce el juego cromos\u00f3mico de la c\u00e9lula a la mitad<\/strong> y, por consiguiente, donde encontramos<strong> las principales diferencias respecto a la mitosis.<\/strong><\/p>\n<h4 style=\"text-align: justify\">PROFASE I<\/h4>\n<p style=\"text-align: justify\">Es la etapa <strong>m\u00e1s larga y compleja<\/strong>. Durante todo el proceso la membrana nuclear permanece intacta y solo al final desaparece.<\/p>\n<p style=\"text-align: justify\">Se divide en otras cinco etapas: <strong><span style=\"color: #ff0000\">Leptoteno<\/span>, <span style=\"color: #993300\">Zigoteno<\/span>, <span style=\"color: #0000ff\">Paquiteno<\/span>, <span style=\"color: #ff00ff\">Diploteno<\/span> y <span style=\"color: #ff6600\">Diacinesis<\/span><\/strong>.<\/p>\n<p style=\"text-align: justify\">S\u00e9 que es dif\u00edcil acordarse de ello, as\u00ed que te propongo la siguiente <strong>regla mnemot\u00e9cnica<\/strong>: imag\u00ednate a dos andaluces hablando, en el que uno le dice a otro: \u00ab<em><strong><span style=\"color: #ff0000\">LE<\/span> <span style=\"color: #993300\">ZIGO<\/span> A <span style=\"color: #0000ff\">PAQUITA<\/span> <span style=\"color: #ff00ff\">DI<\/span>A A <span style=\"color: #ff6600\">DIA<\/span><\/strong><\/em>\u00ab<\/p>\n<h5><span style=\"color: #ff0000\">LEPTOTENO<\/span><\/h5>\n<p style=\"text-align: justify\">\u00a0Los cromosomas se condensan, formando fibras largas y finas (no distingui\u00e9ndose las crom\u00e1tidas) y <strong>se unen a la membrana nuclear en las zonas pr\u00f3ximas a la localizaci\u00f3n de los centriolos, a trav\u00e9s de las placas de uni\u00f3n.<\/strong><\/p>\n<div id=\"attachment_352\" style=\"width: 371px\" class=\"wp-caption aligncenter\"><img loading=\"lazy\" decoding=\"async\" aria-describedby=\"caption-attachment-352\" class=\" wp-image-352\" src=\"http:\/\/edublog.educastur.es\/biohumphreys\/files\/2024\/03\/Captura-de-pantalla-2024-03-06-182550.png\" alt=\"Leptoteno. Se observa c\u00f3mo los cromosomas se unen a la membrana nuclear a trav\u00e9s de las placas de uni\u00f3n.\" width=\"361\" height=\"279\" srcset=\"https:\/\/edublog.educastur.es\/biohumphreys\/files\/2024\/03\/Captura-de-pantalla-2024-03-06-182550.png 855w, https:\/\/edublog.educastur.es\/biohumphreys\/files\/2024\/03\/Captura-de-pantalla-2024-03-06-182550-300x232.png 300w, https:\/\/edublog.educastur.es\/biohumphreys\/files\/2024\/03\/Captura-de-pantalla-2024-03-06-182550-768x594.png 768w, https:\/\/edublog.educastur.es\/biohumphreys\/files\/2024\/03\/Captura-de-pantalla-2024-03-06-182550-676x523.png 676w\" sizes=\"auto, (max-width: 361px) 100vw, 361px\" \/><p id=\"caption-attachment-352\" class=\"wp-caption-text\">Leptoteno. Se observa c\u00f3mo los cromosomas se unen a la membrana nuclear a trav\u00e9s de las placas de uni\u00f3n.<\/p><\/div>\n<h5 style=\"text-align: justify\"><span style=\"color: #800000\">ZIGOTENO<\/span><\/h5>\n<p style=\"text-align: justify\">Los <strong>cromosomas hom\u00f3logos<\/strong> (los pares o parejas de cromosomas) <strong>se aparean entre s\u00ed<\/strong>, origin\u00e1ndose en la zona de contacto una estructura denominada <strong>complejo sinapton\u00e9mico, <\/strong>uniendo punto a punto cada cromosoma como si fuera una cremallera.\u00a0 De esta manera, cada gen queda yuxtapuesto a su gen hom\u00f3logo.<\/p>\n<p style=\"text-align: justify\">Cada<strong> par cromos\u00f3mico as\u00ed formado se denomina bivalente o t\u00e9trada<\/strong> (contiene cuatro crom\u00e1tidas).<\/p>\n<div style=\"width: 260px\" class=\"wp-caption aligncenter\"><img loading=\"lazy\" decoding=\"async\" title=\"https:\/\/www.asturnatura.com\/temarios\/biologia\/nucleo-mitosis-meiosis\/fases-meiosis\" src=\"https:\/\/www.asturnatura.com\/articulos\/nucleo-mitosis-meiosis\/zigoteno.jpg\" alt=\"Zigoteno. Los cromosomas hom\u00f3logos se aparean y forman el complejo sinaptot\u00e9mico, conllevando la aparici\u00f3n de un bivalente o t\u00e9trada.\" width=\"250\" height=\"264\" \/><p class=\"wp-caption-text\">Zigoteno. Los cromosomas hom\u00f3logos se aparean y forman el complejo sinaptot\u00e9mico, conllevando la aparici\u00f3n de un bivalente o t\u00e9trada.<\/p><\/div>\n<h5 style=\"text-align: justify\"><span style=\"color: #3366ff\">PAQUITENO<\/span><\/h5>\n<p style=\"text-align: justify\">Una vez completados el apareamiento y la condensaci\u00f3n de los cromosomas hom\u00f3logos, tiene lugar el <strong>sobrecruzamiento entre crom\u00e1tidas no hermanas, uno de los hechos o pilares fundamentales de la meiosis. <\/strong><\/p>\n<p style=\"text-align: justify\"><strong>As\u00ed, las crom\u00e1tidas de cada t\u00e9trada se rompen e intercambian fragmentos completos de ADN, apareciendo nueva combinaci\u00f3n de genes y produciendo variabilidad, de enorme importancia para la evoluci\u00f3n.<\/strong><\/p>\n<div style=\"width: 683px\" class=\"wp-caption aligncenter\"><img loading=\"lazy\" decoding=\"async\" title=\"https:\/\/cdn.kastatic.org\/ka-perseus-images\/61590aa48271c7d8580af3ab8b9329b8a1b82126.png\" src=\"https:\/\/cdn.kastatic.org\/ka-perseus-images\/61590aa48271c7d8580af3ab8b9329b8a1b82126.png\" alt=\"Paquiteno. En esta fase ocurre el sobrecruzamiento o recombinaci\u00f3n entre crom\u00e1tidas no hermanas, apareciendo una nueva combinaci\u00f3n de genes que produce variabilidad en la descendencia.\" width=\"673\" height=\"310\" \/><p class=\"wp-caption-text\">Paquiteno. En esta fase ocurre el sobrecruzamiento o recombinaci\u00f3n entre crom\u00e1tidas no hermanas, apareciendo una nueva combinaci\u00f3n de genes que produce variabilidad en la descendencia.<\/p><\/div>\n<h5 style=\"text-align: justify\"><span style=\"color: #ff00ff\">DIPLOTENO<\/span><\/h5>\n<p style=\"text-align: justify\"><strong>Desaparece el complejo sinaptot\u00e9mico<\/strong> y los hom\u00f3logos comienzan a separarse, aunque <strong>permanecen unidos por los quiasmas, puntos donde ha habido recombinaci\u00f3n o sobrecruzamiento.<\/strong><\/p>\n<p style=\"text-align: justify\">Es la etapa m\u00e1s larga de la meiosis, ya que puede durar d\u00edas e incluso a\u00f1os, como en el caso de los ovocitos humanos.<\/p>\n<div style=\"width: 260px\" class=\"wp-caption aligncenter\"><img loading=\"lazy\" decoding=\"async\" title=\"https:\/\/www.asturnatura.com\/articulos\/nucleo-mitosis-meiosis\/diploteno.jpg\" src=\"https:\/\/www.asturnatura.com\/articulos\/nucleo-mitosis-meiosis\/diploteno.jpg\" alt=\"Diploteno. Desaparece el complejo sinaptot\u00e9mico, pero ambas crom\u00e1tidas se encuentran unidas a nivel de los puntos de recombinaci\u00f3n, estructuras conocidas como quiasmas.\" width=\"250\" height=\"276\" \/><p class=\"wp-caption-text\">Diploteno. Desaparece el complejo sinaptot\u00e9mico, pero ambas crom\u00e1tidas se encuentran unidas a nivel de los puntos de recombinaci\u00f3n, estructuras conocidas como quiasmas.<\/p><\/div>\n<h5 style=\"text-align: justify\"><span style=\"color: #ff6600\">DIACINESIS<\/span><\/h5>\n<p style=\"text-align: justify\">Los cromosomas se condensan y se <strong>separan totalmente de la envoltura nuclear.<\/strong><\/p>\n<p style=\"text-align: justify\">Los quiasmas se van desplazando hacia los extremos del bivalente, fen\u00f3meno conocido como <strong>terminalizaci\u00f3n de los quiasmas.<\/strong><\/p>\n<p style=\"text-align: justify\">Al final de esta fase, <strong>comienza a desaparecer la envoltura nuclear y el nucleolo<\/strong>, al mismo tiempo que empiezan a formarse los microt\u00fabulos cinetoc\u00f3ricos.<\/p>\n<div style=\"width: 410px\" class=\"wp-caption aligncenter\"><img loading=\"lazy\" decoding=\"async\" title=\"https:\/\/www.asturnatura.com\/articulos\/nucleo-mitosis-meiosis\/quiasma2.jpg\" src=\"https:\/\/www.asturnatura.com\/articulos\/nucleo-mitosis-meiosis\/quiasma2.jpg\" alt=\"Diacinesis. Terminalizaci\u00f3n de los quiasmas. Ambos cromosomas se separan completamente. Como resultado tenemos unos \" width=\"400\" height=\"309\" \/><p class=\"wp-caption-text\">Diacinesis. Terminalizaci\u00f3n de los quiasmas. Ambos cromosomas se separan completamente. Como resultado tenemos unos \u00abcromosomas nuevos\u00bb, con recombinaci\u00f3n de genes maternos y paternos.<\/p><\/div>\n<p style=\"text-align: center\">\n<!-- iframe plugin v.6.0 wordpress.org\/plugins\/iframe\/ -->\n<iframe loading=\"lazy\" width=\"90%\" height=\"315\" src=\"https:\/\/www.youtube.com\/embed\/0gCzdE7d5Mc?si=jRGhiqzhZ0o7qsme&#038;amp;start=88&#038;end=276\" title=\"YouTube video player\" frameborder=\"0\" allow=\"accelerometer; autoplay; clipboard-write; encrypted-media; gyroscope; picture-in-picture; web-share\" 0=\"allowfullscreen&gt;&lt;\/iframe\" scrolling=\"yes\" class=\"iframe-class\"><\/iframe>\n<\/p>\n<h4 style=\"text-align: justify\">METAFASE I<\/h4>\n<p style=\"text-align: justify\">Los bivalentes se unen a los microt\u00fabulos cinetoc\u00f3ricos, <strong>disponi\u00e9ndose en el plano ecuatorial<\/strong>, con lo que los <strong>cromosomas del par de hom\u00f3logos se orientan hacia polos opuestos.<\/strong><\/p>\n<p style=\"text-align: justify\">Aqu\u00ed tenemos<strong> una importante distinci\u00f3n respecto a la mitosis<\/strong> y es que, en esta <strong>divisi\u00f3n mit\u00f3tica, todos los cromosomas se dispon\u00edan en una \u00fanica fila en la placa ecuatorial<\/strong>, de manera que cada crom\u00e1tida de cada cromosoma se orientaba hacia polos opuestos.<\/p>\n<p style=\"text-align: justify\">Sin embargo, en la <strong>meiosis no es as\u00ed, puesto que los cromosomas hom\u00f3logos se disponen en paralelo, en otras palabras, hay dos filas en la placa ecuatorial metaf\u00e1sica, de tal manera que cada cromosoma hom\u00f3logo se enfoca hacia un extremo diferente.<\/strong><\/p>\n<div id=\"attachment_354\" style=\"width: 471px\" class=\"wp-caption aligncenter\"><img loading=\"lazy\" decoding=\"async\" aria-describedby=\"caption-attachment-354\" class=\" wp-image-354\" src=\"http:\/\/edublog.educastur.es\/biohumphreys\/files\/2024\/03\/Captura-de-pantalla-2024-03-08-092047-300x134.png\" alt=\"Diferencia entre la metafase mit\u00f3tica (izquierda) y primera metafase mei\u00f3tica. Observa c\u00f3mo en el segundo caso los cromosomas hom\u00f3logos se disponen en paralelo en la placa ecuatorial de la c\u00e9lula, mientras que en la mitosis solo encontramos una \u00fanica fila.\" width=\"461\" height=\"206\" srcset=\"https:\/\/edublog.educastur.es\/biohumphreys\/files\/2024\/03\/Captura-de-pantalla-2024-03-08-092047-300x134.png 300w, https:\/\/edublog.educastur.es\/biohumphreys\/files\/2024\/03\/Captura-de-pantalla-2024-03-08-092047-1024x459.png 1024w, https:\/\/edublog.educastur.es\/biohumphreys\/files\/2024\/03\/Captura-de-pantalla-2024-03-08-092047-768x344.png 768w, https:\/\/edublog.educastur.es\/biohumphreys\/files\/2024\/03\/Captura-de-pantalla-2024-03-08-092047-676x303.png 676w, https:\/\/edublog.educastur.es\/biohumphreys\/files\/2024\/03\/Captura-de-pantalla-2024-03-08-092047.png 1132w\" sizes=\"auto, (max-width: 461px) 100vw, 461px\" \/><p id=\"caption-attachment-354\" class=\"wp-caption-text\">Diferencia entre la metafase mit\u00f3tica (izquierda) y primera metafase mei\u00f3tica. Observa c\u00f3mo en el segundo caso los cromosomas hom\u00f3logos se disponen en paralelo en la placa ecuatorial de la c\u00e9lula, mientras que en la mitosis solo encontramos una \u00fanica fila.<\/p><\/div>\n<h4 style=\"text-align: justify\">ANAFASE I<\/h4>\n<p style=\"text-align: justify\">Se <strong>separan los bivalentes y cada uno de los cromosomas del par de hom\u00f3logos<\/strong> se desplaza a un polo de la c\u00e9lula.<\/p>\n<p>Recuerda: <strong>aqu\u00ed se desplazan cromosomas enteros, mientras que en la mitosis eran las crom\u00e1tidas del mismo cromosoma<\/strong>.<\/p>\n<div id=\"attachment_355\" style=\"width: 500px\" class=\"wp-caption aligncenter\"><img loading=\"lazy\" decoding=\"async\" aria-describedby=\"caption-attachment-355\" class=\" wp-image-355\" src=\"http:\/\/edublog.educastur.es\/biohumphreys\/files\/2024\/03\/Captura-de-pantalla-2024-03-08-092507-1024x428.png\" alt=\"Diferencias entre la anafase de la mitosis, en la que se separan las crom\u00e1tidas del cromosoma (izquierda), y la de la meiosis, en la que se separan los cromosomas hom\u00f3logos (derecha).\" width=\"490\" height=\"205\" srcset=\"https:\/\/edublog.educastur.es\/biohumphreys\/files\/2024\/03\/Captura-de-pantalla-2024-03-08-092507-1024x428.png 1024w, https:\/\/edublog.educastur.es\/biohumphreys\/files\/2024\/03\/Captura-de-pantalla-2024-03-08-092507-300x125.png 300w, https:\/\/edublog.educastur.es\/biohumphreys\/files\/2024\/03\/Captura-de-pantalla-2024-03-08-092507-768x321.png 768w, https:\/\/edublog.educastur.es\/biohumphreys\/files\/2024\/03\/Captura-de-pantalla-2024-03-08-092507-676x283.png 676w, https:\/\/edublog.educastur.es\/biohumphreys\/files\/2024\/03\/Captura-de-pantalla-2024-03-08-092507.png 1170w\" sizes=\"auto, (max-width: 490px) 100vw, 490px\" \/><p id=\"caption-attachment-355\" class=\"wp-caption-text\">Diferencias entre la anafase de la mitosis, en la que se separan las crom\u00e1tidas del cromosoma (izquierda), y la de la meiosis, en la que se separan los cromosomas hom\u00f3logos (derecha).<\/p><\/div>\n<h4 style=\"text-align: justify\">TELOFASE I<\/h4>\n<p style=\"text-align: justify\">La divisi\u00f3n nuclear concluye con la formaci\u00f3n de los dos n\u00facleos hijos, cada uno de los cuales contiene <strong>un juego completo de cromosomas (haploide), puesto que, de la pareja de hom\u00f3logos, uno integra una c\u00e9lula y el otro su c\u00e9lula hermana.<\/strong><\/p>\n<p style=\"text-align: justify\">En esta fase reaparecen el nucleolo y la envoltura nuclear y desaparecen las fibras del huso.<\/p>\n<p style=\"text-align: justify\">Los cromosomas sufren una peque\u00f1a descondensaci\u00f3n y se produce la citocinesis de las dos c\u00e9lulas hijas.<\/p>\n<p style=\"text-align: justify\">Las c\u00e9lulas entran en una breve interfase en la que no tiene lugar duplicaci\u00f3n de ADN.<\/p>\n<div style=\"width: 1210px\" class=\"wp-caption aligncenter\"><img loading=\"lazy\" decoding=\"async\" class=\"size-large\" src=\"https:\/\/upload.wikimedia.org\/wikipedia\/commons\/thumb\/c\/c0\/Meiosis_Spanish.svg\/1200px-Meiosis_Spanish.svg.png?20201022185424\" alt=\"Meiosis. Observa c\u00f3mo en la primera divisi\u00f3n mei\u00f3tica, en la metafase, ambos cromosomas hom\u00f3logos se disponen en paralelo, lo que condiciona que en la metafase se separen dichos cromosomas enteros y no las crom\u00e1tidas como en la mitosis. Esto es lo que origina la disminuci\u00f3n del juego cromos\u00f3mico en la meiosis.\" width=\"1200\" height=\"342\" \/><p class=\"wp-caption-text\">Meiosis. Observa c\u00f3mo en la primera divisi\u00f3n mei\u00f3tica, en la metafase, ambos cromosomas hom\u00f3logos se disponen en paralelo, lo que condiciona que en la metafase se separen dichos cromosomas enteros y no las crom\u00e1tidas como en la mitosis. Esto es lo que origina la disminuci\u00f3n del juego cromos\u00f3mico en la meiosis.<\/p><\/div>\n<h3 style=\"text-align: justify\">2\u00aa DIVISI\u00d3N MEI\u00d3TICA<\/h3>\n<p style=\"text-align: justify\">Como consecuencia de la primera divisi\u00f3n mei\u00f3tica, cada <strong>n\u00facleo hijo contiene un cromosoma de cada pareja de hom\u00f3logos, constituidos por dos crom\u00e1tidas.<\/strong><\/p>\n<p style=\"text-align: justify\"><strong>La segunda divisi\u00f3n mei\u00f3tica es un proceso muy similar a la mitosis<\/strong>, en la que las dos crom\u00e1tidas de cada cromosoma se separan y emigran hacia los polos opuestos del huso acrom\u00e1tico.<\/p>\n<p style=\"text-align: justify\">Esta segunda divisi\u00f3n consta de<\/p>\n<ul style=\"text-align: justify\">\n<li><strong>Profase II,<\/strong> en la que desaparece la envoltura nuclear y se forman los husos.<\/li>\n<li><strong>Metafase II,<\/strong> en la que los cromosomas se disponen en el plano ecuatorial.<\/li>\n<li><strong>Anafase II,<\/strong> en la que cada crom\u00e1tida migra a uno de los polos.<\/li>\n<li><strong>Telofase II,<\/strong> simult\u00e1nea a la citocinesis, en la que se crean dos n\u00facleos con una sola crom\u00e1tida.<\/li>\n<\/ul>\n<div style=\"width: 1449px\" class=\"wp-caption aligncenter\"><img loading=\"lazy\" decoding=\"async\" title=\"Xtabay 19:10, 7 July 2012 (UTC), CC BY-SA 3.0 &lt;https:\/\/creativecommons.org\/licenses\/by-sa\/3.0&gt;, via Wikimedia Commons\" src=\"https:\/\/upload.wikimedia.org\/wikipedia\/commons\/a\/af\/Meiosis_mx.png\" alt=\"Meiosis. Como resultado de estas dos divisiones sucesivas se generan, a partir de una c\u00e9lula diploide, cuatro c\u00e9lulas haploides diferentes entre s\u00ed, resultado del proceso de sobrecruzamiento que ocurre en el paquiteno.\" width=\"1439\" height=\"511\" \/><p class=\"wp-caption-text\">Meiosis. Como resultado de estas dos divisiones sucesivas se generan, a partir de una c\u00e9lula diploide, cuatro c\u00e9lulas haploides diferentes entre s\u00ed, resultado del proceso de sobrecruzamiento que ocurre en el paquiteno.<\/p><\/div>\n<p style=\"text-align: justify\"><strong>Tras las dos divisiones mei\u00f3ticas se han formado cuatro c\u00e9lulas haploides<\/strong> cuyos cromosomas son una <strong>mezcla de caracteres paternos y maternos, consecuencia de la recombinaci\u00f3n gen\u00e9tica.<\/strong><\/p>\n<p style=\"text-align: justify\">Este proceso, como dije en la introducci\u00f3n, permite una <strong>gran variabilidad gen\u00e9tica,<\/strong> de gran importancia para la supervivencia ante un cambio dr\u00e1stico en el medio, y que para <strong>algunos autores constituye el aut\u00e9ntico motor de la evoluci\u00f3n.<\/strong><\/p>\n<p style=\"text-align: center\">\n<!-- iframe plugin v.6.0 wordpress.org\/plugins\/iframe\/ -->\n<iframe loading=\"lazy\" width=\"90%\" height=\"315\" src=\"https:\/\/www.youtube.com\/embed\/0gCzdE7d5Mc?si=cnLxhpXRQ1tdh3gn&#038;amp;start=423&#038;end=521\" title=\"YouTube video player\" frameborder=\"0\" allow=\"accelerometer; autoplay; clipboard-write; encrypted-media; gyroscope; picture-in-picture; web-share\" 0=\"allowfullscreen&gt;&lt;\/iframe\" scrolling=\"yes\" class=\"iframe-class\"><\/iframe>\n<\/p>\n<p><!-- notionvc: a5300e05-57b1-48c9-beec-8ef7cc8adb8f --><\/p>\n<p><!-- notionvc: 64b7ca7e-b158-40d4-9214-96c24dde04b6 --><\/p>\n","protected":false},"excerpt":{"rendered":"<p>SIGNIFICADO BIOL\u00d3GICO DE LA MEIOSIS Tiene lugar en cualquier ciclo biol\u00f3gico en los que se d\u00e9 un proceso de reproducci\u00f3n sexual, por consiguiente, siempre est\u00e1\u00a0asociada a procesos reproductivos o germinales y no a los som\u00e1ticos. Siempre\u00a0necesita partir de una c\u00e9lula diploide\u00a0(con pares de cromosomas, es decir, dos cromosomas de cada tipo), la que, tras\u00a0dos divisiones [&hellip;]<\/p>\n","protected":false},"author":3666,"featured_media":0,"parent":0,"menu_order":0,"comment_status":"closed","ping_status":"closed","template":"template-fullwidth.php","meta":{"footnotes":""},"class_list":["post-339","page","type-page","status-publish","hentry","post-preview"],"_links":{"self":[{"href":"https:\/\/edublog.educastur.es\/biohumphreys\/wp-json\/wp\/v2\/pages\/339","targetHints":{"allow":["GET"]}}],"collection":[{"href":"https:\/\/edublog.educastur.es\/biohumphreys\/wp-json\/wp\/v2\/pages"}],"about":[{"href":"https:\/\/edublog.educastur.es\/biohumphreys\/wp-json\/wp\/v2\/types\/page"}],"author":[{"embeddable":true,"href":"https:\/\/edublog.educastur.es\/biohumphreys\/wp-json\/wp\/v2\/users\/3666"}],"replies":[{"embeddable":true,"href":"https:\/\/edublog.educastur.es\/biohumphreys\/wp-json\/wp\/v2\/comments?post=339"}],"version-history":[{"count":13,"href":"https:\/\/edublog.educastur.es\/biohumphreys\/wp-json\/wp\/v2\/pages\/339\/revisions"}],"predecessor-version":[{"id":404,"href":"https:\/\/edublog.educastur.es\/biohumphreys\/wp-json\/wp\/v2\/pages\/339\/revisions\/404"}],"wp:attachment":[{"href":"https:\/\/edublog.educastur.es\/biohumphreys\/wp-json\/wp\/v2\/media?parent=339"}],"curies":[{"name":"wp","href":"https:\/\/api.w.org\/{rel}","templated":true}]}}