{"id":363,"date":"2024-03-08T18:45:46","date_gmt":"2024-03-08T17:45:46","guid":{"rendered":"https:\/\/edublog.educastur.es\/biohumphreys\/?page_id=363"},"modified":"2024-03-14T19:25:08","modified_gmt":"2024-03-14T18:25:08","slug":"replicacion-del-adn","status":"publish","type":"page","link":"https:\/\/edublog.educastur.es\/biohumphreys\/replicacion-del-adn\/","title":{"rendered":"REPLICACI\u00d3N DEL ADN"},"content":{"rendered":"<p style=\"text-align: justify\">Como dijimos en otras entradas, la<strong> mol\u00e9cula de ADN debe de duplicarse para repartirse por igual en cada c\u00e9lula hija<\/strong> en todo proceso de divisi\u00f3n.<\/p>\n<p style=\"text-align: justify\">As\u00ed, en<a href=\"https:\/\/edublog.educastur.es\/biohumphreys\/el-ciclo-celular-nociones-generales\/\"> la fase S de la interfase<\/a>, tiene lugar este proceso, obteniendo <strong>dos copias de material gen\u00e9tico id\u00e9nticas<\/strong>.<\/p>\n<p style=\"text-align: justify\">Este proceso de replicaci\u00f3n es a trav\u00e9s de un <strong>modelo semiconservativo<\/strong>, es decir, de esas<strong> dos mol\u00e9culas hijas generadas, una hebra o cadena proceder\u00e1 de la mol\u00e9cula madre y la otra ser\u00e1 de nueva s\u00edntesis o creaci\u00f3n.<\/strong><\/p>\n<p style=\"text-align: justify\">De esta forma, este <strong>paradigma te\u00f3rico, formulada por Meselson y Stahl en 1957<\/strong>, propone que <strong>el ADN madre<\/strong>, integrado por dos cadenas complementarias enrolladas en una doble h\u00e9lice,<strong>\u00a0se separa en sus dos hebras constituyentes<\/strong>, <strong>sirviendo cada una de ellas de molde o de referencia para sintetizar su complementaria, la cual se crea desde cero y es de nueva generaci\u00f3n<\/strong>.<\/p>\n<div><\/div>\n<div style=\"width: 398px\" class=\"wp-caption aligncenter\"><img loading=\"lazy\" decoding=\"async\" title=\"Ignacio GOnz\u00e1lez Tapia, CC BY-SA 3.0 &lt;http:\/\/creativecommons.org\/licenses\/by-sa\/3.0\/&gt;, via Wikimedia Commons\" src=\"https:\/\/upload.wikimedia.org\/wikipedia\/commons\/9\/9d\/SVT_ReplicationADNSemiConservative_1_FR.svg\" alt=\"Replicaci\u00f3n semiconservativa del ADN. Como pod\u00e9is observar, encontramos que a partir de una mol\u00e9cula madre, obtenemos dos mol\u00e9culas hijas, cada una de las cuales contiene una hebra de la c\u00e9lula madre y otra complementaria de nueva generaci\u00f3n.\" width=\"388\" height=\"485\" \/><p class=\"wp-caption-text\">Replicaci\u00f3n semiconservativa del ADN. Como pod\u00e9is observar, encontramos que a partir de una mol\u00e9cula madre, obtenemos dos mol\u00e9culas hijas, cada una de las cuales contiene una hebra de la c\u00e9lula madre y otra complementaria de nueva generaci\u00f3n.<\/p><\/div>\n<p style=\"text-align: center\">\n<!-- iframe plugin v.6.0 wordpress.org\/plugins\/iframe\/ -->\n<iframe loading=\"lazy\" width=\"90%\" height=\"315\" src=\"https:\/\/www.youtube.com\/embed\/FM37psO_McY?si=jTgqzVggAQ8_VClE&#038;amp;clip=UgkxTHvl9hClppDqfZwyqUQfJHYkgBKt0d8B&#038;amp;clipt=EJrsARjdyQM\" title=\"YouTube video player\" frameborder=\"0\" allow=\"accelerometer; autoplay; clipboard-write; encrypted-media; gyroscope; picture-in-picture; web-share\" 0=\"allowfullscreen&gt;&lt;\/iframe\" scrolling=\"yes\" class=\"iframe-class\"><\/iframe>\n<\/p>\n<p style=\"text-align: justify\">El proceso de replicaci\u00f3n del ADN es complejo y se divide en tres etapas bien diferenciadas:<\/p>\n<ul>\n<li style=\"text-align: justify\"><strong>Iniciaci\u00f3n:<\/strong> la apertura de la doble h\u00e9lice, permitiendo el acceso de la maquinaria enzim\u00e1tica de la replicaci\u00f3n a cada cadena simple.<\/li>\n<li style=\"text-align: justify\"><strong>Elongaci\u00f3n:<\/strong> s\u00edntesis de cadenas complementarias a las hebras originales, que act\u00faan como molde, y correcci\u00f3n de errores (aunque tambie\u00b4n existe un mecanismo de correcci\u00f3n posterior, una vez acabada la replicaci\u00f3n).<\/li>\n<li style=\"text-align: justify\"><strong>Terminaci\u00f3n:<\/strong> eliminaci\u00f3n de cebadores de ARN y la s\u00edntesis de sus fragmentos correspondientes en ADN, adem\u00e1s del empalme de los fragmentos de la hebra nueva mediante las ligasas.<\/li>\n<\/ul>\n<h3 style=\"text-align: center\">INICIACI\u00d3N<\/h3>\n<p>La replicaci\u00f3n del ADN va a comenzar en lo que denominamos \u201c<strong>el Origen de Replicaci\u00f3n<\/strong>\u201d, lugar en el que se forma <strong>un peque\u00f1o bucle<\/strong> donde empiezan a separarse ambas hebras de ADN, constituyendo la \u201c<span style=\"text-decoration: underline\"><strong>H<\/strong><strong>orquilla de Replicaci\u00f3n<\/strong><\/span>\u201d, una especie de <strong>burbuja que crece bidireccionalmente desde el origen<\/strong>, es decir, en ambos sentidos.<\/p>\n<p>Ahora bien, esto suena muy f\u00e1cil, pero es un poco m\u00e1s complicado, \u00bfC\u00f3mo hace esto?<\/p>\n<ol>\n<li style=\"text-align: justify\">Para formar ese peque\u00f1o bucle inicial es necesario la presencia de una maquinaria enzim\u00e1tica que lo forme. As\u00ed, con gasto de ATP, entran en juego unas prote\u00ednas conocidas como <span style=\"text-decoration: underline\"><strong>Helicasas<\/strong><\/span> que <strong>rompen de manera transversal los puentes de hidr\u00f3geno que mantienen unidas las bases nitrogenadas. De esta forma, ambas hebras comienzan a separarse.<\/strong><\/li>\n<li style=\"text-align: justify\">Aunque las cadenas comiencen a disociarse, pueden volver a naturalizarse, intentando tender, otra vez, esos enlaces de hidr\u00f3geno una vez haya pasado la Helicasa. Por este motivo se reclutan a las<span style=\"text-decoration: underline\"><strong> SSB<\/strong><\/span> <em>(Single Strand Binding)<\/em>,<strong> prote\u00ednas de asociaci\u00f3n a la cadena simple,<\/strong> que <strong>impiden que el ADN se vuelva a naturalizar. Dicho en otras palabras, mantienen separadas ambas cadenas.<\/strong><\/li>\n<li style=\"text-align: justify\">Por \u00faltimo, si se crea una horquilla en una doble h\u00e9lice (sea nuestro ADN, una trenza de pelo o una cuerda), en los extremos laterales se incrementa la tensi\u00f3n, dando, como resultado, la compresi\u00f3n, ce\u00f1imiento y apretado de esa doble cadena.<\/li>\n<\/ol>\n<p style=\"padding-left: 40px\">Como se puede entender, no es muy interesante que la mol\u00e9cula que almacena nuestra informaci\u00f3n gen\u00e9tica sufra tal estr\u00e9s, por ello participan las <span style=\"text-decoration: underline\"><strong>Topoisomerasas<\/strong><\/span>, que <strong>evitan ese superenrrollamiento generando una serie de cortes para disipar dicha energ\u00eda<\/strong>. Posteriormente, una vez evitadas las tensiones por medio del corte, vuelven a fusionar los fragmentos.<\/p>\n<div style=\"width: 665px\" class=\"wp-caption aligncenter\"><img loading=\"lazy\" decoding=\"async\" class=\"\" title=\"DNA replication_es.svg: LadyofHatsderivative work:Miguelferig, CC0, via Wikimedia Commons\" src=\"https:\/\/upload.wikimedia.org\/wikipedia\/commons\/8\/80\/DNA_replication_gl.svg\" alt=\"Replicaci\u00f3n del ADN. Observa c\u00f3mo la Helicasa (representada por el tri\u00e1ngulo azul) rompe de manera transversal los puentes de Hidr\u00f3geno y permite la separaci\u00f3n de la doble cadena, la forma en la que las SSB impiden su renaturalizaci\u00f3n y el modo en el que la Topoisomerasa evita las tensiones generadas en los extremos adyacentes a la horquilla de replicaci\u00f3n.\" width=\"655\" height=\"319\" \/><p class=\"wp-caption-text\">Replicaci\u00f3n del ADN. Observa c\u00f3mo la Helicasa (representada por el tri\u00e1ngulo azul) rompe de manera transversal los puentes de Hidr\u00f3geno y permite la separaci\u00f3n de la doble cadena, la forma en la que las SSB (puntos violetas) impiden su renaturalizaci\u00f3n y el modo en el que la Topoisomerasa (anillo verde) evita las tensiones generadas en los extremos adyacentes a la horquilla de replicaci\u00f3n.<\/p><\/div>\n<p style=\"text-align: center\">\n<!-- iframe plugin v.6.0 wordpress.org\/plugins\/iframe\/ -->\n<iframe loading=\"lazy\" width=\"90%\" height=\"315\" src=\"https:\/\/www.youtube.com\/embed\/FM37psO_McY?si=snmEk3RnxrzZfAhI&#038;amp;start=302&#038;end=378\" title=\"YouTube video player\" frameborder=\"0\" allow=\"accelerometer; autoplay; clipboard-write; encrypted-media; gyroscope; picture-in-picture; web-share\" 0=\"allowfullscreen&gt;&lt;\/iframe\" scrolling=\"yes\" class=\"iframe-class\"><\/iframe>\n<\/p>\n<h3 style=\"text-align: center\">ELONGACI\u00d3N<\/h3>\n<p style=\"text-align: justify\">Una vez generada la horquilla de replicaci\u00f3n y separadas ambas hebras,<strong> comienza la s\u00edntesis de la nueva cadena de ADN.<\/strong><\/p>\n<p style=\"text-align: justify\">Para ello contamos con<strong> la ADN polimerasa<\/strong>, una enzima que va a <strong>a\u00f1adir los nucle\u00f3tidos de la nueva cadena en orden, siendo complementarios a los de la hebra madre.<\/strong><\/p>\n<p style=\"text-align: justify\">No obstante, hemos contratado <strong>una enzima muy \u201ctiquismiquis\u201d<\/strong>\u00a0porque siempre necesita de <strong>dos condiciones fundamentales<\/strong>:<\/p>\n<ol style=\"text-align: justify\">\n<li><strong>Partir de una secuencia de nucle\u00f3tidos con extremo 3\u00b4 para comenzar su s\u00edntesis<\/strong>. Es decir, imaginaros un avi\u00f3n que va a volar, para ello necesita una pista de despegue que le permitir\u00eda coger velocidad para el vuelo. En este caso, la <strong>ADN polimerasa necesita algo parecido: unos 12-20 nucle\u00f3tidos, cuyo extremo 3\u00b4 libre le permite \u201ccoger carrerilla\u201d para desempe\u00f1ar su funci\u00f3n<\/strong>.<\/li>\n<li><strong>Solo act\u00faa en sentido 5\u00b4\u21923\u00b4<\/strong>. Dicho en otras palabras, <strong>solo va a a\u00f1adir nucle\u00f3tidos desde el extremo 5\u00b4 hacia el 3\u00b4,<\/strong> <strong>no pudiendo hacerlo en el sentido contrario.\u00a0<\/strong><\/li>\n<\/ol>\n<p style=\"text-align: justify\">Ahora bien, si necesitamos partir de una secuencia de nucle\u00f3tidos que le permita tener un extremo 3\u00b4 para la s\u00edntesis de la cadena de ADN, \u00bfde d\u00f3nde lo sacamos?<\/p>\n<p style=\"text-align: justify\">Para ello contamos con una <strong>ARN primasa<\/strong>, enzima que<strong> crea 12-20 nucle\u00f3tidos de ARN que permite tener ese extremo 3\u00b4 para que la ADN polimerasa pueda actuar.<\/strong><\/p>\n<p style=\"text-align: justify\">Como<strong> es de ARN y queremos hacer una mol\u00e9cula de ADN<\/strong>, es<strong> f\u00e1cilmente comprensible que deberemos de eliminar, en un futuro, dicha secuencia y cambiarla por una de ADN<\/strong>, esto tendr\u00e1 lugar en la<strong> \u00faltima etapa, la finalizaci\u00f3n<\/strong>, pero, tranquilos, vamos paso a paso.<\/p>\n<p style=\"text-align: justify\">Ahora bien, en la<strong>\u00a0etapa de elongaci\u00f3n vamos a tener una ligera complicaci\u00f3n<\/strong>, debido a los siguientes motivos:<\/p>\n<ol style=\"text-align: justify\">\n<li>Como vimos en la <a href=\"https:\/\/edublog.educastur.es\/biohumphreys\/acidos-nucleicos\/adn-funciones-y-estructura\/\">naturaleza del ADN<\/a>, ambas <strong>hebras son antiparalelas<\/strong>, dicho de otra forma, el extremo 5\u00b4de una cadena se opone al 3\u00b4de su complementaria.<\/li>\n<li><strong>La ADN polimerasa es muy \u201ctiquismiquis\u201d\u00a0solo avanza en sentido 5\u00b4\u21923\u00b4.<\/strong><\/li>\n<li>La<strong> horquilla va creciendo paulatinamente<\/strong>, es decir, el bucle se hace m\u00e1s grande para replicar todo el material gen\u00e9tico.<\/li>\n<\/ol>\n<p style=\"text-align: justify\">Con esto, veremos que <strong>la s\u00edntesis de una cadena, aquella cuyo cebador de ARN tiene el extremo 3\u00b4orientado hacia el sentido de avance de la horquilla de replicaci\u00f3n, ser\u00e1 continua, llam\u00e1ndose hebra l\u00edder, conductora o adelantada.<\/strong><\/p>\n<p style=\"text-align: justify\">Por el contrario, la otra hebra, de nueva generaci\u00f3n, tendr\u00e1 el <strong>extremo 3\u00b4del cebador encaminado en el sentido contrario del avance de la horquilla<\/strong>. Este simple hecho hace que, <strong>a medida que esta horquilla, bucle o burbuja va creciendo, necesita sintetizar nuevos cebadores<\/strong>. As\u00ed, en esta cadena, la <strong>s\u00edntesis es discontinua, motivo por el que la hebra se llama retardada, fragmentada o retrasada<\/strong> y a cada uno de los fragmentos creados se denomina <strong>Fragmentos de Okazaki.<\/strong><\/p>\n<div style=\"width: 522px\" class=\"wp-caption aligncenter\"><img loading=\"lazy\" decoding=\"async\" title=\"C\u00e9sar Benito Jim\u00e9nez, CC BY-SA 2.5 ES &lt;https:\/\/creativecommons.org\/licenses\/by-sa\/2.5\/es\/deed.en&gt;, via Wikimedia Commons\" src=\"https:\/\/upload.wikimedia.org\/wikipedia\/commons\/f\/f8\/Fragmentos_de_Okazaki.jpg\" alt=\"Replicaci\u00f3n, etapa de elongaci\u00f3n. Como se puede observar en el esquema. Aquel cebador que tiene el extremo 3\u00b4en el sentido de avance de la horquilla de replicaci\u00f3n, va a favorecer la s\u00edntesis continua de la cadena (llamada l\u00edder o adelantada). Por otra parte, aquella otra cadena que lo tiene enfocado hacia el sentido contrario, necesita ir a\u00f1adiendo cebadores a medida que la horquilla avanza, siendo, por consiguiente, fragmentada.\" width=\"512\" height=\"362\" \/><p class=\"wp-caption-text\">Replicaci\u00f3n, etapa de elongaci\u00f3n. Como se puede observar en el esquema, aquel cebador que tiene el extremo 3\u00b4en el sentido de avance de la horquilla de replicaci\u00f3n va a favorecer la s\u00edntesis continua de la cadena (llamada l\u00edder o adelantada). Por otra parte, aquella otra cadena que lo tiene enfocado hacia el sentido contrario necesita ir a\u00f1adiendo cebadores a medida que la horquilla avanza, siendo, por consiguiente, fragmentada (Fragmentos de Okazaki).<\/p><\/div>\n<p style=\"text-align: center\">\n<!-- iframe plugin v.6.0 wordpress.org\/plugins\/iframe\/ -->\n<iframe loading=\"lazy\" width=\"90%\" height=\"315\" src=\"https:\/\/www.youtube.com\/embed\/FM37psO_McY?si=Ak9045hIm1k8UJlp&#038;amp;start=378&#038;end=439\" title=\"YouTube video player\" frameborder=\"0\" allow=\"accelerometer; autoplay; clipboard-write; encrypted-media; gyroscope; picture-in-picture; web-share\" 0=\"allowfullscreen&gt;&lt;\/iframe\" scrolling=\"yes\" class=\"iframe-class\"><\/iframe>\n<\/p>\n<h3 style=\"text-align: center\">FINALIZACI\u00d3N<\/h3>\n<p style=\"text-align: justify\">Como mencionamos anteriormente, <strong>los cebadores son mol\u00e9culas de ARN y nosotros estamos replicando ADN. <\/strong>Por ello, es necesario<strong> eliminar esos cebadores y sintetizar los nucle\u00f3tidos correspondientes en formato propio del material gen\u00e9tico<\/strong> (desoxirribonucle\u00f3tidos).<\/p>\n<p style=\"text-align: justify\">As\u00ed, una <strong>ADN Polimerasa<\/strong> con capacidad <strong>exonucleasa<\/strong> (elimina nucle\u00f3tidos)<strong> quita los ribonucle\u00f3tidos de los cebadores, en sentido 3\u00b4\u21925\u00b4<\/strong>.<\/p>\n<p style=\"text-align: justify\">Posteriormente, <strong>esa misma Polimerasa cataliza la formaci\u00f3n de la secuencia correspondiente de ADN, en sentido 5\u00b4\u21923\u00b4.<\/strong><\/p>\n<p style=\"text-align: justify\">Finalmente, act\u00faa una<strong> Ligasa que une todos los fragmentos de ADN creados.<\/strong><\/p>\n<div style=\"width: 650px\" class=\"wp-caption aligncenter\"><img loading=\"lazy\" decoding=\"async\" class=\"size-large\" src=\"https:\/\/upload.wikimedia.org\/wikipedia\/commons\/thumb\/d\/de\/Replication_bubble_primer_removal_and_nick_repair_gif.gif\/640px-Replication_bubble_primer_removal_and_nick_repair_gif.gif\" alt=\"Finalizaci\u00f3n de la replicaci\u00f3n del ADN. Observa c\u00f3mo se eliminan los cebadores de ARN y la forma en la que se sustituyen por ADN gracias a la acci\u00f3n de la ADN Polimerasa I. Posteriormente, se une la Ligasa que va a unir todos los fragmentos de ADN creados.\" width=\"640\" height=\"434\" \/><p class=\"wp-caption-text\">Finalizaci\u00f3n de la replicaci\u00f3n del ADN. Observa c\u00f3mo se eliminan los cebadores de ARN y la forma en la que se sustituyen por ADN gracias a la acci\u00f3n de la ADN Polimerasa I. Posteriormente, se une la Ligasa, que va a unir todos los fragmentos de ADN creados.<\/p><\/div>\n<p style=\"text-align: center\">\n<!-- iframe plugin v.6.0 wordpress.org\/plugins\/iframe\/ -->\n<iframe loading=\"lazy\" width=\"90%\" height=\"315\" src=\"https:\/\/www.youtube.com\/embed\/FM37psO_McY?si=f_qPrb-CJYCEacnk&#038;amp;start=379&#038;amp;clip=UgkxYZbFEngyVTxclk_ze6d8UodgD7wbylm4&#038;amp;clipt=EJrjGhiA2x0\" title=\"YouTube video player\" frameborder=\"0\" allow=\"accelerometer; autoplay; clipboard-write; encrypted-media; gyroscope; picture-in-picture; web-share\" 0=\"allowfullscreen&gt;&lt;\/iframe\" scrolling=\"yes\" class=\"iframe-class\"><\/iframe>\n<\/p>\n<h3 style=\"text-align: center\">CORRECCI\u00d3N DEL ADN<\/h3>\n<p style=\"text-align: justify\">Tanto en el proceso de elongaci\u00f3n, como tras el proceso de replicaci\u00f3n, <strong>es necesario asegurarse que no se ha cometido ning\u00fan tipo de error<\/strong>, por ello, <strong>las propias ADN Polimerasas pueden detectar tales fallos.<\/strong><\/p>\n<p style=\"text-align: justify\">Una vez detectados, entra en juego:<\/p>\n<ol>\n<li style=\"text-align: justify\"><strong>Endonucleasas<\/strong>, que cortan el fragmento incorrecto.<\/li>\n<li style=\"text-align: justify\"><strong>Exonucleasas<\/strong>, que eliminan la secuencia de bases mal apareada.<\/li>\n<li style=\"text-align: justify\"><strong>Polimerasa<\/strong>, que sintetiza correctamente los nucle\u00f3tidos correspondientes.<\/li>\n<li style=\"text-align: justify\"><strong>Ligasas<\/strong>, que unen los fragmentos creados.<\/li>\n<\/ol>\n<p style=\"text-align: justify\">Como podemos entender, <strong>a pesar de que la ADN Polimerasa comete errores en una proporci\u00f3n muy baja<\/strong> (1 error cada mil millones de bases a\u00f1adidas) <strong>y contamos con un mecanismo de correcci\u00f3n de esas posibles equivocaciones<\/strong>,<strong> puede ocurrir que no se reparen. <\/strong><\/p>\n<p style=\"text-align: justify\">Esto alterar\u00eda nuestro material gen\u00e9tico y constituir\u00eda una <strong>mutaci\u00f3n<\/strong> que, si no es delet\u00e9rea o letal, supone<strong> una fuente de variabilidad que es importante para la evoluci\u00f3n y ante la supervivencia en un cambio dr\u00e1stico del medio.<\/strong><\/p>\n<h3 style=\"text-align: center\">DIFERENCIAS ENTRE PROCARIOTAS Y EUCARIOTAS<\/h3>\n<p>Aunque el proceso es semejante en ambas c\u00e9lulas, existen ligeras diferencias entre <strong>Procariotas y Eucariotas:<\/strong><\/p>\n<table style=\"height: 120px;width: 100%;border-collapse: collapse;border-style: solid;border-color: #000000;background-color: #ecff70\">\n<tbody>\n<tr style=\"height: 17px\">\n<td style=\"width: 33.3333%;border-style: solid;border-color: #000000;text-align: center;vertical-align: middle;height: 17px;background-color: #00ff62\"><strong>DIFERENCIAS<\/strong><\/td>\n<td style=\"width: 33.3333%;border-style: solid;border-color: #000000;vertical-align: middle;height: 17px;background-color: #84faf8;text-align: center\"><strong>EUCARIOTA<\/strong><\/td>\n<td style=\"width: 33.3333%;border-style: solid;border-color: #000000;vertical-align: middle;height: 17px;text-align: center;background-color: #dbff66\"><strong>PROCARIOTA<\/strong><\/td>\n<\/tr>\n<tr style=\"height: 17px\">\n<td style=\"width: 33.3333%;border-style: solid;border-color: #000000;text-align: center;vertical-align: middle;height: 17px;background-color: #00ff62\"><strong>ADN POLIMERASAS<\/strong><\/td>\n<td style=\"width: 33.3333%;border-style: solid;border-color: #000000;vertical-align: middle;height: 17px;background-color: #84faf8;text-align: center\">5 DIFERENTES<\/td>\n<td style=\"width: 33.3333%;border-style: solid;border-color: #000000;vertical-align: middle;height: 17px;text-align: center;background-color: #dbff66\">3 DIFERENTES<\/td>\n<\/tr>\n<tr style=\"height: 35px\">\n<td style=\"width: 33.3333%;border-style: solid;border-color: #000000;text-align: center;vertical-align: middle;height: 35px;background-color: #00ff62\"><strong>TIEMPO DE REPLICACI\u00d3N<\/strong><\/td>\n<td style=\"width: 33.3333%;border-style: solid;border-color: #000000;vertical-align: middle;height: 35px;background-color: #84faf8;text-align: center\">LENTO, HASTA 50 VECES M\u00c1S QUE EN PROCARIOTAS<\/td>\n<td style=\"width: 33.3333%;border-style: solid;border-color: #000000;vertical-align: middle;height: 35px;text-align: center;background-color: #dbff66\">R\u00c1PIDA<\/td>\n<\/tr>\n<tr style=\"height: 17px\">\n<td style=\"width: 33.3333%;border-style: solid;border-color: #000000;text-align: center;vertical-align: middle;height: 17px;background-color: #00ff62\"><strong>ORIGEN DE REPLICACI\u00d3N<\/strong><\/td>\n<td style=\"width: 33.3333%;border-style: solid;border-color: #000000;vertical-align: middle;height: 17px;background-color: #84faf8;text-align: center\">VARIOS<\/td>\n<td style=\"width: 33.3333%;border-style: solid;border-color: #000000;vertical-align: middle;height: 17px;text-align: center;background-color: #dbff66\">\u00daNICO<\/td>\n<\/tr>\n<tr style=\"height: 17px\">\n<td style=\"width: 33.3333%;border-style: solid;border-color: #000000;text-align: center;vertical-align: middle;height: 17px;background-color: #00ff62\"><strong>FRAGMENTO DE OKAZAKI<\/strong><\/td>\n<td style=\"width: 33.3333%;border-style: solid;border-color: #000000;vertical-align: middle;height: 17px;background-color: #84faf8;text-align: center\">10 VECES M\u00c1S PEQUE\u00d1OS<\/td>\n<td style=\"width: 33.3333%;border-style: solid;border-color: #000000;vertical-align: middle;height: 17px;text-align: center;background-color: #dbff66\">M\u00c1S GRANDES<\/td>\n<\/tr>\n<tr style=\"height: 17px\">\n<td style=\"width: 33.3333%;border-style: solid;border-color: #000000;text-align: center;vertical-align: middle;height: 17px;background-color: #00ff62\"><strong>S\u00cdNTESIS DE HISTONAS<\/strong><\/td>\n<td style=\"width: 33.3333%;border-style: solid;border-color: #000000;vertical-align: middle;height: 17px;background-color: #84faf8;text-align: center\">SIMULT\u00c1NEA<\/td>\n<td style=\"width: 33.3333%;border-style: solid;border-color: #000000;vertical-align: middle;height: 17px;text-align: center;background-color: #dbff66\">NO TIENE HISTONAS<\/td>\n<\/tr>\n<\/tbody>\n<\/table>\n<p>&nbsp;<\/p>\n","protected":false},"excerpt":{"rendered":"<p>Como dijimos en otras entradas, la mol\u00e9cula de ADN debe de duplicarse para repartirse por igual en cada c\u00e9lula hija en todo proceso de divisi\u00f3n. As\u00ed, en la fase S de la interfase, tiene lugar este proceso, obteniendo dos copias de material gen\u00e9tico id\u00e9nticas. Este proceso de replicaci\u00f3n es a trav\u00e9s de un modelo semiconservativo, [&hellip;]<\/p>\n","protected":false},"author":3666,"featured_media":0,"parent":0,"menu_order":0,"comment_status":"closed","ping_status":"closed","template":"template-fullwidth.php","meta":{"footnotes":""},"class_list":["post-363","page","type-page","status-publish","hentry","post-preview"],"_links":{"self":[{"href":"https:\/\/edublog.educastur.es\/biohumphreys\/wp-json\/wp\/v2\/pages\/363","targetHints":{"allow":["GET"]}}],"collection":[{"href":"https:\/\/edublog.educastur.es\/biohumphreys\/wp-json\/wp\/v2\/pages"}],"about":[{"href":"https:\/\/edublog.educastur.es\/biohumphreys\/wp-json\/wp\/v2\/types\/page"}],"author":[{"embeddable":true,"href":"https:\/\/edublog.educastur.es\/biohumphreys\/wp-json\/wp\/v2\/users\/3666"}],"replies":[{"embeddable":true,"href":"https:\/\/edublog.educastur.es\/biohumphreys\/wp-json\/wp\/v2\/comments?post=363"}],"version-history":[{"count":22,"href":"https:\/\/edublog.educastur.es\/biohumphreys\/wp-json\/wp\/v2\/pages\/363\/revisions"}],"predecessor-version":[{"id":405,"href":"https:\/\/edublog.educastur.es\/biohumphreys\/wp-json\/wp\/v2\/pages\/363\/revisions\/405"}],"wp:attachment":[{"href":"https:\/\/edublog.educastur.es\/biohumphreys\/wp-json\/wp\/v2\/media?parent=363"}],"curies":[{"name":"wp","href":"https:\/\/api.w.org\/{rel}","templated":true}]}}