{"id":381,"date":"2024-03-08T18:50:52","date_gmt":"2024-03-08T17:50:52","guid":{"rendered":"https:\/\/edublog.educastur.es\/biohumphreys\/?page_id=381"},"modified":"2024-03-08T18:50:52","modified_gmt":"2024-03-08T17:50:52","slug":"bloque-b-genetica-molecular","status":"publish","type":"page","link":"https:\/\/edublog.educastur.es\/biohumphreys\/bloque-b-genetica-molecular\/","title":{"rendered":"BLOQUE B: GEN\u00c9TICA MOLECULAR"},"content":{"rendered":"<p style=\"text-align: justify\">En este bloque de contenidos repasaremos el mecanismo de replicaci\u00f3n, transcripci\u00f3n y traducci\u00f3n, es decir, el paso de la informaci\u00f3n gen\u00e9tica contenida en el ADN, a su intermediario de ARN y su posterior c\u00f3digo de amino\u00e1cidos que integran las prote\u00ednas.<\/p>\n<p style=\"text-align: justify\">Esto viene explicado por uno de los pilares fundamentales de este bloque y de la Biolog\u00eda General, el Dogma Central de la Biolog\u00eda Molecular, formulado por Crick y replanteado en 1970.<\/p>\n","protected":false},"excerpt":{"rendered":"<p>En este bloque de contenidos repasaremos el mecanismo de replicaci\u00f3n, transcripci\u00f3n y traducci\u00f3n, es decir, el paso de la informaci\u00f3n gen\u00e9tica contenida en el ADN, a su intermediario de ARN y su posterior c\u00f3digo de amino\u00e1cidos que integran las prote\u00ednas. Esto viene explicado por uno de los pilares fundamentales de este bloque y de la [&hellip;]<\/p>\n","protected":false},"author":3666,"featured_media":0,"parent":0,"menu_order":0,"comment_status":"closed","ping_status":"closed","template":"","meta":{"footnotes":""},"class_list":["post-381","page","type-page","status-publish","hentry","post-preview"],"_links":{"self":[{"href":"https:\/\/edublog.educastur.es\/biohumphreys\/wp-json\/wp\/v2\/pages\/381","targetHints":{"allow":["GET"]}}],"collection":[{"href":"https:\/\/edublog.educastur.es\/biohumphreys\/wp-json\/wp\/v2\/pages"}],"about":[{"href":"https:\/\/edublog.educastur.es\/biohumphreys\/wp-json\/wp\/v2\/types\/page"}],"author":[{"embeddable":true,"href":"https:\/\/edublog.educastur.es\/biohumphreys\/wp-json\/wp\/v2\/users\/3666"}],"replies":[{"embeddable":true,"href":"https:\/\/edublog.educastur.es\/biohumphreys\/wp-json\/wp\/v2\/comments?post=381"}],"version-history":[{"count":1,"href":"https:\/\/edublog.educastur.es\/biohumphreys\/wp-json\/wp\/v2\/pages\/381\/revisions"}],"predecessor-version":[{"id":383,"href":"https:\/\/edublog.educastur.es\/biohumphreys\/wp-json\/wp\/v2\/pages\/381\/revisions\/383"}],"wp:attachment":[{"href":"https:\/\/edublog.educastur.es\/biohumphreys\/wp-json\/wp\/v2\/media?parent=381"}],"curies":[{"name":"wp","href":"https:\/\/api.w.org\/{rel}","templated":true}]}}