{"id":384,"date":"2024-03-13T13:03:16","date_gmt":"2024-03-13T12:03:16","guid":{"rendered":"https:\/\/edublog.educastur.es\/biohumphreys\/?page_id=384"},"modified":"2024-03-15T19:13:00","modified_gmt":"2024-03-15T18:13:00","slug":"transcripcion-el-paso-de-adn-a-arn","status":"publish","type":"page","link":"https:\/\/edublog.educastur.es\/biohumphreys\/transcripcion-el-paso-de-adn-a-arn\/","title":{"rendered":"TRANSCRIPCI\u00d3N: EL PASO DE ADN A ARN"},"content":{"rendered":"<p>Mediante la <strong>Transcripci\u00f3n, tiene lugar la s\u00edntesis de una hebra de ARN<\/strong>, la cual tendr\u00e1 una <strong>secuencia de bases complementaria a la hebra de ADN que le ha servido como molde.<\/strong><\/p>\n<p>De esta manera, <strong>la informaci\u00f3n gen\u00e9tica contenida en los genes de ADN pasa a ARN y puede ser utilizada directamente para la s\u00edntesis de prote\u00ednas en el posterior proceso de Traducci\u00f3n<\/strong>, cumpli\u00e9ndose, as\u00ed, el <strong>Dogma Central de la Biolog\u00eda Molecular<\/strong>.<\/p>\n<div id=\"attachment_314\" style=\"width: 686px\" class=\"wp-caption aligncenter\"><img loading=\"lazy\" decoding=\"async\" aria-describedby=\"caption-attachment-314\" class=\"wp-image-314 size-large\" src=\"http:\/\/edublog.educastur.es\/biohumphreys\/files\/2024\/03\/Captura-de-pantalla-2024-03-03-103018-1024x595.png\" alt=\"Esquema ilustrativo de los procesos de transcripci\u00f3n, replicaci\u00f3n y traducci\u00f3n, as\u00ed como las funciones del ADN, ARN y prote\u00ednas.\" width=\"676\" height=\"393\" srcset=\"https:\/\/edublog.educastur.es\/biohumphreys\/files\/2024\/03\/Captura-de-pantalla-2024-03-03-103018-1024x595.png 1024w, https:\/\/edublog.educastur.es\/biohumphreys\/files\/2024\/03\/Captura-de-pantalla-2024-03-03-103018-300x174.png 300w, https:\/\/edublog.educastur.es\/biohumphreys\/files\/2024\/03\/Captura-de-pantalla-2024-03-03-103018-768x446.png 768w, https:\/\/edublog.educastur.es\/biohumphreys\/files\/2024\/03\/Captura-de-pantalla-2024-03-03-103018-676x393.png 676w, https:\/\/edublog.educastur.es\/biohumphreys\/files\/2024\/03\/Captura-de-pantalla-2024-03-03-103018.png 1195w\" sizes=\"auto, (max-width: 676px) 100vw, 676px\" \/><p id=\"caption-attachment-314\" class=\"wp-caption-text\">Esquema ilustrativo de los procesos de transcripci\u00f3n, replicaci\u00f3n y traducci\u00f3n, as\u00ed como las funciones del ADN, ARN y prote\u00ednas.<\/p><\/div>\n<h3 style=\"text-align: center\">CARACTER\u00cdSTICAS GENERALES DE LA TRANSCRIPCI\u00d3N<\/h3>\n<ul>\n<li style=\"text-align: justify\">Tiene lugar durante la i<strong>nterfase del ciclo celular, especialmente en los periodos G1 y G2<\/strong>.<\/li>\n<li style=\"text-align: justify\">La <strong>s\u00edntesis de ARN est\u00e1 catalizada por una ARN polimerasa que une nucle\u00f3tidos en sentido 5&#8217;\u21923&#8242;,<\/strong> <strong>utilizando como sustrato ribonucle\u00f3tidos trifosfato y ADN como molde, ley\u00e9ndose en sentido 3\u00b4\u21925\u00b4.<\/strong><\/li>\n<li style=\"text-align: justify\">Se <strong>transcribe solo una de las dos cadenas del ADN, la denominada hebra molde, con sentido o no codificante<\/strong>, la cual tiene una secuencia complementaria a la del ARN transcrito.<\/li>\n<li style=\"text-align: justify\"><strong>La cadena que no se transcribe se denomina hebra codificante o sin sentido,<\/strong> y tiene la misma secuencia que el ARN transcrito, con la excepci\u00f3n de que, en vez de Timina, presenta Uracilo.<\/li>\n<li style=\"text-align: justify\"><strong>No se transcribe todo el ADN, sino lo relativo a un gen o conjunto de genes que se est\u00e1n expresando.<\/strong><\/li>\n<li style=\"text-align: justify\">Se trata de un p<strong>roceso complejo que se divide en tres etapas: iniciaci\u00f3n, elongaci\u00f3n y terminaci\u00f3n.<\/strong><\/li>\n<\/ul>\n<p style=\"text-align: justify\">Encontramos <strong>ligeras diferencias entre procariotas y eucariotas<\/strong>, por eso, <strong>comenzaremos a desarrollar el proceso en los primeros<\/strong>, al ser m\u00e1s simple, para finalizar con el caso de los segundos, m\u00e1s complejos.<\/p>\n<p style=\"text-align: center\">\n<!-- iframe plugin v.6.0 wordpress.org\/plugins\/iframe\/ -->\n<iframe loading=\"lazy\" width=\"90%\" height=\"315\" src=\"https:\/\/www.youtube.com\/embed\/zfZMPsw-cpw?si=5rBh9J95lLnHrpKF&#038;amp;start=29&#038;end=158\" title=\"YouTube video player\" frameborder=\"0\" allow=\"accelerometer; autoplay; clipboard-write; encrypted-media; gyroscope; picture-in-picture; web-share\" 0=\"allowfullscreen&gt;&lt;\/iframe\" scrolling=\"yes\" class=\"iframe-class\"><\/iframe>\n<\/p>\n<h3 style=\"text-align: center\">TRANSCRIPCI\u00d3N PROCARIOTA<\/h3>\n<h5 style=\"text-align: center\">INICIACI\u00d3N<\/h5>\n<p style=\"text-align: justify\">Como bien dijimos anteriormente, <strong>no se transcribe toda la informaci\u00f3n gen\u00e9tica almacenada en nuestro ADN, sino solo la respectiva a cada gen o grupo de genes que se est\u00e1n expresando<\/strong>. De hecho, en el caso de las c\u00e9lulas humanas, el ADN almacenado en un n\u00facleo est\u00e1ndar puede medir 2 metros y solo se transcribe un 1% de dicha informaci\u00f3n, es decir, \u00fanicamente 2 cm.<\/p>\n<p style=\"text-align: justify\">Ahora bien, \u00bf<strong>C\u00f3mo detecta la maquinaria celular d\u00f3nde est\u00e1 ese gen entre tanto ADN que no transcribe<\/strong>? Ser\u00eda buscar una aguja en un pajar.<\/p>\n<p style=\"text-align: justify\">Esto no es as\u00ed debido a l<strong>a estructura g\u00e9nica o unidad de transcripci\u00f3n, la cual presenta unos marcadores de iniciaci\u00f3n y finalizaci\u00f3n<\/strong> del mencionado proceso. En esta unidad se diferencian:<\/p>\n<ul>\n<li style=\"text-align: justify\"><strong>Promotor:<\/strong> marca el inicio, pero su secuencia no se transcribe.<\/li>\n<li style=\"text-align: justify\"><strong>Regi\u00f3n codificante:<\/strong> contigua al promotor, integrada por la secuencia de nucle\u00f3tidos que se transcribe.<\/li>\n<li style=\"text-align: justify\"><strong>Terminador:<\/strong> marcador final, indicando su terminaci\u00f3n por la abundante presencia de Guaninas y Citosinas.<\/li>\n<\/ul>\n<div style=\"width: 556px\" class=\"wp-caption aligncenter\"><img loading=\"lazy\" decoding=\"async\" title=\"Alejandro Porto, CC BY-SA 3.0 &lt;https:\/\/creativecommons.org\/licenses\/by-sa\/3.0&gt;, via Wikimedia Commons\" src=\"https:\/\/upload.wikimedia.org\/wikipedia\/commons\/0\/0d\/RNAtranscription.png\" alt=\"Transcripci\u00f3n. Observa en la imagen las tres regiones respectivas de un gen: promotor (verde), codificante (amarilla) y terminadora (roja).Igualmente, se advierte c\u00f3mo la ADN Polimerasa se une al promotor, desenrolla la doble h\u00e9lice de ADN y copia la hebra molde o no codificante, generando un ARNm. Finalmente, se sabe que se trata de una transcripci\u00f3n procariota por la presencia del factor sigma (necesario para reconocer el promotor por medio de la ARN Polimerasa).\" width=\"546\" height=\"546\" \/><p class=\"wp-caption-text\">Transcripci\u00f3n. Observa en la imagen las tres regiones respectivas de un gen: promotor (verde), codificante (amarilla) y terminadora (roja). Igualmente, se advierte c\u00f3mo la ADN Polimerasa se une al promotor, desenrolla la doble h\u00e9lice de ADN y copia la hebra molde o no codificante, generando un ARNm. Finalmente, se sabe que se trata de una transcripci\u00f3n procariota por la presencia del factor sigma (necesario para reconocer el promotor por medio de la ARN Polimerasa).<\/p><\/div>\n<p>Como se ha descrito en la imagen inmediatamente superior, <strong>en el caso de los procariotas, se necesita un factor sigma (\u03c3) para que la ARN Polimerasa reconozca la secuencia promotora.<\/strong><\/p>\n<p>As\u00ed, esta iniciaci\u00f3n de la transcripci\u00f3n ocurre de la siguiente manera:<\/p>\n<ol>\n<li>Se <strong>une dicho factor Sigma (\u03c3) al Promotor.<\/strong><\/li>\n<li>Se produce la formaci\u00f3n de una <strong>burbuja de transcripci\u00f3n<\/strong>, desenrollando las dos hebras de ADN por medio de <strong>Helicasas.<\/strong><\/li>\n<li>Se une<strong> la ARN Polimerasa, provocando la liberaci\u00f3n del Factor Sigma (\u03c3).<\/strong><\/li>\n<\/ol>\n<p>La iniciaci\u00f3n eucariota te la dejo en forma de este peque\u00f1o clip creado (es muy similar):<\/p>\n<p style=\"text-align: center\">\n<!-- iframe plugin v.6.0 wordpress.org\/plugins\/iframe\/ -->\n<iframe loading=\"lazy\" width=\"90%\" height=\"315\" src=\"https:\/\/www.youtube.com\/embed\/zfZMPsw-cpw?si=b7E_M67-qxqfEERO&#038;amp;start=29&#038;amp;clip=UgkxC3xqpRMnc3SE2_SWUg96_VnPVKlAki96&#038;amp;clipt=ENS3DRjX7Q8\" title=\"YouTube video player\" frameborder=\"0\" allow=\"accelerometer; autoplay; clipboard-write; encrypted-media; gyroscope; picture-in-picture; web-share\" 0=\"allowfullscreen&gt;&lt;\/iframe\" scrolling=\"yes\" class=\"iframe-class\"><\/iframe>\n<\/p>\n<h5 style=\"text-align: center\">ELONGACI\u00d3N<\/h5>\n<p style=\"text-align: justify\">Se produce la<strong> formaci\u00f3n del ARN, a\u00f1adiendo los ribonucle\u00f3tidos en orden.<\/strong><\/p>\n<p style=\"text-align: justify\">Como dijimos anteriormente, <strong>solo se transcribe una de las hebras, la llamada molde o no codificante, ley\u00e9ndose en sentido 3\u00b4\u21925\u00b4 y a\u00f1adiendo nucle\u00f3tidos monofosfato en sentido 5\u00b4\u21923\u00b4<\/strong>, mediante enlaces fosfodi\u00e9ster, introduciendo en la cadena de ARN en formaci\u00f3n los ribonucle\u00f3tidos complementarios de la cadena molde.<\/p>\n<p>En cuanto a los eucariotas, es un poco m\u00e1s complejo, te dejo aqu\u00ed el v\u00eddeo pertinentes:<\/p>\n<p style=\"text-align: center\">\n<!-- iframe plugin v.6.0 wordpress.org\/plugins\/iframe\/ -->\n<iframe loading=\"lazy\" width=\"90%\" height=\"315\" src=\"https:\/\/www.youtube.com\/embed\/zfZMPsw-cpw?si=T1I6dqCUBfVORdki&#038;amp;start=29&#038;amp;clip=Ugkx3_FKaL340vEfY5LnZhlqsO2UKfuuhzwO&#038;amp;clipt=EI7hDxjHyBI\" title=\"YouTube video player\" frameborder=\"0\" allow=\"accelerometer; autoplay; clipboard-write; encrypted-media; gyroscope; picture-in-picture; web-share\" 0=\"allowfullscreen&gt;&lt;\/iframe\" scrolling=\"yes\" class=\"iframe-class\"><\/iframe>\n<\/p>\n<h5 style=\"text-align: center\">TERMINACI\u00d3N<\/h5>\n<p style=\"text-align: justify\"><strong>La ARN Polimerasa se detiene cuando encuentra una secuencia terminadora, indic\u00e1ndole el final de la transcripci\u00f3n.<\/strong><\/p>\n<p style=\"text-align: justify\">De este modo, el ARN queda libre, la horquilla de transcripci\u00f3n se cierra y la ARN Polimerasa se libera.<\/p>\n<p style=\"text-align: justify\">En concreto, la<strong> terminaci\u00f3n de la Transcripci\u00f3n procariota puede ocurrir de dos formas diferentes y totalmente independientes:<\/strong><\/p>\n<ul style=\"text-align: justify\">\n<li>I<strong>ntervenci\u00f3n de un factor rho (<em>r<\/em>)<\/strong> que libere la ARN Polimerasa.<\/li>\n<li>La terminaci\u00f3n ocurre por la <strong>transcripci\u00f3n de secuencias palindr\u00f3micas<\/strong> (se leen igual de derecha a izquierda que de izquierda a derecha, como \u00abANA\u00bb), que <strong>generan bucles intracatenarios por complementariedad en el ARN reci\u00e9n transcrito y causa que la ARN Polimerasa se detenga.<\/strong><\/li>\n<\/ul>\n<p style=\"text-align: justify\">Una vez finalizado el proceso de Transcripci\u00f3n, en Procariotas, <strong>el ARNm<\/strong> (<strong>mensajero<\/strong>) <strong>no tendr\u00e1 lugar ninguna modificaci\u00f3n posterior (no necesitan maduraci\u00f3n<\/strong>), est\u00e1n totalmente listos para la Traducci\u00f3n.<\/p>\n<p style=\"text-align: justify\">El caso del <strong>ARNt y del ARNr s\u00ed sufren procesos de modificaci\u00f3n posterior a la transcripci\u00f3n (al igual que en Eucariotas<\/strong>).<\/p>\n<p style=\"text-align: center\">\n<!-- iframe plugin v.6.0 wordpress.org\/plugins\/iframe\/ -->\n<iframe loading=\"lazy\" width=\"90%\" height=\"315\" src=\"https:\/\/www.youtube.com\/embed\/zfZMPsw-cpw?si=Jq4nplZoin89WZfr&#038;amp;clip=UgkxIGfG77LJshhADPq9g4_MdgEWx4grgdDK&#038;amp;clipt=ENT-Ehi00xY\" title=\"YouTube video player\" frameborder=\"0\" allow=\"accelerometer; autoplay; clipboard-write; encrypted-media; gyroscope; picture-in-picture; web-share\" 0=\"allowfullscreen&gt;&lt;\/iframe\" scrolling=\"yes\" class=\"iframe-class\"><\/iframe>\n<\/p>\n<h3 style=\"text-align: center\">DIFERENCIAS ENTRE LA TRANSCRIPCI\u00d3N PROCARIOTA Y EUCARIOTA<\/h3>\n<ul>\n<li style=\"text-align: justify\">En primer lugar, en el proceso de transcripci\u00f3n, <strong>el ARNm resultante del proceso procari\u00f3tico puede ser monocistr\u00f3nico<\/strong> (codifica para un \u00fanico p\u00e9ptido) o <strong>policistr\u00f3nico<\/strong> (codifica para varios p\u00e9ptidos).<\/li>\n<\/ul>\n<p style=\"padding-left: 40px;text-align: justify\">Por el contrario, en el caso del <strong>ARNm de los eucariotas va a ser siempre monocistr\u00f3nico<\/strong>, conllevando la formaci\u00f3n de un \u00fanico polip\u00e9ptido.<\/p>\n<ul>\n<li style=\"text-align: justify\">Igualmente, otra diferencia importante es el <strong>lugar de la transcripci\u00f3n<\/strong>, ya que, debido a las diferencias anat\u00f3micas entre c\u00e9lulas, <strong>la transcripci\u00f3n eucariota ocurre en el n\u00facleo y la procariota en el citoplasma<\/strong>. De hecho, en ocasiones, a medida que se va formando el ARNm en procariotas puede ir traduci\u00e9ndose casi simult\u00e1neamente.<\/li>\n<li style=\"text-align: justify\">En cuanto a las ARN Polimerasas, en l<strong>as procariotas solo existe un tipo, son mucho m\u00e1s simples y necesitan ese factor sigma (\u03c3) para comenzar su labo<\/strong>r. Por su parte, <strong>los eucariotas presentan tres tipos diferentes (I, II y III), no necesitan el factor sigma, sino una serie de factores de transcripci\u00f3n y son m\u00e1s complejas y grandes.<\/strong><\/li>\n<li style=\"text-align: justify\">En la <strong>finalizaci\u00f3n de la transcripci\u00f3n no existe la v\u00eda del factor <em>Rho<\/em> (<em>r<\/em>).<\/strong><\/li>\n<li style=\"text-align: justify\">Si tuviera que desarrollar una sola diferencia, dir\u00eda esta: l<strong>a maduraci\u00f3n del ARNm en los eucariotas, ya que necesita eliminar los intrones y fusionar los exones.<\/strong><\/li>\n<\/ul>\n<table style=\"height: 277px;width: 100%;border-collapse: collapse;background-color: #88f000\">\n<tbody>\n<tr style=\"height: 18px\">\n<td style=\"width: 292.175px;border-style: solid;border-color: #000000;text-align: center;vertical-align: middle;background-color: #82fbff;height: 18px\"><\/td>\n<td style=\"width: 292.175px;border-style: solid;border-color: #000000;vertical-align: middle;height: 18px;text-align: center;background-color: #f6ff00\"><strong><span style=\"font-size: 12pt\">EUCARIOTAS<\/span><\/strong><\/td>\n<td style=\"width: 292.175px;border-style: solid;border-color: #000000;text-align: center;vertical-align: middle;height: 18px;background-color: #41ff2b\"><strong><span style=\"font-size: 12pt\">PROCARIOTAS<\/span><\/strong><\/td>\n<\/tr>\n<tr style=\"height: 36px\">\n<td style=\"width: 292.175px;border-style: solid;border-color: #000000;text-align: center;vertical-align: middle;background-color: #82fbff;height: 36px\"><strong><span style=\"font-size: 12pt\">MADURACI\u00d3N DEL ARNm<\/span><\/strong><\/td>\n<td style=\"width: 292.175px;border-style: solid;border-color: #000000;vertical-align: middle;height: 36px;text-align: center;background-color: #f6ff00\"><span style=\"font-size: 10pt\">S\u00cd, SE ELIMINAN INTRONES (\u00abINTRUSOS\u00bb) Y SE FUSIONAN LOS EXONES<\/span><\/td>\n<td style=\"width: 292.175px;border-style: solid;border-color: #000000;text-align: center;vertical-align: middle;height: 36px;background-color: #41ff2b\"><span style=\"font-size: 10pt\">NO, S\u00d3LO SUFREN MODIFICACIONES POST-TRANSCRIPCIONALES LOS ARNt Y ARNr<\/span><\/td>\n<\/tr>\n<tr style=\"height: 18px\">\n<td style=\"width: 292.175px;border-style: solid;border-color: #000000;text-align: center;vertical-align: middle;background-color: #82fbff;height: 18px\"><strong><span style=\"font-size: 12pt\">ARN POLIMERASAS<\/span><\/strong><\/td>\n<td style=\"width: 292.175px;border-style: solid;border-color: #000000;vertical-align: middle;height: 18px;text-align: center;background-color: #f6ff00\"><span style=\"font-size: 10pt\">3 TIPOS<\/span><\/td>\n<td style=\"width: 292.175px;border-style: solid;border-color: #000000;text-align: center;vertical-align: middle;height: 18px;background-color: #41ff2b\"><span style=\"font-size: 10pt\">UN SOLO TIPO<\/span><\/td>\n<\/tr>\n<tr style=\"height: 54px\">\n<td style=\"width: 292.175px;border-style: solid;border-color: #000000;text-align: center;vertical-align: middle;background-color: #82fbff;height: 54px\"><strong><span style=\"font-size: 12pt\">INICIACI\u00d3N Y ELONGACI\u00d3N<\/span><\/strong><\/td>\n<td style=\"width: 292.175px;border-style: solid;border-color: #000000;vertical-align: middle;height: 54px;text-align: center;background-color: #f6ff00\"><span style=\"font-size: 10pt\">PARA LA INICIACI\u00d3N REQUIERE FACTORES DE TRANSCRIPCI\u00d3N<\/span><\/td>\n<td style=\"width: 292.175px;border-style: solid;border-color: #000000;text-align: center;vertical-align: middle;height: 54px;background-color: #41ff2b\"><span style=\"font-size: 10pt\">PARA LA INICIACI\u00d3N REQUIERE DEL FACTOR SIGMA Y PARA LA FINALIZACI\u00d3N TIENE UNA V\u00cdA EXCLUSIVA POR FACTOR RHO (<em>r<\/em>)<\/span><\/td>\n<\/tr>\n<tr style=\"height: 36px\">\n<td style=\"width: 292.175px;border-style: solid;border-color: #000000;text-align: center;vertical-align: middle;background-color: #82fbff;height: 36px\"><strong><span style=\"font-size: 12pt\">LUGAR<\/span><\/strong><\/td>\n<td style=\"width: 292.175px;border-style: solid;border-color: #000000;vertical-align: middle;height: 36px;text-align: center;background-color: #f6ff00\"><span style=\"font-size: 10pt\">EN EL N\u00daCLEO, POSTERIORMENTE EL ARNm SALDR\u00c1 AL CITOPLASMA<\/span><\/td>\n<td style=\"width: 292.175px;border-style: solid;border-color: #000000;text-align: center;vertical-align: middle;height: 36px;background-color: #41ff2b\"><span style=\"font-size: 10pt\">EN EL PROPIO CITOPLASMA<\/span><\/td>\n<\/tr>\n<tr style=\"height: 115px\">\n<td style=\"width: 292.175px;border-style: solid;border-color: #000000;text-align: center;vertical-align: middle;background-color: #82fbff;height: 115px\"><strong><span style=\"font-size: 12pt\">ARNm Y FORMACI\u00d3N DE PROTE\u00cdNAS<\/span><\/strong><\/td>\n<td style=\"width: 292.175px;border-style: solid;border-color: #000000;vertical-align: middle;height: 115px;text-align: center;background-color: #f6ff00\"><span style=\"font-size: 10pt\">MONOCISTR\u00d3NICO (UNA \u00daNICA PROTE\u00cdNA)<\/span><\/td>\n<td style=\"width: 292.175px;border-style: solid;border-color: #000000;text-align: center;vertical-align: middle;height: 115px;background-color: #41ff2b\"><span style=\"font-size: 10pt\">POLICISTR\u00d3NICO (VARIAS PROTE\u00cdNAS) O MONOCISTR\u00d3NICO.<\/span><\/p>\n<p><span style=\"font-size: 10pt\">POSIBILIDAD DE TRADUCCI\u00d3N SIMULT\u00c1NEA A LA TRANSCRIPCI\u00d3N<\/span><\/td>\n<\/tr>\n<\/tbody>\n<\/table>\n<h3 style=\"text-align: center\">MADURACI\u00d3N DEL ARNm EUCARIOTA<\/h3>\n<p style=\"text-align: justify\">En las c\u00e9lulas eucariotas, la transcripci\u00f3n origina precursores de los ARNm (hn-ARN), que deben pasar por un proceso de maduraci\u00f3n para originar ARNm funcionales, eliminando los intrones y fusionando los exones.<\/p>\n<p style=\"text-align: justify\">Para que esto tenga lugar es necesario conocer una maquinaria enzim\u00e1tica compleja que favorece el proceso:<\/p>\n<ul style=\"text-align: justify\">\n<li><strong>Modificaci\u00f3n del extremo 5 \u0301:<\/strong> una vez que la ARN polimerasa ya ha a\u00f1adido los 30 primeros ribonucle\u00f3tidos del ARNm, <strong>se a\u00f1ade al extremo 5\u00b4 de ese ARN en formaci\u00f3n, un residuo de 7-metilguanosina, que se conoce como caperuza de guanina o caperuza 5 \u0301 (cap 5 \u0301).<\/strong> Esta caperuza protege el ARNm una vez que salga al citoplasma e indica a los ribosomas por donde deben empezar la traducci\u00f3n de este.<\/li>\n<li><strong>Poliadenilaci\u00f3n del extremo 3 \u0301:<\/strong> finalizada la trascripci\u00f3n del ARNm,<strong> se a\u00f1aden unos 200 nucle\u00f3tidos de adenina, la denominada cola poli-A,<\/strong> la cual da estabilidad a la mol\u00e9cula y permite identificarla como un ARNm.<\/li>\n<li><strong>Eliminaci\u00f3n de intrones y empalme de exones (splicing)<\/strong>: los genes eucariotas poseen <strong>intrones<\/strong> (secuencias que se transcriben, pero no se traducen) <strong>intercalados entre los exones<\/strong> (secuencias codificantes, que se transcriben y se traducen). <strong>Antes de la traducci\u00f3n, es necesario eliminar los intrones y unir los exones.<\/strong><\/li>\n<\/ul>\n<p style=\"padding-left: 40px;text-align: justify\">Para acordarse de estos nombres, con las elevadas pulsaciones que tenemos en los ex\u00e1menes, os propongo la siguiente t\u00e9cnica de recuerdo: <em>\u00abEn el ARNm de los eucariotas tenemos unos \u00abintrusos\u00bb (intrones) que debemos de eliminar para madurar\u00bb.<\/em><\/p>\n<p style=\"padding-left: 40px;text-align: justify\">Igualmente, es interesante se\u00f1alar que este proceso de splicing no ocurre siempre de la misma manera, lo que origina diferentes tipos de ARNm de un mismo transcrito y, en consecuencia, diferentes prote\u00ednas.<\/p>\n<div style=\"width: 820px\" class=\"wp-caption aligncenter\"><img loading=\"lazy\" decoding=\"async\" class=\"size-large\" src=\"https:\/\/upload.wikimedia.org\/wikipedia\/commons\/thumb\/d\/d0\/MRNAsynthesis_fr.svg\/810px-MRNAsynthesis_fr.svg.png?20100214202732\" alt=\"Proceso de splicing y maduraci\u00f3n del ARNm en Eucariotas. Como se puede observar, se eliminan los intrones y se fusionan los exones, dando el ARNm maduro.\" width=\"810\" height=\"278\" \/><p class=\"wp-caption-text\">Proceso de splicing y maduraci\u00f3n del ARNm en Eucariotas. Como se puede observar, se eliminan los intrones y se fusionan los exones, dando el ARNm maduro.<\/p><\/div>\n<p style=\"text-align: center\">\n<!-- iframe plugin v.6.0 wordpress.org\/plugins\/iframe\/ -->\n<iframe loading=\"lazy\" width=\"90%\" height=\"315\" src=\"https:\/\/www.youtube.com\/embed\/zfZMPsw-cpw?si=6wTvVyTLmniuekqA&#038;amp;start=29&#038;amp;clip=UgkxIYe0oDpRFBN5SlKo-bBMexeMNVlq-cAf&#038;amp;clipt=EP3LFhinxhk\" title=\"YouTube video player\" frameborder=\"0\" allow=\"accelerometer; autoplay; clipboard-write; encrypted-media; gyroscope; picture-in-picture; web-share\" 0=\"allowfullscreen&gt;&lt;\/iframe\" scrolling=\"yes\" class=\"iframe-class\"><\/iframe>\n<\/p>\n","protected":false},"excerpt":{"rendered":"<p>Mediante la Transcripci\u00f3n, tiene lugar la s\u00edntesis de una hebra de ARN, la cual tendr\u00e1 una secuencia de bases complementaria a la hebra de ADN que le ha servido como molde. De esta manera, la informaci\u00f3n gen\u00e9tica contenida en los genes de ADN pasa a ARN y puede ser utilizada directamente para la s\u00edntesis de [&hellip;]<\/p>\n","protected":false},"author":3666,"featured_media":0,"parent":0,"menu_order":0,"comment_status":"closed","ping_status":"closed","template":"template-fullwidth.php","meta":{"footnotes":""},"class_list":["post-384","page","type-page","status-publish","hentry","post-preview"],"_links":{"self":[{"href":"https:\/\/edublog.educastur.es\/biohumphreys\/wp-json\/wp\/v2\/pages\/384","targetHints":{"allow":["GET"]}}],"collection":[{"href":"https:\/\/edublog.educastur.es\/biohumphreys\/wp-json\/wp\/v2\/pages"}],"about":[{"href":"https:\/\/edublog.educastur.es\/biohumphreys\/wp-json\/wp\/v2\/types\/page"}],"author":[{"embeddable":true,"href":"https:\/\/edublog.educastur.es\/biohumphreys\/wp-json\/wp\/v2\/users\/3666"}],"replies":[{"embeddable":true,"href":"https:\/\/edublog.educastur.es\/biohumphreys\/wp-json\/wp\/v2\/comments?post=384"}],"version-history":[{"count":14,"href":"https:\/\/edublog.educastur.es\/biohumphreys\/wp-json\/wp\/v2\/pages\/384\/revisions"}],"predecessor-version":[{"id":411,"href":"https:\/\/edublog.educastur.es\/biohumphreys\/wp-json\/wp\/v2\/pages\/384\/revisions\/411"}],"wp:attachment":[{"href":"https:\/\/edublog.educastur.es\/biohumphreys\/wp-json\/wp\/v2\/media?parent=384"}],"curies":[{"name":"wp","href":"https:\/\/api.w.org\/{rel}","templated":true}]}}