{"id":423,"date":"2024-04-03T13:12:58","date_gmt":"2024-04-03T11:12:58","guid":{"rendered":"https:\/\/edublog.educastur.es\/biohumphreys\/?page_id=423"},"modified":"2024-04-03T14:44:37","modified_gmt":"2024-04-03T12:44:37","slug":"traduccion","status":"publish","type":"page","link":"https:\/\/edublog.educastur.es\/biohumphreys\/traduccion\/","title":{"rendered":"TRADUCCI\u00d3N"},"content":{"rendered":"<p style=\"text-align: justify\">Las <strong>prote\u00ednas se sintetizan con una secuencia de amino\u00e1cidos determinada por la informaci\u00f3n gen\u00e9tica contenida en el ADN<\/strong>, concretamente en las secuencias correspondientes a un <strong>gen<\/strong> o conjunto de genes que se est\u00e9n expresando.<\/p>\n<p style=\"text-align: justify\">Para ello, tiene lugar la <strong><span style=\"color: #ff0000\"><u>TRANSCRIPCI\u00d3N<\/u><\/span>\u00a0de la informaci\u00f3n del ADN al ARN (ARNm)<\/strong>.<\/p>\n<p style=\"text-align: justify\">As\u00ed, l<span class=\"notion-enable-hover\" data-token-index=\"1\">a informaci\u00f3n en forma de <strong>ARNm puede ser utilizada directamente para la s\u00edntesis de prote\u00ednas en los ribosomas,<\/strong> proceso denominado <span style=\"text-decoration: underline\"><span style=\"color: #ff0000;text-decoration: underline\"><strong>TRADUCCI\u00d3N<\/strong><\/span><\/span><\/span><span style=\"text-decoration: underline\">. <\/span><\/p>\n<p style=\"text-align: justify\">En el <strong>ARNm, cada amino\u00e1cido viene especificado por unidades de informaci\u00f3n de tres nucle\u00f3tidos denominados codones.<\/strong><!-- notionvc: b8da5e5e-4994-4474-8227-96b303548ea4 --><\/p>\n<div id=\"attachment_314\" style=\"width: 686px\" class=\"wp-caption aligncenter\"><img loading=\"lazy\" decoding=\"async\" aria-describedby=\"caption-attachment-314\" class=\"wp-image-314 size-large\" src=\"http:\/\/edublog.educastur.es\/biohumphreys\/files\/2024\/03\/Captura-de-pantalla-2024-03-03-103018-1024x595.png\" alt=\"\" width=\"676\" height=\"393\" srcset=\"https:\/\/edublog.educastur.es\/biohumphreys\/files\/2024\/03\/Captura-de-pantalla-2024-03-03-103018-1024x595.png 1024w, https:\/\/edublog.educastur.es\/biohumphreys\/files\/2024\/03\/Captura-de-pantalla-2024-03-03-103018-300x174.png 300w, https:\/\/edublog.educastur.es\/biohumphreys\/files\/2024\/03\/Captura-de-pantalla-2024-03-03-103018-768x446.png 768w, https:\/\/edublog.educastur.es\/biohumphreys\/files\/2024\/03\/Captura-de-pantalla-2024-03-03-103018-676x393.png 676w, https:\/\/edublog.educastur.es\/biohumphreys\/files\/2024\/03\/Captura-de-pantalla-2024-03-03-103018.png 1195w\" sizes=\"auto, (max-width: 676px) 100vw, 676px\" \/><p id=\"caption-attachment-314\" class=\"wp-caption-text\">Dogma central de la Biolog\u00eda Molecular. La informaci\u00f3n gen\u00e9tica contenida en el ADN se <strong><span style=\"text-decoration: underline\">transcribe<\/span><\/strong> a ARN, lo que permite \u201ccopiar\u201d dicha informaci\u00f3n y que sirva de gu\u00eda para la s\u00edntesis de prote\u00ednas en el citoplasma a trav\u00e9s del proceso de <span style=\"text-decoration: underline\"><strong>Traducci\u00f3n<\/strong><\/span>.<\/p><\/div>\n<h3 style=\"text-align: center\">PROCESO DE TRADUCCI\u00d3N<\/h3>\n<p style=\"text-align: justify\">La <span style=\"text-decoration: underline\"><strong>Traducci\u00f3n tiene lugar en los ribosomas<\/strong><\/span> e intervienen, principalmente, las siguientes mol\u00e9culas:<\/p>\n<ul style=\"text-align: justify\">\n<li><strong>Amino\u00e1cidos<\/strong>, unidos al ARN de transferencia (ARNt).<\/li>\n<li><strong>ARN mensajero (ARNm)<\/strong>, que contiene la informaci\u00f3n gen\u00e9tica del gen o genes copiada en formato de ARN (ribonucle\u00f3tidos).<\/li>\n<li><strong>ARN de transferencia (ARNt)<\/strong> que,\u201ccargado\u201d con su correspondiente amino\u00e1cido, se une al cod\u00f3n del ARNm (regiones de tres bases nitrogenadas), mediante la regi\u00f3n del anticod\u00f3n. Gracias a esto, <strong>se produce la conexi\u00f3n entre los amino\u00e1cidos espec\u00edficos y la secuencia de bases del ARNm<\/strong>, conllevando la s\u00edntesis de prote\u00ednas.<\/li>\n<li><strong>Ribosomas<\/strong>.<\/li>\n<li><strong>Energ\u00eda<\/strong> en forma de ATP o GTP<\/li>\n<\/ul>\n<p style=\"text-align: center\">\n<!-- iframe plugin v.6.0 wordpress.org\/plugins\/iframe\/ -->\n<iframe loading=\"lazy\" width=\"90%\" height=\"315\" src=\"https:\/\/www.youtube.com\/embed\/ND1Lz0-u6fg?si=VVYKwsPvPGHMrHc7&#038;amp;clip=UgkxHyoxWGR5WziFX9sky6FfbOhQKV1eK2BE&#038;amp;clipt=EPCNCxiL6w0\" title=\"YouTube video player\" frameborder=\"0\" allow=\"accelerometer; autoplay; clipboard-write; encrypted-media; gyroscope; picture-in-picture; web-share\" referrerpolicy=\"strict-origin-when-cross-origin\" 0=\"allowfullscreen&gt;&lt;\/iframe\" scrolling=\"yes\" class=\"iframe-class\"><\/iframe>\n<\/p>\n<p style=\"text-align: justify\">Se diferencian las siguientes etapas:<\/p>\n<ol>\n<li><strong>Activaci\u00f3n<\/strong>: tiene lugar en el citoplasma, en el que cada uno de los <strong>20 amino\u00e1cidos se unen a un ARNt espec\u00edfico<\/strong> en una reacci\u00f3n catalizada por un <strong>aminoacil ARNt sintetasa espec\u00edfica, utilizando ATP.<\/strong><\/li>\n<\/ol>\n<p style=\"text-align: center\">\n<!-- iframe plugin v.6.0 wordpress.org\/plugins\/iframe\/ -->\n<iframe loading=\"lazy\" width=\"90%\" height=\"315\" src=\"https:\/\/www.youtube.com\/embed\/ND1Lz0-u6fg?si=UW8nl4AT8wBktsRq&#038;amp;clip=UgkxOg24eA6Gb0S8GXWYctsb9-jqRhMfM6gS&#038;amp;clipt=ENPqDRi_mg8\" title=\"YouTube video player\" frameborder=\"0\" allow=\"accelerometer; autoplay; clipboard-write; encrypted-media; gyroscope; picture-in-picture; web-share\" referrerpolicy=\"strict-origin-when-cross-origin\" 0=\"allowfullscreen&gt;&lt;\/iframe\" scrolling=\"yes\" class=\"iframe-class\"><\/iframe>\n<\/p>\n<p style=\"padding-left: 40px\"><strong>2. Iniciaci\u00f3n<\/strong>:<\/p>\n<ol>\n<li style=\"list-style-type: none\">\n<ol>\n<li>El ARNm se une por su extremo 5\u00b4a la subunidad menor del ribosoma, movi\u00e9ndose hasta encontrar el cod\u00f3n de iniciaci\u00f3n AUG.<\/li>\n<li>El cod\u00f3n de iniciaci\u00f3n y el anticod\u00f3n del primer aminoacil ARNt se unen por las bases complementarias, trayendo su amino\u00e1cido espec\u00edfico, normalmente la Metionina.<\/li>\n<li>Posteriormente, se acopla la subunidad mayor ribos\u00f3mica, combin\u00e1ndose con la subunidad peque\u00f1a.<\/li>\n<li>Finalmente, una vez combinado, se configuran tres posiciones para las interacciones:\n<ul>\n<li><strong>El sitio P, <\/strong>de Peptidil, ya que es el lugar donde est\u00e1 el ARNt que lleva unida la cadena polipept\u00eddica.<\/li>\n<li><strong>La zona A, <\/strong>de Aminoacil, puesto que es donde se acopla cada nuevo aminoacil ARNt.<\/li>\n<li><strong>La zona E,<\/strong> de Exit, que es donde sale cada ARNt libre, sin su amino\u00e1cido, pues lo hab\u00eda cedido anteriormente al ARNt del sitio P.<\/li>\n<\/ul>\n<\/li>\n<\/ol>\n<\/li>\n<\/ol>\n<p style=\"text-align: center\">\n<!-- iframe plugin v.6.0 wordpress.org\/plugins\/iframe\/ -->\n<iframe loading=\"lazy\" width=\"90%\" height=\"315\" src=\"https:\/\/www.youtube.com\/embed\/ND1Lz0-u6fg?si=9G_YXFU4VM-XlHL0&#038;amp;start=250&#038;end=332\" title=\"YouTube video player\" frameborder=\"0\" allow=\"accelerometer; autoplay; clipboard-write; encrypted-media; gyroscope; picture-in-picture; web-share\" referrerpolicy=\"strict-origin-when-cross-origin\" 0=\"allowfullscreen&gt;&lt;\/iframe\" scrolling=\"yes\" class=\"iframe-class\"><\/iframe>\n<\/p>\n<p style=\"padding-left: 40px\"><strong>3. Elongaci\u00f3n:<\/strong><\/p>\n<ol>\n<li style=\"list-style-type: none\">\n<ol>\n<li style=\"list-style-type: none\">\n<ol>\n<li>Un nuevo aminoacil ARNt complementario se une al sitio A.<\/li>\n<li>Posteriormente, se produce la uni\u00f3n de los amino\u00e1cidos por un enlace pept\u00eddico catalizado por la peptidil-transferasa.<\/li>\n<li>Tras esto, el segundo amino\u00e1cido se desprende de su ARNt, pasando al sitio E y, de ah\u00ed, se libera al citoplasma.<\/li>\n<li>Seguidamente, el ribosoma produce un desplazamiento de tres bases sobre el ARNm en la direcci\u00f3n 5\u00b4\u2014 3\u00b4, con lo que el dipeptidil-ARNt formado se sit\u00faa en el sitio P, quedando libre el sitio A, al que se le unir\u00e1 un nuevo aminoacil ARNt complementario, repiti\u00e9ndose este proceso.<\/li>\n<\/ol>\n<\/li>\n<\/ol>\n<\/li>\n<\/ol>\n<p style=\"text-align: center\">\n<!-- iframe plugin v.6.0 wordpress.org\/plugins\/iframe\/ -->\n<iframe loading=\"lazy\" width=\"90%\" height=\"315\" src=\"https:\/\/www.youtube.com\/embed\/ND1Lz0-u6fg?si=ddj3sI8LX1bcRnbz&#038;amp;start=332&#038;end=408\" title=\"YouTube video player\" frameborder=\"0\" allow=\"accelerometer; autoplay; clipboard-write; encrypted-media; gyroscope; picture-in-picture; web-share\" referrerpolicy=\"strict-origin-when-cross-origin\" 0=\"allowfullscreen&gt;&lt;\/iframe\" scrolling=\"yes\" class=\"iframe-class\"><\/iframe>\n<\/p>\n<p style=\"padding-left: 40px\"><strong>4. Finalizaci\u00f3n<\/strong>: cuando el ribosoma llega a un cod\u00f3n de terminaci\u00f3n (UAA, UAG, UGA), no se corresponde con ning\u00fan amino\u00e1cido, sino que es reconocido por unos factores de liberaci\u00f3n que se instalan en el sitio A y liberan la cadena polipept\u00eddica. Finalmente, las subunidades del ribosoma se separan y el ARNm se destruye.<\/p>\n<p style=\"text-align: center\">\n<!-- iframe plugin v.6.0 wordpress.org\/plugins\/iframe\/ -->\n<iframe loading=\"lazy\" width=\"90%\" height=\"315\" src=\"https:\/\/www.youtube.com\/embed\/ND1Lz0-u6fg?si=8uTvZeGs9PDEc0he&#038;amp;start=332&#038;amp;clip=UgkxokHvVCPuAbXwF_tFqCEYsB8nuGIapvz-&#038;amp;clipt=EMb-GBim0xw\" title=\"YouTube video player\" frameborder=\"0\" allow=\"accelerometer; autoplay; clipboard-write; encrypted-media; gyroscope; picture-in-picture; web-share\" referrerpolicy=\"strict-origin-when-cross-origin\" 0=\"allowfullscreen&gt;&lt;\/iframe\" scrolling=\"yes\" class=\"iframe-class\"><\/iframe>\n<\/p>\n<p style=\"text-align: justify\">Con toda esta informaci\u00f3n os resultar\u00e1 f\u00e1cilmente identificar esquemas o diagramas del proceso, como este:<\/p>\n<div style=\"width: 778px\" class=\"wp-caption aligncenter\"><img loading=\"lazy\" decoding=\"async\" class=\"size-medium\" src=\"https:\/\/upload.wikimedia.org\/wikipedia\/commons\/f\/f2\/Proteintransl.jpg\" alt=\"Proceso de traducci\u00f3n. Se puede observar las dos subunidades integrantes del ribosoma, as\u00ed como, en rosa, la hebra del ARNm, con sus bases nitrogenadas divididas en segmentos de tres (codones).Del mismo modo, hallamos, en marr\u00f3n, el ARNt, con sus tres bases correspondientes al anticod\u00f3n y transportando el amino\u00e1cido espec\u00edfico de tal secuencia.\" width=\"768\" height=\"633\" \/><p class=\"wp-caption-text\">Proceso de traducci\u00f3n. Se puede observar las dos subunidades integrantes del ribosoma, as\u00ed como, en rosa, la hebra del ARNm, con sus bases nitrogenadas divididas en segmentos de tres (codones). Del mismo modo, hallamos, en marr\u00f3n, el ARNt, con sus tres bases correspondientes al anticod\u00f3n y transportando el amino\u00e1cido espec\u00edfico de tal secuencia.<\/p><\/div>\n","protected":false},"excerpt":{"rendered":"<p>Las prote\u00ednas se sintetizan con una secuencia de amino\u00e1cidos determinada por la informaci\u00f3n gen\u00e9tica contenida en el ADN, concretamente en las secuencias correspondientes a un gen o conjunto de genes que se est\u00e9n expresando. Para ello, tiene lugar la TRANSCRIPCI\u00d3N\u00a0de la informaci\u00f3n del ADN al ARN (ARNm). As\u00ed, la informaci\u00f3n en forma de ARNm puede [&hellip;]<\/p>\n","protected":false},"author":3666,"featured_media":0,"parent":0,"menu_order":0,"comment_status":"closed","ping_status":"closed","template":"template-fullwidth.php","meta":{"footnotes":""},"class_list":["post-423","page","type-page","status-publish","hentry","post-preview"],"_links":{"self":[{"href":"https:\/\/edublog.educastur.es\/biohumphreys\/wp-json\/wp\/v2\/pages\/423","targetHints":{"allow":["GET"]}}],"collection":[{"href":"https:\/\/edublog.educastur.es\/biohumphreys\/wp-json\/wp\/v2\/pages"}],"about":[{"href":"https:\/\/edublog.educastur.es\/biohumphreys\/wp-json\/wp\/v2\/types\/page"}],"author":[{"embeddable":true,"href":"https:\/\/edublog.educastur.es\/biohumphreys\/wp-json\/wp\/v2\/users\/3666"}],"replies":[{"embeddable":true,"href":"https:\/\/edublog.educastur.es\/biohumphreys\/wp-json\/wp\/v2\/comments?post=423"}],"version-history":[{"count":13,"href":"https:\/\/edublog.educastur.es\/biohumphreys\/wp-json\/wp\/v2\/pages\/423\/revisions"}],"predecessor-version":[{"id":440,"href":"https:\/\/edublog.educastur.es\/biohumphreys\/wp-json\/wp\/v2\/pages\/423\/revisions\/440"}],"wp:attachment":[{"href":"https:\/\/edublog.educastur.es\/biohumphreys\/wp-json\/wp\/v2\/media?parent=423"}],"curies":[{"name":"wp","href":"https:\/\/api.w.org\/{rel}","templated":true}]}}