{"id":46,"date":"2024-02-09T20:37:44","date_gmt":"2024-02-09T19:37:44","guid":{"rendered":"https:\/\/edublog.educastur.es\/biohumphreys\/?page_id=46"},"modified":"2024-02-21T17:07:32","modified_gmt":"2024-02-21T16:07:32","slug":"tipos-de-metabolismo","status":"publish","type":"page","link":"https:\/\/edublog.educastur.es\/biohumphreys\/tipos-de-metabolismo\/","title":{"rendered":"TIPOS DE METABOLISMO"},"content":{"rendered":"<p style=\"text-align: justify\">En la naturaleza, existen diferentes tipos de metabolismo, los cuales se diferencian en base a dos principios:<\/p>\n<ol style=\"text-align: justify\">\n<li><strong>La forma de obtener carbono<\/strong>, que podemos usarlo como sin\u00f3nimo de \u00abalimento\u00bb.<\/li>\n<li><strong>La fuente de energ\u00eda.<\/strong><\/li>\n<\/ol>\n<p style=\"text-align: justify\">Esto es facilmente entendible si consideramos que para vivir necesitamos <strong>energ\u00eda<\/strong> para llevar a cabo las <span style=\"text-decoration: underline\">tres funciones vitales<\/span> y <strong>alimento<\/strong> para <span style=\"text-decoration: underline\">mantener, reparar estructuras y crecer \u00abfuertes y sanos\u00bb<\/span> (como dir\u00eda nuestra abuela).<\/p>\n<hr \/>\n<h3 style=\"text-align: center\">1-Fuente de carbono<\/h3>\n<p style=\"text-align: justify\">Todos los seres vivos <strong>necesitan carbono (C)<\/strong>, puesto que, como podemos recordar, es un <span style=\"text-decoration: underline\">bioelemento esencial<\/span>\u00a0y, como hab\u00edamos dicho en los primeros temas: <strong>la vida se basa en la qu\u00edmica del carbono.<\/strong><\/p>\n<p style=\"text-align: justify\">As\u00ed, los diferentes organismos se pueden <strong>diferenciar en su manera de obtener ese mencionado bioelemento esencial:<\/strong><\/p>\n<ul>\n<li style=\"text-align: justify\"><strong>Aut\u00f3trofos<\/strong>: son aquellos seres vivos que obtienen ese carbono de <strong>fuentes inorg\u00e1nicas, como el CO<sub>2<\/sub><\/strong> , sintetizando, as\u00ed, sus propias mol\u00e9culas org\u00e1nicas complejas, es decir, su propio alimento. El ejemplo m\u00e1s conocido es el de la <strong>fotos\u00edntesis<\/strong>, en el que las plantas usan ese di\u00f3xido de carbono para sintetizar su propia materia org\u00e1nica.<\/li>\n<li style=\"text-align: justify\"><strong>Heter\u00f3trofos<\/strong>: organismos que emplean, como fuente de carbono, <strong>mol\u00e9culas org\u00e1nicas m\u00e1s o menos complejas.<\/strong> Un ejemplo ser\u00edamos nosotros, donde necesitamos ingerir materia org\u00e1nica, sea vegetal o animal para sobrevivir.<\/li>\n<\/ul>\n<hr \/>\n<h3 style=\"text-align: center\">2-Fuente de energ\u00eda<\/h3>\n<p style=\"text-align: justify\">Por otro lado, seg\u00fan la fuente de energ\u00eda, podemos diferenciar dos tipos de organismos:<\/p>\n<ul>\n<li style=\"text-align: justify\"><strong>Fot\u00f3trofos<\/strong>: obtienen la energ\u00eda procedente de la luz.<\/li>\n<li style=\"text-align: justify\"><strong>Quimi\u00f3trofos<\/strong>: obtienen la energ\u00eda de reacciones qu\u00edmicas que desprenden energ\u00eda (exerg\u00f3nicas).<\/li>\n<\/ul>\n<p style=\"text-align: center\">\n<!-- iframe plugin v.6.0 wordpress.org\/plugins\/iframe\/ -->\n<iframe loading=\"lazy\" width=\"90%\" height=\"315\" src=\"https:\/\/www.youtube.com\/embed\/h9vnFyGw_Fs?si=c6J9ffVjv_H8S43E&#038;clip=UgkxPX5YMLFIPIrsvaoV2Nqn00dBcfvsp-t6&#038;clipt=EOjXDxjAiBI\" title=\"YouTube video player\" frameborder=\"0\" allow=\"accelerometer; autoplay; clipboard-write; encrypted-media; gyroscope; picture-in-picture; web-share\" 0=\"allowfullscreen&gt;&lt;\/iframe\" scrolling=\"yes\" class=\"iframe-class\"><\/iframe>\n<\/p>\n<hr \/>\n<h3 style=\"text-align: center\">Diferentes tipos de metabolismo<\/h3>\n<p style=\"text-align: justify\">Y ahora queda combinar todas las variantes, tanto de forma de obtener carbono, como de obtener energ\u00eda. As\u00ed, tenemos:<\/p>\n<ol>\n<li style=\"text-align: justify\"><strong>Fotoaut\u00f3trofo, fotosint\u00e9tico o fotolit\u00f3trofo:<\/strong> consiguen energ\u00eda directamente de la <strong>luz <\/strong>y la usan para sintetizar su propio alimento a partir de <strong>CO2<\/strong>. Aqu\u00ed se incluyen, entre otras, nuestras plantas, algas y cianobacterias.\n<ul>\n<li>Es necesario conocer la i<span style=\"text-decoration: underline\"><strong>mportancia de la fotos\u00edntesis para la biosfera,<\/strong> <\/span>puesto que supone la <strong>base de la pir\u00e1mide tr\u00f3fica,<\/strong> ya que abastece de materia al resto del ecosistema.<\/li>\n<li>Igualmente, <strong>abastece de ox\u00edgeno la atm\u00f3sfera y consume CO<sub>2<\/sub><\/strong>, amortiguando el cambio clim\u00e1tico y efecto invernadero.<\/li>\n<\/ul>\n<\/li>\n<li style=\"text-align: justify\"><strong>Quimioaut\u00f3trofo o aut\u00f3trofo quimiosint\u00e9tico:<\/strong> obtienen energ\u00eda a trav\u00e9s de r<strong>eacciones qu\u00edmicas exerg\u00f3nicas<\/strong> que utilizan para sintetizar sus propias mol\u00e9culas org\u00e1nicas a partir de <strong>mol\u00e9culas inorg\u00e1nicas de carbono<\/strong>. Estar\u00edamos hablando de bacterias o arqueas, s<span style=\"text-decoration: underline\">iendo especialmente importantes en aquellas zonas donde la luz no alcanza a llegar, como en el fondo de los oc\u00e9anos.<\/span><\/li>\n<li style=\"text-align: justify\"><strong>Quimioheter\u00f3trofos:<\/strong> se alimentan de<strong> materia org\u00e1nica compleja<\/strong> y obtienen energ\u00eda por medio de <strong>reacciones qu\u00edmicas.<\/strong><\/li>\n<li style=\"text-align: justify\"><strong>Fotoheter\u00f3trofos:<\/strong> grupo muy raro de organismos que obtienen energ\u00eda por medio de la <strong>luz<\/strong> y como fuente de carbono se basan en <strong>mol\u00e9culas org\u00e1nicas reducidas.<\/strong><\/li>\n<\/ol>\n<p style=\"text-align: center\">\n<!-- iframe plugin v.6.0 wordpress.org\/plugins\/iframe\/ -->\n<iframe loading=\"lazy\" width=\"100%\" height=\"315\" src=\"https:\/\/www.youtube.com\/embed\/h9vnFyGw_Fs?si=N6DzgADQC3rUdoWy&#038;amp;clip=UgkxqyZgZ5jUo80Aflorqic1gYVpWqaveWCP&#038;amp;clipt=EIDHEhjgmxY\" title=\"YouTube video player\" frameborder=\"0\" allow=\"accelerometer; autoplay; clipboard-write; encrypted-media; gyroscope; picture-in-picture; web-share\" 0=\"allowfullscreen&gt;&lt;\/iframe\" scrolling=\"yes\" class=\"iframe-class\"><\/iframe>\n<\/p>\n","protected":false},"excerpt":{"rendered":"<p>En la naturaleza, existen diferentes tipos de metabolismo, los cuales se diferencian en base a dos principios: La forma de obtener carbono, que podemos usarlo como sin\u00f3nimo de \u00abalimento\u00bb. La fuente de energ\u00eda. Esto es facilmente entendible si consideramos que para vivir necesitamos energ\u00eda para llevar a cabo las tres funciones vitales y alimento para [&hellip;]<\/p>\n","protected":false},"author":3666,"featured_media":0,"parent":0,"menu_order":0,"comment_status":"closed","ping_status":"closed","template":"template-fullwidth.php","meta":{"footnotes":""},"class_list":["post-46","page","type-page","status-publish","hentry","post-preview"],"_links":{"self":[{"href":"https:\/\/edublog.educastur.es\/biohumphreys\/wp-json\/wp\/v2\/pages\/46","targetHints":{"allow":["GET"]}}],"collection":[{"href":"https:\/\/edublog.educastur.es\/biohumphreys\/wp-json\/wp\/v2\/pages"}],"about":[{"href":"https:\/\/edublog.educastur.es\/biohumphreys\/wp-json\/wp\/v2\/types\/page"}],"author":[{"embeddable":true,"href":"https:\/\/edublog.educastur.es\/biohumphreys\/wp-json\/wp\/v2\/users\/3666"}],"replies":[{"embeddable":true,"href":"https:\/\/edublog.educastur.es\/biohumphreys\/wp-json\/wp\/v2\/comments?post=46"}],"version-history":[{"count":10,"href":"https:\/\/edublog.educastur.es\/biohumphreys\/wp-json\/wp\/v2\/pages\/46\/revisions"}],"predecessor-version":[{"id":200,"href":"https:\/\/edublog.educastur.es\/biohumphreys\/wp-json\/wp\/v2\/pages\/46\/revisions\/200"}],"wp:attachment":[{"href":"https:\/\/edublog.educastur.es\/biohumphreys\/wp-json\/wp\/v2\/media?parent=46"}],"curies":[{"name":"wp","href":"https:\/\/api.w.org\/{rel}","templated":true}]}}