{"id":471,"date":"2024-04-11T19:17:10","date_gmt":"2024-04-11T17:17:10","guid":{"rendered":"https:\/\/edublog.educastur.es\/biohumphreys\/?page_id=471"},"modified":"2024-04-11T19:24:53","modified_gmt":"2024-04-11T17:24:53","slug":"bloque-e-biotecnologia","status":"publish","type":"page","link":"https:\/\/edublog.educastur.es\/biohumphreys\/bloque-e-biotecnologia\/","title":{"rendered":"BLOQUE E: BIOTECNOLOG\u00cdA"},"content":{"rendered":"<p style=\"text-align: justify\">En este bloque veremos todo lo relacionado con los distintos tipos de microorganismos, as\u00ed como los entes biol\u00f3gicos conocidos como virus.<\/p>\n<p style=\"text-align: justify\">Asimismo, entraremos en detalle en la Biotecnolog\u00eda, sus procesos y aplicaciones, los novedosos casos de la CRISPR-Cas9, el ADN recombinante, la clonaci\u00f3n, la terapia g\u00e9nica, la PCR, los Organismos modificados gen\u00e9ticamente o sus aplicaciones industriales.<\/p>\n","protected":false},"excerpt":{"rendered":"<p>En este bloque veremos todo lo relacionado con los distintos tipos de microorganismos, as\u00ed como los entes biol\u00f3gicos conocidos como virus. Asimismo, entraremos en detalle en la Biotecnolog\u00eda, sus procesos y aplicaciones, los novedosos casos de la CRISPR-Cas9, el ADN recombinante, la clonaci\u00f3n, la terapia g\u00e9nica, la PCR, los Organismos modificados gen\u00e9ticamente o sus aplicaciones [&hellip;]<\/p>\n","protected":false},"author":3666,"featured_media":0,"parent":0,"menu_order":0,"comment_status":"closed","ping_status":"closed","template":"template-fullwidth.php","meta":{"footnotes":""},"class_list":["post-471","page","type-page","status-publish","hentry","post-preview"],"_links":{"self":[{"href":"https:\/\/edublog.educastur.es\/biohumphreys\/wp-json\/wp\/v2\/pages\/471","targetHints":{"allow":["GET"]}}],"collection":[{"href":"https:\/\/edublog.educastur.es\/biohumphreys\/wp-json\/wp\/v2\/pages"}],"about":[{"href":"https:\/\/edublog.educastur.es\/biohumphreys\/wp-json\/wp\/v2\/types\/page"}],"author":[{"embeddable":true,"href":"https:\/\/edublog.educastur.es\/biohumphreys\/wp-json\/wp\/v2\/users\/3666"}],"replies":[{"embeddable":true,"href":"https:\/\/edublog.educastur.es\/biohumphreys\/wp-json\/wp\/v2\/comments?post=471"}],"version-history":[{"count":1,"href":"https:\/\/edublog.educastur.es\/biohumphreys\/wp-json\/wp\/v2\/pages\/471\/revisions"}],"predecessor-version":[{"id":473,"href":"https:\/\/edublog.educastur.es\/biohumphreys\/wp-json\/wp\/v2\/pages\/471\/revisions\/473"}],"wp:attachment":[{"href":"https:\/\/edublog.educastur.es\/biohumphreys\/wp-json\/wp\/v2\/media?parent=471"}],"curies":[{"name":"wp","href":"https:\/\/api.w.org\/{rel}","templated":true}]}}