{"id":515,"date":"2024-04-16T10:01:18","date_gmt":"2024-04-16T08:01:18","guid":{"rendered":"https:\/\/edublog.educastur.es\/biohumphreys\/?page_id=515"},"modified":"2024-04-16T10:01:39","modified_gmt":"2024-04-16T08:01:39","slug":"secuenciacion-y-proyecto-genoma-humano-pgh","status":"publish","type":"page","link":"https:\/\/edublog.educastur.es\/biohumphreys\/secuenciacion-y-proyecto-genoma-humano-pgh\/","title":{"rendered":"SECUENCIACI\u00d3N Y PROYECTO GENOMA HUMANO (PGH)"},"content":{"rendered":"<h3 style=\"text-align: center\">SECUENCIACI\u00d3N<\/h3>\n<p style=\"text-align: justify\">La secuenciaci\u00f3n de ADN es un conjunto de m\u00e9todos y t\u00e9cnicas bioqu\u00edmicas cuya finalidad es la determinaci\u00f3n del <strong>orden de los nucle\u00f3tidos y de sus bases nitrogenadas asociadas.<\/strong><\/p>\n<p style=\"text-align: justify\">Existen muchos tipos de secuenciaci\u00f3n, destacando las iniciales de Sanger de mediados de los 70, as\u00ed como la pirosecuenciaci\u00f3n o la secuenciaci\u00f3n a tiempo real de la actualidad, mejorando en eficiencia y reduciendo el tiempo.<\/p>\n<p style=\"text-align: justify\">La secuenciaci\u00f3n de genes ha permitido la reconstrucci\u00f3n de genomas completos, abriendo paso a dos nuevas disciplinas: l<strong>a Gen\u00f3mica y la Prote\u00f3mica<\/strong>.<\/p>\n<p style=\"text-align: justify\">La gen\u00f3mica, como su propio nombre indica, estudia el <strong>genoma de los seres vivos, siendo su mayor hito el Proyecto Genoma Humano.<\/strong><\/p>\n<p style=\"text-align: justify\">Por su parte, la prote\u00f3mica, estudia el <strong>conjunto de prote\u00ednas expresadas por un genoma (proteoma<\/strong>).<\/p>\n<h3 style=\"text-align: center\">PROYECTO GENOMA HUMANO<\/h3>\n<p style=\"text-align: justify\">El Proyecto Genoma Humano (PGH) naci\u00f3 en 1990 con el fin de localizar, identificar, conocer la secuencia de nucle\u00f3tidos y la funci\u00f3n de los genes que componen el genoma humano.<\/p>\n<p style=\"text-align: justify\">En el a\u00f1o 2003 se complet\u00f3 la secuencia de todo ello y, aunque, todav\u00eda hoy no se conoce la funci\u00f3n de todo \u00e9l, su estudio, del que se cumplieron 20 a\u00f1os, ha proporcionado cinco conclusiones b\u00e1sicas.<\/p>\n<ol>\n<li style=\"text-align: justify\">Nuestro genoma contiene 3000 millones pares de bases y alrededor de 25000 genes, que codifican entre 100.000 y 200.000 prote\u00ednas, por lo que un gen puede dar m\u00e1s de una prote\u00edna.<\/li>\n<li style=\"text-align: justify\">No existe relaci\u00f3n entre la complejidad de un organismo y el tama\u00f1o de su genoma. De hecho, el genoma de una ameba es 200 veces superior al nuestro.<\/li>\n<li style=\"text-align: justify\">Compartimos genes con otros organismos, incluidas las bacterias (genes ort\u00f3logos)<\/li>\n<li style=\"text-align: justify\">El 99,99% de la informaci\u00f3n gen\u00e9tica es igual en todos los humanos.<\/li>\n<li style=\"text-align: justify\">La mayor parte del ADN est\u00e1 constituida por secuencias repetitivas o interrumpidas cuya funci\u00f3n se desconoce.<\/li>\n<\/ol>\n<p>Si quer\u00e9is saber m\u00e1s sobre este tema aqu\u00ed os dejo el v\u00eddeo respectivo del canal:<\/p>\n<p style=\"text-align: center\">\n<!-- iframe plugin v.6.0 wordpress.org\/plugins\/iframe\/ -->\n<iframe loading=\"lazy\" width=\"90%\" height=\"315\" src=\"https:\/\/www.youtube.com\/embed\/jb3ms62Mw1o?si=hOIEHucOFCFfpwAf\" title=\"YouTube video player\" frameborder=\"0\" allow=\"accelerometer; autoplay; clipboard-write; encrypted-media; gyroscope; picture-in-picture; web-share\" referrerpolicy=\"strict-origin-when-cross-origin\" 0=\"allowfullscreen&gt;&lt;\/iframe\" scrolling=\"yes\" class=\"iframe-class\"><\/iframe>\n<\/p>\n","protected":false},"excerpt":{"rendered":"<p>SECUENCIACI\u00d3N La secuenciaci\u00f3n de ADN es un conjunto de m\u00e9todos y t\u00e9cnicas bioqu\u00edmicas cuya finalidad es la determinaci\u00f3n del orden de los nucle\u00f3tidos y de sus bases nitrogenadas asociadas. Existen muchos tipos de secuenciaci\u00f3n, destacando las iniciales de Sanger de mediados de los 70, as\u00ed como la pirosecuenciaci\u00f3n o la secuenciaci\u00f3n a tiempo real de [&hellip;]<\/p>\n","protected":false},"author":3666,"featured_media":0,"parent":0,"menu_order":0,"comment_status":"closed","ping_status":"closed","template":"template-fullwidth.php","meta":{"footnotes":""},"class_list":["post-515","page","type-page","status-publish","hentry","post-preview"],"_links":{"self":[{"href":"https:\/\/edublog.educastur.es\/biohumphreys\/wp-json\/wp\/v2\/pages\/515","targetHints":{"allow":["GET"]}}],"collection":[{"href":"https:\/\/edublog.educastur.es\/biohumphreys\/wp-json\/wp\/v2\/pages"}],"about":[{"href":"https:\/\/edublog.educastur.es\/biohumphreys\/wp-json\/wp\/v2\/types\/page"}],"author":[{"embeddable":true,"href":"https:\/\/edublog.educastur.es\/biohumphreys\/wp-json\/wp\/v2\/users\/3666"}],"replies":[{"embeddable":true,"href":"https:\/\/edublog.educastur.es\/biohumphreys\/wp-json\/wp\/v2\/comments?post=515"}],"version-history":[{"count":1,"href":"https:\/\/edublog.educastur.es\/biohumphreys\/wp-json\/wp\/v2\/pages\/515\/revisions"}],"predecessor-version":[{"id":517,"href":"https:\/\/edublog.educastur.es\/biohumphreys\/wp-json\/wp\/v2\/pages\/515\/revisions\/517"}],"wp:attachment":[{"href":"https:\/\/edublog.educastur.es\/biohumphreys\/wp-json\/wp\/v2\/media?parent=515"}],"curies":[{"name":"wp","href":"https:\/\/api.w.org\/{rel}","templated":true}]}}