{"id":65,"date":"2024-02-11T12:39:40","date_gmt":"2024-02-11T11:39:40","guid":{"rendered":"https:\/\/edublog.educastur.es\/biohumphreys\/?page_id=65"},"modified":"2024-02-21T17:40:56","modified_gmt":"2024-02-21T16:40:56","slug":"anabolismo-esquemas","status":"publish","type":"page","link":"https:\/\/edublog.educastur.es\/biohumphreys\/anabolismo-esquemas\/","title":{"rendered":"ANABOLISMO: ESQUEMAS"},"content":{"rendered":"<p style=\"text-align: justify\">Como dije en la anterior entrada, para <strong>garantizar el \u00e9xito en tus ex\u00e1menes<\/strong>, es necesario que conozcas y manejes bien los esquemas del metabolismo.<\/p>\n<p style=\"text-align: justify\">Dentro de los esquemas de anabolismo, las preguntas recaer\u00e1n, fundamentalmente, en la <strong>fotos\u00edntesis<\/strong>, aunque no podemos olvidar la importancia de la <strong>quimios\u00edntesis<\/strong>.<\/p>\n<p>Para ver las nociones generales del anabolismo aut\u00f3trofo, te dejo aqu\u00ed un peque\u00f1o clip aclaratorio:<\/p>\n<p style=\"text-align: center\">\n<!-- iframe plugin v.6.0 wordpress.org\/plugins\/iframe\/ -->\n<iframe loading=\"lazy\" width=\"90%\" height=\"315\" src=\"https:\/\/www.youtube.com\/embed\/lqF7WtmRE1Y?si=hMMumY7p1YoYg4cX&#038;amp;clip=UgkxGycv014WfOmSmyVyMZuGRXDyxzw-V5xS&#038;amp;clipt=EKK-Ahjn9QU\" title=\"YouTube video player\" frameborder=\"0\" allow=\"accelerometer; autoplay; clipboard-write; encrypted-media; gyroscope; picture-in-picture; web-share\" 0=\"allowfullscreen&gt;&lt;\/iframe\" scrolling=\"yes\" class=\"iframe-class\"><\/iframe>\n<\/p>\n<h4 style=\"text-align: center\">Fotos\u00edntesis: fase luminosa<\/h4>\n<p style=\"text-align: justify\">Tiene lugar en la <strong>membrana tilacoidal<\/strong>, esos repliegues de la membrana plastidial interna. Esta presenta una serie de prote\u00ednas transportadoras de electrones que, al igual que la mitocondria, permite <strong>liberar energ\u00eda<\/strong> que se utiliza para <strong>bombear protones<\/strong> en contra de gradiente de concentraci\u00f3n. As\u00ed, como puedes intuir, se permitir\u00e1 conservar energ\u00eda en forma de <strong>ATP<\/strong>.<\/p>\n<p style=\"text-align: center\">\n<!-- iframe plugin v.6.0 wordpress.org\/plugins\/iframe\/ -->\n<iframe loading=\"lazy\" width=\"90%\" height=\"315\" src=\"https:\/\/www.youtube.com\/embed\/lqF7WtmRE1Y?si=M7vIrLX2cRdN2AlT&#038;amp;clip=UgkxuBKzcX7jVRliABw4qaxx5vqZg07iPl6z&#038;amp;clipt=EMLBFxjfjBs\" title=\"YouTube video player\" frameborder=\"0\" allow=\"accelerometer; autoplay; clipboard-write; encrypted-media; gyroscope; picture-in-picture; web-share\" 0=\"allowfullscreen&gt;&lt;\/iframe\" scrolling=\"yes\" class=\"iframe-class\"><\/iframe>\n<\/p>\n<p style=\"text-align: justify\">Por otro lado, l<strong>a fuente de energ\u00eda es la luz,<\/strong> siendo permitida por la existencia de unos <strong>pigmentos fotosint\u00e9ticos especiales<\/strong> (carotenos y clorofilas) agrupados en los <strong>fotosistemas<\/strong>.<\/p>\n<p>Tenemos <strong>dos tipos de fotosistemas: el I o P700 y el II o P 680 <\/strong>(nombrados con esos n\u00fameros porque son las longitudes de onda de la luz que m\u00e1s les activan).<\/p>\n<p style=\"text-align: justify\">En verdad, <strong>dentro de la fase luminosa, podemos encontrar dos variantes<\/strong>: un esquema ac\u00edclico o en Z y una v\u00eda c\u00edclica.<\/p>\n<h5 style=\"text-align: justify\">Esquema ac\u00edclico o en \u201cZ\u201d.<\/h5>\n<p style=\"text-align: justify\">En este caso, los electrones fluyen desde el <strong>donador de electrones (<span style=\"text-decoration: underline\">la fotolisis del agua<\/span> en plantas y vegetales)<\/strong> hasta un <strong>aceptor final de electrones, que es el NADP<sup>+<\/sup><\/strong>, por lo que al final del proceso se <strong>crea poder reductor en forma de NADPH.<\/strong><\/p>\n<p style=\"text-align: justify\"><strong>Participan los dos fotosistemas<\/strong>, se libera energ\u00eda en forma de <strong>ATP y poder reductor en forma de NADPH, <\/strong>as\u00ed como y <strong>Ox\u00edgeno<\/strong> por la <span style=\"text-decoration: underline\"><strong>fotolisis del agua<\/strong><\/span>.<\/p>\n<div style=\"width: 542px\" class=\"wp-caption aligncenter\"><img loading=\"lazy\" decoding=\"async\" title=\"http:\/\/recursos.cnice.mec.es\/biosfera\/alumno\/2bachillerato\/Fisiologia_celular\/contenidos9.htm\" src=\"https:\/\/www.cienciasfera.com\/materiales\/biologiageologia\/biologia\/tema08\/fotofosforilacion_no_ciclic.gif\" alt=\"Fase luminosa no c\u00edclica o transporte en \" width=\"532\" height=\"360\" \/><p class=\"wp-caption-text\">Fase luminosa no c\u00edclica o transporte en \u201cZ\u201d, f\u00e1cilmente entendible el porqu\u00e9 de su nombre al describir esta forma en los diagramas. Como puedes observar, se libera ox\u00edgeno por la fotolisis del agua, ATP por el bombeo de protones y poder reductor porque el NADP es el aceptor final de los electrones.<\/p><\/div>\n<p style=\"text-align: center\">\n<!-- iframe plugin v.6.0 wordpress.org\/plugins\/iframe\/ -->\n<iframe loading=\"lazy\" width=\"90%\" height=\"315\" src=\"https:\/\/www.youtube.com\/embed\/l36EPT0u09o?si=FCVGBm8V49QdJ-SL&#038;amp;clip=UgkxJamUShy7Wc623f6xNYoB_k40rY2t21Qt&#038;amp;clipt=EIb5DhjmzRI\" title=\"YouTube video player\" frameborder=\"0\" allow=\"accelerometer; autoplay; clipboard-write; encrypted-media; gyroscope; picture-in-picture; web-share\" 0=\"allowfullscreen&gt;&lt;\/iframe\" scrolling=\"yes\" class=\"iframe-class\"><\/iframe>\n<\/p>\n<h5>Esquema c\u00edclico<\/h5>\n<p style=\"text-align: justify\">Por otro lado, en ocasiones, la planta <strong>solo utiliza un fotosistema<\/strong> y los electrones no tienen un aceptor final, sino que circulan c\u00edclicamente. Por consiguiente, <strong>no se genera poder reductor en forma de NADPH ni ox\u00edgeno<\/strong>, puesto que no se requiere ni donador ni aceptor de electrones.<\/p>\n<p style=\"text-align: justify\">Sigue habiendo bombeo de protones y, por tanto, <strong>s\u00edntesis de ATP.<\/strong><\/p>\n<div style=\"width: 343px\" class=\"wp-caption aligncenter\"><img loading=\"lazy\" decoding=\"async\" title=\"http:\/\/recursos.cnice.mec.es\/biosfera\/alumno\/2bachillerato\/Fisiologia_celular\/contenidos9.htm\" src=\"https:\/\/www.juntadeandalucia.es\/averroes\/centros-tic\/14700420\/helvia\/aula\/archivos\/repositorio\/0\/59\/html\/datos\/alumno\/2bachillerato\/Fisiologia_celular\/imagenes\/fosforilacion_%20ciclica.gif\" alt=\"Flujo c\u00edclico de electrones en la fase luminosa. No se genera poder reductor ni ox\u00edgeno. Por otro lado, se sigue liberando energ\u00eda en forma de ATP al existir un bombeo de protones.\" width=\"333\" height=\"351\" \/><p class=\"wp-caption-text\">Flujo c\u00edclico de electrones en la fase luminosa. No se genera poder reductor ni ox\u00edgeno. Por otro lado, se sigue liberando energ\u00eda en forma de ATP al existir un bombeo de protones.<\/p><\/div>\n<p style=\"text-align: center\">\n<!-- iframe plugin v.6.0 wordpress.org\/plugins\/iframe\/ -->\n<iframe loading=\"lazy\" width=\"90%\" height=\"315\" src=\"https:\/\/www.youtube.com\/embed\/l36EPT0u09o?si=R12JxQfZ3O3BgRiO&#038;amp;clip=Ugkx24xW9umFWKNw3O6glfR-ktTnG3liKgYp&#038;amp;clipt=ENzbEhiPjBY\" title=\"YouTube video player\" frameborder=\"0\" allow=\"accelerometer; autoplay; clipboard-write; encrypted-media; gyroscope; picture-in-picture; web-share\" 0=\"allowfullscreen&gt;&lt;\/iframe\" scrolling=\"yes\" class=\"iframe-class\"><\/iframe>\n<\/p>\n<h4 style=\"text-align: center\">Fotos\u00edntesis: fase oscura o independiente de la luz. El ciclo de Calvin.<\/h4>\n<p style=\"text-align: justify\">Se realiza en el <span style=\"text-decoration: underline\"><strong>estroma del cloroplasto<\/strong><\/span>, tanto <strong>en presencia como en ausencia de luz.<\/strong><\/p>\n<p style=\"text-align: justify\">Durante esta fase, el <strong>ATP y el NADPH, producidos en la fase anterior, se utilizan para<\/strong> s<strong>intetizar gl\u00facidos y otros compuestos org\u00e1nicos a partir de CO\u2082.<\/strong><\/p>\n<p style=\"text-align: center\">\n<!-- iframe plugin v.6.0 wordpress.org\/plugins\/iframe\/ -->\n<iframe loading=\"lazy\" width=\"90%\" height=\"315\" src=\"https:\/\/www.youtube.com\/embed\/lqF7WtmRE1Y?si=fYqeY7w_Oq1sVuox&#038;amp;clip=UgkxYTSdUvpEI33ZRd8dxwZ5EZBdacT2-5KU&#038;amp;clipt=EImXGxjnqh4\" title=\"YouTube video player\" frameborder=\"0\" allow=\"accelerometer; autoplay; clipboard-write; encrypted-media; gyroscope; picture-in-picture; web-share\" 0=\"allowfullscreen&gt;&lt;\/iframe\" scrolling=\"yes\" class=\"iframe-class\"><\/iframe>\n<\/p>\n<p style=\"text-align: justify\">Esta ruta, como bien se indica en el subt\u00edtulo, se denomina <strong>ciclo de Calvin<\/strong> y, aunque se puede dividir en tres fases, nosotros solo debemos de saber que\u00a0<strong>solo hay una ganancia neta de un \u00e1tomo de C por vuelta al ciclo, de tal manera que se necesitan 6 vueltas para sintetizar una mol\u00e9cula de glucosa.<\/strong><\/p>\n<p>Igualmente, debemos de conocer bien la <span style=\"text-decoration: underline;color: #ff0000\"><strong>F\u00d3RMULA<\/strong><\/span> de este ciclo, la cual se resume en:<\/p>\n<p style=\"text-align: center\"><strong>6 CO\u2082<\/strong>\u00a0+ <strong>18 ATP<\/strong> + <strong>12 NADPH<\/strong> + 12 H<sup>+<\/sup> + 6 H\u2082O \u21d2 <strong>1 Glucosa<\/strong> + <strong>18 ADP<\/strong> + 18 Pi +<strong>12 NADP<sup>+<\/sup><\/strong><\/p>\n<div style=\"width: 744px\" class=\"wp-caption aligncenter\"><img loading=\"lazy\" decoding=\"async\" title=\"https:\/\/es.m.wikipedia.org\/wiki\/Archivo:Esquema_general_de_la_fotos%C3%ADntesis._.jpg\" src=\"https:\/\/upload.wikimedia.org\/wikipedia\/commons\/9\/9b\/Esquema_fotos%C3%ADntesis_.png\" alt=\"Diagrama completo de la fotos\u00edntesis. Como puedes observar, encontramos una fase luminosa que tiene cabida en los tilacoides, donde se convierte la energ\u00eda luminosa en energ\u00eda qu\u00edmica en forma de ATP y poder reductor NADPH. Por otro lado, tenemos la fase bioqu\u00edmica, oscura o independiente de la luz, en la que se sintetiza su propio alimento a partir de CO\u2082 en el famoso ciclo de Calvin, localizado en el estroma.\" width=\"734\" height=\"414\" \/><p class=\"wp-caption-text\">Diagrama completo de la fotos\u00edntesis. Como puedes observar, encontramos una fase luminosa que tiene cabida en los tilacoides, donde se convierte la energ\u00eda luminosa en energ\u00eda qu\u00edmica en forma de ATP y poder reductor NADPH. Por otro lado, tenemos la fase bioqu\u00edmica, oscura o independiente de la luz, en la que se sintetiza su propio alimento a partir de CO\u2082 en el famoso ciclo de Calvin, localizado en el estroma.<\/p><\/div>\n<h5>Diferentes tipos de fase oscura o bioqu\u00edmica<\/h5>\n<ol>\n<li style=\"text-align: justify\">Las plantas que fijan el CO\u2082 seg\u00fan esta ruta se denominan <strong>plantas C3 porque la primera mol\u00e9cula producida tiene 3 \u00e1tomos de C.<\/strong><\/li>\n<\/ol>\n<p style=\"text-align: justify;padding-left: 40px\">Sin embargo, la enzima <span style=\"text-decoration: underline\"><strong>RUBISCO<\/strong><\/span>, tiene un problema con las altas temperaturas, aumenta la proporci\u00f3n de ox\u00edgeno y, por ello, reduce su eficiencia por medio de la <strong>fotorespiraci\u00f3n<\/strong>.<\/p>\n<p style=\"padding-left: 40px\">2. As\u00ed, otras plantas, las <strong>C4<\/strong>, tienen unas c\u00e9lulas en el <strong>mes\u00f3filo<\/strong>, muy pr\u00f3ximas a los estomas o \u201cporos de las plantas\u201d, que <strong>incorporan exclusivamente el CO\u2082 formando una mol\u00e9cula de 4 \u00e1tomos de C<\/strong> (de ah\u00ed su nombre). Posteriormente, <strong>esta mol\u00e9cula se transporta a las c\u00e9lulas de la vaina, donde se descarboxila y libera el CO\u2082, el cual puede ser fijado, sin problema, por la RUBISCO<\/strong> presente en estas c\u00e9lulas.<\/p>\n<p style=\"text-align: justify;padding-left: 40px\">3. Algo semejante pasar\u00eda con las plantas <strong>CAM<\/strong>, salvo que en vez de realizar una divisi\u00f3n en el espacio, lo hacen en el tiempo, <strong>solo abriendo sus estomas por la noche y fijando este CO\u2082 de noche.<\/strong><\/p>\n<p style=\"text-align: justify\"><!-- notionvc: ca0feec2-6540-4910-9e18-564d9d01f93a --><\/p>\n<div style=\"width: 610px\" class=\"wp-caption aligncenter\"><img loading=\"lazy\" decoding=\"async\" title=\"https:\/\/www.researchgate.net\/figure\/Pathway-difference-in-C3-C4-and-CAM-plants-Sources-Wataru-Yamori-2013_fig1_330542669\" src=\"https:\/\/cdn.goconqr.com\/uploads\/media\/image\/20178177\/desktop_2956294c-c8db-4a81-996f-661e01b3ad06.gif\" alt=\"Diferentes tipos de plantas en cuanto a la fase oscura o bioqu\u00edmica. As\u00ed, encontramos:\u2014 Plantas C3: aquellas que fijan el CO\u2082 directamente a trav\u00e9s de la RUBISCO. \u2014 Plantas C4: que fijan el CO\u2082 en las c\u00e9lulas del mes\u00f3filo por otras enzimas, produciendo una mol\u00e9cula de 4 \u00e1tomos de C. Posteriormente, esa mol\u00e9cula libera 1 C en forma de CO\u2082 en las c\u00e9lulas de la vaina, que es f\u00e1cilmente fijado por la RUBISCO. \u2014 Plantas CAM: algo semejante al metabolismo C4, pero en esta ocasi\u00f3n, solo abren sus estomas durante la noche, por lo que solo fijan el C en este momento.\" width=\"600\" height=\"600\" \/><p class=\"wp-caption-text\">Diferentes tipos de plantas en cuanto a la fase oscura o bioqu\u00edmica. As\u00ed, encontramos: \u2014 Plantas C3: aquellas que fijan el CO\u2082 directamente a trav\u00e9s de la RUBISCO. \u2014 Plantas C4: que fijan el CO\u2082 en las c\u00e9lulas del mes\u00f3filo por otras enzimas, produciendo una mol\u00e9cula de 4 \u00e1tomos de C. Posteriormente, esa mol\u00e9cula libera 1 C en forma de CO\u2082 en las c\u00e9lulas de la vaina, que es f\u00e1cilmente fijado por la RUBISCO. \u2014 Plantas CAM: algo semejante al metabolismo C4, pero en esta ocasi\u00f3n, solo abren sus estomas durante la noche, por lo que solo fijan el C en este momento.<\/p><\/div>\n<p style=\"text-align: center\">\n<!-- iframe plugin v.6.0 wordpress.org\/plugins\/iframe\/ -->\n<iframe loading=\"lazy\" width=\"90%\" height=\"315\" src=\"https:\/\/www.youtube.com\/embed\/X5XQSZrsaho?si=Rm6iZne2XA-B-lax&#038;amp;clip=Ugkxw5PPN-HRzx2zz2BrVVgGQII-z3uuZz-d&#038;amp;clipt=ELWiJRj_zyg\" title=\"YouTube video player\" frameborder=\"0\" allow=\"accelerometer; autoplay; clipboard-write; encrypted-media; gyroscope; picture-in-picture; web-share\" 0=\"allowfullscreen&gt;&lt;\/iframe\" scrolling=\"yes\" class=\"iframe-class\"><\/iframe>\n<\/p>\n<h4 style=\"text-align: center\">Quimios\u00edntesis<\/h4>\n<p>La Quimios\u00edntesis es la <strong>conversi\u00f3n biol\u00f3gica de carbono inorg\u00e1nico<\/strong> (generalmente di\u00f3xido de carbono o metano) <strong>en materia org\u00e1nica<\/strong> usando la <strong>oxidaci\u00f3n de mol\u00e9culas inorg\u00e1nicas reducidas,<\/strong> como por ejemplo el \u00e1cido sulfh\u00eddrico (H<sub>2<\/sub>S) o el hidr\u00f3geno gaseoso, como fuente de energ\u00eda,<strong> sin la luz solar,<\/strong> a diferencia de la fotos\u00edntesis.<\/p>\n<p>Una gran poblaci\u00f3n de animales basa su existencia en la producci\u00f3n quimiosint\u00e9tica bacteriana de las fallas termales y en otros h\u00e1bitats extremos en los cuales la luz solar es incapaz de llegar.<\/p>\n<div id=\"attachment_87\" style=\"width: 686px\" class=\"wp-caption aligncenter\"><img loading=\"lazy\" decoding=\"async\" aria-describedby=\"caption-attachment-87\" class=\"wp-image-87 size-large\" title=\"http:\/\/cienciastierra.weebly.com\/anabolismo.html\" src=\"http:\/\/edublog.educastur.es\/biohumphreys\/files\/2024\/02\/imagen-quimiosintesis-1024x768.jpg\" alt=\"\" width=\"676\" height=\"507\" srcset=\"https:\/\/edublog.educastur.es\/biohumphreys\/files\/2024\/02\/imagen-quimiosintesis-1024x768.jpg 1024w, https:\/\/edublog.educastur.es\/biohumphreys\/files\/2024\/02\/imagen-quimiosintesis-300x225.jpg 300w, https:\/\/edublog.educastur.es\/biohumphreys\/files\/2024\/02\/imagen-quimiosintesis-768x576.jpg 768w, https:\/\/edublog.educastur.es\/biohumphreys\/files\/2024\/02\/imagen-quimiosintesis-1536x1152.jpg 1536w, https:\/\/edublog.educastur.es\/biohumphreys\/files\/2024\/02\/imagen-quimiosintesis-676x507.jpg 676w, https:\/\/edublog.educastur.es\/biohumphreys\/files\/2024\/02\/imagen-quimiosintesis.jpg 1600w\" sizes=\"auto, (max-width: 676px) 100vw, 676px\" \/><p id=\"caption-attachment-87\" class=\"wp-caption-text\">Quimios\u00edntesis: obtenci\u00f3n de su propio alimento a partir de la reducci\u00f3n del CO\u2082 (como la fotos\u00edntesis), pero empleando la energ\u00eda de las reacciones qu\u00edmicas de oxidaci\u00f3n de mol\u00e9culas inorg\u00e1nicas reducidas, en vez de la luz.<\/p><\/div>\n<p style=\"text-align: center\">\n<!-- iframe plugin v.6.0 wordpress.org\/plugins\/iframe\/ -->\n<iframe loading=\"lazy\" width=\"90%\" height=\"315\" src=\"https:\/\/www.youtube.com\/embed\/UjiGiGbniK0?si=n7-gyLOkBNkcMj2M&#038;amp;clip=UgkxWf9jCSU-2pzIxf4DTGBwkhOcspvJVDz6&#038;amp;clipt=EMDHEBi7lBQ\" title=\"YouTube video player\" frameborder=\"0\" allow=\"accelerometer; autoplay; clipboard-write; encrypted-media; gyroscope; picture-in-picture; web-share\" 0=\"allowfullscreen&gt;&lt;\/iframe\" scrolling=\"yes\" class=\"iframe-class\"><\/iframe>\n<\/p>\n<h4 style=\"text-align: center\">Anabolismo heter\u00f3trofo<\/h4>\n<ul>\n<li>En el anabolismo de los gl\u00facidos destacamos dos v\u00edas:\n<ul>\n<li><span style=\"text-decoration: underline\"><strong>Gluconeog\u00e9nesis<\/strong><\/span>: la glucosa y otros gl\u00facidos se sintetizan <strong>a partir de mol\u00e9culas org\u00e1nicas como la glicerina, amino\u00e1cidos, lactato o piruvato.<\/strong><\/li>\n<li><span style=\"text-decoration: underline\"><strong>Glucogenog\u00e9nesis:<\/strong><\/span> permite la <strong>formaci\u00f3n de gluc\u00f3geno<\/strong> (polisac\u00e1rido de reserva animal) a partir de la uni\u00f3n de mol\u00e9culas de glucosa.<\/li>\n<\/ul>\n<\/li>\n<li>En el anabolismo de l\u00edpidos se resalta que para la s\u00edntesis de los triglic\u00e9ridos se necesita:\n<ul>\n<li><span style=\"text-decoration: underline\"><strong>Glicerina<\/strong>:<\/span> proviene de la hidr\u00f3lisis de otros l\u00edpidos o del catabolismo de gl\u00facidos.<\/li>\n<li><span style=\"text-decoration: underline\"><strong>\u00c1cidos grasos:<\/strong><\/span> proviene de mol\u00e9culas de<strong> Acetil-CoA.<\/strong><\/li>\n<\/ul>\n<\/li>\n<li>Por \u00faltimo, en cuanto al anabolismo de prote\u00ednas, debemos de saber que:\n<ul>\n<li><span style=\"text-decoration: underline\"><strong>Los amino\u00e1cidos esenciales<\/strong><\/span> deben de ser <strong>ingeridos por la dieta<\/strong>, ya que no contamos con maquinaria celular para su s\u00edntesis.<\/li>\n<li><span style=\"text-decoration: underline\"><strong>Los amino\u00e1cidos no esenciales<\/strong><\/span> pueden ser sintetizados a partir de metabolitos procedentes de la <strong>gluc\u00f3lisis o el ciclo de Krebs.<\/strong><\/li>\n<\/ul>\n<\/li>\n<\/ul>\n<p style=\"text-align: justify\">\n","protected":false},"excerpt":{"rendered":"<p>Como dije en la anterior entrada, para garantizar el \u00e9xito en tus ex\u00e1menes, es necesario que conozcas y manejes bien los esquemas del metabolismo. Dentro de los esquemas de anabolismo, las preguntas recaer\u00e1n, fundamentalmente, en la fotos\u00edntesis, aunque no podemos olvidar la importancia de la quimios\u00edntesis. Para ver las nociones generales del anabolismo aut\u00f3trofo, te [&hellip;]<\/p>\n","protected":false},"author":3666,"featured_media":0,"parent":0,"menu_order":0,"comment_status":"closed","ping_status":"closed","template":"template-fullwidth.php","meta":{"footnotes":""},"class_list":["post-65","page","type-page","status-publish","hentry","post-preview"],"_links":{"self":[{"href":"https:\/\/edublog.educastur.es\/biohumphreys\/wp-json\/wp\/v2\/pages\/65","targetHints":{"allow":["GET"]}}],"collection":[{"href":"https:\/\/edublog.educastur.es\/biohumphreys\/wp-json\/wp\/v2\/pages"}],"about":[{"href":"https:\/\/edublog.educastur.es\/biohumphreys\/wp-json\/wp\/v2\/types\/page"}],"author":[{"embeddable":true,"href":"https:\/\/edublog.educastur.es\/biohumphreys\/wp-json\/wp\/v2\/users\/3666"}],"replies":[{"embeddable":true,"href":"https:\/\/edublog.educastur.es\/biohumphreys\/wp-json\/wp\/v2\/comments?post=65"}],"version-history":[{"count":40,"href":"https:\/\/edublog.educastur.es\/biohumphreys\/wp-json\/wp\/v2\/pages\/65\/revisions"}],"predecessor-version":[{"id":208,"href":"https:\/\/edublog.educastur.es\/biohumphreys\/wp-json\/wp\/v2\/pages\/65\/revisions\/208"}],"wp:attachment":[{"href":"https:\/\/edublog.educastur.es\/biohumphreys\/wp-json\/wp\/v2\/media?parent=65"}],"curies":[{"name":"wp","href":"https:\/\/api.w.org\/{rel}","templated":true}]}}