{"id":91,"date":"2024-02-11T12:23:29","date_gmt":"2024-02-11T11:23:29","guid":{"rendered":"https:\/\/edublog.educastur.es\/biohumphreys\/?page_id=91"},"modified":"2024-02-21T17:27:37","modified_gmt":"2024-02-21T16:27:37","slug":"catabolismo-esquemas","status":"publish","type":"page","link":"https:\/\/edublog.educastur.es\/biohumphreys\/catabolismo-esquemas\/","title":{"rendered":"CATABOLISMO: ESQUEMAS"},"content":{"rendered":"<p style=\"text-align: justify\">Como sabr\u00e1s, de cara al estudio y para garantizar el <strong>\u00e9xito de tus Pruebas de Acceso a la Universidad<\/strong>, es necesario que sepas interpretar los esquemas generales del metabolismo. Aqu\u00ed abajo os dejo un peque\u00f1o clip en el que se resume el catabolismo general de los carbohidratos:<\/p>\n<p style=\"text-align: center\">\n<!-- iframe plugin v.6.0 wordpress.org\/plugins\/iframe\/ -->\n<iframe loading=\"lazy\" width=\"90%\" height=\"315\" src=\"https:\/\/www.youtube.com\/embed\/vlsjlFegw34?si=6VcJmYhKKL7ipACp&#038;amp;clip=UgkxGe1y_yqIR63UO7mA0R7ABh4Ah_6Oud3K&#038;amp;clipt=EJ36BBj8zgg\" title=\"YouTube video player\" frameborder=\"0\" allow=\"accelerometer; autoplay; clipboard-write; encrypted-media; gyroscope; picture-in-picture; web-share\" 0=\"allowfullscreen&gt;&lt;\/iframe\" scrolling=\"yes\" class=\"iframe-class\"><\/iframe>\n<\/p>\n<p>Comencemos con el catabolismo:<\/p>\n<h4 style=\"text-align: center\">GLUC\u00d3LISIS<\/h4>\n<p style=\"text-align: justify\">Como puedes observar, este esquema pertenece a la gluc\u00f3lisis, proceso que ocurre en el <strong>citoplasma<\/strong> con <strong>independencia del ox\u00edgeno<\/strong> (es decir, que puede estar o no presente el mencionado gas).<\/p>\n<p style=\"text-align: justify\">Apreciamos en el diagrama lo siguiente:<\/p>\n<ul style=\"text-align: justify\">\n<li>Son 10 reacciones agrupadas en 2 etapas, la fase preparativa inicial y la oxidativa final.<\/li>\n<li>Por mol\u00e9cula de glucosa obtenemos <span style=\"text-decoration: underline\"><strong>2 mol\u00e9culas de piruvato, 2 mol\u00e9culas de ATP y 2 mol\u00e9culas de poder reductor NADH.<\/strong><\/span><\/li>\n<li><strong><span style=\"text-decoration: underline\"><span style=\"color: #ff0000;text-decoration: underline\">F\u00d3RMULA<\/span><\/span><\/strong>: <strong>1 Glucosa<\/strong> + <strong>2 ADP + 2 Pi<\/strong> + <strong>2 NAD<sup>+<\/sup><\/strong> \u21fe <strong>2 Piruvato<\/strong> + <strong>2 ATP<\/strong> + 2 H\u2082O + <strong>2 NADH<\/strong> + 2 H<sup>+<\/sup><\/li>\n<\/ul>\n<div style=\"width: 537px\" class=\"wp-caption aligncenter\"><img loading=\"lazy\" decoding=\"async\" title=\"Dr.T, CC BY-SA 3.0 &lt;https:\/\/creativecommons.org\/licenses\/by-sa\/3.0&gt;, via Wikimedia Commons\" src=\"https:\/\/upload.wikimedia.org\/wikipedia\/commons\/b\/bd\/Glycolyse-schema-NL.png\" alt=\"En esta imagen observamos la gluc\u00f3lisis, dividida en dos etapas: una fase preparativa inicial en el que se gasta el equivalente a dos mol\u00e9culas de ATP y la fase oxidativa final en el que obtenemos dos mol\u00e9culas de piruvato por mol\u00e9cula de glucosa, 4 mol\u00e9culas de ATP y 2 de NADH\" width=\"527\" height=\"372\" \/><p class=\"wp-caption-text\">En esta imagen observamos la gluc\u00f3lisis, dividida en dos etapas: una fase preparativa inicial en el que se gasta el equivalente a dos mol\u00e9culas de ATP y la fase oxidativa final en el que obtenemos dos mol\u00e9culas de piruvato por mol\u00e9cula de glucosa, 4 mol\u00e9culas de ATP y 2 de NADH.<\/p><\/div>\n<h4 style=\"text-align: center\"><a href=\"https:\/\/youtu.be\/QP6qw1Ypnp0?si=zf1s8Xs4vZno9h7z\">FERMENTACI\u00d3N<\/a><\/h4>\n<h6 style=\"text-align: center\"><span style=\"font-size: 8pt\">CLICA EN EL T\u00cdTULO PARA VER UN V\u00cdDEO EXPLICATIVO DEL PROCESO<\/span><\/h6>\n<p style=\"text-align: justify\">La fermentaci\u00f3n, como dijimos en la <a href=\"https:\/\/edublog.educastur.es\/biohumphreys\/catabolismo-y-anabolismo-nociones-generales\/\">anterior entrada<\/a>, es una <strong>oxidaci\u00f3n incompleta<\/strong> de mol\u00e9culas org\u00e1nicas complejas que produce muy poca energ\u00eda.\u00a0 En cuanto a las fermentaciones hay que tener en cuenta lo siguiente:<\/p>\n<ul>\n<li style=\"text-align: justify\">Tienen lugar en el <strong>citoplasma<\/strong>, en condiciones <strong>anaer\u00f3bicas<\/strong>, es decir, <strong>sin presencia de ox\u00edgeno<\/strong>.<\/li>\n<li style=\"text-align: justify\">Produce el equivalente a <strong>2 mol\u00e9culas de ATP<\/strong> (generadas en la gluc\u00f3lisis).<\/li>\n<li style=\"text-align: justify\">El poder reductor generado en la gluc\u00f3lisis (esas 2 mol\u00e9culas de NADH) se usa para reducir el piruvato creado en la gluc\u00f3lisis.<\/li>\n<li>Tenemos dos principales v\u00edas:\n<ul>\n<li style=\"text-align: justify\"><strong>Fermentaci\u00f3n l\u00e1ctica:<\/strong> llevada a cabo por bacterias como <span style=\"text-decoration: underline\"><em>Lactobacillus<\/em> <\/span>o <span style=\"text-decoration: underline\"><em>Streptococcus<\/em><\/span>, muy importantes en la industria l\u00e1ctea: quesos, yogures\u2026 Producen lactato por un mecanismo similar a nuestro <span style=\"text-decoration: underline\">m\u00fasculo<\/span> en condiciones anaerobias.<\/li>\n<\/ul>\n<\/li>\n<\/ul>\n<div style=\"width: 284px\" class=\"wp-caption aligncenter\"><img loading=\"lazy\" decoding=\"async\" src=\"https:\/\/upload.wikimedia.org\/wikipedia\/commons\/7\/7a\/Figure_07_05_02.png\" alt=\"Esquema general de la fermentaci\u00f3n l\u00e1ctica.\" width=\"274\" height=\"351\" \/><p class=\"wp-caption-text\">Esquema general de la fermentaci\u00f3n l\u00e1ctica. Observa c\u00f3mo solamente se produce 2 mol\u00e9culas de ATP (derivadas de la gluc\u00f3lisis) y c\u00f3mo el poder reductor generado (NADH) es usado para reducir el piruvato y generar lactato.<\/p><\/div>\n<ul>\n<li style=\"list-style-type: none\">\n<ul>\n<li style=\"text-align: justify\"><strong>Fermentaci\u00f3n alcoh\u00f3lica:<\/strong> se genera alcohol et\u00edlico, por lo que es muy importante para la industria del vino o la cerveza. Quiz\u00e1 el organismo m\u00e1s relevante y conocido sea <span style=\"text-decoration: underline\"><em>Saccharomyces cerevisae<\/em><\/span>, la levadura m\u00e1s popular. Como curiosidad, es pertinente mencionar que dicha fermentaci\u00f3n se produce tambi\u00e9n en el pan, lo que conlleva esa apreciada esponjosidad de la miga al liberar el CO\u2082 en la fermentaci\u00f3n. Sin embargo, no nos emborrachamos con el pan, puesto que el alcohol generado se evapora al meterse en el horno.<\/li>\n<\/ul>\n<\/li>\n<\/ul>\n<div style=\"width: 646px\" class=\"wp-caption aligncenter\"><img loading=\"lazy\" decoding=\"async\" src=\"https:\/\/upload.wikimedia.org\/wikipedia\/commons\/thumb\/e\/e5\/Alcoholic_Fermentation.svg\/768px-Alcoholic_Fermentation.svg.png?20210108194039\" alt=\"Esquema general de la fermentaci\u00f3n alcoh\u00f3lica\" width=\"636\" height=\"371\" \/><p class=\"wp-caption-text\">Esquema general de la fermentaci\u00f3n alcoh\u00f3lica. Muy semejante a la fermentaci\u00f3n l\u00e1ctica: solo se generan 2 mol\u00e9culas de ATP y el poder reductor generado se \u201cgasta\u201d en la reacci\u00f3n para producir etanol.<\/p><\/div>\n<h4 style=\"text-align: center\">DESCARBOXILACI\u00d3N OXIDATIVA DEL PIRUVATO, CICLO DE KREBS Y FOSFORILACI\u00d3N OXIDATIVA<\/h4>\n<p style=\"text-align: justify\">En <strong>condiciones aer\u00f3bicas<\/strong>, es decir, en <span style=\"text-decoration: underline\"><strong>presencia de ox\u00edgeno<\/strong><\/span>, nuestro <strong>piruvato formado en la gluc\u00f3lisis<\/strong> estar\u00e1 en disposici\u00f3n de <strong>introducirse en la mitocondria<\/strong>, donde sufrir\u00e1 esa <span style=\"text-decoration: underline\">oxidaci\u00f3n completa<\/span> resultante de la respiraci\u00f3n celular aerobia, la cual consta de las siguientes fases:<\/p>\n<ul>\n<li style=\"text-align: justify\"><strong>Descarboxilaci\u00f3n oxidativa<\/strong>: el piruvato se introduce en la <span style=\"text-decoration: underline\"><strong>matriz mitocondrial<\/strong><\/span>, donde pierde un carbono en forma de CO\u2082 y genera una mol\u00e9cula de <strong>poder reductor<\/strong> (<strong>NADH<\/strong>) y una mol\u00e9cula de <strong>Acetil Co-A, por cada mol\u00e9cula de piruvato (recordad que se forman 2 en la gluc\u00f3lisis)<\/strong>.<\/li>\n<\/ul>\n<p style=\"padding-left: 40px\"><span style=\"text-decoration: underline\"><strong><span style=\"color: #ff0000;text-decoration: underline\">F\u00d3RMULA<\/span><\/strong><\/span>: <strong>2 Piruvato<\/strong> + 2 CoA-SH + <strong>2 NAD<sup>+<\/sup><\/strong> \u2192 2 CO\u2082 + <strong>2 Acetil &#8211; Co-A<\/strong> + <strong>2 NADH<\/strong> + 2 H<sup>+<\/sup><\/p>\n<div style=\"width: 588px\" class=\"wp-caption aligncenter\"><img loading=\"lazy\" decoding=\"async\" class=\"\" title=\"Lisawerner9, CC BY-SA 4.0 &lt;https:\/\/creativecommons.org\/licenses\/by-sa\/4.0&gt;, via Wikimedia Commons\" src=\"https:\/\/upload.wikimedia.org\/wikipedia\/commons\/1\/1b\/Pyruvate-decarboxylation.svg\" alt=\"Descarboxilaci\u00f3n oxidativa del piruvato generado en la gluc\u00f3lisis, generando poder reductor en forma de NADH y una mol\u00e9cula de Acetil-CoA. Tiene lugar en la matriz mitocondrial.\" width=\"578\" height=\"210\" \/><p class=\"wp-caption-text\">Descarboxilaci\u00f3n oxidativa del piruvato generado en la gluc\u00f3lisis, generando poder reductor en forma de NADH y una mol\u00e9cula de Acetil-CoA. Tiene lugar en la matriz mitocondrial.<\/p><\/div>\n<p style=\"text-align: center\">\n<!-- iframe plugin v.6.0 wordpress.org\/plugins\/iframe\/ -->\n<iframe loading=\"lazy\" width=\"90%\" height=\"315\" src=\"https:\/\/www.youtube.com\/embed\/vlsjlFegw34?si=SaO5QnPMC3W-R7dp&#038;amp;clip=UgkxydIHKz4xs53S9eextn1f3n98P2ZvrJ8l&#038;amp;clipt=EKSIEBiq_BI\" title=\"YouTube video player\" frameborder=\"0\" allow=\"accelerometer; autoplay; clipboard-write; encrypted-media; gyroscope; picture-in-picture; web-share\" 0=\"allowfullscreen&gt;&lt;\/iframe\" scrolling=\"yes\" class=\"iframe-class\"><\/iframe>\n<\/p>\n<ul>\n<li style=\"text-align: justify\"><strong>Ciclo de Krebs:<\/strong> ese Acetil Co-A formado va a oxidarse completamente en la <span style=\"text-decoration: underline\"><strong>matriz mitocondrial,<\/strong><\/span> produciendo, <strong>por mol\u00e9cula de Acetil-Co-A, 3 NADH, 1FADH<sub>2<\/sub> y 1 GTP.<\/strong> Pero CUIDADO, sabes que la mol\u00e9cula de glucosa genera dos mol\u00e9culas de piruvato y, por consiguiente, dos mol\u00e9culas de Acteil Co-A, por lo que esta reacci\u00f3n se deber\u00eda de multiplicar por 2, conllevando 6 NADH, 2 FADH<sub>2<\/sub> y 2 GTP.<\/li>\n<\/ul>\n<p style=\"padding-left: 40px\"><span style=\"color: #ff0000\"><strong><span style=\"text-decoration: underline\">F\u00d3RMULA<\/span><\/strong><\/span>: <strong>2 Acetil-Co-A<\/strong> + <strong>6 NAD<sup>+<\/sup><\/strong> + <strong>2 FAD<\/strong> + <strong>2 ADP<\/strong> + 4 H\u2082O -&gt; 4 CO<sub>2<\/sub> + <strong>2 FADH<sub>2<\/sub><\/strong> + <strong>6 NADH<\/strong> + 6 H<sup>+<\/sup> + <strong>2ATP<\/strong> + 2 Co-A-SH<\/p>\n<div style=\"width: 652px\" class=\"wp-caption aligncenter\"><img loading=\"lazy\" decoding=\"async\" title=\"YassineMrabet, CC BY-SA 3.0 &lt;https:\/\/creativecommons.org\/licenses\/by-sa\/3.0&gt;, via Wikimedia Commons\" src=\"https:\/\/upload.wikimedia.org\/wikipedia\/commons\/1\/13\/Citric_acid_cycle_with_aconitate_2-es.svg\" alt=\"Ciclo de Krebs o de los \u00e1cidos tricarbox\u00edlicos. Una serie de reacciones que permite la oxidaci\u00f3n completa del acetil Co-A y liberando, por cada mol\u00e9cula, 3 de NADH, 1 de FADH2 y 1 GTP.\" width=\"642\" height=\"511\" \/><p class=\"wp-caption-text\">Ciclo de Krebs o de los \u00e1cidos tricarbox\u00edlicos. Una serie de reacciones que permite la oxidaci\u00f3n completa del acetil Co-A y liberando, por cada mol\u00e9cula, 3 de NADH, 1 de FADH<sub>2<\/sub> y 1 GTP.<\/p><\/div>\n<ul>\n<li style=\"text-align: justify\"><strong>Cadena de transporte de electrones:<\/strong> los electrones acumulados en forma de poder reductor (NADH y FADH2) van a cederse a una serie de prote\u00ednas ubicadas en las <span style=\"text-decoration: underline\"><strong>crestas mitocondriales (repliegues de la membrana mitocondrial interna)<\/strong><\/span>. Dichas prote\u00ednas tienen la particularidad de que est\u00e1n ordenadas de menor a mayor potencial de reducci\u00f3n, lo que permite un <strong>flujo de electrones<\/strong> que libera energ\u00eda, lo que es aprovechado para <strong>bombear protones<\/strong> en contra de gradiente de concentraci\u00f3n, <strong>acumul\u00e1ndose en el espacio intermembrana<\/strong>, al ser la membrana mitocondrial interna muy impermeable e impidiendo su paso.<\/li>\n<\/ul>\n<p style=\"padding-left: 40px\">En este caso, no podemos hablar de una f\u00f3rmula como tal, sino que lo que debemos de saber es que por cada mol\u00e9cula de <strong>NADH se producir\u00e1 el equivalente a 3 ATP<\/strong> y por <strong>FADH<sub>2<\/sub> se generar\u00e1n 2 ATP.<\/strong><\/p>\n<div style=\"width: 698px\" class=\"wp-caption aligncenter\"><img loading=\"lazy\" decoding=\"async\" title=\"ustamante Yess, CC BY-SA 4.0 &lt;https:\/\/creativecommons.org\/licenses\/by-sa\/4.0&gt;, via Wikimedia Commons\" src=\"https:\/\/upload.wikimedia.org\/wikipedia\/commons\/5\/55\/Transporte_de_electrones_2.0.jpg\" alt=\"Cadena de transporte de electrones en la membrana mitocondrial interna (crestas mitocondriales), donde observamos c\u00f3mo los electrones generados en la oxidaci\u00f3n de las mol\u00e9culas org\u00e1nicas se van cediendo a una serie de prote\u00ednas ordenadas de menor a mayor potencial de reducci\u00f3n, lo que permite liberar energ\u00eda que se aprovecha para bombear protones que se acumulan en el espacio intermembrana.\" width=\"688\" height=\"463\" \/><p class=\"wp-caption-text\">Cadena de transporte de electrones en la membrana mitocondrial interna (crestas mitocondriales), donde observamos c\u00f3mo los electrones generados en la oxidaci\u00f3n de las mol\u00e9culas org\u00e1nicas se van cediendo a una serie de prote\u00ednas ordenadas de menor a mayor potencial de reducci\u00f3n, lo que permite liberar energ\u00eda que se aprovecha para bombear protones que se acumulan en el espacio intermembrana.<\/p><\/div>\n<p style=\"text-align: center\">\n<!-- iframe plugin v.6.0 wordpress.org\/plugins\/iframe\/ -->\n<iframe loading=\"lazy\" width=\"90%\" height=\"315\" src=\"https:\/\/www.youtube.com\/embed\/vlsjlFegw34?si=FVOoaDIuSARYeAQo&#038;amp;clip=UgkxW-iN04lD3tOEmWCmB8WFrBNNfiWtfU50&#038;amp;clipt=EMz5Ehi3oBY\" title=\"YouTube video player\" frameborder=\"0\" allow=\"accelerometer; autoplay; clipboard-write; encrypted-media; gyroscope; picture-in-picture; web-share\" 0=\"allowfullscreen&gt;&lt;\/iframe\" scrolling=\"yes\" class=\"iframe-class\"><\/iframe>\n<\/p>\n<ul>\n<li style=\"text-align: justify\"><strong>Fosforilaci\u00f3n oxidativa:<\/strong> como puedes observar en el esquema superior, todos esos <strong>protones<\/strong> acumulados en el espacio intermembrana, solo van a poder <strong>pasar a trav\u00e9s de una prote\u00edna especial: la ATP sintasa<\/strong>. Esta misma est\u00e1 constituida de una especie de poro (F<sub>0<\/sub>) por la que pasan los protones y una parte catal\u00edtica (F<sub>1<\/sub>) que gira al pasar los electrones (como una turbina) y permite <strong>sintetizar ATP.<\/strong><\/li>\n<\/ul>\n<p style=\"padding-left: 40px\">Como se puede atisbar en el diagrama adjunto, la ATP sintasa se encuentra en la <span style=\"text-decoration: underline\"><strong>cresta mitocondrial,<\/strong><\/span> es decir, en los repliegues de la membrana mitocondrial interna.<\/p>\n<p style=\"padding-left: 40px\">Igualmente, si consideramos todo el poder reductor generado en las fases anteriores, as\u00ed como lo liberado en forma de ATP, encontramos que, por <strong>mol\u00e9cula de glucosa, se producir\u00e1 un m\u00e1ximo de 38\u00a0ATP<\/strong> en c\u00e9lulas como el coraz\u00f3n o el hepatocito (del h\u00edgado).<\/p>\n<p style=\"text-align: center\">\n<!-- iframe plugin v.6.0 wordpress.org\/plugins\/iframe\/ -->\n<iframe loading=\"lazy\" width=\"90%\" height=\"315\" src=\"https:\/\/www.youtube.com\/embed\/vlsjlFegw34?si=t1Ny_T9tx08votPC&#038;amp;clip=UgkxwY-S_A1wadEMmBPlUQdeded4-LniAkf9&#038;amp;clipt=EK7LJRi3mSk\" title=\"YouTube video player\" frameborder=\"0\" allow=\"accelerometer; autoplay; clipboard-write; encrypted-media; gyroscope; picture-in-picture; web-share\" 0=\"allowfullscreen&gt;&lt;\/iframe\" scrolling=\"yes\" class=\"iframe-class\"><\/iframe>\n<\/p>\n<h4 style=\"text-align: center\">B-OXIDACI\u00d3N DE LOS \u00c1CIDOS GRASOS<\/h4>\n<p style=\"text-align: justify\">Como sabes, si bien es verdad que la glucosa es una fuente de energ\u00eda r\u00e1pida y de f\u00e1cil acceso, la principal fuente de energ\u00eda que tenemos a largo plazo es la grasa, concretamente los triglic\u00e9ridos, los cuales se acumulan en esos michelines que tanto nos cuesta quitar en la operaci\u00f3n bikini.<\/p>\n<p style=\"text-align: justify\">As\u00ed, cuando se requiere energ\u00eda, los triglic\u00e9ridos se degradan por medio de una <strong>lipasa, en el citoplasma<\/strong>, escindiendo dos partes.<\/p>\n<ul>\n<li style=\"text-align: justify\"><strong>Glicerol<\/strong>: el cual sigue la ruta catab\u00f3lica de la <strong>gluc\u00f3lisis<\/strong> desarrollada anteriormente.<\/li>\n<li style=\"text-align: justify\">Los <strong>\u00e1cidos grasos<\/strong>: son transportados posteriormente a la matriz mitocondrial, donde sufren un proceso de degradaci\u00f3n c\u00edclico denominado H\u00e9lice de Lynnen o B-oxidaci\u00f3n de \u00e1cidos grasos. As\u00ed, se libera <strong>1 mol\u00e9cula de Acetil-Co-A, 1 de FADH2, 1 de NADH y un \u00e1cido graso de dos carbonos menos por cada vuelta al mencionado bucle.<\/strong><\/li>\n<li>Ese <strong>\u00e1cido graso con dos carbonos dar\u00e1 lugar a un nuevo ciclo de B-oxidaci\u00f3n<\/strong>, perdiendo otros dos carbonos en forma de Acetil-CoA y <strong>as\u00ed sucesivamente hasta tener solo 4 carbonos<\/strong> (que se transforman directamente en 2 Acetil-Co-A).<\/li>\n<li><strong>La mayor\u00eda de preguntas de la B-oxidaci\u00f3n recaen en cu\u00e1nta energ\u00eda puede liberar partiendo de un \u00e1cido graso de un determinado n\u00famero de carbonos<\/strong>, lo que <a href=\"https:\/\/edublog.educastur.es\/biohumphreys\/problemas-de-metabolismo-b-oxidacion-y-rendimiento-energetico-de-la-oxidacion-de-glucosa\/\">est\u00e1 explicado detalladamente en esta entrada.<\/a><\/li>\n<\/ul>\n<div id=\"attachment_81\" style=\"width: 446px\" class=\"wp-caption aligncenter\"><img loading=\"lazy\" decoding=\"async\" aria-describedby=\"caption-attachment-81\" class=\" wp-image-81\" src=\"http:\/\/edublog.educastur.es\/biohumphreys\/files\/2024\/02\/Captura-de-pantalla-2024-02-10-162151-300x206.png\" alt=\"Catabolismo de l\u00edpidos, donde observamos c\u00f3mo un triglic\u00e9rido, en el citoplasma, se escinde en una mol\u00e9cula de glicerol que se destinar\u00e1 hacia la gluc\u00f3lisis y \u00e1cidos grasos, los que se internar\u00e1n en la matriz mitocondrial, sufriendo un proceso c\u00edclico de B-oxidaci\u00f3n, por el que se liberar\u00e1 el equivalente a 1 NADH, 1FADH2, 1 GTP y una mol\u00e9cula de Actil Co-A que se incorporar\u00e1 al ciclo de Krebs.\" width=\"436\" height=\"299\" srcset=\"https:\/\/edublog.educastur.es\/biohumphreys\/files\/2024\/02\/Captura-de-pantalla-2024-02-10-162151-300x206.png 300w, https:\/\/edublog.educastur.es\/biohumphreys\/files\/2024\/02\/Captura-de-pantalla-2024-02-10-162151-676x464.png 676w, https:\/\/edublog.educastur.es\/biohumphreys\/files\/2024\/02\/Captura-de-pantalla-2024-02-10-162151.png 683w\" sizes=\"auto, (max-width: 436px) 100vw, 436px\" \/><p id=\"caption-attachment-81\" class=\"wp-caption-text\">Catabolismo de l\u00edpidos, donde observamos c\u00f3mo un triglic\u00e9rido, en el citoplasma, se escinde en una mol\u00e9cula de glicerol que se destinar\u00e1 hacia la gluc\u00f3lisis y \u00e1cidos grasos. Estos \u00faltimos se internar\u00e1n en la matriz mitocondrial, sufriendo un proceso c\u00edclico de B-oxidaci\u00f3n, por el que se liberar\u00e1, por vuelta al ciclo, el equivalente a 1 NADH, 1FADH2, 1 GTP y una mol\u00e9cula de Acetil Co-A que se incorporar\u00e1 al ciclo de Krebs.<\/p><\/div>\n<p style=\"text-align: center\">\n<!-- iframe plugin v.6.0 wordpress.org\/plugins\/iframe\/ -->\n<iframe loading=\"lazy\" width=\"90%\" height=\"315\" src=\"https:\/\/www.youtube.com\/embed\/LJo-ryYvN3U?si=-GnY_xRWCZ-h2VK4&#038;amp;clip=UgkxH72iHUTl61yjCXH-xPbnf05_1LL8wKq3&#038;amp;clipt=ENbQCRiniQw\" title=\"YouTube video player\" frameborder=\"0\" allow=\"accelerometer; autoplay; clipboard-write; encrypted-media; gyroscope; picture-in-picture; web-share\" 0=\"allowfullscreen&gt;&lt;\/iframe\" scrolling=\"yes\" class=\"iframe-class\"><\/iframe>\n<\/p>\n<h4 style=\"text-align: center\">RESPIRACI\u00d3N ANAEROBIA<\/h4>\n<p style=\"text-align: justify\">No todos los organismos respiramos ox\u00edgeno, sino que <strong>otros seres vivos usan otras sustancias oxidantes distintas como aceptor final de electrones.<\/strong><\/p>\n<p style=\"text-align: justify\">En cuanto a los esquemas, no hay problema, ser\u00edan id\u00e9nticos a la respiraci\u00f3n aerobia, pero deber\u00edamos de fijarnos que en la cadena de transporte de electrones el <strong>aceptor final es una sustancia oxidante diferente al O<sub>2<\/sub>, como el SO<sub>4<\/sub><sup>2-<\/sup> o el NO<sub>3<\/sub><sup>2-<\/sup>.<\/strong> As\u00ed, el resto de etapas: gluc\u00f3lisis, descarboxilaci\u00f3n oxidativa del piruvato y el ciclo de Krebs ser\u00edan totalmente iguales.<\/p>\n<p>Son mucho menos eficientes que los organismos aerobios, es decir, producen menos energ\u00eda partiendo de los mismos sustratos.<\/p>\n","protected":false},"excerpt":{"rendered":"<p>Como sabr\u00e1s, de cara al estudio y para garantizar el \u00e9xito de tus Pruebas de Acceso a la Universidad, es necesario que sepas interpretar los esquemas generales del metabolismo. Aqu\u00ed abajo os dejo un peque\u00f1o clip en el que se resume el catabolismo general de los carbohidratos: Comencemos con el catabolismo: GLUC\u00d3LISIS Como puedes observar, [&hellip;]<\/p>\n","protected":false},"author":3666,"featured_media":0,"parent":0,"menu_order":0,"comment_status":"closed","ping_status":"closed","template":"template-fullwidth.php","meta":{"footnotes":""},"class_list":["post-91","page","type-page","status-publish","hentry","post-preview"],"_links":{"self":[{"href":"https:\/\/edublog.educastur.es\/biohumphreys\/wp-json\/wp\/v2\/pages\/91","targetHints":{"allow":["GET"]}}],"collection":[{"href":"https:\/\/edublog.educastur.es\/biohumphreys\/wp-json\/wp\/v2\/pages"}],"about":[{"href":"https:\/\/edublog.educastur.es\/biohumphreys\/wp-json\/wp\/v2\/types\/page"}],"author":[{"embeddable":true,"href":"https:\/\/edublog.educastur.es\/biohumphreys\/wp-json\/wp\/v2\/users\/3666"}],"replies":[{"embeddable":true,"href":"https:\/\/edublog.educastur.es\/biohumphreys\/wp-json\/wp\/v2\/comments?post=91"}],"version-history":[{"count":23,"href":"https:\/\/edublog.educastur.es\/biohumphreys\/wp-json\/wp\/v2\/pages\/91\/revisions"}],"predecessor-version":[{"id":210,"href":"https:\/\/edublog.educastur.es\/biohumphreys\/wp-json\/wp\/v2\/pages\/91\/revisions\/210"}],"wp:attachment":[{"href":"https:\/\/edublog.educastur.es\/biohumphreys\/wp-json\/wp\/v2\/media?parent=91"}],"curies":[{"name":"wp","href":"https:\/\/api.w.org\/{rel}","templated":true}]}}