{"id":92,"date":"2024-02-11T12:04:32","date_gmt":"2024-02-11T11:04:32","guid":{"rendered":"https:\/\/edublog.educastur.es\/biohumphreys\/?page_id=92"},"modified":"2024-02-17T12:06:46","modified_gmt":"2024-02-17T11:06:46","slug":"catabolismo-y-anabolismo-nociones-generales","status":"publish","type":"page","link":"https:\/\/edublog.educastur.es\/biohumphreys\/catabolismo-y-anabolismo-nociones-generales\/","title":{"rendered":"CATABOLISMO Y ANABOLISMO: NOCIONES GENERALES"},"content":{"rendered":"<p style=\"text-align: justify\">El metabolismo, como ya vimos en otra p\u00e1gina del blog, se puede clasificar en funci\u00f3n de la <a href=\"https:\/\/edublog.educastur.es\/biohumphreys\/tipos-de-metabolismo\/\">fuente de carbono y la obtenci\u00f3n de energ\u00eda<\/a>.<\/p>\n<p style=\"text-align: justify\">No obstante, en su conjunto, las reacciones metab\u00f3licas se pueden dividir en dos tipos principales:<\/p>\n<ul>\n<li style=\"text-align: justify\"><strong>Catabolismo<\/strong>: reacciones destinadas a la <span style=\"text-decoration: underline\">oxidaci\u00f3n y degradaci\u00f3n de mol\u00e9culas org\u00e1nicas complejas y reducidas<\/span> <span style=\"text-decoration: underline\">para obtener mol\u00e9culas simples y oxidadas.<\/span><\/li>\n<\/ul>\n<p style=\"padding-left: 40px\">Con ello, conseguimos la l<span style=\"text-decoration: underline\">iberaci\u00f3n de energ\u00eda libre<\/span>, en forma de <span style=\"text-decoration: underline\">ATP<\/span> <span style=\"text-decoration: underline\">y de poder reductor<\/span> (NADH o FADH<sub>2<\/sub>). Igualmente, dentro del catabolismo podemos incluir varios subtipos:<\/p>\n<ul>\n<li style=\"list-style-type: none\">\n<ul>\n<li><strong>Respiraci\u00f3n:<\/strong> donde encontramos una <span style=\"text-decoration: underline\">cadena de transporte de electrones<\/span> y ocurre una <strong>oxidaci\u00f3n completa<\/strong> de la materia org\u00e1nica hasta inorg\u00e1nica (CO\u2082). A su vez, dependiendo de qui\u00e9n sea el aceptor final de electrones (agente oxidante), podemos diferenciar:<\/li>\n<\/ul>\n<\/li>\n<\/ul>\n<ul>\n<li style=\"list-style-type: none\">\n<ul>\n<li style=\"list-style-type: none\">\n<ul>\n<li><strong>Respiraci\u00f3n aerobia:<\/strong> aquellos que emplean el <strong>ox\u00edgeno (0<sub>2<\/sub>)<\/strong> como aceptor final de electrones y como agente oxidante. Es la que m\u00e1s energ\u00eda produce.<\/li>\n<\/ul>\n<\/li>\n<\/ul>\n<\/li>\n<\/ul>\n<ul>\n<li style=\"list-style-type: none\">\n<ul>\n<li style=\"list-style-type: none\">\n<ul>\n<li><strong>Respiraci\u00f3n anaerobia<\/strong>: utilizan otra mol\u00e9cula oxidante <strong>distinta del ox\u00edgeno,<\/strong> como el sulfato (SO<sub>4<\/sub><sup>2-<\/sup>) o el nitrato (NO<sub>3<\/sub><sup>2-<\/sup>). Produce menos energ\u00eda que la respiraci\u00f3n aerobia.<\/li>\n<\/ul>\n<\/li>\n<\/ul>\n<\/li>\n<\/ul>\n<ul>\n<li style=\"list-style-type: none\">\n<ul>\n<li><strong>Fermentaci\u00f3n<\/strong>: <strong>no hay cadena transportadora de electrones<\/strong>, transcurre en <strong>condiciones anaerobias (sin ox\u00edgeno)<\/strong> y ocurre una oxidaci\u00f3n incompleta de la materia org\u00e1nica compleja, transform\u00e1ndose en otra m\u00e1s sencilla y generando <span style=\"text-decoration: underline\"><strong>muy poca cantidad de energ\u00eda si lo comparamos con las respiraciones<\/strong><\/span>.<\/li>\n<\/ul>\n<\/li>\n<\/ul>\n<p style=\"text-align: center\">\n<!-- iframe plugin v.6.0 wordpress.org\/plugins\/iframe\/ -->\n<iframe loading=\"lazy\" width=\"90%\" height=\"315\" src=\"https:\/\/www.youtube.com\/embed\/J3hBtTerw2A?si=NOj_RaOrs_N1W5e8&#038;amp;clip=UgkxLYzYbDSsti_YsPsxqDC1aKV-FwRSuhDs&#038;amp;clipt=EJPsDRjywBE\" title=\"YouTube video player\" frameborder=\"0\" allow=\"accelerometer; autoplay; clipboard-write; encrypted-media; gyroscope; picture-in-picture; web-share\" 0=\"allowfullscreen&gt;&lt;\/iframe\" scrolling=\"yes\" class=\"iframe-class\"><\/iframe>\n<\/p>\n<ul>\n<li style=\"text-align: justify\"><strong>Anabolismo<\/strong>: v\u00eda totalmente contraria a la anterior. Se trata de una serie reacciones que sirven para s<span style=\"text-decoration: underline\">intetizar mol\u00e9culas org\u00e1nicas reducidas a partir de otras sencillas y oxidadas.<\/span> Como al hacerlo se forman enlaces, se necesita energ\u00eda, por tanto, todas las reacciones anab\u00f3licas i<span style=\"text-decoration: underline\">mplican un gasto de ATP<\/span> y, al reducirse,<span style=\"text-decoration: underline\"> poder reductor<\/span> (NADH, NADPH o FADH<sub>2<\/sub>).<\/li>\n<\/ul>\n<p style=\"text-align: center\">\n<!-- iframe plugin v.6.0 wordpress.org\/plugins\/iframe\/ -->\n<iframe loading=\"lazy\" width=\"90%\" height=\"315\" src=\"https:\/\/www.youtube.com\/embed\/h9vnFyGw_Fs?si=l-QBuyYyK6BGwgPY&#038;start=114&#038;clip=UgkxnQK2BuHjix_NOlKWEs3_hKXosRhqnl2J&#038;clipt=END6Bhj4two\" title=\"YouTube video player\" frameborder=\"0\" allow=\"accelerometer; autoplay; clipboard-write; encrypted-media; gyroscope; picture-in-picture; web-share\" 0=\"allowfullscreen&gt;&lt;\/iframe\" scrolling=\"yes\" class=\"iframe-class\"><\/iframe>\n<\/p>\n<h2 class=\"mceTemp\" style=\"text-align: center\">ESQUEMA GENERAL DEL ANABOLISMO Y CATABOLISMO<\/h2>\n<div id=\"attachment_106\" style=\"width: 527px\" class=\"wp-caption aligncenter\"><img loading=\"lazy\" decoding=\"async\" aria-describedby=\"caption-attachment-106\" class=\"wp-image-106\" src=\"http:\/\/edublog.educastur.es\/biohumphreys\/files\/2024\/02\/Captura-de-pantalla-2024-02-16-182030-300x217.png\" alt=\"\" width=\"517\" height=\"374\" srcset=\"https:\/\/edublog.educastur.es\/biohumphreys\/files\/2024\/02\/Captura-de-pantalla-2024-02-16-182030-300x217.png 300w, https:\/\/edublog.educastur.es\/biohumphreys\/files\/2024\/02\/Captura-de-pantalla-2024-02-16-182030-768x557.png 768w, https:\/\/edublog.educastur.es\/biohumphreys\/files\/2024\/02\/Captura-de-pantalla-2024-02-16-182030-676x490.png 676w, https:\/\/edublog.educastur.es\/biohumphreys\/files\/2024\/02\/Captura-de-pantalla-2024-02-16-182030.png 897w\" sizes=\"auto, (max-width: 517px) 100vw, 517px\" \/><p id=\"caption-attachment-106\" class=\"wp-caption-text\">Esquema general de procesos anab\u00f3licos y catab\u00f3licos.<br \/>Como se puede observar, el catabolismo implica la oxidaci\u00f3n de mol\u00e9culas complejas para dar mol\u00e9culas simples, liberando, con ello, energ\u00eda qu\u00edmica en forma de ATP y poder reductor (NADH, NADPH, FADH<sub>2<\/sub>).<br \/>Por otro lado, el anabolismo es la v\u00eda antagonista: a partir de mol\u00e9culas sencillas obtenemos mol\u00e9culas complejas reducidas, usando para ello el poder reductor y la energ\u00eda qu\u00edmica en forma de ATP.<\/p><\/div>\n","protected":false},"excerpt":{"rendered":"<p>El metabolismo, como ya vimos en otra p\u00e1gina del blog, se puede clasificar en funci\u00f3n de la fuente de carbono y la obtenci\u00f3n de energ\u00eda. No obstante, en su conjunto, las reacciones metab\u00f3licas se pueden dividir en dos tipos principales: Catabolismo: reacciones destinadas a la oxidaci\u00f3n y degradaci\u00f3n de mol\u00e9culas org\u00e1nicas complejas y reducidas para [&hellip;]<\/p>\n","protected":false},"author":3666,"featured_media":0,"parent":0,"menu_order":0,"comment_status":"closed","ping_status":"closed","template":"template-fullwidth.php","meta":{"footnotes":""},"class_list":["post-92","page","type-page","status-publish","hentry","post-preview"],"_links":{"self":[{"href":"https:\/\/edublog.educastur.es\/biohumphreys\/wp-json\/wp\/v2\/pages\/92","targetHints":{"allow":["GET"]}}],"collection":[{"href":"https:\/\/edublog.educastur.es\/biohumphreys\/wp-json\/wp\/v2\/pages"}],"about":[{"href":"https:\/\/edublog.educastur.es\/biohumphreys\/wp-json\/wp\/v2\/types\/page"}],"author":[{"embeddable":true,"href":"https:\/\/edublog.educastur.es\/biohumphreys\/wp-json\/wp\/v2\/users\/3666"}],"replies":[{"embeddable":true,"href":"https:\/\/edublog.educastur.es\/biohumphreys\/wp-json\/wp\/v2\/comments?post=92"}],"version-history":[{"count":17,"href":"https:\/\/edublog.educastur.es\/biohumphreys\/wp-json\/wp\/v2\/pages\/92\/revisions"}],"predecessor-version":[{"id":130,"href":"https:\/\/edublog.educastur.es\/biohumphreys\/wp-json\/wp\/v2\/pages\/92\/revisions\/130"}],"wp:attachment":[{"href":"https:\/\/edublog.educastur.es\/biohumphreys\/wp-json\/wp\/v2\/media?parent=92"}],"curies":[{"name":"wp","href":"https:\/\/api.w.org\/{rel}","templated":true}]}}