{"id":2,"date":"2021-01-24T15:19:14","date_gmt":"2021-01-24T15:19:14","guid":{"rendered":"https:\/\/edublog.educastur.es\/blogdeana\/?page_id=2"},"modified":"2021-01-25T18:12:57","modified_gmt":"2021-01-25T18:12:57","slug":"pagina-ejemplo","status":"publish","type":"page","link":"https:\/\/edublog.educastur.es\/blogdeana\/pagina-ejemplo\/","title":{"rendered":"Inicio"},"content":{"rendered":"<p><span style=\"color: #000080\"> Soy Ana M. Alonso, profesora de Lengua castellana y Literatura en secundaria.<\/span><\/p>\n<p><span style=\"color: #000080\">Aqu\u00ed dejo uno de mis poemas favoritos, del poeta griego Kavafis:<br \/>\n<\/span><br \/>\n\n<!-- iframe plugin v.6.0 wordpress.org\/plugins\/iframe\/ -->\n<iframe loading=\"lazy\" width=\"400\" height=\"315\" src=\"https:\/\/www.youtube.com\/embed\/Rakarr1R0tw\" scrolling=\"yes\" class=\"iframe-class\" frameborder=\"0\"><\/iframe>\n<\/p>\n<p>&nbsp;<\/p>\n<p style=\"text-align: center\"><span style=\"color: #003300\"><strong>Itaca<\/strong><\/span><\/p>\n<p style=\"text-align: center\"><span style=\"color: #003300\">Cuando emprendas tu viaje a Itaca<\/span><br \/>\n<span style=\"color: #003300\">pide que el camino sea largo,<\/span><br \/>\n<span style=\"color: #003300\">lleno de aventuras, lleno de experiencias.<\/span><br \/>\n<span style=\"color: #003300\">No temas a los lestrigones ni a los c\u00edclopes<\/span><br \/>\n<span style=\"color: #003300\">ni al col\u00e9rico Poseid\u00f3n,<\/span><br \/>\n<span style=\"color: #003300\">seres tales jam\u00e1s hallar\u00e1s en tu camino,<\/span><br \/>\n<span style=\"color: #003300\">si tu pensar es elevado, si selecta<\/span><br \/>\n<span style=\"color: #003300\">es la emoci\u00f3n que toca tu esp\u00edritu y tu cuerpo.<\/span><br \/>\n<span style=\"color: #003300\">Ni a los lestrigones ni a los c\u00edclopes<\/span><br \/>\n<span style=\"color: #003300\">ni al salvaje Poseid\u00f3n encontrar\u00e1s,<\/span><br \/>\n<span style=\"color: #003300\">si no los llevas dentro de tu alma,<\/span><br \/>\n<span style=\"color: #003300\">si no los yergue tu alma ante ti.<\/span><\/p>\n<p style=\"text-align: center\"><span style=\"color: #003300\">Pide que el camino sea largo.<\/span><br \/>\n<span style=\"color: #003300\">Que muchas sean las ma\u00f1anas de verano<\/span><br \/>\n<span style=\"color: #003300\">en que llegues -\u00a1con qu\u00e9 placer y alegr\u00eda!-<\/span><br \/>\n<span style=\"color: #003300\">a puertos nunca vistos antes.<\/span><br \/>\n<span style=\"color: #003300\">Detente en los emporios de Fenicia<\/span><br \/>\n<span style=\"color: #003300\">y hazte con hermosas mercanc\u00edas,<\/span><br \/>\n<span style=\"color: #003300\">n\u00e1car y coral, \u00e1mbar y \u00e9bano<\/span><br \/>\n<span style=\"color: #003300\">y toda suerte de perfumes sensuales,<\/span><br \/>\n<span style=\"color: #003300\">cuantos m\u00e1s abundantes perfumes sensuales puedas.<\/span><br \/>\n<span style=\"color: #003300\">Ve a muchas ciudades egipcias<\/span><br \/>\n<span style=\"color: #003300\">a aprender, a aprender de sus sabios.<\/span><\/p>\n<p style=\"text-align: center\"><span style=\"color: #003300\">Ten siempre a Itaca en tu mente.<\/span><br \/>\n<span style=\"color: #003300\">Llegar all\u00ed es tu destino.<\/span><br \/>\n<span style=\"color: #003300\">Mas no apresures nunca el viaje.<\/span><br \/>\n<span style=\"color: #003300\">Mejor que dure muchos a\u00f1os<\/span><br \/>\n<span style=\"color: #003300\">y atracar, viejo ya, en la isla,<\/span><br \/>\n<span style=\"color: #003300\">enriquecido de cuanto ganaste en el camino<\/span><br \/>\n<span style=\"color: #003300\">sin aguantar a que Itaca te enriquezca.<\/span><\/p>\n<p style=\"text-align: center\"><span style=\"color: #003300\">Itaca te brind\u00f3 tan hermoso viaje.<\/span><br \/>\n<span style=\"color: #003300\">Sin ella no habr\u00edas emprendido el camino.<\/span><br \/>\n<span style=\"color: #003300\">Pero no tiene ya nada que darte.<\/span><\/p>\n<p style=\"text-align: center\"><span style=\"color: #003300\">Aunque la halles pobre, Itaca no te ha enga\u00f1ado.<\/span><br \/>\n<span style=\"color: #003300\">As\u00ed, sabio como te has vuelto, con tanta experiencia,<\/span><br \/>\n<span style=\"color: #003300\">entender\u00e1s ya qu\u00e9 significan las Itacas.<\/span><\/p>\n<p>&nbsp;<\/p>\n<p>&nbsp;<\/p>\n<p>&nbsp;<\/p>\n","protected":false},"excerpt":{"rendered":"<p>Soy Ana M. Alonso, profesora de Lengua castellana y Literatura en secundaria. Aqu\u00ed dejo uno de mis poemas favoritos, del poeta griego Kavafis: &nbsp; Itaca Cuando emprendas tu viaje a Itaca pide que el camino sea largo, lleno de aventuras, lleno de experiencias. No temas a los lestrigones ni a los c\u00edclopes ni al col\u00e9rico [&hellip;]<\/p>\n","protected":false},"author":512,"featured_media":0,"parent":0,"menu_order":0,"comment_status":"closed","ping_status":"open","template":"","meta":{"footnotes":""},"class_list":["post-2","page","type-page","status-publish","hentry"],"_links":{"self":[{"href":"https:\/\/edublog.educastur.es\/blogdeana\/wp-json\/wp\/v2\/pages\/2","targetHints":{"allow":["GET"]}}],"collection":[{"href":"https:\/\/edublog.educastur.es\/blogdeana\/wp-json\/wp\/v2\/pages"}],"about":[{"href":"https:\/\/edublog.educastur.es\/blogdeana\/wp-json\/wp\/v2\/types\/page"}],"author":[{"embeddable":true,"href":"https:\/\/edublog.educastur.es\/blogdeana\/wp-json\/wp\/v2\/users\/512"}],"replies":[{"embeddable":true,"href":"https:\/\/edublog.educastur.es\/blogdeana\/wp-json\/wp\/v2\/comments?post=2"}],"version-history":[{"count":13,"href":"https:\/\/edublog.educastur.es\/blogdeana\/wp-json\/wp\/v2\/pages\/2\/revisions"}],"predecessor-version":[{"id":17,"href":"https:\/\/edublog.educastur.es\/blogdeana\/wp-json\/wp\/v2\/pages\/2\/revisions\/17"}],"wp:attachment":[{"href":"https:\/\/edublog.educastur.es\/blogdeana\/wp-json\/wp\/v2\/media?parent=2"}],"curies":[{"name":"wp","href":"https:\/\/api.w.org\/{rel}","templated":true}]}}