{"id":78,"date":"2022-04-04T21:24:41","date_gmt":"2022-04-04T21:24:41","guid":{"rendered":"https:\/\/edublog.educastur.es\/blogprueba\/?page_id=78"},"modified":"2023-04-06T20:35:04","modified_gmt":"2023-04-06T20:35:04","slug":"bienvenidos","status":"publish","type":"page","link":"https:\/\/edublog.educastur.es\/blogprueba\/bienvenidos\/","title":{"rendered":"BIENVENIDOS"},"content":{"rendered":"<p><span style=\"font-size: 18pt;color: #ff00ff\"><strong>\u00a1Hola a todos y todas! <\/strong><\/span><\/p>\n<p>Para empezar es preciso ubicarse en nuestro espacio f\u00edsico. Comenzamos, pues,\u00a0 dando algunas orientaciones sobre la sala y su contenido.<\/p>\n<p><span style=\"color: #0000ff;font-size: 14pt\">1\u00ba. \u00bfQu\u00e9 pod\u00e9is encontrar en la biblioteca?<\/span><\/p>\n<p><img loading=\"lazy\" decoding=\"async\" class=\"size-medium wp-image-346 aligncenter\" src=\"http:\/\/edublog.educastur.es\/blogprueba\/files\/2023\/04\/Buho-Bonito-Marcador-100x300.png\" alt=\"\" width=\"100\" height=\"300\" srcset=\"https:\/\/edublog.educastur.es\/blogprueba\/files\/2023\/04\/Buho-Bonito-Marcador-100x300.png 100w, https:\/\/edublog.educastur.es\/blogprueba\/files\/2023\/04\/Buho-Bonito-Marcador-341x1024.png 341w, https:\/\/edublog.educastur.es\/blogprueba\/files\/2023\/04\/Buho-Bonito-Marcador-512x1536.png 512w, https:\/\/edublog.educastur.es\/blogprueba\/files\/2023\/04\/Buho-Bonito-Marcador.png 600w\" sizes=\"auto, (max-width: 100px) 100vw, 100px\" \/><\/p>\n<ol>\n<li>Libros en espa\u00f1ol fundamentalmente. Tambi\u00e9n tenemos una secci\u00f3n de libros en ingl\u00e9s y otra de libros en asturiano.<\/li>\n<li>C\u00f3mics<\/li>\n<li>Revistas<\/li>\n<li>CDs y DVDs<\/li>\n<\/ol>\n<p><span style=\"color: #0000ff;font-size: 14pt\">2\u00ba. \u00bfC\u00f3mo se organiza la biblioteca?<\/span><\/p>\n<p><strong>1. POR ESPACIOS (ESTANTER\u00cdAS Y BALDAS)<\/strong>:<\/p>\n<ul>\n<li>Seg\u00fan se entra a la izquierda est\u00e1n las baldas con libros de ficci\u00f3n (cuentos y novelas) en castellano y asturiano, y con la pegatina verde (segundo ciclo) y azul (tercer ciclo).<\/li>\n<li>Seg\u00fan se entra a la derecha est\u00e1n las baldas bajas con libros dirigidos a los m\u00e1s peque\u00f1os, los primeros lectores.\u00a0 Tienen una pegatina verde. Tambi\u00e9n est\u00e1n las baldas medias con las novedades.<\/li>\n<\/ul>\n<p><img loading=\"lazy\" decoding=\"async\" class=\"size-medium wp-image-211 aligncenter\" src=\"http:\/\/edublog.educastur.es\/blogprueba\/files\/2022\/12\/novedades-300x225.jpg\" alt=\"\" width=\"300\" height=\"225\" srcset=\"https:\/\/edublog.educastur.es\/blogprueba\/files\/2022\/12\/novedades-300x225.jpg 300w, https:\/\/edublog.educastur.es\/blogprueba\/files\/2022\/12\/novedades-1024x768.jpg 1024w, https:\/\/edublog.educastur.es\/blogprueba\/files\/2022\/12\/novedades-768x576.jpg 768w, https:\/\/edublog.educastur.es\/blogprueba\/files\/2022\/12\/novedades.jpg 1040w\" sizes=\"auto, (max-width: 300px) 100vw, 300px\" \/><\/p>\n<ul>\n<li>Al fondo est\u00e1n los libros que no son de ficci\u00f3n, organizados por temas: naturaleza, historia, arte, manualidades, etc.<\/li>\n<li>Y, tambi\u00e9n en el fondo, hay unas secciones nuevas destacadas con este cartel.<\/li>\n<\/ul>\n<p><img loading=\"lazy\" decoding=\"async\" class=\"size-medium wp-image-347 aligncenter\" src=\"http:\/\/edublog.educastur.es\/blogprueba\/files\/2023\/04\/CARTEL-SOBRE-NUEVAS-SECCIONES-2-300x212.png\" alt=\"\" width=\"300\" height=\"212\" srcset=\"https:\/\/edublog.educastur.es\/blogprueba\/files\/2023\/04\/CARTEL-SOBRE-NUEVAS-SECCIONES-2-300x212.png 300w, https:\/\/edublog.educastur.es\/blogprueba\/files\/2023\/04\/CARTEL-SOBRE-NUEVAS-SECCIONES-2-1024x724.png 1024w, https:\/\/edublog.educastur.es\/blogprueba\/files\/2023\/04\/CARTEL-SOBRE-NUEVAS-SECCIONES-2-768x543.png 768w, https:\/\/edublog.educastur.es\/blogprueba\/files\/2023\/04\/CARTEL-SOBRE-NUEVAS-SECCIONES-2-1536x1086.png 1536w, https:\/\/edublog.educastur.es\/blogprueba\/files\/2023\/04\/CARTEL-SOBRE-NUEVAS-SECCIONES-2-2048x1448.png 2048w\" sizes=\"auto, (max-width: 300px) 100vw, 300px\" \/><\/p>\n<p><strong>2. POR COLORES<\/strong>:<\/p>\n<p>Observar\u00e1s que, en el lomo, los libros llevan una pegatina de un determinado color. Estos son los c\u00f3digos:<\/p>\n<p><img loading=\"lazy\" decoding=\"async\" class=\"size-full wp-image-330 aligncenter\" src=\"http:\/\/edublog.educastur.es\/blogprueba\/files\/2023\/03\/pegatinas.jpg\" alt=\"\" width=\"300\" height=\"168\" \/><\/p>\n<ul>\n<li>Amarillo: Primeros lectores (primer ciclo)<\/li>\n<li>Verde: Ni\u00f1os entre 8 y 10 a\u00f1os (segundo ciclo)<\/li>\n<li>Azul: Ni\u00f1os entre 10 y 12 a\u00f1os (tercer ciclo)<\/li>\n<li>Rojo: Estos libros no se prestan. Son para su lectura en sala.<\/li>\n<\/ul>\n<p>A continuaci\u00f3n os mostramos unas normas m\u00ednimas y necesarias para el buen funcionamiento de la biblioteca. Est\u00e1n situadas a la entrada y en sitios muy visibles de la sala. Observa bien nuestros carteles. Gracias por respetar estas reglas.<\/p>\n<p><img loading=\"lazy\" decoding=\"async\" class=\"size-medium wp-image-348 aligncenter\" src=\"http:\/\/edublog.educastur.es\/blogprueba\/files\/2023\/04\/AVISO-DE-COLOCACION-LIBROS-EN-ESTANTERIA-169x300.png\" alt=\"\" width=\"169\" height=\"300\" srcset=\"https:\/\/edublog.educastur.es\/blogprueba\/files\/2023\/04\/AVISO-DE-COLOCACION-LIBROS-EN-ESTANTERIA-169x300.png 169w, https:\/\/edublog.educastur.es\/blogprueba\/files\/2023\/04\/AVISO-DE-COLOCACION-LIBROS-EN-ESTANTERIA-576x1024.png 576w, https:\/\/edublog.educastur.es\/blogprueba\/files\/2023\/04\/AVISO-DE-COLOCACION-LIBROS-EN-ESTANTERIA-768x1365.png 768w, https:\/\/edublog.educastur.es\/blogprueba\/files\/2023\/04\/AVISO-DE-COLOCACION-LIBROS-EN-ESTANTERIA-864x1536.png 864w, https:\/\/edublog.educastur.es\/blogprueba\/files\/2023\/04\/AVISO-DE-COLOCACION-LIBROS-EN-ESTANTERIA.png 1080w\" sizes=\"auto, (max-width: 169px) 100vw, 169px\" \/><\/p>\n<p><img loading=\"lazy\" decoding=\"async\" class=\"size-medium wp-image-351 aligncenter\" src=\"http:\/\/edublog.educastur.es\/blogprueba\/files\/2022\/12\/Normas-de-la-biblioteca-212x300.png\" alt=\"\" width=\"212\" height=\"300\" srcset=\"https:\/\/edublog.educastur.es\/blogprueba\/files\/2022\/12\/Normas-de-la-biblioteca-212x300.png 212w, https:\/\/edublog.educastur.es\/blogprueba\/files\/2022\/12\/Normas-de-la-biblioteca-724x1024.png 724w, https:\/\/edublog.educastur.es\/blogprueba\/files\/2022\/12\/Normas-de-la-biblioteca-768x1086.png 768w, https:\/\/edublog.educastur.es\/blogprueba\/files\/2022\/12\/Normas-de-la-biblioteca-1086x1536.png 1086w, https:\/\/edublog.educastur.es\/blogprueba\/files\/2022\/12\/Normas-de-la-biblioteca-1448x2048.png 1448w, https:\/\/edublog.educastur.es\/blogprueba\/files\/2022\/12\/Normas-de-la-biblioteca.png 1587w\" sizes=\"auto, (max-width: 212px) 100vw, 212px\" \/><\/p>\n","protected":false},"excerpt":{"rendered":"<p>\u00a1Hola a todos y todas! Para empezar es preciso ubicarse en nuestro espacio f\u00edsico. Comenzamos, pues,\u00a0 dando algunas orientaciones sobre la sala y su contenido. 1\u00ba. \u00bfQu\u00e9 pod\u00e9is encontrar en la biblioteca? Libros en espa\u00f1ol fundamentalmente. Tambi\u00e9n tenemos una secci\u00f3n de libros en ingl\u00e9s y otra de libros en asturiano. C\u00f3mics Revistas CDs y DVDs&hellip; <a href=\"https:\/\/edublog.educastur.es\/blogprueba\/bienvenidos\/\" class=\"more-link\">Seguir leyendo <span class=\"screen-reader-text\">BIENVENIDOS<\/span><\/a><\/p>\n","protected":false},"author":1181,"featured_media":0,"parent":0,"menu_order":0,"comment_status":"closed","ping_status":"closed","template":"","meta":{"footnotes":""},"class_list":["post-78","page","type-page","status-publish","hentry","without-featured-image"],"_links":{"self":[{"href":"https:\/\/edublog.educastur.es\/blogprueba\/wp-json\/wp\/v2\/pages\/78","targetHints":{"allow":["GET"]}}],"collection":[{"href":"https:\/\/edublog.educastur.es\/blogprueba\/wp-json\/wp\/v2\/pages"}],"about":[{"href":"https:\/\/edublog.educastur.es\/blogprueba\/wp-json\/wp\/v2\/types\/page"}],"author":[{"embeddable":true,"href":"https:\/\/edublog.educastur.es\/blogprueba\/wp-json\/wp\/v2\/users\/1181"}],"replies":[{"embeddable":true,"href":"https:\/\/edublog.educastur.es\/blogprueba\/wp-json\/wp\/v2\/comments?post=78"}],"version-history":[{"count":18,"href":"https:\/\/edublog.educastur.es\/blogprueba\/wp-json\/wp\/v2\/pages\/78\/revisions"}],"predecessor-version":[{"id":353,"href":"https:\/\/edublog.educastur.es\/blogprueba\/wp-json\/wp\/v2\/pages\/78\/revisions\/353"}],"wp:attachment":[{"href":"https:\/\/edublog.educastur.es\/blogprueba\/wp-json\/wp\/v2\/media?parent=78"}],"curies":[{"name":"wp","href":"https:\/\/api.w.org\/{rel}","templated":true}]}}