{"id":4,"date":"2022-03-30T11:31:44","date_gmt":"2022-03-30T11:31:44","guid":{"rendered":"https:\/\/edublog.educastur.es\/carolpraviaprofe\/?page_id=4"},"modified":"2023-03-09T09:34:07","modified_gmt":"2023-03-09T09:34:07","slug":"acerca-de","status":"publish","type":"page","link":"https:\/\/edublog.educastur.es\/carolpraviaprofe\/acerca-de\/","title":{"rendered":"Acerca de"},"content":{"rendered":"<p>\u00a1Bienvenido!<\/p>\n<p>Soy Carol, profesora\u00a0 de varias asignaturas de dise\u00f1o por ordenador en la <a href=\"https:\/\/www.esapa.org\/\"><span style=\"color: #cc99ff\">esapa<\/span><\/a> de Avil\u00e9s. En la pesta\u00f1a de videoblog pod\u00e9is ver\u00a0 ejercicios de alguna asignatura realizados por alumnos de dise\u00f1o gr\u00e1fico.<\/p>\n<p>Este blog responde a la solicitud de diferentes ejercicios que realizo en cursos formativos y que pueden ser \u00fatiles a nuestra comunidad, por eso publicarlos. sin m\u00e1s pretensiones, espero que os gusten&#8230;<\/p>\n<p>&nbsp;<\/p>\n","protected":false},"excerpt":{"rendered":"<p>\u00a1Bienvenido! Soy Carol, profesora\u00a0 de varias asignaturas de dise\u00f1o por ordenador en la esapa de Avil\u00e9s. En la pesta\u00f1a de videoblog pod\u00e9is ver\u00a0 ejercicios de alguna asignatura realizados por alumnos de dise\u00f1o gr\u00e1fico. Este blog responde a la solicitud de diferentes ejercicios que realizo en cursos formativos y que pueden ser \u00fatiles a nuestra comunidad, [&hellip;]<\/p>\n","protected":false},"author":1518,"featured_media":0,"parent":0,"menu_order":0,"comment_status":"closed","ping_status":"closed","template":"","meta":{"footnotes":""},"class_list":["post-4","page","type-page","status-publish","hentry"],"_links":{"self":[{"href":"https:\/\/edublog.educastur.es\/carolpraviaprofe\/wp-json\/wp\/v2\/pages\/4","targetHints":{"allow":["GET"]}}],"collection":[{"href":"https:\/\/edublog.educastur.es\/carolpraviaprofe\/wp-json\/wp\/v2\/pages"}],"about":[{"href":"https:\/\/edublog.educastur.es\/carolpraviaprofe\/wp-json\/wp\/v2\/types\/page"}],"author":[{"embeddable":true,"href":"https:\/\/edublog.educastur.es\/carolpraviaprofe\/wp-json\/wp\/v2\/users\/1518"}],"replies":[{"embeddable":true,"href":"https:\/\/edublog.educastur.es\/carolpraviaprofe\/wp-json\/wp\/v2\/comments?post=4"}],"version-history":[{"count":7,"href":"https:\/\/edublog.educastur.es\/carolpraviaprofe\/wp-json\/wp\/v2\/pages\/4\/revisions"}],"predecessor-version":[{"id":106,"href":"https:\/\/edublog.educastur.es\/carolpraviaprofe\/wp-json\/wp\/v2\/pages\/4\/revisions\/106"}],"wp:attachment":[{"href":"https:\/\/edublog.educastur.es\/carolpraviaprofe\/wp-json\/wp\/v2\/media?parent=4"}],"curies":[{"name":"wp","href":"https:\/\/api.w.org\/{rel}","templated":true}]}}