{"id":18,"date":"2021-01-20T12:33:00","date_gmt":"2021-01-20T10:33:00","guid":{"rendered":"https:\/\/edublog.educastur.es\/catalina\/?page_id=18"},"modified":"2024-03-14T18:18:53","modified_gmt":"2024-03-14T16:18:53","slug":"sobre-mi","status":"publish","type":"page","link":"https:\/\/edublog.educastur.es\/catalina\/sobre-mi\/","title":{"rendered":"SOBRE M\u00cd"},"content":{"rendered":"<p>Soy Catalina Ria\u00f1o, profesora de Educaci\u00f3n F\u00edsica y trabajo en el <a href=\"https:\/\/www.cifpdeldeporte.es\/\"><strong>CIFP del Deporte de Avil\u00e9s<\/strong><\/a>, Asturias, donde imparto clase en el Ciclo Formativo de Grado Superior de Ense\u00f1anza y Animaci\u00f3n Socio Deportiva y en Ense\u00f1anzas Deportivas de R\u00e9gimen Especial.<\/p>\n<p>\u00c9chale un vistazo a mi perf\u00edl de <a href=\"https:\/\/www.linkedin.com\/in\/catalina-ria%C3%B1o-gonzalez-661644129\/\">linkedin<\/a> si quieres saber m\u00e1s de m\u00ed.<\/p>\n<p>Aprovecho la presentaci\u00f3n para date la m\u00e1s cordial bienvenida a mi blog, un espacio donde intentar\u00e9 presentar herramientas innovadoras\u00a0 que te pueden ayudar como docente en tus quehaceres diarios en el aula.<\/p>\n<p>El proyecto se encuentra a\u00fan en fase incipiente de desarrollo. Sin embargo, espero que \u00e9sta iniciativa vaya fortaleci\u00e9ndose a medida que se nutra con m\u00e1s y mejores contenidos.<\/p>\n<p>A la vez que voy configurando mi propio espacio de aprendizaje (Personal Learning Environment, PLE)\u00a0 tratar\u00e9 de volcar parte de mi experiencia docente aportando tutoriales, materiales did\u00e1cticos, recursos educativos, art\u00edculos y enlaces que espero sea de utilidad.<\/p>\n<p><img loading=\"lazy\" decoding=\"async\" class=\"\" src=\"http:\/\/edublog.educastur.es\/catalina\/files\/2024\/03\/cc_5.png\" width=\"120\" height=\"35\" \/><\/p>\n<p>&nbsp;<\/p>\n","protected":false},"excerpt":{"rendered":"<p>Soy Catalina Ria\u00f1o, profesora de Educaci\u00f3n F\u00edsica y trabajo en el CIFP del Deporte de Avil\u00e9s, Asturias, donde imparto clase en el Ciclo Formativo de Grado Superior de Ense\u00f1anza y Animaci\u00f3n Socio Deportiva y en Ense\u00f1anzas Deportivas de R\u00e9gimen Especial&#8230;. <a class=\"more-link\" href=\"https:\/\/edublog.educastur.es\/catalina\/sobre-mi\/\">Seguir leyendo &rarr;<\/a><\/p>\n","protected":false},"author":777,"featured_media":0,"parent":0,"menu_order":0,"comment_status":"closed","ping_status":"closed","template":"","meta":{"footnotes":""},"class_list":["post-18","page","type-page","status-publish","hentry"],"_links":{"self":[{"href":"https:\/\/edublog.educastur.es\/catalina\/wp-json\/wp\/v2\/pages\/18","targetHints":{"allow":["GET"]}}],"collection":[{"href":"https:\/\/edublog.educastur.es\/catalina\/wp-json\/wp\/v2\/pages"}],"about":[{"href":"https:\/\/edublog.educastur.es\/catalina\/wp-json\/wp\/v2\/types\/page"}],"author":[{"embeddable":true,"href":"https:\/\/edublog.educastur.es\/catalina\/wp-json\/wp\/v2\/users\/777"}],"replies":[{"embeddable":true,"href":"https:\/\/edublog.educastur.es\/catalina\/wp-json\/wp\/v2\/comments?post=18"}],"version-history":[{"count":7,"href":"https:\/\/edublog.educastur.es\/catalina\/wp-json\/wp\/v2\/pages\/18\/revisions"}],"predecessor-version":[{"id":202,"href":"https:\/\/edublog.educastur.es\/catalina\/wp-json\/wp\/v2\/pages\/18\/revisions\/202"}],"wp:attachment":[{"href":"https:\/\/edublog.educastur.es\/catalina\/wp-json\/wp\/v2\/media?parent=18"}],"curies":[{"name":"wp","href":"https:\/\/api.w.org\/{rel}","templated":true}]}}