{"id":365,"date":"2026-04-14T11:27:17","date_gmt":"2026-04-14T11:27:17","guid":{"rendered":"https:\/\/edublog.educastur.es\/cccenglish\/?page_id=365"},"modified":"2026-04-14T11:27:17","modified_gmt":"2026-04-14T11:27:17","slug":"curso-ccc-nivel-2-ingles","status":"publish","type":"page","link":"https:\/\/edublog.educastur.es\/cccenglish\/curso-ccc-nivel-2-ingles\/","title":{"rendered":"CURSO CCC NIVEL 2 Ingl\u00e9s"},"content":{"rendered":"<p>En esta p\u00e1gina podr\u00e1s seguir el curso de Competencia Clave de Nivel 2: Competencia Lengua extranjera: ingl\u00e9s<img loading=\"lazy\" decoding=\"async\" class=\"size-full wp-image-108 aligncenter\" src=\"http:\/\/edublog.educastur.es\/cccenglish\/files\/2021\/01\/cropped-logoccc-1.jpg\" alt=\"\" width=\"512\" height=\"512\" srcset=\"https:\/\/edublog.educastur.es\/cccenglish\/files\/2021\/01\/cropped-logoccc-1.jpg 512w, https:\/\/edublog.educastur.es\/cccenglish\/files\/2021\/01\/cropped-logoccc-1-300x300.jpg 300w, https:\/\/edublog.educastur.es\/cccenglish\/files\/2021\/01\/cropped-logoccc-1-150x150.jpg 150w, https:\/\/edublog.educastur.es\/cccenglish\/files\/2021\/01\/cropped-logoccc-1-270x270.jpg 270w, https:\/\/edublog.educastur.es\/cccenglish\/files\/2021\/01\/cropped-logoccc-1-192x192.jpg 192w, https:\/\/edublog.educastur.es\/cccenglish\/files\/2021\/01\/cropped-logoccc-1-180x180.jpg 180w, https:\/\/edublog.educastur.es\/cccenglish\/files\/2021\/01\/cropped-logoccc-1-32x32.jpg 32w\" sizes=\"auto, (max-width: 512px) 100vw, 512px\" \/><\/p>\n","protected":false},"excerpt":{"rendered":"<p>En esta p\u00e1gina podr\u00e1s seguir el curso de Competencia Clave de Nivel 2: Competencia Lengua extranjera: ingl\u00e9s<\/p>\n","protected":false},"author":168,"featured_media":0,"parent":0,"menu_order":0,"comment_status":"closed","ping_status":"closed","template":"","meta":{"footnotes":""},"class_list":["post-365","page","type-page","status-publish","hentry","post-preview"],"_links":{"self":[{"href":"https:\/\/edublog.educastur.es\/cccenglish\/wp-json\/wp\/v2\/pages\/365","targetHints":{"allow":["GET"]}}],"collection":[{"href":"https:\/\/edublog.educastur.es\/cccenglish\/wp-json\/wp\/v2\/pages"}],"about":[{"href":"https:\/\/edublog.educastur.es\/cccenglish\/wp-json\/wp\/v2\/types\/page"}],"author":[{"embeddable":true,"href":"https:\/\/edublog.educastur.es\/cccenglish\/wp-json\/wp\/v2\/users\/168"}],"replies":[{"embeddable":true,"href":"https:\/\/edublog.educastur.es\/cccenglish\/wp-json\/wp\/v2\/comments?post=365"}],"version-history":[{"count":1,"href":"https:\/\/edublog.educastur.es\/cccenglish\/wp-json\/wp\/v2\/pages\/365\/revisions"}],"predecessor-version":[{"id":366,"href":"https:\/\/edublog.educastur.es\/cccenglish\/wp-json\/wp\/v2\/pages\/365\/revisions\/366"}],"wp:attachment":[{"href":"https:\/\/edublog.educastur.es\/cccenglish\/wp-json\/wp\/v2\/media?parent=365"}],"curies":[{"name":"wp","href":"https:\/\/api.w.org\/{rel}","templated":true}]}}