{"id":144,"date":"2024-10-16T19:48:22","date_gmt":"2024-10-16T17:48:22","guid":{"rendered":"https:\/\/edublog.educastur.es\/cdb13ed\/?page_id=144"},"modified":"2024-10-18T16:28:41","modified_gmt":"2024-10-18T14:28:41","slug":"acerca-del-blog","status":"publish","type":"page","link":"https:\/\/edublog.educastur.es\/cdb13ed\/acerca-del-blog\/","title":{"rendered":"ACERCA DEL BLOG"},"content":{"rendered":"<p>Mi nombre es Estrella. Soy licenciada en Filolog\u00eda Francesa y M\u00e1ster en Formaci\u00f3n del Profesorado por la Universidad de Oviedo. He desarrollado mi carrera profesional en la Ense\u00f1anza P\u00fablica y en la Concertada como profesora interina de Franc\u00e9s y Lengua Espa\u00f1ola y Literatura en diferentes IES, EOI y colegios de Asturias. Adem\u00e1s, he impartido Franc\u00e9s en los Planes de Formaci\u00f3n para el Empleo de UGT-Asturias y he sido profesora aut\u00f3noma.<\/p>\n<p>Actualmente, trabajo como profesora interina de <strong>Franc\u00e9s<\/strong> y de <strong>Atenci\u00f3n Educativa<\/strong> en el IES Universidad Laboral de Gij\u00f3n.<\/p>\n<p><em><strong>ACERCA DEL BLOG&#8230;<\/strong><\/em><\/p>\n<p>Este blog, concebido inicialmente para exponer diferentes tareas y contenidos de los seis m\u00f3dulos que componen el curso<em>\u00a0<\/em>de\u00a0<em><strong><span style=\"color: #800000\">Competencia Digital Docente B1<\/span>,<\/strong> <\/em>te ofrece una serie de<strong><span style=\"color: #000000\"> <em>actividades, recursos varios, referencias e ideas<\/em> <\/span><\/strong><span style=\"color: #000000\">transversales y por tanto perfectamente \u00fatiles y<\/span> aplicables a todas tus asignaturas y niveles educativos. Adem\u00e1s, pretende ser una ventana siempre abierta y una invitaci\u00f3n permanente a tu colaboraci\u00f3n y participaci\u00f3n.<br \/>\n&nbsp;<\/p>\n<p>&nbsp;<\/p>\n<p>&nbsp;<\/p>\n<p>&nbsp;<\/p>\n<p><a rel=\"cc:attributionURL\" href=\"https:\/\/edublog.educastur.es\/cdb13ed\/wp-admin\/widgets.php\">B1.Competencia Digital Docente.4\u00aaEdici\u00f3n.<\/a> by <span>Estrella <\/span> is licensed under <a href=\"https:\/\/creativecommons.org\/licenses\/by-nc-nd\/4.0\/?ref=chooser-v1\" target=\"_blank\" rel=\"license noopener noreferrer\">CC BY-NC-ND 4.0<img decoding=\"async\" style=\"height:22px!important;margin-left:3px;vertical-align:text-bottom\" src=\"https:\/\/mirrors.creativecommons.org\/presskit\/icons\/cc.svg?ref=chooser-v1\" alt=\"\"><img decoding=\"async\" style=\"height:22px!important;margin-left:3px;vertical-align:text-bottom\" src=\"https:\/\/mirrors.creativecommons.org\/presskit\/icons\/by.svg?ref=chooser-v1\" alt=\"\"><img decoding=\"async\" style=\"height:22px!important;margin-left:3px;vertical-align:text-bottom\" src=\"https:\/\/mirrors.creativecommons.org\/presskit\/icons\/nc.svg?ref=chooser-v1\" alt=\"\"><img decoding=\"async\" style=\"height:22px!important;margin-left:3px;vertical-align:text-bottom\" src=\"https:\/\/mirrors.creativecommons.org\/presskit\/icons\/nd.svg?ref=chooser-v1\" alt=\"\"><\/a><\/p>\n","protected":false},"excerpt":{"rendered":"<p>Mi nombre es Estrella. Soy licenciada en Filolog\u00eda Francesa y M\u00e1ster en Formaci\u00f3n del Profesorado por la Universidad de Oviedo. He desarrollado mi carrera profesional en la Ense\u00f1anza P\u00fablica y en la Concertada como profesora interina de Franc\u00e9s y Lengua Espa\u00f1ola y Literatura en diferentes IES, EOI y colegios de Asturias. Adem\u00e1s, he impartido Franc\u00e9s &hellip;<\/p>\n","protected":false},"author":4700,"featured_media":0,"parent":0,"menu_order":0,"comment_status":"closed","ping_status":"closed","template":"","meta":{"footnotes":""},"class_list":["post-144","page","type-page","status-publish","hentry","post","without-featured-image"],"_links":{"self":[{"href":"https:\/\/edublog.educastur.es\/cdb13ed\/wp-json\/wp\/v2\/pages\/144","targetHints":{"allow":["GET"]}}],"collection":[{"href":"https:\/\/edublog.educastur.es\/cdb13ed\/wp-json\/wp\/v2\/pages"}],"about":[{"href":"https:\/\/edublog.educastur.es\/cdb13ed\/wp-json\/wp\/v2\/types\/page"}],"author":[{"embeddable":true,"href":"https:\/\/edublog.educastur.es\/cdb13ed\/wp-json\/wp\/v2\/users\/4700"}],"replies":[{"embeddable":true,"href":"https:\/\/edublog.educastur.es\/cdb13ed\/wp-json\/wp\/v2\/comments?post=144"}],"version-history":[{"count":18,"href":"https:\/\/edublog.educastur.es\/cdb13ed\/wp-json\/wp\/v2\/pages\/144\/revisions"}],"predecessor-version":[{"id":186,"href":"https:\/\/edublog.educastur.es\/cdb13ed\/wp-json\/wp\/v2\/pages\/144\/revisions\/186"}],"wp:attachment":[{"href":"https:\/\/edublog.educastur.es\/cdb13ed\/wp-json\/wp\/v2\/media?parent=144"}],"curies":[{"name":"wp","href":"https:\/\/api.w.org\/{rel}","templated":true}]}}