{"id":148,"date":"2020-12-07T14:18:59","date_gmt":"2020-12-07T14:18:59","guid":{"rendered":"https:\/\/edublog.educastur.es\/cienciaenlavallina2020\/?page_id=148"},"modified":"2020-12-12T18:31:34","modified_gmt":"2020-12-12T18:31:34","slug":"que-hay-dentro-de-un-huevo","status":"publish","type":"page","link":"https:\/\/edublog.educastur.es\/cienciaenlavallina2020\/que-hay-dentro-de-un-huevo\/","title":{"rendered":"\u00bfQU\u00c9 HAY DENTRO DE UN HUEVO?"},"content":{"rendered":"<p><span style=\"color: #008080\"><strong><span style=\"font-family: 'comic sans ms', sans-serif\">\u00bfQU\u00c9 NECESITAMOS?<\/span><\/strong><\/span><\/p>\n<ul>\n<li><span style=\"font-family: 'comic sans ms', sans-serif\">Un huevo crudo y un huevo cocido<\/span><\/li>\n<li><span style=\"font-family: 'comic sans ms', sans-serif\">Linterna<\/span><\/li>\n<li><span style=\"font-family: 'comic sans ms', sans-serif\">Un plato hondo<\/span><\/li>\n<li><span style=\"font-family: 'comic sans ms', sans-serif\">Herramientas para examinar el huevo: palillos, pinzas de depilar, lupa (opcional).\u00a0<\/span><\/li>\n<\/ul>\n<p>&nbsp;<\/p>\n<p><span style=\"font-family: 'comic sans ms', sans-serif;color: #008080\"><strong>\u00bfC\u00d3MO INVESTIGAMOS?<\/strong><\/span><\/p>\n<p><span style=\"font-family: 'comic sans ms', sans-serif\">Para observar c\u00f3mo es un huevo, desde el Club de la Ciencia nos proponen <span style=\"color: #800080\"><strong>tres experimentos<\/strong>.<\/span>\u00a0<\/span><\/p>\n<p>&nbsp;<\/p>\n<ul>\n<li><span style=\"font-family: 'comic sans ms', sans-serif\"><strong>\u00bfC\u00f3mo es la c\u00e1scara de un huevo?<\/strong> El primer experimento no lo hemos podido realizar en el aula, ya que se necesita estar a oscuras, pero pod\u00e9is probar en casa. Se tratar\u00eda de mirar la c\u00e1scara de un huevo en un lugar oscuro, acercando la linterna por debajo del huevo.\u00a0\u00a0<\/span><\/li>\n<\/ul>\n<p>&nbsp;<\/p>\n<ul>\n<li><span style=\"font-family: 'comic sans ms', sans-serif\">\u00a0<strong>\u00bfC\u00f3mo podemos diferenciar un huevo crudo de un huevo cocido?<\/strong> Este ha sido nuestro segundo experimento. Hemos girado los dos huevos (uno crudo y uno cocido) a la vez y \u00a1sorpresa!, no giran igual de r\u00e1pido. El huevo crudo apenas gira, porque al darle fuerza a la c\u00e1scara todo su interior, que est\u00e1 l\u00edquido, le pone resistencia. En cambio el huevo cocido trasmite mejor la fuerza.\u00a0<\/span><\/li>\n<\/ul>\n<p>&nbsp;<\/p>\n<ul>\n<li><span style=\"font-family: 'comic sans ms', sans-serif\"><strong>\u00bfC\u00f3mo es por dentro?<\/strong> El tercer experimento ha\u00a0 consistido en diseccionar los huevos, el crudo y el cocido, para observar mejor como es la <a href=\"http:\/\/https:\/\/peques.uniovi.es\/image\/image_gallery?uuid=fb7fefe7-7319-4875-bfec-3cf57e9ac589&amp;groupId=4417182&amp;t=1588923961119\">estructura de un huevo<\/a>.\u00a0\u00a0<\/span><\/li>\n<\/ul>\n","protected":false},"excerpt":{"rendered":"<p>\u00bfQU\u00c9 NECESITAMOS? Un huevo crudo y un huevo cocido Linterna Un plato hondo Herramientas para examinar el huevo: palillos, pinzas de depilar, lupa (opcional).\u00a0 &nbsp; \u00bfC\u00d3MO INVESTIGAMOS? Para observar c\u00f3mo es un huevo, desde el Club de la Ciencia nos proponen tres experimentos.\u00a0 &nbsp; \u00bfC\u00f3mo es la c\u00e1scara de un huevo? El primer experimento no&hellip; <a href=\"https:\/\/edublog.educastur.es\/cienciaenlavallina2020\/que-hay-dentro-de-un-huevo\/\" class=\"more-link\">Seguir leyendo <span class=\"screen-reader-text\">\u00bfQU\u00c9 HAY DENTRO DE UN HUEVO?<\/span><\/a><\/p>\n","protected":false},"author":348,"featured_media":0,"parent":0,"menu_order":6,"comment_status":"closed","ping_status":"closed","template":"","meta":{"footnotes":""},"class_list":["post-148","page","type-page","status-publish","hentry","without-featured-image"],"_links":{"self":[{"href":"https:\/\/edublog.educastur.es\/cienciaenlavallina2020\/wp-json\/wp\/v2\/pages\/148","targetHints":{"allow":["GET"]}}],"collection":[{"href":"https:\/\/edublog.educastur.es\/cienciaenlavallina2020\/wp-json\/wp\/v2\/pages"}],"about":[{"href":"https:\/\/edublog.educastur.es\/cienciaenlavallina2020\/wp-json\/wp\/v2\/types\/page"}],"author":[{"embeddable":true,"href":"https:\/\/edublog.educastur.es\/cienciaenlavallina2020\/wp-json\/wp\/v2\/users\/348"}],"replies":[{"embeddable":true,"href":"https:\/\/edublog.educastur.es\/cienciaenlavallina2020\/wp-json\/wp\/v2\/comments?post=148"}],"version-history":[{"count":5,"href":"https:\/\/edublog.educastur.es\/cienciaenlavallina2020\/wp-json\/wp\/v2\/pages\/148\/revisions"}],"predecessor-version":[{"id":177,"href":"https:\/\/edublog.educastur.es\/cienciaenlavallina2020\/wp-json\/wp\/v2\/pages\/148\/revisions\/177"}],"wp:attachment":[{"href":"https:\/\/edublog.educastur.es\/cienciaenlavallina2020\/wp-json\/wp\/v2\/media?parent=148"}],"curies":[{"name":"wp","href":"https:\/\/api.w.org\/{rel}","templated":true}]}}