{"id":153,"date":"2020-12-07T14:19:19","date_gmt":"2020-12-07T14:19:19","guid":{"rendered":"https:\/\/edublog.educastur.es\/cienciaenlavallina2020\/?page_id=153"},"modified":"2020-12-12T18:32:17","modified_gmt":"2020-12-12T18:32:17","slug":"como-es-por-fuera-un-huevo","status":"publish","type":"page","link":"https:\/\/edublog.educastur.es\/cienciaenlavallina2020\/como-es-por-fuera-un-huevo\/","title":{"rendered":"\u00bfC\u00d3MO ES POR FUERA UN HUEVO?"},"content":{"rendered":"<p><span style=\"font-family: 'comic sans ms', sans-serif\">\u00bfC\u00f3mo podemos quitarle la c\u00e1scara a un huevo sin cascarlo? Atentos y atentas al experimento que nos proponen desde el Club de la Ciencia.\u00a0<\/span><\/p>\n<p>&nbsp;<\/p>\n<p><strong><span style=\"font-family: 'comic sans ms', sans-serif;color: #008080\">\u00bfQU\u00c9 MATERIAL NECESITAMOS?<\/span><\/strong><\/p>\n<ul>\n<li><span style=\"font-family: 'comic sans ms', sans-serif\">2 huevos<\/span><\/li>\n<li><span style=\"font-family: 'comic sans ms', sans-serif\">1 vaso<\/span><\/li>\n<li><span style=\"font-family: 'comic sans ms', sans-serif\">Vinagre<\/span><\/li>\n<li><span style=\"font-family: 'comic sans ms', sans-serif\">Un poquito de paciencia<\/span><\/li>\n<\/ul>\n<p>&nbsp;<\/p>\n<p><strong><span style=\"font-family: 'comic sans ms', sans-serif;color: #008080\">\u00bfC\u00d3MO LE QUITAMOS LA C\u00c1SCARA?<\/span><\/strong><\/p>\n<p><span style=\"font-family: 'comic sans ms', sans-serif\">Este experimento es muy sencillo, pero necesitamos un poco de paciencia ya que tuvimos que esperar un d\u00eda para observar el resultado.\u00a0<\/span><\/p>\n<p><span style=\"font-family: 'comic sans ms', sans-serif\">Colocamos el huevo en un vaso y lo cubrimos con vinagre. Observamos que enseguida comenzaban a salir unas burbujitas, debido a la reacci\u00f3n qu\u00edmica que sucede cuando se mezcla el vinagre con el carbonato c\u00e1lcico de la c\u00e1scara del huevo, ambas sustancias reaccionan, se combinan para convertirse en agua, sal y di\u00f3xido de carbono.\u00a0<\/span><\/p>\n<p><span style=\"font-family: 'comic sans ms', sans-serif\">Al d\u00eda siguiente, observamos que la c\u00e1scara hab\u00eda desparecido y lo que recubr\u00eda al huevo era la membra<\/span><span style=\"font-family: 'comic sans ms', sans-serif\">na.<\/span><\/p>\n<p><img loading=\"lazy\" decoding=\"async\" class=\"wp-image-159 aligncenter\" src=\"http:\/\/edublog.educastur.es\/cienciaenlavallina2020\/files\/2020\/12\/P_IMG_20201203_123808-235x300.jpg\" alt=\"\" width=\"111\" height=\"142\" srcset=\"https:\/\/edublog.educastur.es\/cienciaenlavallina2020\/files\/2020\/12\/P_IMG_20201203_123808-235x300.jpg 235w, https:\/\/edublog.educastur.es\/cienciaenlavallina2020\/files\/2020\/12\/P_IMG_20201203_123808-803x1024.jpg 803w, https:\/\/edublog.educastur.es\/cienciaenlavallina2020\/files\/2020\/12\/P_IMG_20201203_123808-768x979.jpg 768w, https:\/\/edublog.educastur.es\/cienciaenlavallina2020\/files\/2020\/12\/P_IMG_20201203_123808-1205x1536.jpg 1205w, https:\/\/edublog.educastur.es\/cienciaenlavallina2020\/files\/2020\/12\/P_IMG_20201203_123808.jpg 1563w\" sizes=\"auto, (max-width: 111px) 100vw, 111px\" \/><\/p>\n<p><span style=\"font-family: 'comic sans ms', sans-serif\">Adem\u00e1s botaba un poquito, pero \u00a1cuidado!, si lo hac\u00e9is en casa no botarlo desde mu<\/span><span style=\"font-family: 'comic sans ms', sans-serif\">y alto<\/span><span style=\"font-family: 'comic sans ms', sans-serif\">, porque se puede romper.\u00a0<\/span><\/p>\n<p>&nbsp;<\/p>\n<p><span style=\"font-family: 'comic sans ms', sans-serif\">Y&#8230;\u00bfqu\u00e9 suceder\u00eda si lo dejamos varios d\u00edas en vinagre?\u00a0<\/span><\/p>\n<p>&nbsp;<\/p>\n<p><span style=\"font-family: 'comic sans ms', sans-serif\">Aprovechando que estamos experimentando con huevos, hemos realizado tambi\u00e9n el siguiente experimento:<\/span><\/p>\n<p style=\"text-align: center\"><span style=\"color: #f02ba4;font-family: 'comic sans ms', sans-serif\"><strong> \u00bfQU\u00c9 SUCEDE SI NO NOS LAVAMOS LOS DIENTES?\u00a0<\/strong><\/span><\/p>\n<p><strong><span style=\"color: #800080;font-family: 'comic sans ms', sans-serif\">\u00bfQU\u00c9 NECESITAMOS?<\/span><\/strong><\/p>\n<ul>\n<li><span style=\"font-family: 'comic sans ms', sans-serif\">1 huevo cocido<\/span><\/li>\n<li><span style=\"font-family: 'comic sans ms', sans-serif\">1 vaso con refresco de cola (Coca Cola, Pepsi, etc.)<\/span><\/li>\n<li><span style=\"font-family: 'comic sans ms', sans-serif\">Cepillo de dientes y pasta dent\u00edfrica<\/span><\/li>\n<\/ul>\n<p>&nbsp;<\/p>\n<p><span style=\"font-family: 'comic sans ms', sans-serif\"><strong><span style=\"color: #800080\">\u00bfC\u00d3MO REALIZAMOS EL EXPERIMENTO?<\/span><\/strong><\/span><\/p>\n<p><span style=\"font-family: 'comic sans ms', sans-serif\">Introducimos un huevo cocido en un vaso y lo cubrimos con un refresco de cola. Despu\u00e9s lo dejamos reposar un d\u00eda.\u00a0<\/span><\/p>\n<p><span style=\"font-family: 'comic sans ms', sans-serif\">Al d\u00eda siguiente, observamos que en el\u00a0 huevo hab\u00edan aparecido unas manchas marrones que ante<\/span><span style=\"font-family: 'comic sans ms', sans-serif\">s no ten\u00eda. Como la c\u00e1scara del huevo se asemeja al esmalte de nuestros dientes, ya que est\u00e1\u00a0 compuesta por minerales que contienen principalmente calcio, limpiamos el huevo con un cepillo de dientes y un poco de pasta de<\/span><span style=\"font-family: 'comic sans ms', sans-serif\">nt\u00edfrica. Para nuestra sorpresa, las manchas se volvieron menos oscuras.\u00a0<\/span><\/p>\n<p><img loading=\"lazy\" decoding=\"async\" class=\"wp-image-157 aligncenter\" src=\"http:\/\/edublog.educastur.es\/cienciaenlavallina2020\/files\/2020\/12\/P_IMG_20201124_115855-300x290.jpg\" alt=\"\" width=\"189\" height=\"183\" srcset=\"https:\/\/edublog.educastur.es\/cienciaenlavallina2020\/files\/2020\/12\/P_IMG_20201124_115855-300x290.jpg 300w, https:\/\/edublog.educastur.es\/cienciaenlavallina2020\/files\/2020\/12\/P_IMG_20201124_115855-1024x990.jpg 1024w, https:\/\/edublog.educastur.es\/cienciaenlavallina2020\/files\/2020\/12\/P_IMG_20201124_115855-768x742.jpg 768w, https:\/\/edublog.educastur.es\/cienciaenlavallina2020\/files\/2020\/12\/P_IMG_20201124_115855-1536x1485.jpg 1536w, https:\/\/edublog.educastur.es\/cienciaenlavallina2020\/files\/2020\/12\/P_IMG_20201124_115855-2048x1980.jpg 2048w\" sizes=\"auto, (max-width: 189px) 100vw, 189px\" \/><\/p>\n<p><span style=\"font-family: 'comic sans ms', sans-serif\">Recordad que es muy importante lavarse los dientes, \u00a1as\u00ed evitar\u00e9is manchas y caries!<\/span><\/p>\n","protected":false},"excerpt":{"rendered":"<p>\u00bfC\u00f3mo podemos quitarle la c\u00e1scara a un huevo sin cascarlo? Atentos y atentas al experimento que nos proponen desde el Club de la Ciencia.\u00a0 &nbsp; \u00bfQU\u00c9 MATERIAL NECESITAMOS? 2 huevos 1 vaso Vinagre Un poquito de paciencia &nbsp; \u00bfC\u00d3MO LE QUITAMOS LA C\u00c1SCARA? Este experimento es muy sencillo, pero necesitamos un poco de paciencia ya&hellip; <a href=\"https:\/\/edublog.educastur.es\/cienciaenlavallina2020\/como-es-por-fuera-un-huevo\/\" class=\"more-link\">Seguir leyendo <span class=\"screen-reader-text\">\u00bfC\u00d3MO ES POR FUERA UN HUEVO?<\/span><\/a><\/p>\n","protected":false},"author":348,"featured_media":0,"parent":0,"menu_order":7,"comment_status":"closed","ping_status":"closed","template":"","meta":{"footnotes":""},"class_list":["post-153","page","type-page","status-publish","hentry","without-featured-image"],"_links":{"self":[{"href":"https:\/\/edublog.educastur.es\/cienciaenlavallina2020\/wp-json\/wp\/v2\/pages\/153","targetHints":{"allow":["GET"]}}],"collection":[{"href":"https:\/\/edublog.educastur.es\/cienciaenlavallina2020\/wp-json\/wp\/v2\/pages"}],"about":[{"href":"https:\/\/edublog.educastur.es\/cienciaenlavallina2020\/wp-json\/wp\/v2\/types\/page"}],"author":[{"embeddable":true,"href":"https:\/\/edublog.educastur.es\/cienciaenlavallina2020\/wp-json\/wp\/v2\/users\/348"}],"replies":[{"embeddable":true,"href":"https:\/\/edublog.educastur.es\/cienciaenlavallina2020\/wp-json\/wp\/v2\/comments?post=153"}],"version-history":[{"count":5,"href":"https:\/\/edublog.educastur.es\/cienciaenlavallina2020\/wp-json\/wp\/v2\/pages\/153\/revisions"}],"predecessor-version":[{"id":190,"href":"https:\/\/edublog.educastur.es\/cienciaenlavallina2020\/wp-json\/wp\/v2\/pages\/153\/revisions\/190"}],"wp:attachment":[{"href":"https:\/\/edublog.educastur.es\/cienciaenlavallina2020\/wp-json\/wp\/v2\/media?parent=153"}],"curies":[{"name":"wp","href":"https:\/\/api.w.org\/{rel}","templated":true}]}}