{"id":246,"date":"2020-12-27T16:57:48","date_gmt":"2020-12-27T16:57:48","guid":{"rendered":"https:\/\/edublog.educastur.es\/cienciaenlavallina2020\/?page_id=246"},"modified":"2020-12-27T16:58:31","modified_gmt":"2020-12-27T16:58:31","slug":"volcan-de-color","status":"publish","type":"page","link":"https:\/\/edublog.educastur.es\/cienciaenlavallina2020\/volcan-de-color\/","title":{"rendered":"VOLC\u00c1N DE COLOR"},"content":{"rendered":"<p><span style=\"font-family: arial, helvetica, sans-serif\">Este experimento es una peque\u00f1a variaci\u00f3n del que realizamos en: <a href=\"https:\/\/edublog.educastur.es\/cienciaenlavallina2020\/mezclas-imposibles\/\">mezclas imposibles (unidad 4).<\/a><\/span><\/p>\n<p>&nbsp;<\/p>\n<p><span style=\"color: #3366ff\"><strong><span style=\"font-family: 'comic sans ms', sans-serif\">\u00bfQU\u00c9 MATERIALES NECESITAMOS?<\/span><\/strong><\/span><\/p>\n<ul>\n<li><span style=\"font-family: 'comic sans ms', sans-serif\">Un vaso o una botella con agua.<\/span><\/li>\n<li><span style=\"font-family: 'comic sans ms', sans-serif\">Un tarro de cristal lleno de aceite hasta la mitad aproximadamente. Se puede usar cualquier tipo de aceite: de oliva, de girasol, de coco, corporal,&#8230;<\/span><\/li>\n<li><span style=\"font-family: 'comic sans ms', sans-serif\">Acuarelas l\u00edquidas o colorante alimenticio.<\/span><\/li>\n<li><span style=\"font-family: comic sans ms, sans-serif\">Una pastilla efervescente.<\/span><\/li>\n<\/ul>\n<p>&nbsp;<\/p>\n<p><span style=\"color: #3366ff\"><strong><span style=\"font-family: 'comic sans ms', sans-serif\">\u00bfC\u00d3MO REALIZAMOS LA MEZCLA ?<\/span><\/strong><\/span><\/p>\n<ol>\n<li><span style=\"font-family: 'comic sans ms', sans-serif\">Primero dimos un toque de color al agua con colorante alimenticio (tambi\u00e9n pod\u00e9is usa a<\/span><span style=\"font-family: 'comic sans ms', sans-serif\">cuarelas liquidas).\u00a0\u00a0<\/span><\/li>\n<li><span style=\"font-family: 'comic sans ms', sans-serif\">Despu\u00e9s echamos el agua en el bote que previamente ten\u00eda aceite, hasta llenarlo. Esperamos unos minutos para observar como se separaban el aceite y el agua.<\/span><\/li>\n<li><span style=\"font-family: 'comic sans ms', sans-serif\">Por \u00faltimo a\u00f1adimos una pastilla efervescente y cerramos el bote. Observamos como poco a poco aparec\u00eda el \u00abvolc\u00e1n de color\u00bb.<\/span><\/li>\n<\/ol>\n<p><img loading=\"lazy\" decoding=\"async\" class=\"wp-image-259 aligncenter\" src=\"http:\/\/edublog.educastur.es\/cienciaenlavallina2020\/files\/2020\/12\/Volcan-267x300.jpg\" alt=\"\" width=\"186\" height=\"209\" srcset=\"https:\/\/edublog.educastur.es\/cienciaenlavallina2020\/files\/2020\/12\/Volcan-267x300.jpg 267w, https:\/\/edublog.educastur.es\/cienciaenlavallina2020\/files\/2020\/12\/Volcan.jpg 308w\" sizes=\"auto, (max-width: 186px) 100vw, 186px\" \/><\/p>\n<p><span style=\"color: #3366ff\"><strong><span style=\"font-family: 'comic sans ms', sans-serif\">\u00bfQU\u00c9 SUCEDE?<\/span><\/strong><\/span><\/p>\n<p><span style=\"font-family: 'comic sans ms', sans-serif\">El aceite es <em>apolar<\/em> y el agua <em>polar. <\/em>Los dos l\u00edquidos son <em>inmiscibles<\/em>, no se pueden mezclar.\u00a0<\/span><\/p>\n<p><span style=\"font-family: 'comic sans ms', sans-serif\">Por otro lado, las pastillas efervescentes tienen entre su composici\u00f3n bicarbonato s\u00f3dico y un \u00e1cido. Cuando estos componentes entran en contacto con el agua, que se encuentra en la parte inferior del recipiente, se produce una reacci\u00f3n qu\u00edmica, dando lugar a un gas, el di\u00f3xido de carbono, que es responsable de \u00abfabricar\u00bb las burbujas que vimos ascender.\u00a0<\/span><\/p>\n<p><span style=\"font-family: 'comic sans ms', sans-serif\">Si en el experimento no hubi\u00e9ramos utilizado aceite, las burbujas al subir explotar\u00edan al entrar en contacto con el aire. Pero en nuestro experimento, como la capa superior es aceite, la burbuja no explota, sino que comienza a descender.\u00a0<\/span><\/p>\n","protected":false},"excerpt":{"rendered":"<p>Este experimento es una peque\u00f1a variaci\u00f3n del que realizamos en: mezclas imposibles (unidad 4). &nbsp; \u00bfQU\u00c9 MATERIALES NECESITAMOS? Un vaso o una botella con agua. Un tarro de cristal lleno de aceite hasta la mitad aproximadamente. Se puede usar cualquier tipo de aceite: de oliva, de girasol, de coco, corporal,&#8230; Acuarelas l\u00edquidas o colorante alimenticio.&hellip; <a href=\"https:\/\/edublog.educastur.es\/cienciaenlavallina2020\/volcan-de-color\/\" class=\"more-link\">Seguir leyendo <span class=\"screen-reader-text\">VOLC\u00c1N DE COLOR<\/span><\/a><\/p>\n","protected":false},"author":348,"featured_media":0,"parent":0,"menu_order":12,"comment_status":"closed","ping_status":"closed","template":"","meta":{"footnotes":""},"class_list":["post-246","page","type-page","status-publish","hentry","without-featured-image"],"_links":{"self":[{"href":"https:\/\/edublog.educastur.es\/cienciaenlavallina2020\/wp-json\/wp\/v2\/pages\/246","targetHints":{"allow":["GET"]}}],"collection":[{"href":"https:\/\/edublog.educastur.es\/cienciaenlavallina2020\/wp-json\/wp\/v2\/pages"}],"about":[{"href":"https:\/\/edublog.educastur.es\/cienciaenlavallina2020\/wp-json\/wp\/v2\/types\/page"}],"author":[{"embeddable":true,"href":"https:\/\/edublog.educastur.es\/cienciaenlavallina2020\/wp-json\/wp\/v2\/users\/348"}],"replies":[{"embeddable":true,"href":"https:\/\/edublog.educastur.es\/cienciaenlavallina2020\/wp-json\/wp\/v2\/comments?post=246"}],"version-history":[{"count":4,"href":"https:\/\/edublog.educastur.es\/cienciaenlavallina2020\/wp-json\/wp\/v2\/pages\/246\/revisions"}],"predecessor-version":[{"id":261,"href":"https:\/\/edublog.educastur.es\/cienciaenlavallina2020\/wp-json\/wp\/v2\/pages\/246\/revisions\/261"}],"wp:attachment":[{"href":"https:\/\/edublog.educastur.es\/cienciaenlavallina2020\/wp-json\/wp\/v2\/media?parent=246"}],"curies":[{"name":"wp","href":"https:\/\/api.w.org\/{rel}","templated":true}]}}