{"id":252,"date":"2020-12-27T17:08:14","date_gmt":"2020-12-27T17:08:14","guid":{"rendered":"https:\/\/edublog.educastur.es\/cienciaenlavallina2020\/?page_id=252"},"modified":"2020-12-27T17:08:14","modified_gmt":"2020-12-27T17:08:14","slug":"equilibristas","status":"publish","type":"page","link":"https:\/\/edublog.educastur.es\/cienciaenlavallina2020\/equilibristas\/","title":{"rendered":"EQUILIBRISTAS"},"content":{"rendered":"<p><span style=\"font-family: arial, helvetica, sans-serif\"><strong>Unidad 9: En equilibrio<\/strong>\u00a0<\/span><\/p>\n<p>&nbsp;<\/p>\n<p><span style=\"color: #993366;font-family: 'comic sans ms', sans-serif\"><strong>\u00bfQU\u00c9 MATERIALES NECESITAMOS?<\/strong><\/span><\/p>\n<ul>\n<li><span style=\"font-family: 'comic sans ms', sans-serif\">Un corcho.<\/span><\/li>\n<li><span style=\"font-family: 'comic sans ms', sans-serif\">Un palillo peque\u00f1o.<\/span><\/li>\n<li><span style=\"font-family: 'comic sans ms', sans-serif\">Dos palillos grandes de brochetas o pinchos morunos.<\/span><\/li>\n<li><span style=\"font-family: 'comic sans ms', sans-serif\">Dos bolas de plastilina.<\/span><\/li>\n<li><span style=\"font-family: 'comic sans ms', sans-serif\">Material para decorar: rotuladores, plumas, ojos m\u00f3viles, etc. <\/span><\/li>\n<\/ul>\n<p>&nbsp;<\/p>\n<p><span style=\"color: #993366;font-family: 'comic sans ms', sans-serif\"><strong>\u00bfC\u00d3MO REALIZAMOS LA MEZCLA ?<\/strong><\/span><\/p>\n<ol>\n<li><span style=\"font-family: 'comic sans ms', sans-serif\">Pinchamos el palillo peque\u00f1o y los palillos en una de las bases del corcho. Colocamos el palillo peque\u00f1o en el centro y los palillos grandes a cada lado de este.\u00a0<\/span><\/li>\n<li><span style=\"font-family: 'comic sans ms', sans-serif\">Apoyamos el palillo peque\u00f1o sobre uno de los dedos de la mano y comprobamos si se nos manten\u00eda en equilibrio, \u2026. pero se nos ca\u00eda continuamente. Es necesario buscar el centro de masas, as\u00ed que colocamos unas bolitas de plastilina al final de cada uno de los palillos grandes y&#8230; \u00a1se nos manten\u00eda en equilibrio!<\/span><\/li>\n<li><span style=\"font-family: 'comic sans ms', sans-serif\">Decoramos nuestros equilibristas, \u00a1quedaron super chulos!<\/span><\/li>\n<\/ol>\n<p><img loading=\"lazy\" decoding=\"async\" class=\"size-medium wp-image-265 aligncenter\" src=\"http:\/\/edublog.educastur.es\/cienciaenlavallina2020\/files\/2020\/12\/equilibrista-173x300.jpg\" alt=\"\" width=\"173\" height=\"300\" srcset=\"https:\/\/edublog.educastur.es\/cienciaenlavallina2020\/files\/2020\/12\/equilibrista-173x300.jpg 173w, https:\/\/edublog.educastur.es\/cienciaenlavallina2020\/files\/2020\/12\/equilibrista-591x1024.jpg 591w, https:\/\/edublog.educastur.es\/cienciaenlavallina2020\/files\/2020\/12\/equilibrista-768x1332.jpg 768w, https:\/\/edublog.educastur.es\/cienciaenlavallina2020\/files\/2020\/12\/equilibrista-886x1536.jpg 886w, https:\/\/edublog.educastur.es\/cienciaenlavallina2020\/files\/2020\/12\/equilibrista.jpg 1082w\" sizes=\"auto, (max-width: 173px) 100vw, 173px\" \/><\/p>\n<p>&nbsp;<\/p>\n<p><strong><span style=\"font-family: 'comic sans ms', sans-serif;color: #993366\">\u00bfC\u00d3MO SE MANTIENE EN EQUILIBRIO?<\/span><\/strong><\/p>\n<p><span style=\"font-family: 'comic sans ms', sans-serif\"><em>El centro de masas de un objeto es el punto imaginario donde se \u201cconcentran\u201d todas las fuerzas que act\u00faan sobre \u00e9l; en este caso, la fuerza de gravedad que estar\u00eda tirando del mu\u00f1eco hacia el suelo.<\/em><\/span><\/p>\n<p><span style=\"font-family: 'comic sans ms', sans-serif\"><em>Cuanto m\u00e1s bajo se encuentra el centro de masas de un objeto, su estabilidad ser\u00e1 mayor y har\u00e1 falta una perturbaci\u00f3n mayor para hacerlo caer.<\/em><\/span><\/p>\n<p><span style=\"font-family: 'comic sans ms', sans-serif\"><em>Pero\u2026 \u00bfqu\u00e9 ocurre cuando conseguimos situar el centro de masas por debajo del punto de apoyo, como hemos hecho en este experimento? En este caso, habremos conseguido un equilibrio hiperestable, y el mu\u00f1eco finalmente consigue mantenerse en equilibrio sin caerse.<\/em><\/span><\/p>\n<p><span style=\"font-family: arial, helvetica, sans-serif\">Fuente: https:\/\/universidadparapequesvirtual.es\/<\/span><\/p>\n","protected":false},"excerpt":{"rendered":"<p>Unidad 9: En equilibrio\u00a0 &nbsp; \u00bfQU\u00c9 MATERIALES NECESITAMOS? Un corcho. Un palillo peque\u00f1o. Dos palillos grandes de brochetas o pinchos morunos. Dos bolas de plastilina. Material para decorar: rotuladores, plumas, ojos m\u00f3viles, etc. &nbsp; \u00bfC\u00d3MO REALIZAMOS LA MEZCLA ? Pinchamos el palillo peque\u00f1o y los palillos en una de las bases del corcho. Colocamos el&hellip; <a href=\"https:\/\/edublog.educastur.es\/cienciaenlavallina2020\/equilibristas\/\" class=\"more-link\">Seguir leyendo <span class=\"screen-reader-text\">EQUILIBRISTAS<\/span><\/a><\/p>\n","protected":false},"author":348,"featured_media":0,"parent":0,"menu_order":14,"comment_status":"closed","ping_status":"closed","template":"","meta":{"footnotes":""},"class_list":["post-252","page","type-page","status-publish","hentry","without-featured-image"],"_links":{"self":[{"href":"https:\/\/edublog.educastur.es\/cienciaenlavallina2020\/wp-json\/wp\/v2\/pages\/252","targetHints":{"allow":["GET"]}}],"collection":[{"href":"https:\/\/edublog.educastur.es\/cienciaenlavallina2020\/wp-json\/wp\/v2\/pages"}],"about":[{"href":"https:\/\/edublog.educastur.es\/cienciaenlavallina2020\/wp-json\/wp\/v2\/types\/page"}],"author":[{"embeddable":true,"href":"https:\/\/edublog.educastur.es\/cienciaenlavallina2020\/wp-json\/wp\/v2\/users\/348"}],"replies":[{"embeddable":true,"href":"https:\/\/edublog.educastur.es\/cienciaenlavallina2020\/wp-json\/wp\/v2\/comments?post=252"}],"version-history":[{"count":3,"href":"https:\/\/edublog.educastur.es\/cienciaenlavallina2020\/wp-json\/wp\/v2\/pages\/252\/revisions"}],"predecessor-version":[{"id":266,"href":"https:\/\/edublog.educastur.es\/cienciaenlavallina2020\/wp-json\/wp\/v2\/pages\/252\/revisions\/266"}],"wp:attachment":[{"href":"https:\/\/edublog.educastur.es\/cienciaenlavallina2020\/wp-json\/wp\/v2\/media?parent=252"}],"curies":[{"name":"wp","href":"https:\/\/api.w.org\/{rel}","templated":true}]}}