{"id":7,"date":"2021-07-02T09:50:40","date_gmt":"2021-07-02T09:50:40","guid":{"rendered":"https:\/\/edublog.educastur.es\/cifpcerdeno\/?page_id=7"},"modified":"2024-10-18T10:27:59","modified_gmt":"2024-10-18T10:27:59","slug":"este-blog","status":"publish","type":"page","link":"https:\/\/edublog.educastur.es\/cifpcerdeno\/interaccion\/este-blog\/","title":{"rendered":"Este blog"},"content":{"rendered":"<p><img decoding=\"async\" src=\"http:\/\/edublog.educastur.es\/mrol\/files\/2020\/07\/11-1.jpg\" \/>\u00a0 \u00a0 <strong>Este Blog<\/strong>\u00a0 creado por M. Rold\u00e1n pretende ser un complemento para el alumnado que cursa el <span style=\"color: #003366\"><strong>M\u00f3dulo de Mecanizado por Control Num\u00e9rico del\u00a0 CFGM de Mecanizado.<\/strong><\/span><\/p>\n<p><img loading=\"lazy\" decoding=\"async\" class=\"wp-image-298 size-full alignright\" src=\"http:\/\/edublog.educastur.es\/cifpcerdeno\/files\/2024\/10\/mcnc.jpg\" alt=\"\" width=\"500\" height=\"213\" srcset=\"https:\/\/edublog.educastur.es\/cifpcerdeno\/files\/2024\/10\/mcnc.jpg 500w, https:\/\/edublog.educastur.es\/cifpcerdeno\/files\/2024\/10\/mcnc-300x128.jpg 300w\" sizes=\"auto, (max-width: 500px) 100vw, 500px\" \/><\/p>\n<ul>\n<li>Se intentar\u00e1 buscar una coherencia e equilibrio entre los trabajos realizados \u00a0en privado (Teams) y en p\u00fablico (Blog). En este blog se presentar\u00e1n los contenidos y \u00a0actividades por evaluaciones, en orden cronol\u00f3gico.<\/li>\n<li>Cada tema tendr\u00e1 una estructura de varias actividades y contenidos que se completaran con un cuestionario.<\/li>\n<li>El cuestionario se basa en la formulaci\u00f3n de preguntas que tienen respuesta y contexto en los temas tratados en clase y enlazados como material de apoyo en el en el blog.<\/li>\n<li>Tambi\u00e9n se publicar\u00e1 en el blog el planteamiento de las\u00a0 pruebas pr\u00e1cticas que habr\u00e1 que realizar.<\/li>\n<\/ul>\n<p><img loading=\"lazy\" decoding=\"async\" class=\"alignnone wp-image-387\" src=\"http:\/\/edublog.educastur.es\/mrol\/files\/2020\/11\/ENCUESTAS1.jpg\" alt=\"Diario de aula\" width=\"53\" height=\"35\" \/>\u00a02\u00ba de Mecanizado\u00a0 \u00a0<a href=\"https:\/\/docs.google.com\/forms\/d\/16V-SJrJNsUFUO7FqeCAHuoWB5BZL3L7qcVOX2q1KE-U\/edit\" target=\"_blank\" rel=\"noopener\">Diario de aula<\/a><\/p>\n<hr \/>\n<p>Con p\u00e1ginas<\/p>\n\n<!-- iframe plugin v.6.0 wordpress.org\/plugins\/iframe\/ -->\n<iframe loading=\"lazy\" width=\"100%\" 0=\"height=&quot;475px\u201d\" src=\"https:\/\/view.genially.com\/6487140b974cec0011f7b3df\" scrolling=\"yes\" class=\"iframe-class\" frameborder=\"0\" data-origwidth=\"100%\" data-origheight=\"475px\" 1=\"style=&quot;width:\" 2=\"348.878px;&quot;&gt;&lt;\/iframe\" height=\"500\"><\/iframe>\n\n<hr \/>\n<p>Con etiquetas<\/p>\n\n<!-- iframe plugin v.6.0 wordpress.org\/plugins\/iframe\/ -->\n<iframe loading=\"lazy\" width=\"100%\" height=\"575\" src=\"https:\/\/view.genially.com\/670fff7f39ab9c6eb57ae5fb\" scrolling=\"yes\" class=\"iframe-class\" frameborder=\"0\" data-origwidth=\"100%\" data-origheight=\"475px\" 0=\"style=&quot;width:\" 1=\"348.878px;&quot;&gt;&lt;\/iframe\"><\/iframe>\n\n<p>&nbsp;<\/p>\n<p>&nbsp;<\/p>\n<p>&nbsp;<\/p>\n<p>&nbsp;<\/p>\n<p>&nbsp;<\/p>\n<p>&nbsp;<\/p>\n<hr \/>\n<p><a href=\"http:\/\/creativecommons.org\/licenses\/by-nc-sa\/4.0\/\" rel=\"license\"><img decoding=\"async\" style=\"border-width: 0\" src=\"https:\/\/i.creativecommons.org\/l\/by-nc-sa\/4.0\/88x31.png\" alt=\"Licencia de Creative Commons\" \/><\/a><br \/>\n<span style=\"font-size: 8pt\">E<span style=\"font-size: 8pt\">sta obra est\u00e1 bajo una <a href=\"http:\/\/creativecommons.org\/licenses\/by-nc-sa\/4.0\/\">licencia de Creative Commons Reconocimiento-No Comercial-CompartirIgual 4.0 Internacional<\/a>.<\/span><\/span><\/p>\n","protected":false},"excerpt":{"rendered":"<p>\u00a0 \u00a0 Este Blog\u00a0 creado por M. Rold\u00e1n pretende ser un complemento para el alumnado que cursa el M\u00f3dulo de Mecanizado por Control Num\u00e9rico del\u00a0 CFGM de Mecanizado. Se intentar\u00e1 buscar una coherencia e equilibrio entre los trabajos realizados \u00a0en privado (Teams) y en p\u00fablico (Blog). En este blog se presentar\u00e1n los contenidos y \u00a0actividades [&hellip;]<\/p>\n","protected":false},"author":134,"featured_media":0,"parent":12,"menu_order":6,"comment_status":"closed","ping_status":"closed","template":"","meta":{"footnotes":""},"class_list":["post-7","page","type-page","status-publish","hentry","post-preview"],"_links":{"self":[{"href":"https:\/\/edublog.educastur.es\/cifpcerdeno\/wp-json\/wp\/v2\/pages\/7","targetHints":{"allow":["GET"]}}],"collection":[{"href":"https:\/\/edublog.educastur.es\/cifpcerdeno\/wp-json\/wp\/v2\/pages"}],"about":[{"href":"https:\/\/edublog.educastur.es\/cifpcerdeno\/wp-json\/wp\/v2\/types\/page"}],"author":[{"embeddable":true,"href":"https:\/\/edublog.educastur.es\/cifpcerdeno\/wp-json\/wp\/v2\/users\/134"}],"replies":[{"embeddable":true,"href":"https:\/\/edublog.educastur.es\/cifpcerdeno\/wp-json\/wp\/v2\/comments?post=7"}],"version-history":[{"count":28,"href":"https:\/\/edublog.educastur.es\/cifpcerdeno\/wp-json\/wp\/v2\/pages\/7\/revisions"}],"predecessor-version":[{"id":300,"href":"https:\/\/edublog.educastur.es\/cifpcerdeno\/wp-json\/wp\/v2\/pages\/7\/revisions\/300"}],"up":[{"embeddable":true,"href":"https:\/\/edublog.educastur.es\/cifpcerdeno\/wp-json\/wp\/v2\/pages\/12"}],"wp:attachment":[{"href":"https:\/\/edublog.educastur.es\/cifpcerdeno\/wp-json\/wp\/v2\/media?parent=7"}],"curies":[{"name":"wp","href":"https:\/\/api.w.org\/{rel}","templated":true}]}}