{"id":286,"date":"2024-04-26T19:16:40","date_gmt":"2024-04-26T17:16:40","guid":{"rendered":"https:\/\/edublog.educastur.es\/cislancircular\/?page_id=286"},"modified":"2025-12-15T11:00:03","modified_gmt":"2025-12-15T10:00:03","slug":"experiencia-rer","status":"publish","type":"page","link":"https:\/\/edublog.educastur.es\/cislancircular\/experiencia-rer\/","title":{"rendered":"EXPERIENCIA RER"},"content":{"rendered":"<blockquote data-start=\"141\" data-end=\"692\">\n<p data-start=\"143\" data-end=\"692\">Desde sus inicios, nuestro centro ha mostrado una gran implicaci\u00f3n con el <strong data-start=\"217\" data-end=\"275\">reciclaje, la reutilizaci\u00f3n y la reducci\u00f3n de residuos<\/strong>, pero fue en el curso 2014-2015 cuando el <strong data-start=\"318\" data-end=\"367\">Consorcio para la Gesti\u00f3n de Residuos S\u00f3lidos<\/strong> nos otorg\u00f3 la distinci\u00f3n de <strong data-start=\"396\" data-end=\"409\">Centro RR<\/strong>. Para entonces, ya cont\u00e1bamos con la recogida selectiva implementada y con un proyecto educativo que promov\u00eda la reducci\u00f3n, reutilizaci\u00f3n y reciclaje, participando activamente en las actividades de la <strong data-start=\"611\" data-end=\"647\">Red de Escuelas por el Reciclaje<\/strong>, bajo el lema <em data-start=\"662\" data-end=\"689\">\u201cEscuelas en comunidad R\u201d<\/em>.<\/p>\n<\/blockquote>\n<blockquote data-start=\"694\" data-end=\"1179\">\n<p data-start=\"696\" data-end=\"922\">En 2016-2017, la misma entidad nos reconoci\u00f3 nuevamente como <strong data-start=\"757\" data-end=\"769\">Centro R<\/strong>. Durante este periodo, nos presentamos con ilusi\u00f3n a los concursos de <strong data-start=\"840\" data-end=\"859\">Centro Circular<\/strong> y <strong data-start=\"862\" data-end=\"884\">E-CONOM\u00cdA CIRCULAR<\/strong>, reforzando nuestro compromiso con:<\/p>\n<ul data-start=\"925\" data-end=\"1179\">\n<li data-start=\"925\" data-end=\"1066\">\n<p data-start=\"927\" data-end=\"1066\">Los principios de la <strong data-start=\"948\" data-end=\"969\">econom\u00eda circular<\/strong>, fomentando metodolog\u00edas participativas que involucren al alumnado en la mejora de su entorno.<\/p>\n<\/li>\n<li data-start=\"1069\" data-end=\"1179\">\n<p data-start=\"1071\" data-end=\"1179\">La gesti\u00f3n sostenible de los <strong data-start=\"1100\" data-end=\"1150\">residuos de aparatos el\u00e9ctricos y electr\u00f3nicos<\/strong> en nuestras instalaciones.<\/p>\n<\/li>\n<\/ul>\n<\/blockquote>\n<blockquote data-start=\"1181\" data-end=\"1355\">\n<p data-start=\"1183\" data-end=\"1355\">Estos logros reflejan que sostenibilidad y educaci\u00f3n van de la mano en nuestro centro, formando a profesionales responsables y conscientes del impacto de su trabajo<\/p>\n<\/blockquote>\n<p>&nbsp;<\/p>\n","protected":false},"excerpt":{"rendered":"<p>Desde sus inicios, nuestro centro ha mostrado una gran implicaci\u00f3n con el reciclaje, la reutilizaci\u00f3n y la reducci\u00f3n de residuos, pero fue en el curso 2014-2015 cuando el Consorcio para la Gesti\u00f3n de Residuos S\u00f3lidos nos otorg\u00f3 la distinci\u00f3n de Centro RR. Para entonces, ya cont\u00e1bamos con la recogida selectiva implementada y con un proyecto [&hellip;]<\/p>\n","protected":false},"author":3273,"featured_media":0,"parent":0,"menu_order":0,"comment_status":"closed","ping_status":"closed","template":"","meta":{"footnotes":""},"class_list":["post-286","page","type-page","status-publish","hentry","post-preview"],"_links":{"self":[{"href":"https:\/\/edublog.educastur.es\/cislancircular\/wp-json\/wp\/v2\/pages\/286","targetHints":{"allow":["GET"]}}],"collection":[{"href":"https:\/\/edublog.educastur.es\/cislancircular\/wp-json\/wp\/v2\/pages"}],"about":[{"href":"https:\/\/edublog.educastur.es\/cislancircular\/wp-json\/wp\/v2\/types\/page"}],"author":[{"embeddable":true,"href":"https:\/\/edublog.educastur.es\/cislancircular\/wp-json\/wp\/v2\/users\/3273"}],"replies":[{"embeddable":true,"href":"https:\/\/edublog.educastur.es\/cislancircular\/wp-json\/wp\/v2\/comments?post=286"}],"version-history":[{"count":3,"href":"https:\/\/edublog.educastur.es\/cislancircular\/wp-json\/wp\/v2\/pages\/286\/revisions"}],"predecessor-version":[{"id":325,"href":"https:\/\/edublog.educastur.es\/cislancircular\/wp-json\/wp\/v2\/pages\/286\/revisions\/325"}],"wp:attachment":[{"href":"https:\/\/edublog.educastur.es\/cislancircular\/wp-json\/wp\/v2\/media?parent=286"}],"curies":[{"name":"wp","href":"https:\/\/api.w.org\/{rel}","templated":true}]}}