{"id":326,"date":"2025-12-15T11:02:31","date_gmt":"2025-12-15T10:02:31","guid":{"rendered":"https:\/\/edublog.educastur.es\/cislancircular\/?page_id=326"},"modified":"2025-12-17T12:11:41","modified_gmt":"2025-12-17T11:11:41","slug":"la-importancia-de-las-raee-en-el-sector-audiovisual","status":"publish","type":"page","link":"https:\/\/edublog.educastur.es\/cislancircular\/la-importancia-de-las-raee-en-el-sector-audiovisual\/","title":{"rendered":"La importancia de los RAEE en el sector audiovisual"},"content":{"rendered":"<h2 data-start=\"120\" data-end=\"254\"><strong data-start=\"123\" data-end=\"254\">Las Iniciativas Sostenibles del CIFP CISLAN en el Sector Audiovisual: Compromiso con el Reciclaje y la Reutilizaci\u00f3n de Equipos<\/strong><\/h2>\n<p data-start=\"256\" data-end=\"1012\">En el <strong data-start=\"262\" data-end=\"277\">CIFP CISLAN<\/strong> de Langreo, la sostenibilidad es una prioridad dentro de nuestra formaci\u00f3n . Nuestros estudiantes y equipo educativo est\u00e1n llevando a cabo diversas <strong data-start=\"478\" data-end=\"509\">campa\u00f1as de sensibilizaci\u00f3n<\/strong> que buscan fomentar la <strong data-start=\"533\" data-end=\"583\">gesti\u00f3n sostenible de los equipos electr\u00f3nicos<\/strong>, especialmente los utilizados en el sector audiovisual. Con el objetivo de darles una <strong data-start=\"670\" data-end=\"686\">segunda vida<\/strong> a los equipos y materiales, as\u00ed como de promover el <strong data-start=\"739\" data-end=\"771\">reciclaje y la reutilizaci\u00f3n<\/strong>, estas iniciativas buscan educar a la comunidad educativa en la importancia de una gesti\u00f3n responsable de los <strong data-start=\"882\" data-end=\"939\">Residuos de Aparatos El\u00e9ctricos y Electr\u00f3nicos (RAEE)<\/strong>. A continuaci\u00f3n, te contamos m\u00e1s sobre las campa\u00f1as que est\u00e1n en marcha:<\/p>\n<h3 data-start=\"1014\" data-end=\"1078\"><strong data-start=\"1018\" data-end=\"1078\">Tabl\u00f3n de Anuncios para Compartir Recursos Materiales<\/strong><\/h3>\n<p data-start=\"1080\" data-end=\"1594\">Uno de los primeros pasos hacia un modelo m\u00e1s sostenible es aprovechar los recursos que ya tenemos. En este sentido, nuestros estudiantes han implementado un <strong data-start=\"1238\" data-end=\"1268\">tabl\u00f3n de anuncios digital y f\u00edsico <\/strong>\u00a0donde pueden compartir <strong data-start=\"1292\" data-end=\"1316\">equipos electr\u00f3nicos<\/strong> y <strong data-start=\"1319\" data-end=\"1343\">material audiovisual<\/strong> que ya no se usan, pero que a\u00fan pueden tener una vida \u00fatil. Desde c\u00e1maras, micr\u00f3fonos, cables y monitores, hasta otros dispositivos audiovisuales, los alumnos y el personal del centro pueden ofrecer o solicitar estos materiales para su reutilizaci\u00f3n.<\/p>\n<p data-start=\"1596\" data-end=\"1970\">Esta campa\u00f1a no solo facilita que los equipos obsoletos o en desuso encuentren un nuevo propietario, sino que tambi\u00e9n promueve una cultura de <strong data-start=\"1738\" data-end=\"1764\">compartir y reutilizar<\/strong> en lugar de consumir m\u00e1s productos nuevos. De esta forma, contribuimos a reducir el desperdicio y al mismo tiempo, nuestros estudiantes tienen acceso a recursos que pueden ser muy valiosos en su formaci\u00f3n.<\/p>\n<p data-start=\"1596\" data-end=\"1970\"><img loading=\"lazy\" decoding=\"async\" class=\"alignnone size-medium wp-image-339\" src=\"http:\/\/edublog.educastur.es\/cislancircular\/files\/2025\/12\/1000147924-234x300.jpg\" alt=\"\" width=\"234\" height=\"300\" srcset=\"https:\/\/edublog.educastur.es\/cislancircular\/files\/2025\/12\/1000147924-234x300.jpg 234w, https:\/\/edublog.educastur.es\/cislancircular\/files\/2025\/12\/1000147924-798x1024.jpg 798w, https:\/\/edublog.educastur.es\/cislancircular\/files\/2025\/12\/1000147924-768x986.jpg 768w, https:\/\/edublog.educastur.es\/cislancircular\/files\/2025\/12\/1000147924-1197x1536.jpg 1197w, https:\/\/edublog.educastur.es\/cislancircular\/files\/2025\/12\/1000147924-676x868.jpg 676w, https:\/\/edublog.educastur.es\/cislancircular\/files\/2025\/12\/1000147924.jpg 1220w\" sizes=\"auto, (max-width: 234px) 100vw, 234px\" \/><img loading=\"lazy\" decoding=\"async\" class=\"alignnone size-medium wp-image-340\" src=\"http:\/\/edublog.educastur.es\/cislancircular\/files\/2025\/12\/Captura-de-pantalla-2025-12-15-185521-300x223.png\" alt=\"\" width=\"300\" height=\"223\" srcset=\"https:\/\/edublog.educastur.es\/cislancircular\/files\/2025\/12\/Captura-de-pantalla-2025-12-15-185521-300x223.png 300w, https:\/\/edublog.educastur.es\/cislancircular\/files\/2025\/12\/Captura-de-pantalla-2025-12-15-185521.png 540w\" sizes=\"auto, (max-width: 300px) 100vw, 300px\" \/><\/p>\n<h3 data-start=\"1972\" data-end=\"2060\"><strong data-start=\"1976\" data-end=\"2060\">Entrevista con Nuestro Responsable TIC sobre la Gesti\u00f3n Sostenible de Equipos<\/strong><\/h3>\n<p data-start=\"2062\" data-end=\"2464\">Para profundizar en c\u00f3mo gestionamos de manera responsable los equipos electr\u00f3nicos, hemos realizado una <strong data-start=\"2167\" data-end=\"2207\">entrevista a nuestro responsable TIC<\/strong>. En este espacio, nuestro experto en tecnolog\u00edas de la informaci\u00f3n y la comunicaci\u00f3n explica c\u00f3mo el centro gestiona los equipos de manera sostenible, asegurando que, al final de su vida \u00fatil, sean reciclados, reacondicionados o reutilizados correctamente.<\/p>\n<p data-start=\"2466\" data-end=\"2933\">El responsable TIC tambi\u00e9n comenta las medidas que se han implementado en el centro para evitar el <strong data-start=\"2565\" data-end=\"2592\">desperdicio de recursos<\/strong>, como la reparaci\u00f3n de equipos electr\u00f3nicos en lugar de su desecho, y c\u00f3mo se fomenta una <strong data-start=\"2683\" data-end=\"2706\">gesti\u00f3n responsable<\/strong> entre el alumnado y el profesorado. Esta entrevista, que se publica en las plataformas digitales del centro, tiene como objetivo sensibilizar a la comunidad educativa sobre la importancia de <strong data-start=\"2898\" data-end=\"2932\">reducir, reutilizar y reciclar<\/strong>.<\/p>\n<p data-start=\"2466\" data-end=\"2933\"><a href=\"https:\/\/edublog.educastur.es\/cislancircular\/files\/2025\/12\/JESUS-BAYON-LLERA.pdf\" class=\"pdfemb-viewer\" style=\"\" data-width=\"max\" data-height=\"max\" data-toolbar=\"bottom\" data-toolbar-fixed=\"off\">JES\u00daS BAY\u00d3N LLERA.<\/a><\/p>\n<h3 data-start=\"2935\" data-end=\"3016\"><strong data-start=\"2939\" data-end=\"3016\">Campa\u00f1a de Recogida de Material para Reciclar y Reutilizar Componentes<\/strong><\/h3>\n<p data-start=\"3018\" data-end=\"3484\">El centro organiza regularmente <strong data-start=\"3050\" data-end=\"3112\">campa\u00f1as de recogida de material audiovisual y tecnol\u00f3gico<\/strong> en desuso. Durante estas jornadas, el alumnado tiene la oportunidad de donar sus equipos electr\u00f3nicos y materiales audiovisuales para su <strong data-start=\"3250\" data-end=\"3263\">reciclaje<\/strong>. Los equipos recogidos se separan por categor\u00edas y, cuando es posible, se extraen componentes valiosos como <strong data-start=\"3372\" data-end=\"3410\">chips, cables, pantallas y metales<\/strong> que pueden reutilizarse en futuras producciones o proyectos de formaci\u00f3n.<\/p>\n<p data-start=\"3486\" data-end=\"3804\">Esta campa\u00f1a no solo tiene como objetivo reducir la cantidad de desechos generados por el centro, sino que tambi\u00e9n ense\u00f1a a los estudiantes la <strong data-start=\"3629\" data-end=\"3680\">importancia de una correcta gesti\u00f3n de residuos<\/strong> y c\u00f3mo la reutilizaci\u00f3n de componentes puede ser clave en la creaci\u00f3n de nuevas producciones audiovisuales m\u00e1s sostenibles.<\/p>\n<p data-start=\"3486\" data-end=\"3804\"><a href=\"https:\/\/www.canva.com\/design\/DAG7wa0tr_I\/te_789Q66IWW-TrExMN3-A\/view?utm_content=DAG7wa0tr_I&amp;utm_campaign=designshare&amp;utm_medium=link2&amp;utm_source=uniquelinks&amp;utlId=hb1f4c0b59b\" target=\"_blank\" rel=\"noopener\">Campa\u00f1a de recogida<\/a><\/p>\n<h3 data-start=\"3806\" data-end=\"3889\"><strong data-start=\"3810\" data-end=\"3889\">Videos Divulgativos sobre la Gesti\u00f3n Sostenible de Equipos Audiovisuales<\/strong><\/h3>\n<p data-start=\"3891\" data-end=\"4263\">Como parte de nuestra estrategia para sensibilizar sobre la importancia del reciclaje y la reutilizaci\u00f3n, los estudiantes del <strong data-start=\"4017\" data-end=\"4032\">CIFP CISLAN<\/strong>\u00a0han creado una serie de <strong data-start=\"4057\" data-end=\"4080\">videos divulgativos<\/strong>. Estos videos explican de manera sencilla y visual c\u00f3mo se deben gestionar los equipos electr\u00f3nicos obsoletos y la manera en que los componentes pueden ser reciclados o reutilizados.<\/p>\n<p data-start=\"4265\" data-end=\"4737\">Los videos, realizados por los propios estudiantes como parte de su formaci\u00f3n pr\u00e1ctica, no solo informan sobre el <strong data-start=\"4379\" data-end=\"4400\">impacto ambiental<\/strong> de los RAEE, sino que tambi\u00e9n brindan consejos pr\u00e1cticos sobre c\u00f3mo contribuir a la <strong data-start=\"4485\" data-end=\"4506\">econom\u00eda circular<\/strong> en el sector audiovisual. Estos contenidos son compartidos a trav\u00e9s de nuestras redes sociales y otros canales del centro, con el fin de llegar a un p\u00fablico m\u00e1s amplio, incluidos profesionales del sector y la comunidad en general.<\/p>\n<p data-start=\"4604\" data-end=\"4946\"><a href=\"https:\/\/educastur-my.sharepoint.com\/:f:\/g\/personal\/fcojgg_educastur_org\/IgDe6FtZT_qhSZj4ZMtvg7WXASUhwpLnSbM5lGMC24G9cqc?e=DxhwR9\" target=\"_blank\" rel=\"noopener\">Material audiovisual<\/a><\/p>\n<p data-start=\"4604\" data-end=\"4946\">\n","protected":false},"excerpt":{"rendered":"<p>Las Iniciativas Sostenibles del CIFP CISLAN en el Sector Audiovisual: Compromiso con el Reciclaje y la Reutilizaci\u00f3n de Equipos En el CIFP CISLAN de Langreo, la sostenibilidad es una prioridad dentro de nuestra formaci\u00f3n . Nuestros estudiantes y equipo educativo est\u00e1n llevando a cabo diversas campa\u00f1as de sensibilizaci\u00f3n que buscan fomentar la gesti\u00f3n sostenible de [&hellip;]<\/p>\n","protected":false},"author":1350,"featured_media":0,"parent":0,"menu_order":0,"comment_status":"closed","ping_status":"closed","template":"","meta":{"footnotes":""},"class_list":["post-326","page","type-page","status-publish","hentry","post-preview"],"_links":{"self":[{"href":"https:\/\/edublog.educastur.es\/cislancircular\/wp-json\/wp\/v2\/pages\/326","targetHints":{"allow":["GET"]}}],"collection":[{"href":"https:\/\/edublog.educastur.es\/cislancircular\/wp-json\/wp\/v2\/pages"}],"about":[{"href":"https:\/\/edublog.educastur.es\/cislancircular\/wp-json\/wp\/v2\/types\/page"}],"author":[{"embeddable":true,"href":"https:\/\/edublog.educastur.es\/cislancircular\/wp-json\/wp\/v2\/users\/1350"}],"replies":[{"embeddable":true,"href":"https:\/\/edublog.educastur.es\/cislancircular\/wp-json\/wp\/v2\/comments?post=326"}],"version-history":[{"count":7,"href":"https:\/\/edublog.educastur.es\/cislancircular\/wp-json\/wp\/v2\/pages\/326\/revisions"}],"predecessor-version":[{"id":347,"href":"https:\/\/edublog.educastur.es\/cislancircular\/wp-json\/wp\/v2\/pages\/326\/revisions\/347"}],"wp:attachment":[{"href":"https:\/\/edublog.educastur.es\/cislancircular\/wp-json\/wp\/v2\/media?parent=326"}],"curies":[{"name":"wp","href":"https:\/\/api.w.org\/{rel}","templated":true}]}}