{"id":37,"date":"2024-04-11T20:43:04","date_gmt":"2024-04-11T18:43:04","guid":{"rendered":"https:\/\/edublog.educastur.es\/cislancircular\/?page_id=37"},"modified":"2025-12-15T11:36:35","modified_gmt":"2025-12-15T10:36:35","slug":"sepr","status":"publish","type":"page","link":"https:\/\/edublog.educastur.es\/cislancircular\/sepr\/","title":{"rendered":"Sostenibilidad y la circularidad en la industria textil"},"content":{"rendered":"<p data-start=\"113\" data-end=\"386\">Dentro de la campa\u00f1a que <strong data-start=\"138\" data-end=\"149\">COGERSA<\/strong> coordina en Asturias por la <strong data-start=\"178\" data-end=\"222\">Semana Europea de Prevenci\u00f3n de Residuos<\/strong>, centrada este a\u00f1o en la <strong data-start=\"248\" data-end=\"304\">sostenibilidad y circularidad en la industria textil<\/strong>, nuestro centro ha establecido un <strong data-start=\"339\" data-end=\"383\">punto de recogida de ropa y complementos<\/strong>.<\/p>\n<p data-start=\"393\" data-end=\"679\">El objetivo es preparar un <strong data-start=\"420\" data-end=\"444\">vestuario sostenible<\/strong> para futuras producciones esc\u00e9nicas y audiovisuales, fomentando la reutilizaci\u00f3n, la creatividad del alumnado y su compromiso con un consumo responsable. De esta forma, combinamos formaci\u00f3n t\u00e9cnica con conciencia ambiental y social.<\/p>\n<p><img loading=\"lazy\" decoding=\"async\" class=\"alignnone wp-image-94\" src=\"http:\/\/edublog.educastur.es\/cislancircular\/files\/2024\/04\/7AA29DF4-329B-4520-9CAD-CF5DC7374EAA-300x249.jpeg\" alt=\"\" width=\"265\" height=\"220\" srcset=\"https:\/\/edublog.educastur.es\/cislancircular\/files\/2024\/04\/7AA29DF4-329B-4520-9CAD-CF5DC7374EAA-300x249.jpeg 300w, https:\/\/edublog.educastur.es\/cislancircular\/files\/2024\/04\/7AA29DF4-329B-4520-9CAD-CF5DC7374EAA-1024x852.jpeg 1024w, https:\/\/edublog.educastur.es\/cislancircular\/files\/2024\/04\/7AA29DF4-329B-4520-9CAD-CF5DC7374EAA-768x639.jpeg 768w, https:\/\/edublog.educastur.es\/cislancircular\/files\/2024\/04\/7AA29DF4-329B-4520-9CAD-CF5DC7374EAA-676x562.jpeg 676w, https:\/\/edublog.educastur.es\/cislancircular\/files\/2024\/04\/7AA29DF4-329B-4520-9CAD-CF5DC7374EAA.jpeg 1170w\" sizes=\"auto, (max-width: 265px) 100vw, 265px\" \/><img loading=\"lazy\" decoding=\"async\" class=\"wp-image-95 alignleft\" src=\"http:\/\/edublog.educastur.es\/cislancircular\/files\/2024\/04\/CAD18B99-9BBE-4B6E-A2DD-B8EE88FA1A8E-241x300.jpg\" alt=\"\" width=\"177\" height=\"220\" srcset=\"https:\/\/edublog.educastur.es\/cislancircular\/files\/2024\/04\/CAD18B99-9BBE-4B6E-A2DD-B8EE88FA1A8E-241x300.jpg 241w, https:\/\/edublog.educastur.es\/cislancircular\/files\/2024\/04\/CAD18B99-9BBE-4B6E-A2DD-B8EE88FA1A8E-824x1024.jpg 824w, https:\/\/edublog.educastur.es\/cislancircular\/files\/2024\/04\/CAD18B99-9BBE-4B6E-A2DD-B8EE88FA1A8E-768x954.jpg 768w, https:\/\/edublog.educastur.es\/cislancircular\/files\/2024\/04\/CAD18B99-9BBE-4B6E-A2DD-B8EE88FA1A8E-676x840.jpg 676w, https:\/\/edublog.educastur.es\/cislancircular\/files\/2024\/04\/CAD18B99-9BBE-4B6E-A2DD-B8EE88FA1A8E.jpg 1170w\" sizes=\"auto, (max-width: 177px) 100vw, 177px\" \/><\/p>\n<p>&nbsp;<\/p>\n<p>Para llevar a cabo la campa\u00f1a informativa contamos con varios post en las redes sociales con el lema<\/p>\n<blockquote><p><strong> \u00bb Los recursos no pasan de moda\u00bb An\u00edmate a participar! Juntos y juntas crearemos personajes e historias.<\/strong><\/p><\/blockquote>\n<p><a href=\"https:\/\/educastur-my.sharepoint.com\/:v:\/g\/personal\/fcojgg_educastur_org\/EbyMc7tdJtlGth5IWxBswJIBkiA3gch7xLJPP3iMd403-w?nav=eyJyZWZlcnJhbEluZm8iOnsicmVmZXJyYWxBcHAiOiJTdHJlYW1XZWJBcHAiLCJyZWZlcnJhbFZpZXciOiJTaGFyZURpYWxvZy1MaW5rIiwicmVmZXJyYWxBcHBQbGF0Zm9ybSI6IldlYiIsInJlZmVycmFsTW9kZSI6InZpZXcifX0%3D&amp;e=HRgjcd\"><img loading=\"lazy\" decoding=\"async\" class=\"wp-image-206 alignleft\" src=\"http:\/\/edublog.educastur.es\/cislancircular\/files\/2024\/04\/Captura-de-pantalla-2024-04-23-a-las-12.22.18-300x169.png\" alt=\"\" width=\"284\" height=\"160\" srcset=\"https:\/\/edublog.educastur.es\/cislancircular\/files\/2024\/04\/Captura-de-pantalla-2024-04-23-a-las-12.22.18-300x169.png 300w, https:\/\/edublog.educastur.es\/cislancircular\/files\/2024\/04\/Captura-de-pantalla-2024-04-23-a-las-12.22.18-1024x576.png 1024w, https:\/\/edublog.educastur.es\/cislancircular\/files\/2024\/04\/Captura-de-pantalla-2024-04-23-a-las-12.22.18-768x432.png 768w, https:\/\/edublog.educastur.es\/cislancircular\/files\/2024\/04\/Captura-de-pantalla-2024-04-23-a-las-12.22.18-676x380.png 676w, https:\/\/edublog.educastur.es\/cislancircular\/files\/2024\/04\/Captura-de-pantalla-2024-04-23-a-las-12.22.18.png 1278w\" sizes=\"auto, (max-width: 284px) 100vw, 284px\" \/><\/a><\/p>\n<p>&nbsp;<\/p>\n<p>&nbsp;<\/p>\n<p>&nbsp;<\/p>\n<p>&nbsp;<\/p>\n<p><a href=\"https:\/\/educastur-my.sharepoint.com\/:v:\/g\/personal\/fcojgg_educastur_org\/EQCKh7HFB5JBizKpcAc-2_8BLk8Vo_5iheHQRAUaP39NtA?nav=eyJyZWZlcnJhbEluZm8iOnsicmVmZXJyYWxBcHAiOiJTdHJlYW1XZWJBcHAiLCJyZWZlcnJhbFZpZXciOiJTaGFyZURpYWxvZy1MaW5rIiwicmVmZXJyYWxBcHBQbGF0Zm9ybSI6IldlYiIsInJlZmVycmFsTW9kZSI6InZpZXcifX0%3D&amp;e=GMtDGa\"><img loading=\"lazy\" decoding=\"async\" class=\"wp-image-208 alignleft\" src=\"http:\/\/edublog.educastur.es\/cislancircular\/files\/2024\/04\/Captura-de-pantalla-2024-04-23-a-las-12.22.28-300x168.png\" alt=\"\" width=\"284\" height=\"159\" srcset=\"https:\/\/edublog.educastur.es\/cislancircular\/files\/2024\/04\/Captura-de-pantalla-2024-04-23-a-las-12.22.28-300x168.png 300w, https:\/\/edublog.educastur.es\/cislancircular\/files\/2024\/04\/Captura-de-pantalla-2024-04-23-a-las-12.22.28-1024x574.png 1024w, https:\/\/edublog.educastur.es\/cislancircular\/files\/2024\/04\/Captura-de-pantalla-2024-04-23-a-las-12.22.28-768x430.png 768w, https:\/\/edublog.educastur.es\/cislancircular\/files\/2024\/04\/Captura-de-pantalla-2024-04-23-a-las-12.22.28-676x379.png 676w, https:\/\/edublog.educastur.es\/cislancircular\/files\/2024\/04\/Captura-de-pantalla-2024-04-23-a-las-12.22.28.png 1278w\" sizes=\"auto, (max-width: 284px) 100vw, 284px\" \/><\/a><\/p>\n<p>&nbsp;<\/p>\n<p>&nbsp;<\/p>\n<p>&nbsp;<\/p>\n<p>&nbsp;<\/p>\n<p><a href=\"https:\/\/educastur-my.sharepoint.com\/:v:\/g\/personal\/fcojgg_educastur_org\/EeNNG4X13rBBks6WFTRFn-UBYlNg2P3efKuoEzoT0nRuiA?nav=eyJyZWZlcnJhbEluZm8iOnsicmVmZXJyYWxBcHAiOiJTdHJlYW1XZWJBcHAiLCJyZWZlcnJhbFZpZXciOiJTaGFyZURpYWxvZy1MaW5rIiwicmVmZXJyYWxBcHBQbGF0Zm9ybSI6IldlYiIsInJlZmVycmFsTW9kZSI6InZpZXcifX0%3D&amp;e=XV05r4\"><img loading=\"lazy\" decoding=\"async\" class=\"wp-image-209 alignnone\" src=\"http:\/\/edublog.educastur.es\/cislancircular\/files\/2024\/04\/Captura-de-pantalla-2024-04-23-a-las-12.22.36-300x168.png\" alt=\"\" width=\"280\" height=\"157\" srcset=\"https:\/\/edublog.educastur.es\/cislancircular\/files\/2024\/04\/Captura-de-pantalla-2024-04-23-a-las-12.22.36-300x168.png 300w, https:\/\/edublog.educastur.es\/cislancircular\/files\/2024\/04\/Captura-de-pantalla-2024-04-23-a-las-12.22.36-1024x573.png 1024w, https:\/\/edublog.educastur.es\/cislancircular\/files\/2024\/04\/Captura-de-pantalla-2024-04-23-a-las-12.22.36-768x430.png 768w, https:\/\/edublog.educastur.es\/cislancircular\/files\/2024\/04\/Captura-de-pantalla-2024-04-23-a-las-12.22.36-676x379.png 676w, https:\/\/edublog.educastur.es\/cislancircular\/files\/2024\/04\/Captura-de-pantalla-2024-04-23-a-las-12.22.36.png 1275w\" sizes=\"auto, (max-width: 280px) 100vw, 280px\" \/><\/a><\/p>\n<p>&nbsp;<\/p>\n<p>&nbsp;<\/p>\n<p>&nbsp;<\/p>\n<p>&nbsp;<\/p>\n","protected":false},"excerpt":{"rendered":"<p>Dentro de la campa\u00f1a que COGERSA coordina en Asturias por la Semana Europea de Prevenci\u00f3n de Residuos, centrada este a\u00f1o en la sostenibilidad y circularidad en la industria textil, nuestro centro ha establecido un punto de recogida de ropa y complementos. El objetivo es preparar un vestuario sostenible para futuras producciones esc\u00e9nicas y audiovisuales, fomentando [&hellip;]<\/p>\n","protected":false},"author":1350,"featured_media":0,"parent":0,"menu_order":0,"comment_status":"closed","ping_status":"closed","template":"","meta":{"footnotes":""},"class_list":["post-37","page","type-page","status-publish","hentry","post-preview"],"_links":{"self":[{"href":"https:\/\/edublog.educastur.es\/cislancircular\/wp-json\/wp\/v2\/pages\/37","targetHints":{"allow":["GET"]}}],"collection":[{"href":"https:\/\/edublog.educastur.es\/cislancircular\/wp-json\/wp\/v2\/pages"}],"about":[{"href":"https:\/\/edublog.educastur.es\/cislancircular\/wp-json\/wp\/v2\/types\/page"}],"author":[{"embeddable":true,"href":"https:\/\/edublog.educastur.es\/cislancircular\/wp-json\/wp\/v2\/users\/1350"}],"replies":[{"embeddable":true,"href":"https:\/\/edublog.educastur.es\/cislancircular\/wp-json\/wp\/v2\/comments?post=37"}],"version-history":[{"count":30,"href":"https:\/\/edublog.educastur.es\/cislancircular\/wp-json\/wp\/v2\/pages\/37\/revisions"}],"predecessor-version":[{"id":333,"href":"https:\/\/edublog.educastur.es\/cislancircular\/wp-json\/wp\/v2\/pages\/37\/revisions\/333"}],"wp:attachment":[{"href":"https:\/\/edublog.educastur.es\/cislancircular\/wp-json\/wp\/v2\/media?parent=37"}],"curies":[{"name":"wp","href":"https:\/\/api.w.org\/{rel}","templated":true}]}}