{"id":41,"date":"2024-04-11T20:43:37","date_gmt":"2024-04-11T18:43:37","guid":{"rendered":"https:\/\/edublog.educastur.es\/cislancircular\/?page_id=41"},"modified":"2024-12-19T13:40:57","modified_gmt":"2024-12-19T12:40:57","slug":"2023-2","status":"publish","type":"page","link":"https:\/\/edublog.educastur.es\/cislancircular\/2023-2\/","title":{"rendered":"SEPR"},"content":{"rendered":"<div class=\"elementor-element elementor-element-df6d311 elementor-widget elementor-widget-text-editor\" data-id=\"df6d311\" data-element_type=\"widget\" data-widget_type=\"text-editor.default\">\n<div class=\"elementor-widget-container\">\n<blockquote><p><strong>\u00bfQu\u00e9 es la SEPR?<\/strong><\/p><\/blockquote>\n<\/div>\n<\/div>\n<div class=\"elementor-element elementor-element-009f957 elementor-widget elementor-widget-text-editor\" data-id=\"009f957\" data-element_type=\"widget\" data-widget_type=\"text-editor.default\">\n<div class=\"elementor-widget-container\">\n<p style=\"text-align: center\">La <strong>Semana Europea de la Prevenci\u00f3n de Residuos<\/strong> es la mayor campa\u00f1a de<br \/>\nconcienciaci\u00f3n sobre la prevenci\u00f3n de residuos en Europa<\/p>\n<\/div>\n<\/div>\n<div class=\"elementor-element elementor-element-51fc391 elementor-widget elementor-widget-image\" style=\"text-align: center\" data-id=\"51fc391\" data-element_type=\"widget\" data-widget_type=\"image.default\">\n<div class=\"elementor-widget-container\"><img loading=\"lazy\" decoding=\"async\" class=\"attachment-full size-full wp-image-3663\" src=\"https:\/\/sepr-asturias.es\/wp-content\/uploads\/2023\/09\/Europa-Verde.png\" alt=\"\" width=\"186\" height=\"186\" \/><\/div>\n<\/div>\n<div class=\"elementor-element elementor-element-ee382fe elementor-widget elementor-widget-text-editor\" data-id=\"ee382fe\" data-element_type=\"widget\" data-widget_type=\"text-editor.default\">\n<div class=\"elementor-widget-container\">\n<p style=\"text-align: center\">Liderada por el Comit\u00e9 Directivo Europeo (CDE), <strong>se celebra en la \u00faltima semana de noviembre de cada a\u00f1o,<\/strong> a trav\u00e9s de la ejecuci\u00f3n simult\u00e1nea de cientos de acciones concretas de prevenci\u00f3n, reutilizaci\u00f3n, y reciclaje de residuos en toda Europa promovidas por diferentes tipos de entidades y ciudadan\u00eda.<\/p>\n<p style=\"text-align: center\">En Asturias, COGERSA coordina este proyecto desde el a\u00f1o 2010 y, hasta la actualidad, ha conseguido que se sumen 1.897 entidades desarrollando m\u00e1s de 2.462 acciones.<\/p>\n<\/div>\n<\/div>\n","protected":false},"excerpt":{"rendered":"<p>\u00bfQu\u00e9 es la SEPR? La Semana Europea de la Prevenci\u00f3n de Residuos es la mayor campa\u00f1a de concienciaci\u00f3n sobre la prevenci\u00f3n de residuos en Europa Liderada por el Comit\u00e9 Directivo Europeo (CDE), se celebra en la \u00faltima semana de noviembre de cada a\u00f1o, a trav\u00e9s de la ejecuci\u00f3n simult\u00e1nea de cientos de acciones concretas de [&hellip;]<\/p>\n","protected":false},"author":1350,"featured_media":0,"parent":0,"menu_order":0,"comment_status":"closed","ping_status":"closed","template":"","meta":{"footnotes":""},"class_list":["post-41","page","type-page","status-publish","hentry","post-preview"],"_links":{"self":[{"href":"https:\/\/edublog.educastur.es\/cislancircular\/wp-json\/wp\/v2\/pages\/41","targetHints":{"allow":["GET"]}}],"collection":[{"href":"https:\/\/edublog.educastur.es\/cislancircular\/wp-json\/wp\/v2\/pages"}],"about":[{"href":"https:\/\/edublog.educastur.es\/cislancircular\/wp-json\/wp\/v2\/types\/page"}],"author":[{"embeddable":true,"href":"https:\/\/edublog.educastur.es\/cislancircular\/wp-json\/wp\/v2\/users\/1350"}],"replies":[{"embeddable":true,"href":"https:\/\/edublog.educastur.es\/cislancircular\/wp-json\/wp\/v2\/comments?post=41"}],"version-history":[{"count":3,"href":"https:\/\/edublog.educastur.es\/cislancircular\/wp-json\/wp\/v2\/pages\/41\/revisions"}],"predecessor-version":[{"id":306,"href":"https:\/\/edublog.educastur.es\/cislancircular\/wp-json\/wp\/v2\/pages\/41\/revisions\/306"}],"wp:attachment":[{"href":"https:\/\/edublog.educastur.es\/cislancircular\/wp-json\/wp\/v2\/media?parent=41"}],"curies":[{"name":"wp","href":"https:\/\/api.w.org\/{rel}","templated":true}]}}