{"id":45,"date":"2024-04-11T21:05:29","date_gmt":"2024-04-11T19:05:29","guid":{"rendered":"https:\/\/edublog.educastur.es\/cislancircular\/?page_id=45"},"modified":"2024-04-25T16:56:24","modified_gmt":"2024-04-25T14:56:24","slug":"2023-3","status":"publish","type":"page","link":"https:\/\/edublog.educastur.es\/cislancircular\/2023-3\/","title":{"rendered":"No te dejes envolver"},"content":{"rendered":"<blockquote>\n<p style=\"text-align: center\"><span style=\"font-size: 18pt\"><strong>SEMANA EUROPEA DE PREVENCI\u00d3N DE RESIDUOS :<\/strong><\/span><\/p>\n<p style=\"text-align: center\"><span style=\"font-size: 18pt\"><strong> \u00abNO TE DEJES ENVOLVER\u00bb<\/strong><\/span><\/p>\n<\/blockquote>\n<p class=\"article-text\">La tem\u00e1tica de la Semana europea de 2024\u00a0 aborda dos temas fundamentales, el consumo sostenible y la econom\u00eda circular, y el foco se centra en la problem\u00e1tica de la generaci\u00f3n de residuos provenientes del empaquetado y embalaje de productos.<\/p>\n<p class=\"article-text\">Con el objetivo de ser cada vez m\u00e1s sostenibles y circulares en la producci\u00f3n, uso y generaci\u00f3n de residuos, nuestra campa\u00f1a se ha desarrollado en dos \u00e1mbitos.<\/p>\n<p>Por un lado <strong>desarrollar una campa\u00f1a audiovisual<\/strong>, d\u00f3nde diariamente se lanzar\u00e1 contenido relacionado con la prevenci\u00f3n de residuos y por otro la <strong>realizaci\u00f3n de un mercadillo<\/strong> solidario d\u00f3nde nuestro alumnado le dar\u00e1 una segunda vida a los residuos<\/p>\n<blockquote>\n<p style=\"text-align: center\"><span style=\"font-size: 14pt\"><strong>CAMPA\u00d1AS AUDIOVISUALES\u00a0<\/strong><\/span><\/p>\n<p>CAMPA\u00d1A REALIZADA POR ALUMNADO DE ILUMINICI\u00d3N, CAPTACI\u00d3N Y TRATAMIENTO DE LA IMAGEN.<\/p><\/blockquote>\n<p>Originales composiciones de concienciaci\u00f3n con motivo de semana europea del reciclaje,<\/p>\n<table style=\"border-collapse: collapse;width: 100%\">\n<tbody>\n<tr>\n<td style=\"width: 33.3333%\">\n<p><div id=\"attachment_52\" style=\"width: 276px\" class=\"wp-caption alignnone\"><img loading=\"lazy\" decoding=\"async\" aria-describedby=\"caption-attachment-52\" class=\"wp-image-52 \" title=\"Alumnos CFGS Realizaci\u00f3n \" src=\"http:\/\/edublog.educastur.es\/cislancircular\/files\/2024\/04\/MicrosoftTeams-image-2-300x187.jpg\" alt=\"\" width=\"266\" height=\"166\" srcset=\"https:\/\/edublog.educastur.es\/cislancircular\/files\/2024\/04\/MicrosoftTeams-image-2-300x187.jpg 300w, https:\/\/edublog.educastur.es\/cislancircular\/files\/2024\/04\/MicrosoftTeams-image-2-1024x637.jpg 1024w, https:\/\/edublog.educastur.es\/cislancircular\/files\/2024\/04\/MicrosoftTeams-image-2-768x478.jpg 768w, https:\/\/edublog.educastur.es\/cislancircular\/files\/2024\/04\/MicrosoftTeams-image-2-1536x956.jpg 1536w, https:\/\/edublog.educastur.es\/cislancircular\/files\/2024\/04\/MicrosoftTeams-image-2-676x421.jpg 676w, https:\/\/edublog.educastur.es\/cislancircular\/files\/2024\/04\/MicrosoftTeams-image-2.jpg 1848w\" sizes=\"auto, (max-width: 266px) 100vw, 266px\" \/><p id=\"caption-attachment-52\" class=\"wp-caption-text\">No te descuides<\/p><\/div><\/td>\n<td style=\"width: 33.3333%\">\n<p><div id=\"attachment_53\" style=\"width: 310px\" class=\"wp-caption alignnone\"><img loading=\"lazy\" decoding=\"async\" aria-describedby=\"caption-attachment-53\" class=\"wp-image-53 size-medium\" src=\"http:\/\/edublog.educastur.es\/cislancircular\/files\/2024\/04\/MicrosoftTeams-image-300x187.jpg\" alt=\"\" width=\"300\" height=\"187\" srcset=\"https:\/\/edublog.educastur.es\/cislancircular\/files\/2024\/04\/MicrosoftTeams-image-300x187.jpg 300w, https:\/\/edublog.educastur.es\/cislancircular\/files\/2024\/04\/MicrosoftTeams-image-1024x637.jpg 1024w, https:\/\/edublog.educastur.es\/cislancircular\/files\/2024\/04\/MicrosoftTeams-image-768x478.jpg 768w, https:\/\/edublog.educastur.es\/cislancircular\/files\/2024\/04\/MicrosoftTeams-image-1536x956.jpg 1536w, https:\/\/edublog.educastur.es\/cislancircular\/files\/2024\/04\/MicrosoftTeams-image-676x421.jpg 676w, https:\/\/edublog.educastur.es\/cislancircular\/files\/2024\/04\/MicrosoftTeams-image.jpg 1848w\" sizes=\"auto, (max-width: 300px) 100vw, 300px\" \/><p id=\"caption-attachment-53\" class=\"wp-caption-text\">Reutiliza<\/p><\/div><\/td>\n<td style=\"width: 33.3333%\">\n<p><div id=\"attachment_54\" style=\"width: 310px\" class=\"wp-caption alignnone\"><img loading=\"lazy\" decoding=\"async\" aria-describedby=\"caption-attachment-54\" class=\"wp-image-54 size-medium\" src=\"http:\/\/edublog.educastur.es\/cislancircular\/files\/2024\/04\/MicrosoftTeams-image-1-300x187.jpg\" alt=\"\" width=\"300\" height=\"187\" srcset=\"https:\/\/edublog.educastur.es\/cislancircular\/files\/2024\/04\/MicrosoftTeams-image-1-300x187.jpg 300w, https:\/\/edublog.educastur.es\/cislancircular\/files\/2024\/04\/MicrosoftTeams-image-1-1024x637.jpg 1024w, https:\/\/edublog.educastur.es\/cislancircular\/files\/2024\/04\/MicrosoftTeams-image-1-768x478.jpg 768w, https:\/\/edublog.educastur.es\/cislancircular\/files\/2024\/04\/MicrosoftTeams-image-1-1536x956.jpg 1536w, https:\/\/edublog.educastur.es\/cislancircular\/files\/2024\/04\/MicrosoftTeams-image-1-2048x1274.jpg 2048w, https:\/\/edublog.educastur.es\/cislancircular\/files\/2024\/04\/MicrosoftTeams-image-1-676x421.jpg 676w\" sizes=\"auto, (max-width: 300px) 100vw, 300px\" \/><p id=\"caption-attachment-54\" class=\"wp-caption-text\">Corta con esto de ra\u00edz<\/p><\/div><\/td>\n<\/tr>\n<\/tbody>\n<\/table>\n<blockquote><p><strong>CAMPA\u00d1A REALIZADA POR ALUMNADO DE ANIMACI\u00d3N 3D VIDEOJUEGOS Y ENTORNOS INTERACTIVOS<\/strong><\/p><\/blockquote>\n<p><a href=\"https:\/\/educastur-my.sharepoint.com\/:v:\/g\/personal\/doritt_educastur_org\/EVO3WxasQ11GhNVQamm9WGgBWzXHuRP2B9iUw44T1rzNew\"><img loading=\"lazy\" decoding=\"async\" class=\"alignnone size-medium wp-image-199\" src=\"http:\/\/edublog.educastur.es\/cislancircular\/files\/2024\/04\/no-te-dejes-envolver-300x168.jpg\" alt=\"\" width=\"300\" height=\"168\" srcset=\"https:\/\/edublog.educastur.es\/cislancircular\/files\/2024\/04\/no-te-dejes-envolver-300x168.jpg 300w, https:\/\/edublog.educastur.es\/cislancircular\/files\/2024\/04\/no-te-dejes-envolver-1024x572.jpg 1024w, https:\/\/edublog.educastur.es\/cislancircular\/files\/2024\/04\/no-te-dejes-envolver-768x429.jpg 768w, https:\/\/edublog.educastur.es\/cislancircular\/files\/2024\/04\/no-te-dejes-envolver-676x378.jpg 676w, https:\/\/edublog.educastur.es\/cislancircular\/files\/2024\/04\/no-te-dejes-envolver.jpg 1149w\" sizes=\"auto, (max-width: 300px) 100vw, 300px\" \/><\/a><\/p>\n<blockquote><p>APORTACIONES DEL ALUMNADO DE REALIZACI\u00d3N DE PROYECTOS\u00a0 AUDISUALES Y ESPECT\u00c1CULOS<\/p><\/blockquote>\n<p>En estos v\u00eddeos podr\u00e9is disfrutar de la creatividad de nuestro alumnado, reflejada en todas y cada una de las acciones realizadas por el desarrollo de la sostenibilidad.<\/p>\n<p>&nbsp;<\/p>\n<p>&nbsp;<\/p>\n<p><a href=\"https:\/\/educastur-my.sharepoint.com\/:v:\/g\/personal\/fcojgg_educastur_org\/EXoBQwzcE4xKvmwOag97cD4BBpeKQh6cAxt6V-InozPauQ?e=uVuPJA&amp;nav=eyJyZWZlcnJhbEluZm8iOnsicmVmZXJyYWxBcHAiOiJTdHJlYW1XZWJBcHAiLCJyZWZlcnJhbFZpZXciOiJTaGFyZURpYWxvZy1MaW5rIiwicmVmZXJyYWxBcHBQbGF0Zm9ybSI6IldlYiIsInJlZmVycmFsTW9kZSI6InZpZXcifX0%3D\"><img loading=\"lazy\" decoding=\"async\" class=\"size-medium wp-image-200 alignleft\" src=\"http:\/\/edublog.educastur.es\/cislancircular\/files\/2024\/04\/MERCADILLO-NAVIDENO-300x167.jpg\" alt=\"\" width=\"300\" height=\"167\" srcset=\"https:\/\/edublog.educastur.es\/cislancircular\/files\/2024\/04\/MERCADILLO-NAVIDENO-300x167.jpg 300w, https:\/\/edublog.educastur.es\/cislancircular\/files\/2024\/04\/MERCADILLO-NAVIDENO-1024x569.jpg 1024w, https:\/\/edublog.educastur.es\/cislancircular\/files\/2024\/04\/MERCADILLO-NAVIDENO-768x427.jpg 768w, https:\/\/edublog.educastur.es\/cislancircular\/files\/2024\/04\/MERCADILLO-NAVIDENO-676x376.jpg 676w, https:\/\/edublog.educastur.es\/cislancircular\/files\/2024\/04\/MERCADILLO-NAVIDENO.jpg 1143w\" sizes=\"auto, (max-width: 300px) 100vw, 300px\" \/><\/a><\/p>\n<p>&nbsp;<\/p>\n<p><a href=\"https:\/\/educastur-my.sharepoint.com\/:v:\/g\/personal\/fcojgg_educastur_org\/EeWYfclNWEVMnBxb5gG2n68BxTYH9sjbMKlSYPFNQPSaNg?e=czE03q&amp;nav=eyJyZWZlcnJhbEluZm8iOnsicmVmZXJyYWxBcHAiOiJTdHJlYW1XZWJBcHAiLCJyZWZlcnJhbFZpZXciOiJTaGFyZURpYWxvZy1MaW5rIiwicmVmZXJyYWxBcHBQbGF0Zm9ybSI6IldlYiIsInJlZmVycmFsTW9kZSI6InZpZXcifX0%3D\"><img loading=\"lazy\" decoding=\"async\" class=\"wp-image-201 alignleft\" src=\"http:\/\/edublog.educastur.es\/cislancircular\/files\/2024\/04\/CAMPANA-300x174.jpg\" alt=\"\" width=\"300\" height=\"174\" srcset=\"https:\/\/edublog.educastur.es\/cislancircular\/files\/2024\/04\/CAMPANA-300x174.jpg 300w, https:\/\/edublog.educastur.es\/cislancircular\/files\/2024\/04\/CAMPANA-1024x595.jpg 1024w, https:\/\/edublog.educastur.es\/cislancircular\/files\/2024\/04\/CAMPANA-768x446.jpg 768w, https:\/\/edublog.educastur.es\/cislancircular\/files\/2024\/04\/CAMPANA-676x393.jpg 676w, https:\/\/edublog.educastur.es\/cislancircular\/files\/2024\/04\/CAMPANA.jpg 1078w\" sizes=\"auto, (max-width: 300px) 100vw, 300px\" \/><\/a><\/p>\n<p>&nbsp;<\/p>\n<p>&nbsp;<\/p>\n<p>&nbsp;<\/p>\n<p>&nbsp;<\/p>\n<p>&nbsp;<\/p>\n<p>&nbsp;<\/p>\n<p>&nbsp;<\/p>\n<p>&nbsp;<\/p>\n<p>&nbsp;<\/p>\n<blockquote>\n<p style=\"text-align: center\"><span style=\"font-size: 14pt\"><strong>MERCADILLO SOLIDARIO Navidad 2023-2024<\/strong><\/span><\/p>\n<\/blockquote>\n<p>Con motivo de la semana europea de prevenci\u00f3n de residuos, bajo el lema\u00a0 \u00abno te dejes envolver\u00bb se organiza con la participaci\u00f3n de alumnado de Iluminaci\u00f3n, captaci\u00f3n y tratamiento de la imagen y alumnado de Producci\u00f3n de espect\u00e1culos y eventos,\u00a0 este mercadillo navide\u00f1o,\u00a0 durante 4 d\u00edas en horario del recreo<\/p>\n<p>&nbsp;<\/p>\n<div id=\"attachment_74\" style=\"width: 350px\" class=\"wp-caption alignleft\"><img loading=\"lazy\" decoding=\"async\" aria-describedby=\"caption-attachment-74\" class=\"wp-image-74\" src=\"http:\/\/edublog.educastur.es\/cislancircular\/files\/2024\/04\/IMG_2994.jpg.1-300x241.jpg\" alt=\"Mesa con objetos reciclados listos para su venta\" width=\"340\" height=\"273\" srcset=\"https:\/\/edublog.educastur.es\/cislancircular\/files\/2024\/04\/IMG_2994.jpg.1-300x241.jpg 300w, https:\/\/edublog.educastur.es\/cislancircular\/files\/2024\/04\/IMG_2994.jpg.1-1024x824.jpg 1024w, https:\/\/edublog.educastur.es\/cislancircular\/files\/2024\/04\/IMG_2994.jpg.1-768x618.jpg 768w, https:\/\/edublog.educastur.es\/cislancircular\/files\/2024\/04\/IMG_2994.jpg.1-1536x1235.jpg 1536w, https:\/\/edublog.educastur.es\/cislancircular\/files\/2024\/04\/IMG_2994.jpg.1-2048x1647.jpg 2048w, https:\/\/edublog.educastur.es\/cislancircular\/files\/2024\/04\/IMG_2994.jpg.1-676x544.jpg 676w\" sizes=\"auto, (max-width: 340px) 100vw, 340px\" \/><p id=\"caption-attachment-74\" class=\"wp-caption-text\"><strong>Muestra de productos puestos a la venta en el mercadillo navide\u00f1o.<\/strong><\/p><\/div>\n<p>&nbsp;<\/p>\n<p><strong>Objetivo<\/strong>: Con motivo de la cercan\u00eda de las Navidades, se propone la venta de productos reciclados de envases y embalajes, as\u00ed como de otros productos con el fin de su reutilizaci\u00f3n en mesas y arboles navide\u00f1os.<\/p>\n<p>&nbsp;<\/p>\n<p><strong>Finalidad:<\/strong> Recaudar dinero para comprar un m\u00e1quina que transforme pl\u00e1stico en filamento que se pueda utilizar en la impresora 3D y poder seguir creando nuevos productos a partir de residuos.<\/p>\n<p>&nbsp;<\/p>\n","protected":false},"excerpt":{"rendered":"<p>SEMANA EUROPEA DE PREVENCI\u00d3N DE RESIDUOS : \u00abNO TE DEJES ENVOLVER\u00bb La tem\u00e1tica de la Semana europea de 2024\u00a0 aborda dos temas fundamentales, el consumo sostenible y la econom\u00eda circular, y el foco se centra en la problem\u00e1tica de la generaci\u00f3n de residuos provenientes del empaquetado y embalaje de productos. Con el objetivo de ser [&hellip;]<\/p>\n","protected":false},"author":1350,"featured_media":0,"parent":0,"menu_order":0,"comment_status":"closed","ping_status":"closed","template":"","meta":{"footnotes":""},"class_list":["post-45","page","type-page","status-publish","hentry","post-preview"],"_links":{"self":[{"href":"https:\/\/edublog.educastur.es\/cislancircular\/wp-json\/wp\/v2\/pages\/45","targetHints":{"allow":["GET"]}}],"collection":[{"href":"https:\/\/edublog.educastur.es\/cislancircular\/wp-json\/wp\/v2\/pages"}],"about":[{"href":"https:\/\/edublog.educastur.es\/cislancircular\/wp-json\/wp\/v2\/types\/page"}],"author":[{"embeddable":true,"href":"https:\/\/edublog.educastur.es\/cislancircular\/wp-json\/wp\/v2\/users\/1350"}],"replies":[{"embeddable":true,"href":"https:\/\/edublog.educastur.es\/cislancircular\/wp-json\/wp\/v2\/comments?post=45"}],"version-history":[{"count":19,"href":"https:\/\/edublog.educastur.es\/cislancircular\/wp-json\/wp\/v2\/pages\/45\/revisions"}],"predecessor-version":[{"id":237,"href":"https:\/\/edublog.educastur.es\/cislancircular\/wp-json\/wp\/v2\/pages\/45\/revisions\/237"}],"wp:attachment":[{"href":"https:\/\/edublog.educastur.es\/cislancircular\/wp-json\/wp\/v2\/media?parent=45"}],"curies":[{"name":"wp","href":"https:\/\/api.w.org\/{rel}","templated":true}]}}