{"id":5,"date":"2024-04-11T11:55:32","date_gmt":"2024-04-11T09:55:32","guid":{"rendered":"https:\/\/edublog.educastur.es\/cislancircular\/?page_id=5"},"modified":"2025-12-15T10:49:16","modified_gmt":"2025-12-15T09:49:16","slug":"reducir","status":"publish","type":"page","link":"https:\/\/edublog.educastur.es\/cislancircular\/reducir\/","title":{"rendered":"Reducir"},"content":{"rendered":"<p>&nbsp;<\/p>\n<blockquote><p><img loading=\"lazy\" decoding=\"async\" class=\"wp-image-87 alignleft\" src=\"http:\/\/edublog.educastur.es\/cislancircular\/files\/2024\/04\/IMG_6563-300x225.jpg\" alt=\"\" width=\"146\" height=\"109\" srcset=\"https:\/\/edublog.educastur.es\/cislancircular\/files\/2024\/04\/IMG_6563-300x225.jpg 300w, https:\/\/edublog.educastur.es\/cislancircular\/files\/2024\/04\/IMG_6563-1024x768.jpg 1024w, https:\/\/edublog.educastur.es\/cislancircular\/files\/2024\/04\/IMG_6563-768x576.jpg 768w, https:\/\/edublog.educastur.es\/cislancircular\/files\/2024\/04\/IMG_6563-1536x1152.jpg 1536w, https:\/\/edublog.educastur.es\/cislancircular\/files\/2024\/04\/IMG_6563-2048x1536.jpg 2048w, https:\/\/edublog.educastur.es\/cislancircular\/files\/2024\/04\/IMG_6563-676x507.jpg 676w\" sizes=\"auto, (max-width: 146px) 100vw, 146px\" \/><\/p>\n<p>Nuestro centro cuenta con<strong> instalaci\u00f3n de geotermia<\/strong> desde el curso 23\/24con ello se consigue reducir los consumos de energ\u00eda t\u00e9rmica hasta en un 75 %, as\u00ed como las emisiones de CO2 a la atmosfera, contribuyendo, de ese modo a la reducci\u00f3n de los gases de efecto invernadero.<\/p>\n<p>&nbsp;<\/p><\/blockquote>\n<p>&nbsp;<\/p>\n<blockquote><p><img loading=\"lazy\" decoding=\"async\" class=\"wp-image-31 alignleft\" src=\"http:\/\/edublog.educastur.es\/cislancircular\/files\/2024\/04\/luces-led-300x300.jpeg\" alt=\"\" width=\"144\" height=\"144\" srcset=\"https:\/\/edublog.educastur.es\/cislancircular\/files\/2024\/04\/luces-led-300x300.jpeg 300w, https:\/\/edublog.educastur.es\/cislancircular\/files\/2024\/04\/luces-led-150x150.jpeg 150w, https:\/\/edublog.educastur.es\/cislancircular\/files\/2024\/04\/luces-led-768x768.jpeg 768w, https:\/\/edublog.educastur.es\/cislancircular\/files\/2024\/04\/luces-led-676x676.jpeg 676w, https:\/\/edublog.educastur.es\/cislancircular\/files\/2024\/04\/luces-led.jpeg 1024w\" sizes=\"auto, (max-width: 144px) 100vw, 144px\" \/><\/p>\n<p>En un periodo de 2 a\u00f1os se ha <strong>renovado el sistema de iluminaci\u00f3n<\/strong>, apostando por luces Led, gracias a su bajo consumo ayudan a producir menos contaminaci\u00f3n ambiental y, al permitir una mejor regulaci\u00f3n de la potencia de\u00a0iluminaci\u00f3n, nos ayudan a tener un menor impacto de contaminaci\u00f3n lum\u00ednica. Por otro lado , trabajamos en espacios lo m\u00e1s luminosos posibles y planifican las actividades audiovisuales aprovechando la luz natural , Se ajusta el brillo de la pantalla<\/p>\n<p>&nbsp;<\/p><\/blockquote>\n<p>&nbsp;<\/p>\n<blockquote>\n<p style=\"text-align: center\"><span style=\"font-size: 18pt\"><strong>Fomentamos\u00a0 el ahorro de energ\u00eda en el uso de nuestros equipos.<\/strong><\/span><\/p>\n<\/blockquote>\n<p>&nbsp;<\/p>\n<p><img loading=\"lazy\" decoding=\"async\" class=\"wp-image-185 alignleft\" src=\"http:\/\/edublog.educastur.es\/cislancircular\/files\/2024\/04\/20240422_150728-225x300.jpg\" alt=\"\" width=\"72\" height=\"96\" srcset=\"https:\/\/edublog.educastur.es\/cislancircular\/files\/2024\/04\/20240422_150728-225x300.jpg 225w, https:\/\/edublog.educastur.es\/cislancircular\/files\/2024\/04\/20240422_150728-768x1024.jpg 768w, https:\/\/edublog.educastur.es\/cislancircular\/files\/2024\/04\/20240422_150728-1152x1536.jpg 1152w, https:\/\/edublog.educastur.es\/cislancircular\/files\/2024\/04\/20240422_150728-676x901.jpg 676w, https:\/\/edublog.educastur.es\/cislancircular\/files\/2024\/04\/20240422_150728-rotated.jpg 1500w\" sizes=\"auto, (max-width: 72px) 100vw, 72px\" \/><\/p>\n<p>&nbsp;<\/p>\n<p>En el centro apostamos por peque\u00f1os h\u00e1bitos que tienen un gran impacto. Los equipos se apagan o se dejan en modo suspensi\u00f3n o hibernaci\u00f3n cuando no se est\u00e1n usando, fomentamos el trabajo en la nube para reducir al m\u00e1ximo el uso de papel y solo imprimimos cuando es realmente necesario: en blanco y negro y a doble cara. Adem\u00e1s, hemos dejado atr\u00e1s los soportes f\u00edsicos y apostamos por una comunicaci\u00f3n totalmente digital.<\/p>\n<blockquote>\n<p style=\"text-align: center\"><span style=\"font-size: 18pt\"><strong>Tratamos de reducir el impac<\/strong><\/span><strong style=\"font-size: 18pt\">to de la huella digital<\/strong><\/p>\n<\/blockquote>\n<p>Tambi\u00e9n cuidamos el entorno digital. Eliminamos residuos virtuales, desactivamos recursos que no se utilizan y optimizamos nuestro material de trabajo: comprimimos archivos, ajustamos el peso de las im\u00e1genes y reducimos el tama\u00f1o de los documentos antes de enviarlos. De esta forma trabajamos de manera m\u00e1s eficiente y responsable, sin renunciar a la calidad de los proyectos audiovisuales.<\/p>\n<blockquote>\n<p style=\"text-align: center\"><span style=\"font-size: 18pt\"><strong>Apostamos por el kil\u00f3metro cero<\/strong><\/span><\/p>\n<\/blockquote>\n<p>Siempre que es posible apostamos por compras de proximidad y llevamos un inventario para gestionar mejor los materiales. Nuestro objetivo es claro: reducir, reutilizar y dar cada vez m\u00e1s espacio al reciclaje, tambi\u00e9n en el d\u00eda a d\u00eda del trabajo audiovisual.<\/p>\n<blockquote>\n<p style=\"text-align: center\"><span style=\"font-size: 18pt\"><strong>Promovemos una movilidad sostenible<\/strong><\/span><\/p>\n<\/blockquote>\n<p>Todo esto contribuye a reducir nuestra huella de carbono. Adem\u00e1s, impulsamos iniciativas como la campa\u00f1a <strong data-start=\"231\" data-end=\"262\">\u201cT\u00fa me llevas, yo te llevo\u201d<\/strong>, que fomenta el uso compartido del transporte y nos recuerda que, con peque\u00f1os gestos, tambi\u00e9n podemos generar un gran impacto positivo.<\/p>\n<blockquote>\n<p style=\"text-align: center\"><span style=\"font-size: 18pt\"><strong>Realizamos un consumo responsable en nuestro tiempo de descanso<\/strong><\/span><\/p>\n<\/blockquote>\n<p>Reducimos al m\u00e1ximo el uso de vasos de caf\u00e9 desechables y para ello el alumnado dispone de un stand donde puede dejar y reutilizar sus propios vasos. Adem\u00e1s, contamos con un espacio habilitado para comer y beber, animando a traer comida de casa y as\u00ed disminuir el uso de envases y embalajes de un solo uso.<\/p>\n<blockquote>\n<p style=\"text-align: center\"><span style=\"font-size: 18pt\"><strong>\u00a0<\/strong><\/span><span style=\"font-size: 18pt\"><strong>Realizamos una educaci\u00f3n ambiental y de concienciaci\u00f3n<\/strong><\/span><\/p>\n<\/blockquote>\n<p><img loading=\"lazy\" decoding=\"async\" class=\"size-full wp-image-30 alignleft\" style=\"color: #666666;font-family: Raleway, 'Helvetica Neue', sans-serif;text-align: center\" src=\"http:\/\/edublog.educastur.es\/cislancircular\/files\/2024\/04\/educacion.png\" alt=\"\" width=\"130\" height=\"131\" \/><\/p>\n<p>&nbsp;<\/p>\n<p>I\u00a1Integramos retos sostenibles en el aula y los convertimos en proyectos reales, apostando por actividades de responsabilidad social que conectan la formaci\u00f3n audiovisual con el compromiso social y el impacto positivo en nuestro entorno.<\/p>\n\n<!-- iframe plugin v.6.0 wordpress.org\/plugins\/iframe\/ -->\n<iframe loading=\"lazy\" src=\"https:\/\/educastur-my.sharepoint.com\/personal\/doritt_educastur_org\/_layouts\/15\/embed.aspx?UniqueId=1c35e53f-34fc-4a91-8bc0-89a685493cf2&#038;embed=%7B%22ust%22%3Atrue%2C%22hv%22%3A%22CopyEmbedCode%22%7D&#038;referrer=StreamWebApp&#038;referrerScenario=EmbedDialog.Create\" width=\"640\" height=\"360\" frameborder=\"0\" scrolling=\"no\" 0=\"allowfullscreen\" 1=\"title=&quot;2021\" 2=\"ODS\" 3=\"CISLAN_H.264\" 4=\"(20MB).mp4&quot;&gt;&lt;\/iframe\" class=\"iframe-class\"><\/iframe>\n\n<p>&nbsp;<\/p>\n<p>&nbsp;<\/p>\n<p>&nbsp;<\/p>\n<blockquote>\n<p style=\"text-align: center\"><strong>Alargamos la vida de nuestros equipos<\/strong><\/p>\n<\/blockquote>\n<p>&nbsp;<\/p>\n<p>Somos muy conscientes de que la fabricaci\u00f3n de los equipos electr\u00f3nicos genera contaminaci\u00f3n, utiliza componentes da\u00f1inos para el medio ambiente y, en ocasiones, est\u00e1 ligada a explotaci\u00f3n laboral o impacto paisaj\u00edstico. Tambi\u00e9n consideramos el gasto energ\u00e9tico, el almacenamiento de datos y la contaminaci\u00f3n al final de la vida \u00fatil de los equipos.<\/p>\n<p>Por eso, en nuestro centro cuidamos y protegemos el material, tratamos de actualizarlo siempre que podemos y alargamos su vida \u00fatil para evitar la obsolescencia y reducir nuestro impacto ambiental..<\/p>\n<p>&nbsp;<\/p>\n","protected":false},"excerpt":{"rendered":"<p>&nbsp; Nuestro centro cuenta con instalaci\u00f3n de geotermia desde el curso 23\/24con ello se consigue reducir los consumos de energ\u00eda t\u00e9rmica hasta en un 75 %, as\u00ed como las emisiones de CO2 a la atmosfera, contribuyendo, de ese modo a la reducci\u00f3n de los gases de efecto invernadero. &nbsp; &nbsp; En un periodo de 2 [&hellip;]<\/p>\n","protected":false},"author":1350,"featured_media":0,"parent":0,"menu_order":0,"comment_status":"closed","ping_status":"closed","template":"","meta":{"footnotes":""},"class_list":["post-5","page","type-page","status-publish","hentry","post-preview"],"_links":{"self":[{"href":"https:\/\/edublog.educastur.es\/cislancircular\/wp-json\/wp\/v2\/pages\/5","targetHints":{"allow":["GET"]}}],"collection":[{"href":"https:\/\/edublog.educastur.es\/cislancircular\/wp-json\/wp\/v2\/pages"}],"about":[{"href":"https:\/\/edublog.educastur.es\/cislancircular\/wp-json\/wp\/v2\/types\/page"}],"author":[{"embeddable":true,"href":"https:\/\/edublog.educastur.es\/cislancircular\/wp-json\/wp\/v2\/users\/1350"}],"replies":[{"embeddable":true,"href":"https:\/\/edublog.educastur.es\/cislancircular\/wp-json\/wp\/v2\/comments?post=5"}],"version-history":[{"count":22,"href":"https:\/\/edublog.educastur.es\/cislancircular\/wp-json\/wp\/v2\/pages\/5\/revisions"}],"predecessor-version":[{"id":322,"href":"https:\/\/edublog.educastur.es\/cislancircular\/wp-json\/wp\/v2\/pages\/5\/revisions\/322"}],"wp:attachment":[{"href":"https:\/\/edublog.educastur.es\/cislancircular\/wp-json\/wp\/v2\/media?parent=5"}],"curies":[{"name":"wp","href":"https:\/\/api.w.org\/{rel}","templated":true}]}}