{"id":7,"date":"2024-04-11T11:55:47","date_gmt":"2024-04-11T09:55:47","guid":{"rendered":"https:\/\/edublog.educastur.es\/cislancircular\/?page_id=7"},"modified":"2025-12-15T10:54:05","modified_gmt":"2025-12-15T09:54:05","slug":"reutilizar","status":"publish","type":"page","link":"https:\/\/edublog.educastur.es\/cislancircular\/reutilizar\/","title":{"rendered":"Reutilizar"},"content":{"rendered":"<blockquote><p><strong>Vestuario sostenible para nuestro teatro<\/strong><\/p><\/blockquote>\n<div id=\"attachment_140\" style=\"width: 253px\" class=\"wp-caption alignright\"><img loading=\"lazy\" decoding=\"async\" aria-describedby=\"caption-attachment-140\" class=\"wp-image-140\" src=\"http:\/\/edublog.educastur.es\/cislancircular\/files\/2024\/04\/7AA29DF4-329B-4520-9CAD-CF5DC7374EAA-1-300x249.jpeg\" alt=\"\" width=\"243\" height=\"201\" srcset=\"https:\/\/edublog.educastur.es\/cislancircular\/files\/2024\/04\/7AA29DF4-329B-4520-9CAD-CF5DC7374EAA-1-300x249.jpeg 300w, https:\/\/edublog.educastur.es\/cislancircular\/files\/2024\/04\/7AA29DF4-329B-4520-9CAD-CF5DC7374EAA-1-1024x852.jpeg 1024w, https:\/\/edublog.educastur.es\/cislancircular\/files\/2024\/04\/7AA29DF4-329B-4520-9CAD-CF5DC7374EAA-1-768x639.jpeg 768w, https:\/\/edublog.educastur.es\/cislancircular\/files\/2024\/04\/7AA29DF4-329B-4520-9CAD-CF5DC7374EAA-1-676x562.jpeg 676w, https:\/\/edublog.educastur.es\/cislancircular\/files\/2024\/04\/7AA29DF4-329B-4520-9CAD-CF5DC7374EAA-1.jpeg 1170w\" sizes=\"auto, (max-width: 243px) 100vw, 243px\" \/><p id=\"caption-attachment-140\" class=\"wp-caption-text\">Vestuario de atrezo y complementos de nuestro centro.<\/p><\/div>\n<div id=\"attachment_141\" style=\"width: 283px\" class=\"wp-caption alignright\"><img loading=\"lazy\" decoding=\"async\" aria-describedby=\"caption-attachment-141\" class=\"wp-image-141\" src=\"http:\/\/edublog.educastur.es\/cislancircular\/files\/2024\/04\/IMG_6580-300x225.jpg\" alt=\"\" width=\"273\" height=\"205\" srcset=\"https:\/\/edublog.educastur.es\/cislancircular\/files\/2024\/04\/IMG_6580-300x225.jpg 300w, https:\/\/edublog.educastur.es\/cislancircular\/files\/2024\/04\/IMG_6580-1024x768.jpg 1024w, https:\/\/edublog.educastur.es\/cislancircular\/files\/2024\/04\/IMG_6580-768x576.jpg 768w, https:\/\/edublog.educastur.es\/cislancircular\/files\/2024\/04\/IMG_6580-1536x1152.jpg 1536w, https:\/\/edublog.educastur.es\/cislancircular\/files\/2024\/04\/IMG_6580-676x507.jpg 676w, https:\/\/edublog.educastur.es\/cislancircular\/files\/2024\/04\/IMG_6580.jpg 1920w\" sizes=\"auto, (max-width: 273px) 100vw, 273px\" \/><p id=\"caption-attachment-141\" class=\"wp-caption-text\">Vestuario para teatro<\/p><\/div>\n<p>&nbsp;<\/p>\n<p>&nbsp;<\/p>\n<p>&nbsp;<\/p>\n<p>&nbsp;<\/p>\n<p>&nbsp;<\/p>\n<p>&nbsp;<\/p>\n<p>&nbsp;<\/p>\n<p data-start=\"126\" data-end=\"459\">La industria de la moda es una de las grandes responsables de la contaminaci\u00f3n del aire y del agua, por eso en nuestras producciones apostamos por un vestuario sostenible. Contamos con un espacio en los camerinos donde el alumnado \u2014y cualquier persona interesada\u2014 puede aportar prendas para utilizarlas en los proyectos del centro.<\/p>\n<p data-start=\"466\" data-end=\"737\">Esta pr\u00e1ctica no solo fomenta la conciencia sobre la moda sostenible, sino que tambi\u00e9n pone a prueba la creatividad del alumnado: customizar, adaptar y transformar prendas para cada proyecto se convierte en un reto que une responsabilidad ambiental y expresi\u00f3n art\u00edstica.<\/p>\n<p>&nbsp;<\/p>\n<blockquote><p><strong>Control de inventario<\/strong><\/p><\/blockquote>\n<p data-start=\"125\" data-end=\"481\">En nuestro centro llevamos un control exhaustivo del inventario de todos los equipos. Cada a\u00f1o se reparan y actualizan para alargar su vida \u00fatil, pero somos conscientes de que, a veces, necesitamos tecnolog\u00eda m\u00e1s avanzada. En esos casos, buscamos que el material pueda tener una segunda vida: a trav\u00e9s de ofertas o donaciones, lo cedemos a otros centros.<\/p>\n<p data-start=\"488\" data-end=\"801\">Cuando un equipo ya no es reutilizable, notificamos a inspecci\u00f3n para que se retire y se lleve a un punto de reciclaje. Nuestra pol\u00edtica de inventarios est\u00e1 pensada para fomentar un uso responsable, mantener actualizaciones peri\u00f3dicas y sacar el m\u00e1ximo provecho a cada equipo, reduciendo as\u00ed el impacto ambiental.<\/p>\n<p>&nbsp;<\/p>\n<blockquote><p><strong>Red CISLANTES<\/strong><\/p><\/blockquote>\n<p><img loading=\"lazy\" decoding=\"async\" class=\"size-medium wp-image-142 alignleft\" src=\"http:\/\/edublog.educastur.es\/cislancircular\/files\/2024\/04\/Imagen1-167x300.jpg\" alt=\"\" width=\"167\" height=\"300\" srcset=\"https:\/\/edublog.educastur.es\/cislancircular\/files\/2024\/04\/Imagen1-167x300.jpg 167w, https:\/\/edublog.educastur.es\/cislancircular\/files\/2024\/04\/Imagen1.jpg 360w\" sizes=\"auto, (max-width: 167px) 100vw, 167px\" \/><\/p>\n<p>&nbsp;<\/p>\n<p data-start=\"126\" data-end=\"500\">Hemos creado una <strong data-start=\"143\" data-end=\"166\">Red de Comunicaci\u00f3n<\/strong> para promover el uso responsable de los recursos tecnol\u00f3gicos. En ella, alumnado y exalumnado pueden compartir conocimientos, colaborar en proyectos, mantener contactos profesionales y ceder, intercambiar o vender equipos como c\u00e1maras de foto y video, port\u00e1tiles o m\u00f3viles, contribuyendo as\u00ed a una mayor sostenibilidad tecnol\u00f3gica. Tambi\u00e9n disponemos de un panel f\u00edsico en la entrada del centro como punto de encuentro.<\/p>\n<p data-start=\"507\" data-end=\"749\">Adem\u00e1s, la red tambi\u00e9n gestiona la <strong data-start=\"542\" data-end=\"572\">campa\u00f1a de compartir coche<\/strong>, ayudando a ahorrar tiempo, dinero y, por supuesto, recursos energ\u00e9ticos. De esta manera, fomentamos la cooperaci\u00f3n, la creatividad y la conciencia ambiental al mismo tiempo.<\/p>\n<p>&nbsp;<\/p>\n<p>&nbsp;<\/p>\n<blockquote><p><strong>Ecosia, nuestro buscador de referencia.<\/strong><\/p><\/blockquote>\n<p><img loading=\"lazy\" decoding=\"async\" class=\"alignnone size-medium wp-image-143\" src=\"http:\/\/edublog.educastur.es\/cislancircular\/files\/2024\/04\/Captura-300x29.jpg\" alt=\"\" width=\"300\" height=\"29\" srcset=\"https:\/\/edublog.educastur.es\/cislancircular\/files\/2024\/04\/Captura-300x29.jpg 300w, https:\/\/edublog.educastur.es\/cislancircular\/files\/2024\/04\/Captura-768x74.jpg 768w, https:\/\/edublog.educastur.es\/cislancircular\/files\/2024\/04\/Captura-676x65.jpg 676w, https:\/\/edublog.educastur.es\/cislancircular\/files\/2024\/04\/Captura.jpg 801w\" sizes=\"auto, (max-width: 300px) 100vw, 300px\" \/><\/p>\n<p>Utilizamos un buscador comprometido con el medio ambiente, que destina el 100% de sus beneficios a proyectos de reforestaci\u00f3n y a la instalaci\u00f3n de paneles solares, con el objetivo de plantar mil millones de \u00e1rboles antes de 2025. Animamos a nuestro alumnado a tenerlo presente en sus b\u00fasquedas diarias, convirtiendo un simple clic en una forma de colaborar con el planeta.<\/p>\n<blockquote><p><strong>Navidad sostenible<\/strong><\/p><\/blockquote>\n<p>Nuestra Navidad es un festival de productos reciclados, y reutilizados que decoran todas nuestras estancias como si de un escenario de pel\u00edcula se tratara.\u00a0 Aqu\u00ed todo el mundo trabaja y aporta sus ideas para que el centro luzca como ninguno en estas fechas.<\/p>\n<p><img loading=\"lazy\" decoding=\"async\" class=\"alignnone size-medium wp-image-145\" src=\"http:\/\/edublog.educastur.es\/cislancircular\/files\/2024\/04\/PHOTO-2024-04-17-12-34-51-225x300.jpg\" alt=\"\" width=\"225\" height=\"300\" srcset=\"https:\/\/edublog.educastur.es\/cislancircular\/files\/2024\/04\/PHOTO-2024-04-17-12-34-51-225x300.jpg 225w, https:\/\/edublog.educastur.es\/cislancircular\/files\/2024\/04\/PHOTO-2024-04-17-12-34-51-768x1024.jpg 768w, https:\/\/edublog.educastur.es\/cislancircular\/files\/2024\/04\/PHOTO-2024-04-17-12-34-51-1152x1536.jpg 1152w, https:\/\/edublog.educastur.es\/cislancircular\/files\/2024\/04\/PHOTO-2024-04-17-12-34-51-676x901.jpg 676w, https:\/\/edublog.educastur.es\/cislancircular\/files\/2024\/04\/PHOTO-2024-04-17-12-34-51.jpg 1536w\" sizes=\"auto, (max-width: 225px) 100vw, 225px\" \/> <img loading=\"lazy\" decoding=\"async\" class=\"alignnone size-medium wp-image-146\" src=\"http:\/\/edublog.educastur.es\/cislancircular\/files\/2024\/04\/PHOTO-2024-04-17-12-35-48-225x300.jpg\" alt=\"\" width=\"225\" height=\"300\" srcset=\"https:\/\/edublog.educastur.es\/cislancircular\/files\/2024\/04\/PHOTO-2024-04-17-12-35-48-225x300.jpg 225w, https:\/\/edublog.educastur.es\/cislancircular\/files\/2024\/04\/PHOTO-2024-04-17-12-35-48-768x1024.jpg 768w, https:\/\/edublog.educastur.es\/cislancircular\/files\/2024\/04\/PHOTO-2024-04-17-12-35-48-1152x1536.jpg 1152w, https:\/\/edublog.educastur.es\/cislancircular\/files\/2024\/04\/PHOTO-2024-04-17-12-35-48-676x901.jpg 676w, https:\/\/edublog.educastur.es\/cislancircular\/files\/2024\/04\/PHOTO-2024-04-17-12-35-48.jpg 1536w\" sizes=\"auto, (max-width: 225px) 100vw, 225px\" \/> <img loading=\"lazy\" decoding=\"async\" class=\"alignnone size-medium wp-image-147\" src=\"http:\/\/edublog.educastur.es\/cislancircular\/files\/2024\/04\/PHOTO-2024-04-17-12-36-07-225x300.jpg\" alt=\"\" width=\"225\" height=\"300\" srcset=\"https:\/\/edublog.educastur.es\/cislancircular\/files\/2024\/04\/PHOTO-2024-04-17-12-36-07-225x300.jpg 225w, https:\/\/edublog.educastur.es\/cislancircular\/files\/2024\/04\/PHOTO-2024-04-17-12-36-07-768x1024.jpg 768w, https:\/\/edublog.educastur.es\/cislancircular\/files\/2024\/04\/PHOTO-2024-04-17-12-36-07-1152x1536.jpg 1152w, https:\/\/edublog.educastur.es\/cislancircular\/files\/2024\/04\/PHOTO-2024-04-17-12-36-07-676x901.jpg 676w, https:\/\/edublog.educastur.es\/cislancircular\/files\/2024\/04\/PHOTO-2024-04-17-12-36-07.jpg 1536w\" sizes=\"auto, (max-width: 225px) 100vw, 225px\" \/> <img loading=\"lazy\" decoding=\"async\" class=\"alignnone size-medium wp-image-148\" src=\"http:\/\/edublog.educastur.es\/cislancircular\/files\/2024\/04\/PHOTO-2024-04-17-12-36-29-225x300.jpg\" alt=\"\" width=\"225\" height=\"300\" srcset=\"https:\/\/edublog.educastur.es\/cislancircular\/files\/2024\/04\/PHOTO-2024-04-17-12-36-29-225x300.jpg 225w, https:\/\/edublog.educastur.es\/cislancircular\/files\/2024\/04\/PHOTO-2024-04-17-12-36-29-768x1024.jpg 768w, https:\/\/edublog.educastur.es\/cislancircular\/files\/2024\/04\/PHOTO-2024-04-17-12-36-29-1152x1536.jpg 1152w, https:\/\/edublog.educastur.es\/cislancircular\/files\/2024\/04\/PHOTO-2024-04-17-12-36-29-676x901.jpg 676w, https:\/\/edublog.educastur.es\/cislancircular\/files\/2024\/04\/PHOTO-2024-04-17-12-36-29.jpg 1536w\" sizes=\"auto, (max-width: 225px) 100vw, 225px\" \/> <img loading=\"lazy\" decoding=\"async\" class=\"alignnone size-medium wp-image-149\" src=\"http:\/\/edublog.educastur.es\/cislancircular\/files\/2024\/04\/PHOTO-2024-04-17-12-36-48-169x300.jpg\" alt=\"\" width=\"169\" height=\"300\" srcset=\"https:\/\/edublog.educastur.es\/cislancircular\/files\/2024\/04\/PHOTO-2024-04-17-12-36-48-169x300.jpg 169w, https:\/\/edublog.educastur.es\/cislancircular\/files\/2024\/04\/PHOTO-2024-04-17-12-36-48-576x1024.jpg 576w, https:\/\/edublog.educastur.es\/cislancircular\/files\/2024\/04\/PHOTO-2024-04-17-12-36-48-768x1365.jpg 768w, https:\/\/edublog.educastur.es\/cislancircular\/files\/2024\/04\/PHOTO-2024-04-17-12-36-48-864x1536.jpg 864w, https:\/\/edublog.educastur.es\/cislancircular\/files\/2024\/04\/PHOTO-2024-04-17-12-36-48-676x1202.jpg 676w, https:\/\/edublog.educastur.es\/cislancircular\/files\/2024\/04\/PHOTO-2024-04-17-12-36-48.jpg 1152w\" sizes=\"auto, (max-width: 169px) 100vw, 169px\" \/> <img loading=\"lazy\" decoding=\"async\" class=\"alignnone size-medium wp-image-150\" src=\"http:\/\/edublog.educastur.es\/cislancircular\/files\/2024\/04\/PHOTO-2024-04-17-12-37-12-169x300.jpg\" alt=\"\" width=\"169\" height=\"300\" srcset=\"https:\/\/edublog.educastur.es\/cislancircular\/files\/2024\/04\/PHOTO-2024-04-17-12-37-12-169x300.jpg 169w, https:\/\/edublog.educastur.es\/cislancircular\/files\/2024\/04\/PHOTO-2024-04-17-12-37-12-576x1024.jpg 576w, https:\/\/edublog.educastur.es\/cislancircular\/files\/2024\/04\/PHOTO-2024-04-17-12-37-12-768x1365.jpg 768w, https:\/\/edublog.educastur.es\/cislancircular\/files\/2024\/04\/PHOTO-2024-04-17-12-37-12-864x1536.jpg 864w, https:\/\/edublog.educastur.es\/cislancircular\/files\/2024\/04\/PHOTO-2024-04-17-12-37-12-676x1202.jpg 676w, https:\/\/edublog.educastur.es\/cislancircular\/files\/2024\/04\/PHOTO-2024-04-17-12-37-12.jpg 1152w\" sizes=\"auto, (max-width: 169px) 100vw, 169px\" \/><\/p>\n<p>En este video pod\u00e9is ver una aportaci\u00f3n de Javi, el conserje del centro colaborando en la realizaci\u00f3n de adornos.<\/p>\n<p><a href=\"https:\/\/educastur-my.sharepoint.com\/:v:\/g\/personal\/doritt_educastur_org\/EWquLQRxIDxHvIxORXijfZQBNNnXVB7D64xBZAoDtrW8jw?e=cjdnvv&amp;nav=eyJyZWZlcnJhbEluZm8iOnsicmVmZXJyYWxBcHAiOiJTdHJlYW1XZWJBcHAiLCJyZWZlcnJhbFZpZXciOiJTaGFyZURpYWxvZy1MaW5rIiwicmVmZXJyYWxBcHBQbGF0Zm9ybSI6IldlYiIsInJlZmVycmFsTW9kZSI6InZpZXcifX0%3D\"><img loading=\"lazy\" decoding=\"async\" class=\"alignnone wp-image-168 size-medium\" src=\"http:\/\/edublog.educastur.es\/cislancircular\/files\/2024\/04\/stop-300x211.jpg\" alt=\"\" width=\"300\" height=\"211\" srcset=\"https:\/\/edublog.educastur.es\/cislancircular\/files\/2024\/04\/stop-300x211.jpg 300w, https:\/\/edublog.educastur.es\/cislancircular\/files\/2024\/04\/stop-768x540.jpg 768w, https:\/\/edublog.educastur.es\/cislancircular\/files\/2024\/04\/stop-676x475.jpg 676w, https:\/\/edublog.educastur.es\/cislancircular\/files\/2024\/04\/stop.jpg 911w\" sizes=\"auto, (max-width: 300px) 100vw, 300px\" \/><\/a><\/p>\n","protected":false},"excerpt":{"rendered":"<p>Vestuario sostenible para nuestro teatro &nbsp; &nbsp; &nbsp; &nbsp; &nbsp; &nbsp; &nbsp; La industria de la moda es una de las grandes responsables de la contaminaci\u00f3n del aire y del agua, por eso en nuestras producciones apostamos por un vestuario sostenible. Contamos con un espacio en los camerinos donde el alumnado \u2014y cualquier persona interesada\u2014 [&hellip;]<\/p>\n","protected":false},"author":1350,"featured_media":0,"parent":0,"menu_order":0,"comment_status":"closed","ping_status":"closed","template":"","meta":{"footnotes":""},"class_list":["post-7","page","type-page","status-publish","hentry","post-preview"],"_links":{"self":[{"href":"https:\/\/edublog.educastur.es\/cislancircular\/wp-json\/wp\/v2\/pages\/7","targetHints":{"allow":["GET"]}}],"collection":[{"href":"https:\/\/edublog.educastur.es\/cislancircular\/wp-json\/wp\/v2\/pages"}],"about":[{"href":"https:\/\/edublog.educastur.es\/cislancircular\/wp-json\/wp\/v2\/types\/page"}],"author":[{"embeddable":true,"href":"https:\/\/edublog.educastur.es\/cislancircular\/wp-json\/wp\/v2\/users\/1350"}],"replies":[{"embeddable":true,"href":"https:\/\/edublog.educastur.es\/cislancircular\/wp-json\/wp\/v2\/comments?post=7"}],"version-history":[{"count":21,"href":"https:\/\/edublog.educastur.es\/cislancircular\/wp-json\/wp\/v2\/pages\/7\/revisions"}],"predecessor-version":[{"id":323,"href":"https:\/\/edublog.educastur.es\/cislancircular\/wp-json\/wp\/v2\/pages\/7\/revisions\/323"}],"wp:attachment":[{"href":"https:\/\/edublog.educastur.es\/cislancircular\/wp-json\/wp\/v2\/media?parent=7"}],"curies":[{"name":"wp","href":"https:\/\/api.w.org\/{rel}","templated":true}]}}