{"id":9,"date":"2024-04-11T11:56:03","date_gmt":"2024-04-11T09:56:03","guid":{"rendered":"https:\/\/edublog.educastur.es\/cislancircular\/?page_id=9"},"modified":"2025-12-15T18:28:50","modified_gmt":"2025-12-15T17:28:50","slug":"reciclar","status":"publish","type":"page","link":"https:\/\/edublog.educastur.es\/cislancircular\/reciclar\/","title":{"rendered":"Reciclar"},"content":{"rendered":"<blockquote data-start=\"128\" data-end=\"542\">\n<p data-start=\"130\" data-end=\"236\">Nuestro compromiso con la <strong data-start=\"156\" data-end=\"178\">recogida selectiva<\/strong> se refleja en la organizaci\u00f3n de nuestros contenedores:<\/p>\n<ul data-start=\"239\" data-end=\"542\">\n<li data-start=\"239\" data-end=\"289\">\n<p data-start=\"241\" data-end=\"289\">Papel: en todas las plantas (-1, 1\u00ba, 2\u00ba y 3\u00ba).<\/p>\n<\/li>\n<li data-start=\"292\" data-end=\"334\">\n<p data-start=\"294\" data-end=\"334\">Pl\u00e1stico general: plantas -1, 1\u00ba y 2\u00ba.<\/p>\n<\/li>\n<li data-start=\"337\" data-end=\"399\">\n<p data-start=\"339\" data-end=\"399\">Pl\u00e1sticos con residuos de productos peligrosos: planta -1.<\/p>\n<\/li>\n<li data-start=\"402\" data-end=\"542\">\n<p data-start=\"404\" data-end=\"542\">Productos peligrosos caducados: bid\u00f3n especial en planta -1, cuya recogida trimestral la realiza la empresa <em data-start=\"512\" data-end=\"539\">\u00c1rea de Gesti\u00f3n Ambiental<\/em>.<\/p>\n<\/li>\n<\/ul>\n<\/blockquote>\n<blockquote data-start=\"544\" data-end=\"944\">\n<p data-start=\"546\" data-end=\"944\">Adem\u00e1s, reciclamos tubos fluorescentes, pilas, l\u00edquidos fijadores, cartuchos de t\u00f3ner y tinta, y l\u00edquidos reveladores, cuya recogida es semestral. Para el resto de residuos, contamos con el <strong data-start=\"736\" data-end=\"760\">punto limpio Cogersa<\/strong>. Tambi\u00e9n aprovechamos los contenedores de papel y cart\u00f3n situados en las inmediaciones del centro, gestionados por Cogersa, fomentando el reciclaje tanto dentro como fuera del aula.<\/p>\n<\/blockquote>\n<p>&nbsp;<\/p>\n<blockquote><p><strong>Almac\u00e9n de reciclaje para atrezos<\/strong><\/p><\/blockquote>\n<p>El material utilizado para atrezo\u00a0 de obras de teatro, as\u00ed como en decorados de cine y de televisi\u00f3n es b\u00e1sicamente reciclado, y proviene de aportaciones de toda la comunidad educativa: profesorado, alumnado, personal de administraci\u00f3n y limpieza, etc.\u00a0 quedando as\u00ed mismo abiertos a cualquier donaci\u00f3n que venga del exterior.<\/p>\n<p>Con ello tratamos de reducir el impacto ambiental con decorados reciclada , mejorando la concienciaci\u00f3n ambiental de nuestro alumnado y tambi\u00e9n contribuyendo a su creatividad a la hora de crear escenograf\u00eda adaptada a nuestros recursos.<\/p>\n<table style=\"height: 403px;width: 100.363%;border-collapse: collapse\">\n<tbody>\n<tr>\n<td style=\"width: 634.344px\">\n<p><div id=\"attachment_118\" style=\"width: 321px\" class=\"wp-caption alignnone\"><img loading=\"lazy\" decoding=\"async\" aria-describedby=\"caption-attachment-118\" class=\"wp-image-118\" src=\"http:\/\/edublog.educastur.es\/cislancircular\/files\/2024\/04\/IMG_6573-300x225.jpg\" alt=\"\" width=\"311\" height=\"233\" srcset=\"https:\/\/edublog.educastur.es\/cislancircular\/files\/2024\/04\/IMG_6573-300x225.jpg 300w, https:\/\/edublog.educastur.es\/cislancircular\/files\/2024\/04\/IMG_6573-1024x768.jpg 1024w, https:\/\/edublog.educastur.es\/cislancircular\/files\/2024\/04\/IMG_6573-768x576.jpg 768w, https:\/\/edublog.educastur.es\/cislancircular\/files\/2024\/04\/IMG_6573-1536x1152.jpg 1536w, https:\/\/edublog.educastur.es\/cislancircular\/files\/2024\/04\/IMG_6573-676x507.jpg 676w, https:\/\/edublog.educastur.es\/cislancircular\/files\/2024\/04\/IMG_6573.jpg 1920w\" sizes=\"auto, (max-width: 311px) 100vw, 311px\" \/><p id=\"caption-attachment-118\" class=\"wp-caption-text\">Objetos y materiales reutilizados y almacenados en el almac\u00e9n.<\/p><\/div><\/td>\n<td style=\"width: 634.344px\">\n<p><div id=\"attachment_119\" style=\"width: 186px\" class=\"wp-caption alignnone\"><img loading=\"lazy\" decoding=\"async\" aria-describedby=\"caption-attachment-119\" class=\"wp-image-119\" src=\"http:\/\/edublog.educastur.es\/cislancircular\/files\/2024\/04\/IMG_6574-225x300.jpg\" alt=\"\" width=\"176\" height=\"235\" srcset=\"https:\/\/edublog.educastur.es\/cislancircular\/files\/2024\/04\/IMG_6574-225x300.jpg 225w, https:\/\/edublog.educastur.es\/cislancircular\/files\/2024\/04\/IMG_6574-768x1024.jpg 768w, https:\/\/edublog.educastur.es\/cislancircular\/files\/2024\/04\/IMG_6574-1152x1536.jpg 1152w, https:\/\/edublog.educastur.es\/cislancircular\/files\/2024\/04\/IMG_6574-676x901.jpg 676w, https:\/\/edublog.educastur.es\/cislancircular\/files\/2024\/04\/IMG_6574-rotated.jpg 1440w\" sizes=\"auto, (max-width: 176px) 100vw, 176px\" \/><p id=\"caption-attachment-119\" class=\"wp-caption-text\">C\u00f3modos asientos realizados con troncos de madera.<\/p><\/div><\/td>\n<\/tr>\n<\/tbody>\n<\/table>\n<blockquote><p><strong>Entornos sostenibles<\/strong><\/p><\/blockquote>\n<p>Contamos con <strong data-start=\"144\" data-end=\"167\">rincones saludables<\/strong> decorados con material reciclado, donde reflejamos nuestro compromiso con el medio ambiente. Estos espacios fueron creados por el alumnado de Producci\u00f3n para Espect\u00e1culos y Audiovisuales y hoy se utilizan como zonas de <strong data-start=\"387\" data-end=\"400\">coworking<\/strong> vinculadas con nuestro aula de emprendimiento. Una manera de unir creatividad, sostenibilidad y trabajo colaborativo.<\/p>\n<table style=\"border-collapse: collapse;width: 60.2402%;height: 594px\">\n<tbody>\n<tr>\n<td style=\"width: 50%\"><img loading=\"lazy\" decoding=\"async\" class=\"wp-image-121 size-medium\" style=\"background-color: initial;font-size: 1em\" src=\"http:\/\/edublog.educastur.es\/cislancircular\/files\/2024\/04\/2IMG_6570-300x225.jpg\" alt=\"\" width=\"300\" height=\"225\" srcset=\"https:\/\/edublog.educastur.es\/cislancircular\/files\/2024\/04\/2IMG_6570-300x225.jpg 300w, https:\/\/edublog.educastur.es\/cislancircular\/files\/2024\/04\/2IMG_6570-1024x768.jpg 1024w, https:\/\/edublog.educastur.es\/cislancircular\/files\/2024\/04\/2IMG_6570-768x576.jpg 768w, https:\/\/edublog.educastur.es\/cislancircular\/files\/2024\/04\/2IMG_6570-1536x1152.jpg 1536w, https:\/\/edublog.educastur.es\/cislancircular\/files\/2024\/04\/2IMG_6570-676x507.jpg 676w, https:\/\/edublog.educastur.es\/cislancircular\/files\/2024\/04\/2IMG_6570.jpg 1920w\" sizes=\"auto, (max-width: 300px) 100vw, 300px\" \/><\/p>\n<p>Lugar de encuentro decorado con pallets de obra.<span style=\"font-size: 1em;color: #333333\">\u00a0<\/span><\/td>\n<td style=\"width: 50%\"><img loading=\"lazy\" decoding=\"async\" class=\"alignnone size-medium wp-image-122\" style=\"font-size: 14.4px\" src=\"http:\/\/edublog.educastur.es\/cislancircular\/files\/2024\/04\/2IMG_6569-225x300.jpg\" alt=\"\" width=\"225\" height=\"300\" srcset=\"https:\/\/edublog.educastur.es\/cislancircular\/files\/2024\/04\/2IMG_6569-225x300.jpg 225w, https:\/\/edublog.educastur.es\/cislancircular\/files\/2024\/04\/2IMG_6569-768x1024.jpg 768w, https:\/\/edublog.educastur.es\/cislancircular\/files\/2024\/04\/2IMG_6569-1152x1536.jpg 1152w, https:\/\/edublog.educastur.es\/cislancircular\/files\/2024\/04\/2IMG_6569-676x901.jpg 676w, https:\/\/edublog.educastur.es\/cislancircular\/files\/2024\/04\/2IMG_6569-rotated.jpg 1440w\" sizes=\"auto, (max-width: 225px) 100vw, 225px\" \/><\/td>\n<\/tr>\n<tr>\n<td style=\"width: 50%\"><\/td>\n<td style=\"width: 50%\"><\/td>\n<\/tr>\n<\/tbody>\n<\/table>\n<blockquote><p><strong>Complementos para el aula\u00a0<\/strong><\/p><\/blockquote>\n<p>Reutilizar materiales y objetos o darles un nuevo uso es muy importante no solo porque nos pueden hacer la vida m\u00e1s f\u00e1cil, al permiten un mejor almacenamiento de materiales y equipos, sino tambi\u00e9n porque pueden servir para decorar ciertos ambientes.<\/p>\n<table style=\"border-collapse: collapse;width: 97.6795%;height: 293px\">\n<tbody>\n<tr style=\"height: 283px\">\n<td style=\"width: 50%;height: 283px\"><img loading=\"lazy\" decoding=\"async\" class=\"alignnone wp-image-124\" src=\"http:\/\/edublog.educastur.es\/cislancircular\/files\/2024\/04\/IMG_6587-225x300.jpg\" alt=\"\" width=\"182\" height=\"243\" srcset=\"https:\/\/edublog.educastur.es\/cislancircular\/files\/2024\/04\/IMG_6587-225x300.jpg 225w, https:\/\/edublog.educastur.es\/cislancircular\/files\/2024\/04\/IMG_6587-768x1024.jpg 768w, https:\/\/edublog.educastur.es\/cislancircular\/files\/2024\/04\/IMG_6587-1152x1536.jpg 1152w, https:\/\/edublog.educastur.es\/cislancircular\/files\/2024\/04\/IMG_6587-676x901.jpg 676w, https:\/\/edublog.educastur.es\/cislancircular\/files\/2024\/04\/IMG_6587-rotated.jpg 1440w\" sizes=\"auto, (max-width: 182px) 100vw, 182px\" \/>\u00a0 \u00a0 \u00a0 \u00a0 \u00a0 \u00a0 \u00a0 \u00a0 \u00a0 \u00a0 \u00a0 \u00a0 \u00a0 \u00a0 \u00a0 \u00a0 \u00a0 \u00a0 \u00a0 \u00a0 \u00a0 \u00a0 \u00a0 \u00a0 \u00a0 \u00a0 \u00a0 \u00a0 \u00a0 \u00a0 \u00a0<img loading=\"lazy\" decoding=\"async\" class=\"alignnone wp-image-127\" src=\"http:\/\/edublog.educastur.es\/cislancircular\/files\/2024\/04\/IMG_6591-225x300.jpg\" alt=\"\" width=\"187\" height=\"250\" srcset=\"https:\/\/edublog.educastur.es\/cislancircular\/files\/2024\/04\/IMG_6591-225x300.jpg 225w, https:\/\/edublog.educastur.es\/cislancircular\/files\/2024\/04\/IMG_6591-768x1024.jpg 768w, https:\/\/edublog.educastur.es\/cislancircular\/files\/2024\/04\/IMG_6591-1152x1536.jpg 1152w, https:\/\/edublog.educastur.es\/cislancircular\/files\/2024\/04\/IMG_6591-676x901.jpg 676w, https:\/\/edublog.educastur.es\/cislancircular\/files\/2024\/04\/IMG_6591-rotated.jpg 1440w\" sizes=\"auto, (max-width: 187px) 100vw, 187px\" \/><\/p>\n<p>Soporte de madera para amplificador de sonido.\u00a0 \u00a0 \u00a0 \u00a0 \u00a0 \u00a0 \u00a0 \u00a0Caj\u00f3n de sonido flamenco realizado con\u00a0 \u00a0 \u00a0 \u00a0 \u00a0 \u00a0 \u00a0 \u00a0 \u00a0 \u00a0 \u00a0 \u00a0 \u00a0 \u00a0 \u00a0 \u00a0 \u00a0 \u00a0 \u00a0 \u00a0 \u00a0 \u00a0 \u00a0 \u00a0 \u00a0 \u00a0 \u00a0 \u00a0 \u00a0 \u00a0 \u00a0 \u00a0 \u00a0 \u00a0 \u00a0 \u00a0 \u00a0 \u00a0 \u00a0 \u00a0 \u00a0 \u00a0 \u00a0 \u00a0 \u00a0 \u00a0 \u00a0 \u00a0 \u00a0 \u00a0 \u00a0 \u00a0 \u00a0 \u00a0 \u00a0 \u00a0 \u00a0 \u00a0 \u00a0 \u00a0 \u00a0 \u00a0 \u00a0 \u00a0 \u00a0 \u00a0 \u00a0 \u00a0 \u00a0 \u00a0 \u00a0 \u00a0 \u00a0 \u00a0 \u00a0 \u00a0 \u00a0 \u00a0 \u00a0 \u00a0material reciclado.<\/td>\n<td style=\"width: 50%;height: 283px\"><\/td>\n<\/tr>\n<tr style=\"height: 10px\">\n<td style=\"width: 50%;height: 10px\"><\/td>\n<td style=\"width: 50%;height: 10px\"><\/td>\n<\/tr>\n<\/tbody>\n<\/table>\n<div id=\"attachment_125\" style=\"width: 310px\" class=\"wp-caption alignnone\"><img loading=\"lazy\" decoding=\"async\" aria-describedby=\"caption-attachment-125\" class=\"wp-image-125 size-medium\" src=\"http:\/\/edublog.educastur.es\/cislancircular\/files\/2024\/04\/IMG_6588-300x225.jpg\" alt=\"\" width=\"300\" height=\"225\" srcset=\"https:\/\/edublog.educastur.es\/cislancircular\/files\/2024\/04\/IMG_6588-300x225.jpg 300w, https:\/\/edublog.educastur.es\/cislancircular\/files\/2024\/04\/IMG_6588-1024x768.jpg 1024w, https:\/\/edublog.educastur.es\/cislancircular\/files\/2024\/04\/IMG_6588-768x576.jpg 768w, https:\/\/edublog.educastur.es\/cislancircular\/files\/2024\/04\/IMG_6588-1536x1152.jpg 1536w, https:\/\/edublog.educastur.es\/cislancircular\/files\/2024\/04\/IMG_6588-676x507.jpg 676w, https:\/\/edublog.educastur.es\/cislancircular\/files\/2024\/04\/IMG_6588.jpg 1920w\" sizes=\"auto, (max-width: 300px) 100vw, 300px\" \/><p id=\"caption-attachment-125\" class=\"wp-caption-text\">Decoraci\u00f3n de puertas con material reciclado.<\/p><\/div>\n<table style=\"border-collapse: collapse;width: 100%\">\n<tbody>\n<tr>\n<td style=\"width: 50%\">\n<table style=\"border-collapse: collapse;width: 100%\">\n<tbody>\n<tr>\n<td style=\"width: 50%\"><img loading=\"lazy\" decoding=\"async\" class=\"alignnone size-medium wp-image-128\" src=\"http:\/\/edublog.educastur.es\/cislancircular\/files\/2024\/04\/IMG_6592-300x225.jpg\" alt=\"\" width=\"300\" height=\"225\" srcset=\"https:\/\/edublog.educastur.es\/cislancircular\/files\/2024\/04\/IMG_6592-300x225.jpg 300w, https:\/\/edublog.educastur.es\/cislancircular\/files\/2024\/04\/IMG_6592-1024x768.jpg 1024w, https:\/\/edublog.educastur.es\/cislancircular\/files\/2024\/04\/IMG_6592-768x576.jpg 768w, https:\/\/edublog.educastur.es\/cislancircular\/files\/2024\/04\/IMG_6592-1536x1152.jpg 1536w, https:\/\/edublog.educastur.es\/cislancircular\/files\/2024\/04\/IMG_6592-676x507.jpg 676w, https:\/\/edublog.educastur.es\/cislancircular\/files\/2024\/04\/IMG_6592.jpg 1920w\" sizes=\"auto, (max-width: 300px) 100vw, 300px\" \/><\/td>\n<td style=\"width: 50%\"><img loading=\"lazy\" decoding=\"async\" class=\"alignnone size-medium wp-image-126\" src=\"http:\/\/edublog.educastur.es\/cislancircular\/files\/2024\/04\/IMG_6590-300x225.jpg\" alt=\"\" width=\"300\" height=\"225\" srcset=\"https:\/\/edublog.educastur.es\/cislancircular\/files\/2024\/04\/IMG_6590-300x225.jpg 300w, https:\/\/edublog.educastur.es\/cislancircular\/files\/2024\/04\/IMG_6590-1024x768.jpg 1024w, https:\/\/edublog.educastur.es\/cislancircular\/files\/2024\/04\/IMG_6590-768x576.jpg 768w, https:\/\/edublog.educastur.es\/cislancircular\/files\/2024\/04\/IMG_6590-1536x1152.jpg 1536w, https:\/\/edublog.educastur.es\/cislancircular\/files\/2024\/04\/IMG_6590-676x507.jpg 676w, https:\/\/edublog.educastur.es\/cislancircular\/files\/2024\/04\/IMG_6590.jpg 1920w\" sizes=\"auto, (max-width: 300px) 100vw, 300px\" \/><\/td>\n<\/tr>\n<tr>\n<td style=\"width: 50%\"><span style=\"color: #888888;font-size: 13.6px;text-align: center;background-color: #ffffff\">Soporte madera para guitarra.<\/span><\/td>\n<td style=\"width: 50%\"><\/td>\n<\/tr>\n<\/tbody>\n<\/table>\n<\/td>\n<td style=\"width: 50%\"><\/td>\n<\/tr>\n<\/tbody>\n<\/table>\n<p>&nbsp;<\/p>\n<div id=\"attachment_152\" style=\"width: 235px\" class=\"wp-caption alignnone\"><img loading=\"lazy\" decoding=\"async\" aria-describedby=\"caption-attachment-152\" class=\"wp-image-152 size-medium\" src=\"http:\/\/edublog.educastur.es\/cislancircular\/files\/2024\/04\/2IMG_6567-225x300.jpg\" alt=\"\" width=\"225\" height=\"300\" srcset=\"https:\/\/edublog.educastur.es\/cislancircular\/files\/2024\/04\/2IMG_6567-225x300.jpg 225w, https:\/\/edublog.educastur.es\/cislancircular\/files\/2024\/04\/2IMG_6567-768x1024.jpg 768w, https:\/\/edublog.educastur.es\/cislancircular\/files\/2024\/04\/2IMG_6567-1152x1536.jpg 1152w, https:\/\/edublog.educastur.es\/cislancircular\/files\/2024\/04\/2IMG_6567-676x901.jpg 676w, https:\/\/edublog.educastur.es\/cislancircular\/files\/2024\/04\/2IMG_6567-rotated.jpg 1440w\" sizes=\"auto, (max-width: 225px) 100vw, 225px\" \/><p id=\"caption-attachment-152\" class=\"wp-caption-text\">C\u00e1mara estenopeica hecha con una lata de te.<\/p><\/div>\n<div id=\"attachment_161\" style=\"width: 234px\" class=\"wp-caption alignnone\"><img loading=\"lazy\" decoding=\"async\" aria-describedby=\"caption-attachment-161\" class=\"wp-image-161 size-medium\" src=\"http:\/\/edublog.educastur.es\/cislancircular\/files\/2024\/04\/PHOTO-2024-04-18-10-09-57-224x300.jpg\" alt=\"\" width=\"224\" height=\"300\" srcset=\"https:\/\/edublog.educastur.es\/cislancircular\/files\/2024\/04\/PHOTO-2024-04-18-10-09-57-224x300.jpg 224w, https:\/\/edublog.educastur.es\/cislancircular\/files\/2024\/04\/PHOTO-2024-04-18-10-09-57-766x1024.jpg 766w, https:\/\/edublog.educastur.es\/cislancircular\/files\/2024\/04\/PHOTO-2024-04-18-10-09-57-768x1027.jpg 768w, https:\/\/edublog.educastur.es\/cislancircular\/files\/2024\/04\/PHOTO-2024-04-18-10-09-57-1149x1536.jpg 1149w, https:\/\/edublog.educastur.es\/cislancircular\/files\/2024\/04\/PHOTO-2024-04-18-10-09-57-676x904.jpg 676w, https:\/\/edublog.educastur.es\/cislancircular\/files\/2024\/04\/PHOTO-2024-04-18-10-09-57.jpg 1197w\" sizes=\"auto, (max-width: 224px) 100vw, 224px\" \/><p id=\"caption-attachment-161\" class=\"wp-caption-text\">Recipiente para mandos a distancia, realizado con envases de productos de limpieza.<\/p><\/div>\n<blockquote><p><strong>Elaboraci\u00f3n de maquetas para 3 D<\/strong><\/p><\/blockquote>\n<p>En la elaboraci\u00f3n de maquetas, damos prioridad al <strong data-start=\"194\" data-end=\"216\">material reciclado<\/strong>. Actualmente, el alumnado de <strong data-start=\"246\" data-end=\"294\">Animaci\u00f3n 3D, entornos y juegos interactivos<\/strong> est\u00e1 trabajando en un proyecto en curso: est\u00e1n creando un <strong data-start=\"353\" data-end=\"379\">escenario y personajes<\/strong> usando materiales reciclados, que luego cobrar\u00e1n vida en animaciones de <strong data-start=\"452\" data-end=\"472\">realidad virtual<\/strong>. Una forma de combinar creatividad, tecnolog\u00eda y sostenibilidad.<\/p>\n<p>&nbsp;<\/p>\n<p><img loading=\"lazy\" decoding=\"async\" class=\"alignnone size-medium wp-image-129\" src=\"http:\/\/edublog.educastur.es\/cislancircular\/files\/2024\/04\/20240306_160938-138x300.jpg\" alt=\"\" width=\"138\" height=\"300\" srcset=\"https:\/\/edublog.educastur.es\/cislancircular\/files\/2024\/04\/20240306_160938-138x300.jpg 138w, https:\/\/edublog.educastur.es\/cislancircular\/files\/2024\/04\/20240306_160938-472x1024.jpg 472w, https:\/\/edublog.educastur.es\/cislancircular\/files\/2024\/04\/20240306_160938-768x1666.jpg 768w, https:\/\/edublog.educastur.es\/cislancircular\/files\/2024\/04\/20240306_160938-708x1536.jpg 708w, https:\/\/edublog.educastur.es\/cislancircular\/files\/2024\/04\/20240306_160938-676x1467.jpg 676w, https:\/\/edublog.educastur.es\/cislancircular\/files\/2024\/04\/20240306_160938-rotated.jpg 885w\" sizes=\"auto, (max-width: 138px) 100vw, 138px\" \/> <img loading=\"lazy\" decoding=\"async\" class=\"alignnone size-medium wp-image-130\" src=\"http:\/\/edublog.educastur.es\/cislancircular\/files\/2024\/04\/20240306_161232-300x138.jpg\" alt=\"\" width=\"300\" height=\"138\" srcset=\"https:\/\/edublog.educastur.es\/cislancircular\/files\/2024\/04\/20240306_161232-300x138.jpg 300w, https:\/\/edublog.educastur.es\/cislancircular\/files\/2024\/04\/20240306_161232-1024x472.jpg 1024w, https:\/\/edublog.educastur.es\/cislancircular\/files\/2024\/04\/20240306_161232-768x354.jpg 768w, https:\/\/edublog.educastur.es\/cislancircular\/files\/2024\/04\/20240306_161232-1536x708.jpg 1536w, https:\/\/edublog.educastur.es\/cislancircular\/files\/2024\/04\/20240306_161232-676x312.jpg 676w, https:\/\/edublog.educastur.es\/cislancircular\/files\/2024\/04\/20240306_161232.jpg 1920w\" sizes=\"auto, (max-width: 300px) 100vw, 300px\" \/> <img loading=\"lazy\" decoding=\"async\" class=\"alignnone size-medium wp-image-131\" src=\"http:\/\/edublog.educastur.es\/cislancircular\/files\/2024\/04\/20240323_140606-300x138.jpg\" alt=\"\" width=\"300\" height=\"138\" srcset=\"https:\/\/edublog.educastur.es\/cislancircular\/files\/2024\/04\/20240323_140606-300x138.jpg 300w, https:\/\/edublog.educastur.es\/cislancircular\/files\/2024\/04\/20240323_140606-1024x472.jpg 1024w, https:\/\/edublog.educastur.es\/cislancircular\/files\/2024\/04\/20240323_140606-768x354.jpg 768w, https:\/\/edublog.educastur.es\/cislancircular\/files\/2024\/04\/20240323_140606-1536x708.jpg 1536w, https:\/\/edublog.educastur.es\/cislancircular\/files\/2024\/04\/20240323_140606-676x312.jpg 676w, https:\/\/edublog.educastur.es\/cislancircular\/files\/2024\/04\/20240323_140606.jpg 1920w\" sizes=\"auto, (max-width: 300px) 100vw, 300px\" \/> <img loading=\"lazy\" decoding=\"async\" class=\"alignnone size-medium wp-image-132\" src=\"http:\/\/edublog.educastur.es\/cislancircular\/files\/2024\/04\/20240416_103950-138x300.jpg\" alt=\"\" width=\"138\" height=\"300\" srcset=\"https:\/\/edublog.educastur.es\/cislancircular\/files\/2024\/04\/20240416_103950-138x300.jpg 138w, https:\/\/edublog.educastur.es\/cislancircular\/files\/2024\/04\/20240416_103950-472x1024.jpg 472w, https:\/\/edublog.educastur.es\/cislancircular\/files\/2024\/04\/20240416_103950-768x1666.jpg 768w, https:\/\/edublog.educastur.es\/cislancircular\/files\/2024\/04\/20240416_103950-708x1536.jpg 708w, https:\/\/edublog.educastur.es\/cislancircular\/files\/2024\/04\/20240416_103950-676x1467.jpg 676w, https:\/\/edublog.educastur.es\/cislancircular\/files\/2024\/04\/20240416_103950-rotated.jpg 885w\" sizes=\"auto, (max-width: 138px) 100vw, 138px\" \/> <img loading=\"lazy\" decoding=\"async\" class=\"alignnone size-medium wp-image-133\" src=\"http:\/\/edublog.educastur.es\/cislancircular\/files\/2024\/04\/20240416_104439-300x138.jpg\" alt=\"\" width=\"300\" height=\"138\" srcset=\"https:\/\/edublog.educastur.es\/cislancircular\/files\/2024\/04\/20240416_104439-300x138.jpg 300w, https:\/\/edublog.educastur.es\/cislancircular\/files\/2024\/04\/20240416_104439-1024x472.jpg 1024w, https:\/\/edublog.educastur.es\/cislancircular\/files\/2024\/04\/20240416_104439-768x354.jpg 768w, https:\/\/edublog.educastur.es\/cislancircular\/files\/2024\/04\/20240416_104439-1536x708.jpg 1536w, https:\/\/edublog.educastur.es\/cislancircular\/files\/2024\/04\/20240416_104439-676x312.jpg 676w, https:\/\/edublog.educastur.es\/cislancircular\/files\/2024\/04\/20240416_104439.jpg 1920w\" sizes=\"auto, (max-width: 300px) 100vw, 300px\" \/> <img loading=\"lazy\" decoding=\"async\" class=\"alignnone size-medium wp-image-134\" src=\"http:\/\/edublog.educastur.es\/cislancircular\/files\/2024\/04\/IMG-20240416-WA0002-300x169.jpg\" alt=\"\" width=\"300\" height=\"169\" srcset=\"https:\/\/edublog.educastur.es\/cislancircular\/files\/2024\/04\/IMG-20240416-WA0002-300x169.jpg 300w, https:\/\/edublog.educastur.es\/cislancircular\/files\/2024\/04\/IMG-20240416-WA0002-1024x576.jpg 1024w, https:\/\/edublog.educastur.es\/cislancircular\/files\/2024\/04\/IMG-20240416-WA0002-768x432.jpg 768w, https:\/\/edublog.educastur.es\/cislancircular\/files\/2024\/04\/IMG-20240416-WA0002-1536x864.jpg 1536w, https:\/\/edublog.educastur.es\/cislancircular\/files\/2024\/04\/IMG-20240416-WA0002-676x380.jpg 676w, https:\/\/edublog.educastur.es\/cislancircular\/files\/2024\/04\/IMG-20240416-WA0002.jpg 1600w\" sizes=\"auto, (max-width: 300px) 100vw, 300px\" \/><\/p>\n<p><img loading=\"lazy\" decoding=\"async\" class=\"alignnone size-medium wp-image-135\" src=\"http:\/\/edublog.educastur.es\/cislancircular\/files\/2024\/04\/IMG_6578-300x225.jpg\" alt=\"\" width=\"300\" height=\"225\" srcset=\"https:\/\/edublog.educastur.es\/cislancircular\/files\/2024\/04\/IMG_6578-300x225.jpg 300w, https:\/\/edublog.educastur.es\/cislancircular\/files\/2024\/04\/IMG_6578-1024x768.jpg 1024w, https:\/\/edublog.educastur.es\/cislancircular\/files\/2024\/04\/IMG_6578-768x576.jpg 768w, https:\/\/edublog.educastur.es\/cislancircular\/files\/2024\/04\/IMG_6578-1536x1152.jpg 1536w, https:\/\/edublog.educastur.es\/cislancircular\/files\/2024\/04\/IMG_6578-676x507.jpg 676w, https:\/\/edublog.educastur.es\/cislancircular\/files\/2024\/04\/IMG_6578.jpg 1920w\" sizes=\"auto, (max-width: 300px) 100vw, 300px\" \/> <img loading=\"lazy\" decoding=\"async\" class=\"alignnone size-medium wp-image-136\" src=\"http:\/\/edublog.educastur.es\/cislancircular\/files\/2024\/04\/IMG_6579-300x225.jpg\" alt=\"\" width=\"300\" height=\"225\" srcset=\"https:\/\/edublog.educastur.es\/cislancircular\/files\/2024\/04\/IMG_6579-300x225.jpg 300w, https:\/\/edublog.educastur.es\/cislancircular\/files\/2024\/04\/IMG_6579-1024x768.jpg 1024w, https:\/\/edublog.educastur.es\/cislancircular\/files\/2024\/04\/IMG_6579-768x576.jpg 768w, https:\/\/edublog.educastur.es\/cislancircular\/files\/2024\/04\/IMG_6579-1536x1152.jpg 1536w, https:\/\/edublog.educastur.es\/cislancircular\/files\/2024\/04\/IMG_6579-676x507.jpg 676w, https:\/\/edublog.educastur.es\/cislancircular\/files\/2024\/04\/IMG_6579.jpg 1920w\" sizes=\"auto, (max-width: 300px) 100vw, 300px\" \/> <img loading=\"lazy\" decoding=\"async\" class=\"alignnone size-medium wp-image-137\" src=\"http:\/\/edublog.educastur.es\/cislancircular\/files\/2024\/04\/IMG_6581-225x300.jpg\" alt=\"\" width=\"225\" height=\"300\" srcset=\"https:\/\/edublog.educastur.es\/cislancircular\/files\/2024\/04\/IMG_6581-225x300.jpg 225w, https:\/\/edublog.educastur.es\/cislancircular\/files\/2024\/04\/IMG_6581-768x1024.jpg 768w, https:\/\/edublog.educastur.es\/cislancircular\/files\/2024\/04\/IMG_6581-1152x1536.jpg 1152w, https:\/\/edublog.educastur.es\/cislancircular\/files\/2024\/04\/IMG_6581-676x901.jpg 676w, https:\/\/edublog.educastur.es\/cislancircular\/files\/2024\/04\/IMG_6581-rotated.jpg 1440w\" sizes=\"auto, (max-width: 225px) 100vw, 225px\" \/><\/p>\n<p>&nbsp;<\/p>\n<p>&nbsp;<\/p>\n<p>&nbsp;<\/p>\n<p>&nbsp;<\/p>\n","protected":false},"excerpt":{"rendered":"<p>Nuestro compromiso con la recogida selectiva se refleja en la organizaci\u00f3n de nuestros contenedores: Papel: en todas las plantas (-1, 1\u00ba, 2\u00ba y 3\u00ba). Pl\u00e1stico general: plantas -1, 1\u00ba y 2\u00ba. Pl\u00e1sticos con residuos de productos peligrosos: planta -1. Productos peligrosos caducados: bid\u00f3n especial en planta -1, cuya recogida trimestral la realiza la empresa \u00c1rea [&hellip;]<\/p>\n","protected":false},"author":1350,"featured_media":0,"parent":0,"menu_order":0,"comment_status":"closed","ping_status":"closed","template":"","meta":{"footnotes":""},"class_list":["post-9","page","type-page","status-publish","hentry","post-preview"],"_links":{"self":[{"href":"https:\/\/edublog.educastur.es\/cislancircular\/wp-json\/wp\/v2\/pages\/9","targetHints":{"allow":["GET"]}}],"collection":[{"href":"https:\/\/edublog.educastur.es\/cislancircular\/wp-json\/wp\/v2\/pages"}],"about":[{"href":"https:\/\/edublog.educastur.es\/cislancircular\/wp-json\/wp\/v2\/types\/page"}],"author":[{"embeddable":true,"href":"https:\/\/edublog.educastur.es\/cislancircular\/wp-json\/wp\/v2\/users\/1350"}],"replies":[{"embeddable":true,"href":"https:\/\/edublog.educastur.es\/cislancircular\/wp-json\/wp\/v2\/comments?post=9"}],"version-history":[{"count":33,"href":"https:\/\/edublog.educastur.es\/cislancircular\/wp-json\/wp\/v2\/pages\/9\/revisions"}],"predecessor-version":[{"id":335,"href":"https:\/\/edublog.educastur.es\/cislancircular\/wp-json\/wp\/v2\/pages\/9\/revisions\/335"}],"wp:attachment":[{"href":"https:\/\/edublog.educastur.es\/cislancircular\/wp-json\/wp\/v2\/media?parent=9"}],"curies":[{"name":"wp","href":"https:\/\/api.w.org\/{rel}","templated":true}]}}