{"id":1361,"date":"2023-10-15T15:35:47","date_gmt":"2023-10-15T15:35:47","guid":{"rendered":"https:\/\/edublog.educastur.es\/cpgloriarodriguez\/?page_id=1361"},"modified":"2025-11-12T13:35:49","modified_gmt":"2025-11-12T12:35:49","slug":"consejo-escolar","status":"publish","type":"page","link":"https:\/\/edublog.educastur.es\/colejimi\/familias\/consejo-escolar\/","title":{"rendered":"Consejo escolar"},"content":{"rendered":"<p style=\"text-align: center\"><span style=\"color: #ff0000\"><strong>ELECCIONES PARA EL CONSEJO ESCOLAR <\/strong>DEL <strong>CP JIMI P\u00c9REZ LORENTE 2025-2026<\/strong><\/span><\/p>\n<p style=\"text-align: center\"><strong>RENOVACI\u00d3N PARCIAL DEL CONSEJO ESCOLAR 2025<\/strong><\/p>\n<p>&nbsp;<\/p>\n<p>Seg\u00fan lo dispuesto en la <strong><a href=\"https:\/\/miprincipado.asturias.es\/bopa\/2025\/09\/17\/2025-07458.pdf\">Resoluci\u00f3n de 3 de septiembre de 2025<\/a>,<\/strong> por la que se convoca la elecci\u00f3n de integrantes de los Consejos Escolares en los centros de los distintos niveles educativos no universitarios sostenidos con fondos p\u00fablicos del Principado de Asturias, este a\u00f1o tenemos que proceder a la renovaci\u00f3n completa del Consejo escolar.<\/p>\n<p>Tenemos las siguientes vacantes:<\/p>\n<ul>\n<li><strong>D<\/strong><strong>ocentes: <\/strong>3 vacantes<\/li>\n<li><strong>F<\/strong><strong>amilias: <\/strong>3 vacantes.<\/li>\n<li><strong>PAS<\/strong>: 1 vacante<\/li>\n<li><strong>Alumnado<\/strong>: 1 vacante<\/li>\n<\/ul>\n<p>Como punto de partida, para iniciar el proceso electoral y planificar el desarrollo de este, se va a constituir la\u00a0<strong>Junta electoral<\/strong> (integrada por un\/a representante de familias, un\/a docente elegidos pod sorteo p\u00fablico el jueves 16\/10\/26 y por el director), que <strong>regular\u00e1 el desarrollo del proceso y realizar\u00e1 el calendario electoral.<\/strong><\/p>\n<p>El procedimiento electoral se desarrollar\u00e1 para los centros p\u00fablicos de acuerdo con lo establecido en la Secci\u00f3n II del Cap\u00edtulo II del <a href=\"https:\/\/sede.asturias.es\/bopa\/disposiciones\/repositorio\/LEGISLACION33\/66\/5\/001U0036W00001.pdf\"><strong>Decreto 76\/2007<\/strong><\/a> de 20 de junio.<\/p>\n<p><strong>Mi\u00e9rcoles 1 de octubre de 2025<\/strong><\/p>\n<p>Publicaci\u00f3n de la celebraci\u00f3n del sorteo p\u00fablico de la Junta electoral para el jueves 17 de octubre de 2025:<\/p>\n<p style=\"padding-left: 40px\"><span style=\"color: #0000ff\">El jueves 17 de octubre se proceder\u00e1 al sorteo p\u00fablico para la constituci\u00f3n de la Junta Electoral para las elecciones en el comedor escolar a las 9:10 horas. Actuar\u00e1n como vocales un profesor o profesora, un padre o madre, un representante del personal de administraci\u00f3n y servicios, y un alumno o alumna, todos ellos, as\u00ed como sus suplentes, elegidos por sorteo entre los inscritos en los respectivos censos electorales. Publicar\u00e1 en el tabl\u00f3n de anuncios del centro y en el Blog.<\/span><\/p>\n<p><strong>Jueves 17 de octubre de 2025<\/strong><\/p>\n<p><span style=\"color: #000000\"> Sorteo p\u00fablico para la constituci\u00f3n de la Junta Electoral para las elecciones en el comedor escolar a las 9:10 horas. Actuar\u00e1n como vocales un profesor o profesora, un padre o madre, un representante del personal de administraci\u00f3n y servicios, y un alumno o alumna.<\/span><\/p>\n<p><strong>Lunes 20 de octubre de 2025<\/strong><\/p>\n<p>Publicaci\u00f3n del CENSO ELECTORAL provisional para Elecciones al Consejo escolar en el Blog del centro, como sitio m\u00e1s visible y accesible a la Comunidad escolar. Adem\u00e1s se publicar\u00e1 en el tabl\u00f3n de anuncios interior del centro:<\/p>\n<p><a href=\"https:\/\/educastur-my.sharepoint.com\/:b:\/g\/personal\/oscarmg_educastur_org\/EeY4fx3LKWJLgR6OGBg44uABLn6YYizW2pF-dEM6E2RXhw?e=2wwo11\"><span style=\"color: #ff0000\"><strong>Acceso al CENSO ELECTORAL de alumnado, padres\/madres\/tutores, profesorado y personal de administraci\u00f3n y servicios<\/strong><\/span><\/a><\/p>\n<p><strong>Jueves 16 de octubre de 2025<\/strong><\/p>\n<p>Sorteo p\u00fablico de miembros y suplentes de la Junta Electoral. El sorteo se realiza a las 9:10 horas en las dependencias del centro.<\/p>\n<p>Para el sorteo, debe haber al menos 2 docentes, 2 padres\/madres, 1 alumno\/a y el director en calidad de presidente.<\/p>\n<p>Se sortea:<\/p>\n<ul>\n<li><strong>1 Docente como titular, y 2 suplentes<\/strong>.<\/li>\n<li><strong>1 padre\/madre\/tutor\/a como titular y 2 suplentes<\/strong>. Se sortear\u00e1n al menos 14 candidatos para asegurar que puedan asistir como titular y\/o suplente.<\/li>\n<li><strong>1 Personal de Administraci\u00f3n y Servicios como titular y 2 suplentes<\/strong>.<\/li>\n<\/ul>\n<p>Como punto de partida, para iniciar el proceso electoral y planificar el desarrollo de este, se va a constituir la\u00a0<strong>Junta electoral<\/strong>\u00a0(integrada por la representante de las familias, un representante de profesorado, una representante del PAS y por el director), que\u00a0<strong>regular\u00e1 el desarrollo del proceso y realizar\u00e1 el calendario electoral.<\/strong><\/p>\n<p>El procedimiento electoral se desarrollar\u00e1 para los centros p\u00fablicos de acuerdo con lo establecido en la Secci\u00f3n II del Cap\u00edtulo II del <a href=\"https:\/\/sede.asturias.es\/bopa\/disposiciones\/repositorio\/LEGISLACION33\/66\/5\/001U0036W00001.pdf\"><strong>Decreto 76\/2007<\/strong><\/a> de 20 de junio.<\/p>\n<p><strong>Lunes 20 octubre de 2025<\/strong><\/p>\n<p>Publicaci\u00f3n de los censos de representantes de Familias, Profesorado y Alumnado y m\u00e1ximo de candidaturas que pueden ser votadas en cada estamento (en el Blog y tabl\u00f3n de anuncios interior del centro). Pueden consultar los datos personales relativos a estos censos en los siguientes enlaces.\u00a0Los datos se exponen exclusivamente para el proceso de elecci\u00f3n del Consejo Escolar:<\/p>\n<ul>\n<li><a href=\"https:\/\/educastur-my.sharepoint.com\/:b:\/g\/personal\/oscarmg_educastur_org\/EeY4fx3LKWJLgR6OGBg44uABLn6YYizW2pF-dEM6E2RXhw?e=vkpd7Q\">CENSO electoral alumnado, Padres\/Madres\/Tutores\/as, profesorado y PAS<\/a>.<\/li>\n<\/ul>\n<p><strong>\u00a0<\/strong><strong>Martes 21 octubre de 2025<\/strong><\/p>\n<p>Constituci\u00f3n de la Junta Electoral. Elaboraci\u00f3n, aprobaci\u00f3n y publicaci\u00f3n del calendario de los siguientes procedimientos electorales en el Blog del centro.<\/p>\n<p>Una vez realizado el sorteo se procede a constituir la Junta electoral, quedando \u00e9sta formada por los siguientes miembros:<\/p>\n<ul>\n<li><strong>Presidente: <\/strong><u>Direcci\u00f3n del centro<\/u><strong>:\u00a0<\/strong>\u00d3scar M.G.<\/li>\n<li><strong>Vocal 1: <\/strong>Representaci\u00f3n del <u>profesorado<\/u>: Elia N.G.<\/li>\n<li><strong>Vocal 2: <\/strong>Representaci\u00f3n de las <u>Familias<\/u>: Elia Mar L.M.<\/li>\n<li><strong>Vocal 3:<\/strong> Representaci\u00f3n del <u>PAS<\/u>: Ana M\u00aa A.F.<\/li>\n<\/ul>\n<p><strong>Una vez constituida la Junta en la que act\u00faa como presidente el Director del Centro y como Secretaria el miembro de menor edad se procede a organizar el proceso electoral con el siguiente calendario de actuaciones:<\/strong><\/p>\n<p><strong>Hasta el jueves 23 de octubre<\/strong>:<\/p>\n<p>Reclamaciones al censo de familias, alumnado, profesorado y personal PAS.<\/p>\n<p><strong>Viernes 24 de octubre<\/strong>:<\/p>\n<p>Resoluci\u00f3n de posibles reclamaciones y publicaci\u00f3n de los censos definitivos.<\/p>\n<p><strong>Lunes 27 y martes 28 y mi\u00e9rcoles 29 de octubre<\/strong>:<\/p>\n<p>Presentaci\u00f3n de candidaturas de las familias y del profesorado. Por correo electr\u00f3nico (<a href=\"mailto:cpjimi@educastur.org\">cpjimi@educastur.org<\/a>) dirigido a la Junta Electoral o en la Secretar\u00eda del Centro.<\/p>\n<ul>\n<li><strong><span style=\"color: #ff0000\">OPCI\u00d3N DE VOTO POR CORREO<\/span>: Se solicita por las familias que deseen votar por correo que informen para preparar el material de votaci\u00f3n <\/strong>(se explica al final de esta p\u00e1gina).<\/li>\n<li><a href=\"https:\/\/educastur-my.sharepoint.com\/:w:\/g\/personal\/oscarmg_educastur_org\/EQ9TEyVtoIxFh22BIzot6yoBDvSI5ZbadBUInfq-OZRsVQ?e=SnsEuS\"><strong>CANDIDATURA DE FAMILIAS<\/strong><\/a> (para descargar con opci\u00f3n de edici\u00f3n, cubrir los datos e imprimir y enviar a trav\u00e9s de tu hijo o hija).<\/li>\n<li><a href=\"https:\/\/educastur-my.sharepoint.com\/:w:\/g\/personal\/oscarmg_educastur_org\/EerVyjiQggROgv6vccuoyisBfEasaqAGADoomaW33xvpUQ?e=XHmi9d\"><strong>CANDIDATURA DE PROFESORADO<\/strong><\/a> (para descargar, editar, imprimir y entregar en secretar\u00eda).<\/li>\n<li><a href=\"https:\/\/educastur-my.sharepoint.com\/:w:\/g\/personal\/oscarmg_educastur_org\/ERoR8lkGKvdLjN4p2oIixPYB99BMQV98jUxVyiw7Suq-jg?e=MZlDBP\"><strong>CANDIDATURA PERSONAL ADMINISTRACI\u00d3N Y SERVICIOS<\/strong><\/a> (para descargar, editar, imprimir y entregar en secretar\u00eda).<\/li>\n<li><a href=\"https:\/\/educastur-my.sharepoint.com\/:w:\/g\/personal\/oscarmg_educastur_org\/EXSfnhDRGHdMu_Nlk--MkrEBqJ40h_JzIIYwMqNCOlPSag?e=VfzDaP\"><strong>CANDIDATURA ALUMNADO<\/strong><\/a> (para descargar, editar, imprimir y entregar en secretar\u00eda).<\/li>\n<\/ul>\n<p><strong>Jueves 30 de octubre<\/strong>:<\/p>\n<p>Publicaci\u00f3n de las candidaturas provisionales presentadas:<\/p>\n<ul>\n<li style=\"list-style-type: none\">\n<ul>\n<li><a href=\"https:\/\/educastur-my.sharepoint.com\/:w:\/g\/personal\/oscarmg_educastur_org\/EbgPmPtdVSdCv41kipljY4sBrKbqmUpNv0x1jo3_VrggfQ?e=MCPZ7q\"><strong>CANDIDATURAS PROVISIONALES 2025<\/strong><\/a><\/li>\n<\/ul>\n<\/li>\n<\/ul>\n<p><strong>Viernes 31 de octubre y mi\u00e9rcoles 5 de noviembre<\/strong>:<\/p>\n<p>Presentaci\u00f3n de posibles reclamaciones y resoluciones de las mismas por parte de la Junta electoral. Las reclamaciones\u00a0a los censos\u00a0electorales\u00a0se realizar\u00e1n mediante correo electr\u00f3nico (<a href=\"mailto:cpjimi@educastur.org\">cpjimi@educastur.org<\/a>) dirigido a la Junta Electoral, exponiendo los motivos de la reclamaci\u00f3n.<\/p>\n<p><strong>Jueves 6 de noviembre<\/strong>:<\/p>\n<p>Publicaci\u00f3n de candidaturas definitivas de familias y profesorado, e informaci\u00f3n a la comunidad educativa.<\/p>\n<ul>\n<li><strong><a href=\"https:\/\/educastur-my.sharepoint.com\/:w:\/g\/personal\/oscarmg_educastur_org\/EfG4SfP7izFBl9Az5CLLyDoByEOzUBQRb8wfE8O3J7Pmjw?e=MLsgNg\">CANDIDATURAS DEFINITIVAS 2025<\/a>.<\/strong><\/li>\n<li><strong><span style=\"color: #ff0000\">OPCI\u00d3N DE VOTO POR CORREO<\/span>: Se entregan los sobres de las candidaturas de las familias que elijan la opci\u00f3n de voto por correo. Los sobres los puede traer el alumnado el lunes 10 o el martes 11 de noviembre como \u00faltimo d\u00eda y siempre antes del cierre de la mesa electoral.<\/strong><\/li>\n<\/ul>\n<p><strong>Martes 11 de noviembre<\/strong><\/p>\n<p>Fecha l\u00edmite para la recepci\u00f3n del voto por correo de las familias antes del cierre de la mesa electoral.<\/p>\n<p><u>A las 9:00 horas<\/u>: Constituci\u00f3n de la Mesa electoral de familias, personal de administraci\u00f3n y servicios y alumnado y celebraci\u00f3n de elecciones. Estar\u00e1 constituida por la Junta electoral. Las mesas electorales ser\u00e1n constituidas inmediatamente antes del comienzo de las votaciones. A partir de las 09:15 horas del d\u00eda indicado en la biblioteca del Centro y hasta las 14:00 horas. Cada elector (padre y madre de cada alumno\/a) debe acreditar su identidad a la hora de votar, mediante la presentaci\u00f3n del DNI, NIE, CARNET DE CONDUCIR&#8230;<\/p>\n<p><strong>Durante el recreo escolar la mesa electoral permanecer\u00e1 cerrada (11:45-12:15). Las normas del voto por correo se definen en el punto cuarto.<\/strong><\/p>\n<ul>\n<li><strong><a href=\"https:\/\/educastur-my.sharepoint.com\/:w:\/g\/personal\/oscarmg_educastur_org\/EfVQXFBgNd9HomdNK0S6tToB9r6DmuPveSDXrOiETQtBxw?e=acNTyM\">PAPELETAS PARA LA VOTACI\u00d3N DEL PROFESORADO 2025<\/a><\/strong>.<\/li>\n<li><strong><a href=\"https:\/\/educastur-my.sharepoint.com\/:w:\/g\/personal\/oscarmg_educastur_org\/EcvgF9Fj99lNqhKC3tGnxi0Bn08RNJSZhJsyB2FLz_TywQ?e=tth0Xi\">PAPELETAS PARA LA VOTACI\u00d3N DE LAS FAMILIAS 2025<\/a><\/strong> (se pueden traer impresas de casa o recoger en el centro el d\u00eda de la votaci\u00f3n).<\/li>\n<li><strong><a href=\"https:\/\/educastur-my.sharepoint.com\/:w:\/g\/personal\/oscarmg_educastur_org\/EWFNKP1r1GtFk6F3u700iBkBUHK7_jV48kzdr0qspqw0RQ?e=Kjg4Na\">PAPELETAS PARA LA VOTACI\u00d3N DEL PAS 2025<\/a><\/strong> (se pueden traer impresas de casa o recoger en el centro el d\u00eda de la votaci\u00f3n).<\/li>\n<li><strong><a href=\"https:\/\/educastur-my.sharepoint.com\/:w:\/g\/personal\/oscarmg_educastur_org\/EaRmdnGVQPdDj-mcrfoJy0gBeToXMVm-z5iAG7tKGmny7w?e=etprdp\">PAPELETAS PARA LA VOTACI\u00d3N DEL ALUMNADO 2025<\/a><\/strong> (se pueden traer impresas de casa o recoger en el centro el d\u00eda de la votaci\u00f3n).<\/li>\n<li><span style=\"color: #ff0000\"><strong>VOTO POR CORREO<\/strong><\/span> (normas definidas abajo de esta p\u00e1gina).<\/li>\n<\/ul>\n<p><strong>Jueves 13 de noviembre<\/strong>:<\/p>\n<p>Reuni\u00f3n de la Junta electoral y proclamaci\u00f3n de candidatos electos y suplentes de los sectores de profesorado, familias, PAS y alumnado.<\/p>\n<p style=\"text-align: center\"><a href=\"https:\/\/educastur-my.sharepoint.com\/:b:\/g\/personal\/oscarmg_educastur_org\/IQCTftHIwkkNTrxB7ulqkjayAeus0vOk1enBHqE4z41Hkvo?e=91vYYP\">LISTADO P\u00daBLICO PROCLAMACI\u00d3N DE CANDIDATOS\/AS ELECTOS\/AS AL CONSEJO<\/a><\/p>\n<p><strong>Viernes 28 de noviembre<\/strong>:<\/p>\n<p>Se cubren las actas correspondientes cuyos datos incorporar\u00e1 el director del centro a la plataforma SAUCE.<\/p>\n<p><strong>Jueves 20 de noviembre<\/strong>:<\/p>\n<p>Constituci\u00f3n del nuevo Consejo escolar.<\/p>\n<p>&nbsp;<\/p>\n<p>&nbsp;<\/p>\n<p style=\"text-align: left\"><span style=\"color: #ff0000;font-size: 18pt\"><strong>Voto por Correo:<\/strong><\/span><\/p>\n<table>\n<tbody>\n<tr>\n<td style=\"background-color: #eddf8e;width: 661px\" width=\"661\">A fin de conseguir la mayor participaci\u00f3n posible, los padres y madres o tutores legales del alumnado podr\u00e1n hacer uso del voto por correo. A tal efecto, la familia solicitar\u00e1 VOTO POR CORREO A LA TUTORA O TUTOR CON TIEMPO SUFICIENTE, para entregar el sobre al ni\u00f1o o ni\u00f1a. El voto deber\u00e1 ser enviado a la mesa electoral del centro docente antes de la realizaci\u00f3n del escrutinio respetando las siguientes indicaciones:<\/p>\n<p><strong>NORMAS VOTO POR CORREO <\/strong><\/p>\n<ul>\n<li><strong>Las elecciones de los representantes de Padres\/Madres del Consejo Escolar se celebrar\u00e1n el martes 11-11-2025.<\/strong><\/li>\n<li><strong>La votaci\u00f3n presencial se desarrollar\u00e1 a partir de las 09:00 horas del martes 11 de noviembre de 2025 en la biblioteca del del Centro y hasta las 14:00 horas. <\/strong><\/li>\n<\/ul>\n<p>A fin de conseguir la mayor participaci\u00f3n posible, los padres y madres o tutores legales del alumnado podr\u00e1n utilizar el \u201cvoto por correo\u201d (solicitarlo al tutor o tutora). A tal efecto, el voto deber\u00e1 ser enviado a la mesa electoral del centro docente antes de la realizaci\u00f3n del escrutinio respetando las siguientes indicaciones:<\/p>\n<ul>\n<li>Podr\u00e1n ejercerlo todos los electores.<\/li>\n<li>Para ejercer dicho derecho deben solicitarlo a partir del 30 de octubre a la tutora o tutor y a trav\u00e9s de la agenda del ni\u00f1o o ni\u00f1a o a trav\u00e9s del correo (<a href=\"mailto:cpjimi@educastur.org\">cpjimi@educastur.org<\/a>), para poder facilitar el material de votaci\u00f3n (sobres, papeleta).<\/li>\n<li>Deber\u00e1 ser remitido a la Direcci\u00f3n del centro, a la atenci\u00f3n de la mesa electoral siempre antes del escrutinio (martes 11-11-2025)<\/li>\n<li>Para garantizar el secreto del voto y la identificaci\u00f3n del elector se utilizar\u00e1 el sistema de doble sobre:\n<ul>\n<li><strong>Sobre 1<\/strong>: Se entregar\u00e1 cerrado. En el exterior figurar\u00e1: nombre y apellidos del elector y firma manuscrita. El interior contendr\u00e1: Fotocopia del DNI, NIE, CARNET DE CONDUCIR. y el \u201cSobre 2\u201d.<\/li>\n<li><strong>Sobre 2<\/strong>: Ir\u00e1 en el interior del \u201cSobre 1\u201d. Solo contendr\u00e1 la papeleta de votaci\u00f3n (\u00e9ste tiene que estar cerrado dentro del otro sobre)<\/li>\n<\/ul>\n<\/li>\n<li>Se utilizar\u00e1 modelo de papeleta aprobado por la Junta Electoral, disponible en la secretaria y en el Blog del centro. Se les entregar\u00e1 impresas a trav\u00e9s del alumnado (sobre + papeleta), quien lo demande.<\/li>\n<\/ul>\n<p><strong>EL ALUMNADO PUEDE ENTREGAR LOS SOBRES A LA SECRETARIA DEL CENTRO<\/strong>. El sobre debe llegar cerrado y tiene que estar siempre antes del d\u00eda del escrutinio (11\/11\/2025) antes de las 14:00 horas. En caso de que llegara despu\u00e9s, no ser\u00eda considerado dicho voto.<\/td>\n<\/tr>\n<\/tbody>\n<\/table>\n<p>&nbsp;<\/p>\n<p style=\"text-align: center\"><strong>Calendario resumen<\/strong>:<\/p>\n<p><img loading=\"lazy\" decoding=\"async\" class=\"aligncenter wp-image-2970 size-full\" src=\"http:\/\/edublog.educastur.es\/colejimi\/files\/2025\/10\/Agenda_Oct.jpg\" alt=\"\" width=\"812\" height=\"643\" srcset=\"https:\/\/edublog.educastur.es\/colejimi\/files\/2025\/10\/Agenda_Oct.jpg 812w, https:\/\/edublog.educastur.es\/colejimi\/files\/2025\/10\/Agenda_Oct-300x238.jpg 300w, https:\/\/edublog.educastur.es\/colejimi\/files\/2025\/10\/Agenda_Oct-768x608.jpg 768w\" sizes=\"auto, (max-width: 812px) 100vw, 812px\" \/> <img loading=\"lazy\" decoding=\"async\" class=\"aligncenter wp-image-2971 size-full\" src=\"http:\/\/edublog.educastur.es\/colejimi\/files\/2025\/10\/Agenda_Nov.jpg\" alt=\"\" width=\"805\" height=\"468\" srcset=\"https:\/\/edublog.educastur.es\/colejimi\/files\/2025\/10\/Agenda_Nov.jpg 805w, https:\/\/edublog.educastur.es\/colejimi\/files\/2025\/10\/Agenda_Nov-300x174.jpg 300w, https:\/\/edublog.educastur.es\/colejimi\/files\/2025\/10\/Agenda_Nov-768x446.jpg 768w\" sizes=\"auto, (max-width: 805px) 100vw, 805px\" \/><\/p>\n","protected":false},"excerpt":{"rendered":"<p>ELECCIONES PARA EL CONSEJO ESCOLAR DEL CP JIMI P\u00c9REZ LORENTE 2025-2026 RENOVACI\u00d3N PARCIAL DEL CONSEJO ESCOLAR 2025 &nbsp; Seg\u00fan lo dispuesto en la Resoluci\u00f3n de 3 de septiembre de 2025, por la que se convoca la elecci\u00f3n de integrantes de los Consejos Escolares en los centros de los distintos niveles educativos no universitarios sostenidos con &hellip; <a href=\"https:\/\/edublog.educastur.es\/colejimi\/familias\/consejo-escolar\/\" class=\"more-link\">Seguir leyendo <span class=\"screen-reader-text\">Consejo escolar<\/span><\/a><\/p>\n","protected":false},"author":1658,"featured_media":0,"parent":30,"menu_order":6,"comment_status":"closed","ping_status":"closed","template":"","meta":{"footnotes":""},"class_list":["post-1361","page","type-page","status-publish","hentry","no-featured-image"],"_links":{"self":[{"href":"https:\/\/edublog.educastur.es\/colejimi\/wp-json\/wp\/v2\/pages\/1361","targetHints":{"allow":["GET"]}}],"collection":[{"href":"https:\/\/edublog.educastur.es\/colejimi\/wp-json\/wp\/v2\/pages"}],"about":[{"href":"https:\/\/edublog.educastur.es\/colejimi\/wp-json\/wp\/v2\/types\/page"}],"author":[{"embeddable":true,"href":"https:\/\/edublog.educastur.es\/colejimi\/wp-json\/wp\/v2\/users\/1658"}],"replies":[{"embeddable":true,"href":"https:\/\/edublog.educastur.es\/colejimi\/wp-json\/wp\/v2\/comments?post=1361"}],"version-history":[{"count":17,"href":"https:\/\/edublog.educastur.es\/colejimi\/wp-json\/wp\/v2\/pages\/1361\/revisions"}],"predecessor-version":[{"id":3018,"href":"https:\/\/edublog.educastur.es\/colejimi\/wp-json\/wp\/v2\/pages\/1361\/revisions\/3018"}],"up":[{"embeddable":true,"href":"https:\/\/edublog.educastur.es\/colejimi\/wp-json\/wp\/v2\/pages\/30"}],"wp:attachment":[{"href":"https:\/\/edublog.educastur.es\/colejimi\/wp-json\/wp\/v2\/media?parent=1361"}],"curies":[{"name":"wp","href":"https:\/\/api.w.org\/{rel}","templated":true}]}}