{"id":1645,"date":"2024-04-17T15:00:59","date_gmt":"2024-04-17T15:00:59","guid":{"rendered":"https:\/\/edublog.educastur.es\/cpgloriarodriguez\/?page_id=1645"},"modified":"2025-08-29T13:49:08","modified_gmt":"2025-08-29T11:49:08","slug":"escuelina-0-a-3-anos","status":"publish","type":"page","link":"https:\/\/edublog.educastur.es\/colejimi\/centro\/escuelina-0-a-3-anos\/","title":{"rendered":"Escuelina 0 a 3 a\u00f1os"},"content":{"rendered":"<p><img loading=\"lazy\" decoding=\"async\" class=\"aligncenter wp-image-1903 size-full\" src=\"http:\/\/edublog.educastur.es\/colejimi\/files\/2024\/07\/Escuelina_La_Veiga.jpg\" alt=\"\" width=\"675\" height=\"675\" srcset=\"https:\/\/edublog.educastur.es\/colejimi\/files\/2024\/07\/Escuelina_La_Veiga.jpg 675w, https:\/\/edublog.educastur.es\/colejimi\/files\/2024\/07\/Escuelina_La_Veiga-300x300.jpg 300w, https:\/\/edublog.educastur.es\/colejimi\/files\/2024\/07\/Escuelina_La_Veiga-150x150.jpg 150w, https:\/\/edublog.educastur.es\/colejimi\/files\/2024\/07\/Escuelina_La_Veiga-75x75.jpg 75w\" sizes=\"auto, (max-width: 675px) 100vw, 675px\" \/><\/p>\n<p style=\"text-align: center\">La Escuelina de 0-3 La Veiga <strong>es un centro independiente al nuestro<\/strong>.<\/p>\n<p style=\"text-align: center\">Cualquier duda o pregunta, por favor, poneros en contacto con La Escuelina, gracias:<\/p>\n<p style=\"text-align: center\"><span style=\"font-size: 18pt;color: #ff0000\">P\u00e1gina Web:\u00a0<\/span><a href=\"https:\/\/edublog.educastur.es\/escuelinalaveiga\"><span style=\"text-decoration: underline\"><span style=\"font-size: 18pt\">https:\/\/edublog.educastur.es\/escuelinalaveiga<\/span><\/span><\/a><\/p>\n<p style=\"text-align: center\"><span style=\"font-size: 18pt;color: #ff0000\">M\u00f3vil:\u00a0<\/span><span style=\"font-size: 24pt;color: #0000ff\"><strong>617 76 69 35<\/strong><\/span><\/p>\n<p style=\"text-align: center\"><span style=\"font-size: 18pt;color: #ff0000\">Correo electr\u00f3nico: <strong><a href=\"mailto:eeiveiga@educastur.org\">eeiveiga@educastur.org<\/a><\/strong><\/span><\/p>\n<p>&nbsp;<\/p>\n<p>&nbsp;<\/p>\n<p>&nbsp;<\/p>\n<p>&nbsp;<\/p>\n<p>&nbsp;<\/p>\n<p>&nbsp;<\/p>\n<p>&nbsp;<\/p>\n<p>&nbsp;<\/p>\n<p>&nbsp;<\/p>\n<p>&nbsp;<\/p>\n<p style=\"text-align: center\"><span style=\"color: #ff0000\"><strong><span style=\"font-size: 18pt\">Documentos de matr\u00edcula <\/span><\/strong><span style=\"font-size: 18pt\">(descargables)<\/span><strong><span style=\"font-size: 18pt\">:<\/span><\/strong><\/span><\/p>\n<p>&nbsp;<\/p>\n<p style=\"text-align: center\"><span style=\"font-size: 18pt\"><a href=\"https:\/\/educastur-my.sharepoint.com\/:b:\/g\/personal\/gloriaro_educastur_org\/ERecYaasZhNFkptqIAOmITMBwe6h8lbxxq4M5_z3ZzJQ2Q?e=QVag8S\">1. Impreso de Solicitud de ADMISI\u00d3N (PDF)<\/a><\/span><\/p>\n<p style=\"text-align: center\"><span style=\"font-size: 18pt\"><a href=\"https:\/\/educastur-my.sharepoint.com\/:b:\/g\/personal\/gloriaro_educastur_org\/EZK1EdFoATFJlBESl1fBRgcBqAesdgspcG0sWc3b-LKVAg?e=flHzL4\">2. Impreso de Autorizaciones miembros unidad familiar (PDF)<\/a><\/span><\/p>\n<p style=\"text-align: center\"><a href=\"https:\/\/educastur-my.sharepoint.com\/:b:\/g\/personal\/gloriaro_educastur_org\/EaKB3nAqfsFCji865zsmvgIBy9vYPIX9CfDIFi2MYl9BCQ?e=edqFXQ\"><span style=\"font-size: 18pt\">3. Informaci\u00f3n adicional protecci\u00f3n de datos (PDF)<\/span><\/a><\/p>\n<p>&nbsp;<\/p>\n<p>&nbsp;<\/p>\n<p style=\"text-align: center\"><a href=\"https:\/\/educastur-my.sharepoint.com\/:b:\/g\/personal\/oscarmg_educastur_org\/EZdAoWqwQXpArp1u8fq48UQB0rWYmXXmT6LZwWlxZBZ6FQ?e=xM0ITF\"><em><strong><span style=\"font-size: 24pt;color: #ff0000\"><span style=\"font-size: 36pt\">Preguntas y respuestas:<\/span><\/span><\/strong><\/em><\/a><\/p>\n<p style=\"text-align: center\"><a href=\"https:\/\/educastur-my.sharepoint.com\/:b:\/g\/personal\/oscarmg_educastur_org\/EZdAoWqwQXpArp1u8fq48UQB0rWYmXXmT6LZwWlxZBZ6FQ?e=xM0ITF\"><em><strong><span style=\"font-size: 24pt;color: #ff0000\">documento en pdf<\/span><\/strong><\/em><\/a><\/p>\n<p>&nbsp;<\/p>\n<p>&nbsp;<\/p>\n<p>&nbsp;<\/p>\n<p>&nbsp;<\/p>\n","protected":false},"excerpt":{"rendered":"<p>La Escuelina de 0-3 La Veiga es un centro independiente al nuestro. Cualquier duda o pregunta, por favor, poneros en contacto con La Escuelina, gracias: P\u00e1gina Web:\u00a0https:\/\/edublog.educastur.es\/escuelinalaveiga M\u00f3vil:\u00a0617 76 69 35 Correo electr\u00f3nico: eeiveiga@educastur.org &nbsp; &nbsp; &nbsp; &nbsp; &nbsp; &nbsp; &nbsp; &nbsp; &nbsp; &nbsp; Documentos de matr\u00edcula (descargables): &nbsp; 1. Impreso de Solicitud de ADMISI\u00d3N &hellip; <a href=\"https:\/\/edublog.educastur.es\/colejimi\/centro\/escuelina-0-a-3-anos\/\" class=\"more-link\">Seguir leyendo <span class=\"screen-reader-text\">Escuelina 0 a 3 a\u00f1os<\/span><\/a><\/p>\n","protected":false},"author":1658,"featured_media":0,"parent":310,"menu_order":3,"comment_status":"closed","ping_status":"closed","template":"","meta":{"footnotes":""},"class_list":["post-1645","page","type-page","status-publish","hentry","no-featured-image"],"_links":{"self":[{"href":"https:\/\/edublog.educastur.es\/colejimi\/wp-json\/wp\/v2\/pages\/1645","targetHints":{"allow":["GET"]}}],"collection":[{"href":"https:\/\/edublog.educastur.es\/colejimi\/wp-json\/wp\/v2\/pages"}],"about":[{"href":"https:\/\/edublog.educastur.es\/colejimi\/wp-json\/wp\/v2\/types\/page"}],"author":[{"embeddable":true,"href":"https:\/\/edublog.educastur.es\/colejimi\/wp-json\/wp\/v2\/users\/1658"}],"replies":[{"embeddable":true,"href":"https:\/\/edublog.educastur.es\/colejimi\/wp-json\/wp\/v2\/comments?post=1645"}],"version-history":[{"count":8,"href":"https:\/\/edublog.educastur.es\/colejimi\/wp-json\/wp\/v2\/pages\/1645\/revisions"}],"predecessor-version":[{"id":2798,"href":"https:\/\/edublog.educastur.es\/colejimi\/wp-json\/wp\/v2\/pages\/1645\/revisions\/2798"}],"up":[{"embeddable":true,"href":"https:\/\/edublog.educastur.es\/colejimi\/wp-json\/wp\/v2\/pages\/310"}],"wp:attachment":[{"href":"https:\/\/edublog.educastur.es\/colejimi\/wp-json\/wp\/v2\/media?parent=1645"}],"curies":[{"name":"wp","href":"https:\/\/api.w.org\/{rel}","templated":true}]}}