{"id":347,"date":"2022-07-06T20:11:01","date_gmt":"2022-07-06T20:11:01","guid":{"rendered":"https:\/\/edublog.educastur.es\/cpgloriarodriguez\/?page_id=347"},"modified":"2024-12-11T12:35:31","modified_gmt":"2024-12-11T11:35:31","slug":"contacta","status":"publish","type":"page","link":"https:\/\/edublog.educastur.es\/colejimi\/centro\/contacta\/","title":{"rendered":"Contacta"},"content":{"rendered":"<div style=\"text-align: center\"><a href=\"https:\/\/edublog.educastur.es\/colejimi\"><span style=\"font-size: xx-large\"><span style=\"font-family: arial\">CP JIMI P\u00c9REZ LORENTE<\/span><\/span><\/a><\/div>\n<div style=\"text-align: center\"><\/div>\n<div style=\"text-align: center\"><span style=\"font-family: arial;font-size: large\">C\/ Luis Casielles, 2<\/span><\/div>\n<div style=\"text-align: center\"><span style=\"font-family: arial;font-size: large\">33126 Soto del Barco<\/span><\/div>\n<div style=\"text-align: center\"><span style=\"font-family: arial;font-size: large\">(Asturias)<\/span><\/div>\n<div style=\"text-align: center\"><\/div>\n<div style=\"text-align: center\"><span style=\"font-family: arial;font-size: large\"><b>Tel\u00e9fono de contacto<\/b>:<span style=\"color: #ffffff\">:<\/span><\/span><\/div>\n<div style=\"text-align: center\"><span style=\"font-family: arial;font-size: large\">985 58 83 47<\/span><\/div>\n<div><\/div>\n<div>\n<div style=\"text-align: center\"><span style=\"font-family: arial;font-size: large\"><b>M\u00f3vil<\/b>:<span style=\"color: #ffffff\">:<\/span><\/span><\/div>\n<div style=\"text-align: center\"><span style=\"font-family: arial;font-size: large\">617 71 19 48<\/span><\/div>\n<\/div>\n<div style=\"text-align: center\"><\/div>\n<div style=\"text-align: center\"><span style=\"font-family: arial;font-size: large\"><b>Correo electr\u00f3nico:<\/b><\/span><\/div>\n<div style=\"text-align: center\"><a href=\"mailto:cpjimi@educastur.org\"><span style=\"font-family: arial;font-size: large\">cpjimi@educastur.org<\/span><\/a><\/div>\n<div><\/div>\n<div style=\"text-align: center\"><\/div>\n<div><\/div>\n<div><\/div>\n<h1 style=\"text-align: center\"><span style=\"color: #339966\">\u00bfC\u00d3MO LLEGAR?<\/span><\/h1>\n<p style=\"text-align: center\">\n<p style=\"text-align: center\">Enlace directo:<br \/>\n<span style=\"text-decoration: underline\"><strong>https:\/\/maps.app.goo.gl\/8xYvibp4qD6AkX7n6<\/strong><\/span><\/p>\n","protected":false},"excerpt":{"rendered":"<p>CP JIMI P\u00c9REZ LORENTE C\/ Luis Casielles, 2 33126 Soto del Barco (Asturias) Tel\u00e9fono de contacto:: 985 58 83 47 M\u00f3vil:: 617 71 19 48 Correo electr\u00f3nico: cpjimi@educastur.org \u00bfC\u00d3MO LLEGAR? Enlace directo: https:\/\/maps.app.goo.gl\/8xYvibp4qD6AkX7n6<\/p>\n","protected":false},"author":1658,"featured_media":0,"parent":310,"menu_order":14,"comment_status":"closed","ping_status":"closed","template":"","meta":{"footnotes":""},"class_list":["post-347","page","type-page","status-publish","hentry","no-featured-image"],"_links":{"self":[{"href":"https:\/\/edublog.educastur.es\/colejimi\/wp-json\/wp\/v2\/pages\/347","targetHints":{"allow":["GET"]}}],"collection":[{"href":"https:\/\/edublog.educastur.es\/colejimi\/wp-json\/wp\/v2\/pages"}],"about":[{"href":"https:\/\/edublog.educastur.es\/colejimi\/wp-json\/wp\/v2\/types\/page"}],"author":[{"embeddable":true,"href":"https:\/\/edublog.educastur.es\/colejimi\/wp-json\/wp\/v2\/users\/1658"}],"replies":[{"embeddable":true,"href":"https:\/\/edublog.educastur.es\/colejimi\/wp-json\/wp\/v2\/comments?post=347"}],"version-history":[{"count":9,"href":"https:\/\/edublog.educastur.es\/colejimi\/wp-json\/wp\/v2\/pages\/347\/revisions"}],"predecessor-version":[{"id":2396,"href":"https:\/\/edublog.educastur.es\/colejimi\/wp-json\/wp\/v2\/pages\/347\/revisions\/2396"}],"up":[{"embeddable":true,"href":"https:\/\/edublog.educastur.es\/colejimi\/wp-json\/wp\/v2\/pages\/310"}],"wp:attachment":[{"href":"https:\/\/edublog.educastur.es\/colejimi\/wp-json\/wp\/v2\/media?parent=347"}],"curies":[{"name":"wp","href":"https:\/\/api.w.org\/{rel}","templated":true}]}}