{"id":925,"date":"2022-11-24T13:03:56","date_gmt":"2022-11-24T13:03:56","guid":{"rendered":"https:\/\/edublog.educastur.es\/cpgloriarodriguez\/?page_id=925"},"modified":"2022-11-24T13:03:56","modified_gmt":"2022-11-24T13:03:56","slug":"criterios-de-calificacion-de-areas","status":"publish","type":"page","link":"https:\/\/edublog.educastur.es\/colejimi\/centro\/criterios-de-calificacion-de-areas\/","title":{"rendered":"Criterios calificaci\u00f3n"},"content":{"rendered":"<hr \/>\n<p style=\"text-align: center\"><span style=\"color: #0000ff\"><strong><span style=\"font-size: 18pt\">Criterios de calificaci\u00f3n de las \u00e1reas etapa de PRIMARIA<\/span><\/strong><\/span><\/p>\n<hr \/>\n<p style=\"text-align: center\"><strong><span style=\"font-family: 'comic sans ms', sans-serif\"><a href=\"https:\/\/educastur-my.sharepoint.com\/:w:\/g\/personal\/gloriaro_educastur_org\/ESp67wer1XtMrT9IZpH79PIB5pYYKFPq11u56pyfYFo0eA?e=ML8rsq\">MATEM\u00c1TICAS<\/a><\/span><\/strong><\/p>\n<p style=\"text-align: center\"><span style=\"font-family: 'comic sans ms', sans-serif\"><a href=\"https:\/\/educastur-my.sharepoint.com\/:w:\/g\/personal\/gloriaro_educastur_org\/EYhXtbzK20JDnnxkNRxHzGgBOcp04Qx0LvnlzULWCLjqjg?e=p1B1pU\"><strong>LENGUA<\/strong><\/a><\/span><\/p>\n<p style=\"text-align: center\"><span style=\"font-family: 'comic sans ms', sans-serif\"><a href=\"https:\/\/educastur-my.sharepoint.com\/:w:\/g\/personal\/gloriaro_educastur_org\/EVuSH1zeuP5JrZxUDR5iTI0B9oIpv0MjzlI1nlts3iJtyg?e=FZHfOP\"><strong>CC SOCIALES<\/strong><\/a><\/span><\/p>\n<p style=\"text-align: center\"><span style=\"font-family: 'comic sans ms', sans-serif\"><a href=\"https:\/\/educastur-my.sharepoint.com\/:w:\/g\/personal\/gloriaro_educastur_org\/ERZ6kLDy_VZEj_LBCI3NhIMBNVwawy4cWPi2QrwGRSdeQw?e=F54G89\"><strong>CC NATURALES<\/strong><\/a><\/span><\/p>\n<p style=\"text-align: center\"><span style=\"font-family: 'comic sans ms', sans-serif\"><a href=\"https:\/\/educastur-my.sharepoint.com\/:w:\/g\/personal\/gloriaro_educastur_org\/ESettYuI5GhFs8k90MgSNT8BstXRERSKAWnbaBqxqV6q-Q?e=LVCI5a\"><strong>INGL\u00c9S<\/strong><\/a><\/span><\/p>\n<p style=\"text-align: center\"><span style=\"font-family: 'comic sans ms', sans-serif\"><a href=\"https:\/\/educastur-my.sharepoint.com\/:w:\/g\/personal\/gloriaro_educastur_org\/EWSnFmspTMFJrLgJRKPONUUBKESCcOKL6wcnuYuB1bhmOg?e=zVp56d\"><strong>EDU<\/strong><strong>CACI\u00d3N<\/strong><strong> FISICA<\/strong><\/a><\/span><\/p>\n<p style=\"text-align: center\"><span style=\"font-family: 'comic sans ms', sans-serif\"><a href=\"https:\/\/educastur-my.sharepoint.com\/:w:\/g\/personal\/gloriaro_educastur_org\/EU0pEV8atqhKkYYvzZdc9VAB13pivitHyp-KyklRWd9HuQ?e=o710tn\"><strong>ED. ART\u00cdSTICA<\/strong><\/a><\/span><\/p>\n<p style=\"text-align: center\"><span style=\"font-family: 'comic sans ms', sans-serif\"><a href=\"https:\/\/educastur-my.sharepoint.com\/:w:\/g\/personal\/gloriaro_educastur_org\/EYUCNYQWlS9HiFR_jbDy_PgBnL_HOEXw5_j5bsNnRKHG4g?e=qDbA83\"><strong>L<\/strong><strong>ENG. ASTURIANA<\/strong><\/a><\/span><\/p>\n<p style=\"text-align: center\"><span style=\"font-family: 'comic sans ms', sans-serif\"><a href=\"https:\/\/educastur-my.sharepoint.com\/:w:\/g\/personal\/gloriaro_educastur_org\/EenRCo7ao75EhI8eAs8X9FgBZqHlf8Qw-gPmrLda5oQ6og?e=h2X3sY\"><strong>C<\/strong><strong>ULTURA ASTURIANA<\/strong><\/a><\/span><\/p>\n<p style=\"text-align: center\"><span style=\"font-family: 'comic sans ms', sans-serif\"><a href=\"https:\/\/educastur-my.sharepoint.com\/:w:\/g\/personal\/gloriaro_educastur_org\/EQ7mAOc3VlFIq8BfKnflswQBQNPPZ-YKIUz8570Z_52Cug?e=yzGg3i\"><strong>RELIGI\u00d3N<\/strong><\/a><\/span><\/p>\n<hr \/>\n<p style=\"text-align: center\"><span style=\"color: #339966\"><strong><span style=\"font-size: 18pt\">Criterios de calificaci\u00f3n de las \u00e1reas etapa de INFANTIL (2\u00ba ciclo)<\/span><\/strong><\/span><\/p>\n<hr \/>\n<p style=\"text-align: center\"><span style=\"font-family: 'comic sans ms', sans-serif\"><a href=\"https:\/\/educastur-my.sharepoint.com\/:w:\/g\/personal\/gloriaro_educastur_org\/EYEYAL11nqZNm9xMhsifF9sBuJYD_fcPAyooRExhYqUHdA?e=tot8VB\"><strong>C<\/strong><strong>RECIMIENTO EN ARMON\u00cdA<\/strong><\/a><\/span><\/p>\n<p style=\"text-align: center\"><span style=\"font-family: 'comic sans ms', sans-serif\"><a href=\"https:\/\/educastur-my.sharepoint.com\/:w:\/g\/personal\/gloriaro_educastur_org\/EYEYAL11nqZNm9xMhsifF9sBuJYD_fcPAyooRExhYqUHdA?e=tot8VB\"><strong>D<\/strong><strong>ESCUBRIMIENTO Y EXPLORACI\u00d3N DEL ENTORNO<\/strong><\/a><\/span><\/p>\n<p style=\"text-align: center\"><span style=\"font-family: 'comic sans ms', sans-serif\"><a href=\"https:\/\/educastur-my.sharepoint.com\/:w:\/g\/personal\/gloriaro_educastur_org\/EYEYAL11nqZNm9xMhsifF9sBuJYD_fcPAyooRExhYqUHdA?e=tot8VB\"><strong>COMUNICACI\u00d3N Y REPRESENTACI\u00d3N DE LA REALIDAD<\/strong><\/a><\/span><\/p>\n","protected":false},"excerpt":{"rendered":"<p>Criterios de calificaci\u00f3n de las \u00e1reas etapa de PRIMARIA MATEM\u00c1TICAS LENGUA CC SOCIALES CC NATURALES INGL\u00c9S EDUCACI\u00d3N FISICA ED. ART\u00cdSTICA LENG. ASTURIANA CULTURA ASTURIANA RELIGI\u00d3N Criterios de calificaci\u00f3n de las \u00e1reas etapa de INFANTIL (2\u00ba ciclo) CRECIMIENTO EN ARMON\u00cdA DESCUBRIMIENTO Y EXPLORACI\u00d3N DEL ENTORNO COMUNICACI\u00d3N Y REPRESENTACI\u00d3N DE LA REALIDAD<\/p>\n","protected":false},"author":1658,"featured_media":0,"parent":310,"menu_order":7,"comment_status":"closed","ping_status":"closed","template":"","meta":{"footnotes":""},"class_list":["post-925","page","type-page","status-publish","hentry","no-featured-image"],"_links":{"self":[{"href":"https:\/\/edublog.educastur.es\/colejimi\/wp-json\/wp\/v2\/pages\/925","targetHints":{"allow":["GET"]}}],"collection":[{"href":"https:\/\/edublog.educastur.es\/colejimi\/wp-json\/wp\/v2\/pages"}],"about":[{"href":"https:\/\/edublog.educastur.es\/colejimi\/wp-json\/wp\/v2\/types\/page"}],"author":[{"embeddable":true,"href":"https:\/\/edublog.educastur.es\/colejimi\/wp-json\/wp\/v2\/users\/1658"}],"replies":[{"embeddable":true,"href":"https:\/\/edublog.educastur.es\/colejimi\/wp-json\/wp\/v2\/comments?post=925"}],"version-history":[{"count":0,"href":"https:\/\/edublog.educastur.es\/colejimi\/wp-json\/wp\/v2\/pages\/925\/revisions"}],"up":[{"embeddable":true,"href":"https:\/\/edublog.educastur.es\/colejimi\/wp-json\/wp\/v2\/pages\/310"}],"wp:attachment":[{"href":"https:\/\/edublog.educastur.es\/colejimi\/wp-json\/wp\/v2\/media?parent=925"}],"curies":[{"name":"wp","href":"https:\/\/api.w.org\/{rel}","templated":true}]}}