{"id":1804,"date":"2020-03-14T18:58:50","date_gmt":"2020-03-14T17:58:50","guid":{"rendered":"https:\/\/corcheatk.wordpress.com\/?page_id=1804"},"modified":"2020-03-14T18:58:50","modified_gmt":"2020-03-14T17:58:50","slug":"actividades-telematicas-para-musica-y-h-digitales","status":"publish","type":"page","link":"https:\/\/edublog.educastur.es\/corcheatk\/actividades-telematicas-para-musica-y-h-digitales\/","title":{"rendered":"Actividades telem\u00e1ticas para M\u00fasica y H. Digitales"},"content":{"rendered":"\n<div class=\"wp-block-image\"><figure class=\"aligncenter size-large is-resized\"><img loading=\"lazy\" decoding=\"async\" src=\"http:\/\/edublog.educastur.es\/corcheatk\/files\/2020\/03\/2017-06-08-15-11-28-900x600-2.jpg?w=900\" alt=\"\" class=\"wp-image-1807\" width=\"400\" height=\"266\" srcset=\"https:\/\/edublog.educastur.es\/corcheatk\/files\/2020\/03\/2017-06-08-15-11-28-900x600-2.jpg 900w, https:\/\/edublog.educastur.es\/corcheatk\/files\/2020\/03\/2017-06-08-15-11-28-900x600-2-300x200.jpg 300w, https:\/\/edublog.educastur.es\/corcheatk\/files\/2020\/03\/2017-06-08-15-11-28-900x600-2-768x512.jpg 768w\" sizes=\"auto, (max-width: 400px) 100vw, 400px\" \/><\/figure><\/div>\n\n\n\n<p>Ante todo quiero felicitarte por el buen trabajo que has hecho durante esta evaluaci\u00f3n. Ello ha hecho que todos teng\u00e1is la asignatura aprobada. Para seguir trabajando, deber\u00e1s consultar tu correo de @iesnorena. All\u00ed te enviaremos las instrucciones para continuar preparando las actividades de la asignatura. Seguiremos en contacto.<\/p>\n\n\n\n<p class=\"has-text-color has-normal-font-size has-vivid-red-color\"><strong>17 de marzo de 2020<\/strong><\/p>\n\n\n\n<p class=\"has-small-font-size\">Buenos d\u00edas, 1\u00ba A, B, C &#8230;.. (y D). Como la actividad que estais preparando no necesita de Google Suite (est\u00e1is haciendo una l\u00ednea del tiempo en Timetoast), estoy creando un Aula Virtual en Educastur que empezar\u00e1 a funcionar pr\u00f3ximamente. De momento dedicad el tiempo de esta asignatura a organizar un poco toda la informaci\u00f3n que os est\u00e1 llegando. Quienes no teng\u00e1is ordenador para trabajar MyHD , tranquilos. Como os dije arriba hab\u00e9is trabajado muy bien en el aula. <strong>Recordad que la informaci\u00f3n la pondremos en este blog.<\/strong><\/p>\n\n\n\n<p class=\"has-text-color has-normal-font-size has-vivid-red-color\"><strong>19 de marzo<\/strong><\/p>\n\n\n\n<p class=\"has-small-font-size\">Como ya pod\u00e9is acceder al aula virtual y estoy trabajando poniendo cosas, oculto algunos temas en el aula virtual para no confundiros. <strong>Recordad que iremos haciendo las cosas semana a semana.<\/strong> Centraos solamente en lo que hay que hacer en la semana del 16 al 22 de marzo. \u00a1\u00c1NIMO! Cada d\u00eda que pasa es un d\u00eda menos<\/p>\n\n\n\n<p class=\"has-text-color has-normal-font-size has-vivid-red-color\"><strong>Semana del 23 al 27 de marzo<\/strong><\/p>\n\n\n\n<p class=\"has-small-font-size\"><strong>Lunes 23<\/strong>: Entramos en el aula virtual (hasta entonces no estar\u00e1 totalmente operativa). Tareas: Lectura del post Bienvenidos. Lectura de \u00abC\u00f3mo se utiliza un foro virtual\u00bb . Actividades: Hacemos Historia y Presentaci\u00f3n en el Foro.<\/p>\n\n\n\n<p class=\"has-small-font-size\"><strong>MUY IMPORTANTE:<\/strong> Tarea en Avisos en vuestro Aula Virtual. Deb\u00e9is activar vuestra cuenta de Office de Educastur. Plazo: hasta el mi\u00e9rcoles 25 por la noche.<\/p>\n\n\n\n<p class=\"has-text-color has-normal-font-size has-vivid-red-color\"><strong>Semanas del 30 de marzo hasta que volvamos al instituto <\/strong><\/p>\n\n\n\n<p class=\"has-small-font-size\">Ya no hace falta que volv\u00e1is a entrar en el blog para ver qu\u00e9 vamos a ir trabajando en MyHD. Hasta que nos demos un abrazo en el instituto, ir\u00e9is elaborando vuestro webdiario personal. Todas las instrucciones para hacerlo lo ten\u00e9is en vuestro aula virtual de MyHD de Educastur. <\/p>\n","protected":false},"excerpt":{"rendered":"<p>Ante todo quiero felicitarte por el buen trabajo que has hecho durante esta evaluaci\u00f3n. Ello ha hecho que todos teng\u00e1is la asignatura aprobada. Para seguir trabajando, deber\u00e1s consultar tu correo de @iesnorena. All\u00ed te enviaremos las instrucciones para continuar preparando las actividades de la asignatura. Seguiremos en contacto. 17 de marzo de 2020 Buenos d\u00edas, [&hellip;]<\/p>\n","protected":false},"author":100,"featured_media":0,"parent":0,"menu_order":0,"comment_status":"closed","ping_status":"closed","template":"","meta":{"footnotes":""},"class_list":["post-1804","page","type-page","status-publish","hentry"],"_links":{"self":[{"href":"https:\/\/edublog.educastur.es\/corcheatk\/wp-json\/wp\/v2\/pages\/1804","targetHints":{"allow":["GET"]}}],"collection":[{"href":"https:\/\/edublog.educastur.es\/corcheatk\/wp-json\/wp\/v2\/pages"}],"about":[{"href":"https:\/\/edublog.educastur.es\/corcheatk\/wp-json\/wp\/v2\/types\/page"}],"author":[{"embeddable":true,"href":"https:\/\/edublog.educastur.es\/corcheatk\/wp-json\/wp\/v2\/users\/100"}],"replies":[{"embeddable":true,"href":"https:\/\/edublog.educastur.es\/corcheatk\/wp-json\/wp\/v2\/comments?post=1804"}],"version-history":[{"count":0,"href":"https:\/\/edublog.educastur.es\/corcheatk\/wp-json\/wp\/v2\/pages\/1804\/revisions"}],"wp:attachment":[{"href":"https:\/\/edublog.educastur.es\/corcheatk\/wp-json\/wp\/v2\/media?parent=1804"}],"curies":[{"name":"wp","href":"https:\/\/api.w.org\/{rel}","templated":true}]}}