{"id":77,"date":"2017-03-04T20:53:02","date_gmt":"2017-03-04T20:53:02","guid":{"rendered":"https:\/\/corcheatk.wordpress.com\/?page_id=77"},"modified":"2020-09-08T17:17:00","modified_gmt":"2020-09-08T17:17:00","slug":"2-el-renacimiento","status":"publish","type":"page","link":"https:\/\/edublog.educastur.es\/corcheatk\/2-el-renacimiento\/","title":{"rendered":"2- El Renacimiento"},"content":{"rendered":"<p><a href=\"http:\/\/edublog.educastur.es\/corcheatk\/files\/2017\/11\/gerard_van_honthorst_-_the_concert_-_1623_opt.jpg\" target=\"_blank\" rel=\"noopener noreferrer\"><img loading=\"lazy\" decoding=\"async\" class=\" wp-image-1319 aligncenter\" src=\"http:\/\/edublog.educastur.es\/corcheatk\/files\/2017\/11\/gerard_van_honthorst_-_the_concert_-_1623_opt.jpg\" alt=\"Gerard_van_honthorst_-_the_concert_-_1623_opt\" width=\"355\" height=\"211\" srcset=\"https:\/\/edublog.educastur.es\/corcheatk\/files\/2017\/11\/gerard_van_honthorst_-_the_concert_-_1623_opt.jpg 400w, https:\/\/edublog.educastur.es\/corcheatk\/files\/2017\/11\/gerard_van_honthorst_-_the_concert_-_1623_opt-300x179.jpg 300w\" sizes=\"auto, (max-width: 355px) 100vw, 355px\" \/><\/a><\/p>\n<p style=\"text-align: justify\" align=\"justify\"><span style=\"color: #000000;font-family: verdana, geneva, sans-serif;font-size: 14px\">Si haces clic en el enlace del \u00a0 <span style=\"color: #ff6600\"><a style=\"color: #ff6600\" title=\"comicrenacimiento\" href=\"http:\/\/edublog.educastur.es\/corcheatk\/files\/2017\/03\/comicrenacimiento.pdf\"><span style=\"color: #ff6600\">comicrenacimiento<\/span> <\/a><\/span>podr\u00e1s leer un peque\u00f1o c\u00f3mic sobre la m\u00fasica de esta \u00e9poca.<br \/>\n<\/span><\/p>\n<p style=\"text-align: justify\" align=\"justify\"><span style=\"color: #000000;font-family: verdana, geneva, sans-serif;font-size: 14px\">Una vez le\u00eddo el c\u00f3mic, \u00bfqu\u00e9 recuerdas de la m\u00fasica del Renacimiento? Para conocer la respuesta nada mejo<strong>r <\/strong><span style=\"color: #ff6600\"><a style=\"color: #ff6600\" title=\"Renacimiento\" href=\"https:\/\/quizizz.com\/join\/quiz\/5f579cabdcd36e001c348c9b\/start\" target=\"_blank\" rel=\"noopener noreferrer\">este quiz<\/a><\/span> que te hemos preparado.<\/span><\/p>\n<p style=\"text-align: justify\" align=\"justify\"><span style=\"color: #000000;font-family: verdana, geneva, sans-serif;font-size: 14px\">Tambi\u00e9n puedes mostrar tus conocimientos completando correctamente el siguiente <strong>crucigrama<\/strong>. Si pinchas sobre la imagen se abrir\u00e1 en una nueva ventana.<\/span><\/p>\n<p align=\"justify\"><span style=\"font-family: verdana, geneva, sans-serif;font-size: 14px\"><a href=\"https:\/\/es.educaplay.com\/juego\/791881-renacimiento_musical.html\" target=\"_blank\" rel=\"noopener noreferrer\"><img loading=\"lazy\" decoding=\"async\" class=\"size-full wp-image-1321 aligncenter\" src=\"http:\/\/edublog.educastur.es\/corcheatk\/files\/2017\/11\/crucigrama.jpg\" alt=\"crucigrama\" width=\"302\" height=\"300\" srcset=\"https:\/\/edublog.educastur.es\/corcheatk\/files\/2017\/11\/crucigrama.jpg 302w, https:\/\/edublog.educastur.es\/corcheatk\/files\/2017\/11\/crucigrama-300x298.jpg 300w, https:\/\/edublog.educastur.es\/corcheatk\/files\/2017\/11\/crucigrama-150x150.jpg 150w\" sizes=\"auto, (max-width: 302px) 100vw, 302px\" \/><\/a><\/span><\/p>\n<hr \/>\n<p><span style=\"color: #008000;font-family: verdana, geneva, sans-serif;font-size: 14px\"><strong>AUDICIONES DE M\u00daSICA DEL RENACIMIENTO<\/strong><\/span><\/p>\n<p align=\"justify\"><span style=\"font-family: verdana, geneva, sans-serif;font-size: 14px\"><span style=\"color: #000000\">A continuaci\u00f3n tienes las <strong>audiciones del Cuaderno de actividades<\/strong>. Haz clic sobre cada uno de los enlaces para verlas y escucharlas en You<\/span>Tube.<\/span><\/p>\n<ul>\n<li><span style=\"color: #000000;font-family: verdana, geneva, sans-serif;font-size: 14px\"><span style=\"color: #ff6600\"><a style=\"color: #ff6600\" href=\"https:\/\/youtu.be\/lq9iH2t2OOA\" target=\"_blank\" rel=\"noopener noreferrer\">If ye love me<\/a><\/span>. (Thomas Tallis). Anthem<\/span><\/li>\n<li><span style=\"color: #000000;font-family: verdana, geneva, sans-serif;font-size: 14px\"><span style=\"color: #ff6600\"><a style=\"color: #ff6600\" href=\"https:\/\/youtu.be\/eqt005j1dB0\" target=\"_blank\" rel=\"noopener noreferrer\">If ye love me<\/a><\/span>. Partitura. (Thomas Tallis). Anthem<\/span><\/li>\n<li><span style=\"color: #000000;font-family: verdana, geneva, sans-serif;font-size: 14px\"><span style=\"color: #ff6600\"><a style=\"color: #ff6600\" href=\"https:\/\/www.youtube.com\/watch?v=YXyqPDU0_fM\" target=\"_blank\" rel=\"noopener noreferrer\">Ave Mar\u00eda<\/a><\/span>. (Tom\u00e1s Luis de Victoria). Motete<\/span><\/li>\n<li><span style=\"color: #000000;font-family: verdana, geneva, sans-serif;font-size: 14px\"><span style=\"color: #ff6600\"><a style=\"color: #ff6600\" href=\"https:\/\/www.youtube.com\/watch?v=TCLVkcZoYEY\" target=\"_blank\" rel=\"noopener noreferrer\">Ave Mar\u00eda<\/a><\/span>. Partitura. (Tom\u00e1s Luis de Victoria). Motete<\/span><\/li>\n<li><span style=\"color: #ff6600;font-family: verdana, geneva, sans-serif;font-size: 14px\"><a style=\"color: #ff6600\" href=\"https:\/\/www.youtube.com\/watch?v=koH3d_-57dc\" target=\"_blank\" rel=\"noopener noreferrer\">Tant que vivray<\/a>. (Claudin de Sermisy). Chanson<\/span><\/li>\n<li><span style=\"color: #ff6600;font-family: verdana, geneva, sans-serif;font-size: 14px\"><a style=\"color: #ff6600\" href=\"https:\/\/www.youtube.com\/watch?v=PWdrIktHCGM\" target=\"_blank\" rel=\"noopener noreferrer\">Matona mia cara<\/a>. (Orlando di Lasso). Madrigal<\/span><\/li>\n<li><span style=\"color: #000000;font-family: verdana, geneva, sans-serif;font-size: 14px\"><span style=\"color: #ff6600\"><a style=\"color: #ff6600\" href=\"https:\/\/www.youtube.com\/watch?v=pO59AbyJgPE\" target=\"_blank\" rel=\"noopener noreferrer\">Hoy comamos y bebamos<\/a><\/span>. (Juan del Encina). Villancico<\/span><\/li>\n<li><span style=\"font-family: verdana, geneva, sans-serif;font-size: 14px\"><span style=\"color: #000000\"><span style=\"color: #ff6600\"><a style=\"color: #ff6600\" href=\"https:\/\/www.youtube.com\/watch?v=9nrBGSfJKSk\" target=\"_blank\" rel=\"noopener noreferrer\">Gu\u00e1rdame las vacas<\/a><\/span>. (Luis de Narv\u00e1ez). Diferencias o variacion<\/span>es<\/span><\/li>\n<\/ul>\n<p style=\"text-align: justify\"><span style=\"color: #008000;font-family: verdana, geneva, sans-serif;font-size: 14px\"><strong>JUEGOS FLASH<\/strong><\/span><\/p>\n<p style=\"text-align: justify\"><span style=\"font-family: verdana, geneva, sans-serif;font-size: 14px\">Los juegos flash no funcionan ni en tabletas ni en smartphones, as\u00ed que solamente <strong>se pueden jugar en un PC o en un port\u00e1til<\/strong>. Tampoco se pueden abrir con navegadores como Chrome o Edge, <strong>hay que abrirlos con el navegador Firefox<\/strong>. Para ello haz clic en el enlace del juego, se abrir\u00e1 en una nueva ventana. En ella debes pulsar sobre la palabra <em>T\u00e9l\u00e9charger<\/em> y permitir Adobe Flash. Es posible que el juego no se abra al primer intento; en ese caso vuelve a pulsar en <em>T\u00e9l\u00e9charger<\/em> y repite los pasos.<\/span><\/p>\n<ul>\n<li style=\"text-align: justify\"><span style=\"font-family: verdana, geneva, sans-serif;font-size: 14px\">Puedes empezar con un <\/span><a href=\"http:\/\/img110.xooimage.com\/views\/7\/0\/f\/renacimiento-l-lanza-5565275.swf\/\" target=\"_blank\" rel=\"noopener noreferrer\"><span style=\"font-family: verdana, geneva, sans-serif;font-size: 14px\">Lanza al profe<\/span><\/a><\/li>\n<\/ul>\n","protected":false},"excerpt":{"rendered":"<p>Si haces clic en el enlace del \u00a0 comicrenacimiento podr\u00e1s leer un peque\u00f1o c\u00f3mic sobre la m\u00fasica de esta \u00e9poca. Una vez le\u00eddo el c\u00f3mic, \u00bfqu\u00e9 recuerdas de la m\u00fasica del Renacimiento? Para conocer la respuesta nada mejor este quiz que te hemos preparado. Tambi\u00e9n puedes mostrar tus conocimientos completando correctamente el siguiente crucigrama. Si [&hellip;]<\/p>\n","protected":false},"author":100,"featured_media":0,"parent":0,"menu_order":0,"comment_status":"closed","ping_status":"closed","template":"","meta":{"footnotes":""},"class_list":["post-77","page","type-page","status-publish","hentry"],"_links":{"self":[{"href":"https:\/\/edublog.educastur.es\/corcheatk\/wp-json\/wp\/v2\/pages\/77","targetHints":{"allow":["GET"]}}],"collection":[{"href":"https:\/\/edublog.educastur.es\/corcheatk\/wp-json\/wp\/v2\/pages"}],"about":[{"href":"https:\/\/edublog.educastur.es\/corcheatk\/wp-json\/wp\/v2\/types\/page"}],"author":[{"embeddable":true,"href":"https:\/\/edublog.educastur.es\/corcheatk\/wp-json\/wp\/v2\/users\/100"}],"replies":[{"embeddable":true,"href":"https:\/\/edublog.educastur.es\/corcheatk\/wp-json\/wp\/v2\/comments?post=77"}],"version-history":[{"count":6,"href":"https:\/\/edublog.educastur.es\/corcheatk\/wp-json\/wp\/v2\/pages\/77\/revisions"}],"predecessor-version":[{"id":2197,"href":"https:\/\/edublog.educastur.es\/corcheatk\/wp-json\/wp\/v2\/pages\/77\/revisions\/2197"}],"wp:attachment":[{"href":"https:\/\/edublog.educastur.es\/corcheatk\/wp-json\/wp\/v2\/media?parent=77"}],"curies":[{"name":"wp","href":"https:\/\/api.w.org\/{rel}","templated":true}]}}