{"id":1005,"date":"2020-09-21T06:35:15","date_gmt":"2020-09-21T04:35:15","guid":{"rendered":"https:\/\/edublog.educastur.es\/corredoria3\/?page_id=1005"},"modified":"2021-01-04T13:40:14","modified_gmt":"2021-01-04T11:40:14","slug":"recomendados-9-12","status":"publish","type":"page","link":"https:\/\/edublog.educastur.es\/corredoria3\/biblioteca\/recomendados-9-12\/","title":{"rendered":"Recomendados 9-12"},"content":{"rendered":"<div class=\"oi9244e8 do00u71z j83agx80\">\n<div class=\"nc684nl6\">\n<div class=\"q676j6op qypqp5cg\" style=\"text-align: center\"><span style=\"color: #008080;font-size: 18pt\"><em><strong>\u00abLa evoluci\u00f3n. La incre\u00edble aventura de la vida\u00bb<\/strong><\/em><\/span><\/div>\n<\/div>\n<\/div>\n<div class=\"buofh1pr\">\n<div class=\"j83agx80 cbu4d94t ew0dbk1b irj2b8pg\">\n<div class=\"qzhwtbm6 knvmm38d\">\n<div class=\"nc684nl6\" style=\"text-align: center\"><a class=\"oajrlxb2 g5ia77u1 qu0x051f esr5mh6w e9989ue4 r7d6kgcz rq0escxv nhd2j8a9 nc684nl6 p7hjln8o kvgmc6g5 cxmmr5t8 oygrvhab hcukyx3x jb3vyjys rz4wbd8a qt6c0cv9 a8nywdso i1ao9s8h esuyzwwr f1sip0of lzcic4wl oo9gr5id gpro0wi8 lrazzd5p\" role=\"link\" href=\"https:\/\/www.facebook.com\/LiteraturaInfantilyJuvenilSM\/?__cft__[0]=AZUS1ntFhAzCKrD4T_24b7R_HTD-zUUeY73A8Rr9yt1d6vAvtVLio60vzgpVmzWX1heKvB9x0fD-cxCYNTwZVFvdJKEx7c-47b6bpFkaiDT52ixVY_-LDDVZzvhZ83MmC4_I533Zij29NM6EutctMpLOPTcH0H_CTgboUk7eEFTrNA&amp;__tn__=-UC%2CP-R\"><strong>Literatura Infantil y Juvenil SM<\/strong><\/a><\/div>\n<div><\/div>\n<\/div>\n<div class=\"qzhwtbm6 knvmm38d\"><\/div>\n<\/div>\n<\/div>\n<div><img loading=\"lazy\" decoding=\"async\" class=\"size-full aligncenter\" src=\"https:\/\/scontent.fmad7-1.fna.fbcdn.net\/v\/t1.0-0\/p526x296\/130992447_3627811267286669_1007411051614650279_o.jpg?_nc_cat=111&amp;ccb=2&amp;_nc_sid=2c4854&amp;_nc_ohc=5dj5mGYGuwsAX8xAs2k&amp;_nc_ht=scontent.fmad7-1.fna&amp;tp=6&amp;oh=81ccdd24d7af04c791fb9c3481b03688&amp;oe=601A4780\" width=\"526\" height=\"526\" \/><\/div>\n<div class=\"nqmvxvec j83agx80 jnigpg78 cxgpxx05 dflh9lhu sj5x9vvc scb9dxdr odw8uiq3\"><\/div>\n<div class=\"\" dir=\"auto\">\n<div id=\"jsc_c_17\" class=\"ecm0bbzt hv4rvrfc ihqw7lf3 dati1w0a\" data-ad-comet-preview=\"message\" data-ad-preview=\"message\">\n<div class=\"j83agx80 cbu4d94t ew0dbk1b irj2b8pg\">\n<div class=\"qzhwtbm6 knvmm38d\">\n<div class=\"kvgmc6g5 cxmmr5t8 oygrvhab hcukyx3x c1et5uql ii04i59q\">\n<div dir=\"auto\">Este libro te propone un viaje fascinante por el pasado y el futuro de la vida en la Tierra.<\/div>\n<div dir=\"auto\"><\/div>\n<div dir=\"auto\">\u00bfPor qu\u00e9 es tan largo el cuello de las jirafas? \u00bfQu\u00e9 tienes t\u00fa en com\u00fan con los peces, los hongos o los pl\u00e1tanos? \u00bfPor qu\u00e9 algunos animales pueden volar y otros no? \u00bfC\u00f3mo crees que ser\u00e1n los seres humanos del futuro? \u00a1D\u00e9jate sorprender!<\/div>\n<div dir=\"auto\"><span class=\"pq6dq46d tbxw36s4 knj5qynh kvgmc6g5 ditlmg2l oygrvhab nvdbi5me sf5mxxl7 gl3lb2sf hhz5lgdu\"><img loading=\"lazy\" decoding=\"async\" src=\"https:\/\/static.xx.fbcdn.net\/images\/emoji.php\/v9\/t3f\/1\/16\/1f30d.png\" alt=\"?\" width=\"16\" height=\"16\" \/><\/span><span class=\"pq6dq46d tbxw36s4 knj5qynh kvgmc6g5 ditlmg2l oygrvhab nvdbi5me sf5mxxl7 gl3lb2sf hhz5lgdu\"><img loading=\"lazy\" decoding=\"async\" src=\"https:\/\/static.xx.fbcdn.net\/images\/emoji.php\/v9\/t8a\/1\/16\/1f420.png\" alt=\"?\" width=\"16\" height=\"16\" \/><\/span><span class=\"pq6dq46d tbxw36s4 knj5qynh kvgmc6g5 ditlmg2l oygrvhab nvdbi5me sf5mxxl7 gl3lb2sf hhz5lgdu\"><img loading=\"lazy\" decoding=\"async\" src=\"https:\/\/static.xx.fbcdn.net\/images\/emoji.php\/v9\/t2a\/1\/16\/1f992.png\" alt=\"?\" width=\"16\" height=\"16\" \/><\/span><span class=\"pq6dq46d tbxw36s4 knj5qynh kvgmc6g5 ditlmg2l oygrvhab nvdbi5me sf5mxxl7 gl3lb2sf hhz5lgdu\"><img loading=\"lazy\" decoding=\"async\" src=\"https:\/\/static.xx.fbcdn.net\/images\/emoji.php\/v9\/tbb\/1\/16\/1f98b.png\" alt=\"?\" width=\"16\" height=\"16\" \/><\/span><span class=\"pq6dq46d tbxw36s4 knj5qynh kvgmc6g5 ditlmg2l oygrvhab nvdbi5me sf5mxxl7 gl3lb2sf hhz5lgdu\"><img loading=\"lazy\" decoding=\"async\" src=\"https:\/\/static.xx.fbcdn.net\/images\/emoji.php\/v9\/t2c\/1\/16\/1f994.png\" alt=\"?\" width=\"16\" height=\"16\" \/><\/span> <a class=\"oajrlxb2 g5ia77u1 qu0x051f esr5mh6w e9989ue4 r7d6kgcz rq0escxv nhd2j8a9 nc684nl6 p7hjln8o kvgmc6g5 cxmmr5t8 oygrvhab hcukyx3x jb3vyjys rz4wbd8a qt6c0cv9 a8nywdso i1ao9s8h esuyzwwr f1sip0of lzcic4wl py34i1dx gpro0wi8\" role=\"link\" href=\"https:\/\/l.facebook.com\/l.php?u=http%3A%2F%2Fow.ly%2FEmzd50BCjfk%3Ffbclid%3DIwAR2GK2p1Bs3zaujrLdCnGLUe3YMddUSIiiKw6ZRan_jnuTR53E-S1Bb5UdQ&amp;h=AT1SLh54Hcnk1HkK6uoRUrJyDTojB-dBo4y8vidJmGQQZpgzIDcOp2jAyEWVLjLFugHc5tJT4wbQQPSCHl0HwTM7qRVu2JW9Znyb9Ieugc-5ILufn4pp1OE1uzsEb5UTrA&amp;__tn__=-UK-R&amp;c[0]=AT1gyQM40unRaWyoQ-RxMbwaTlzbjm62hf3zde8XEf6fs0AqkJPKPMCQN4iF5oZrzsbYcp1sPt3ew_8I0iqL055obNANKhSfxE6UWwtPARAsMVEHYJ1y8tfYz1F5_sru1Fl4uNO36p2EMx3NBKyq_o6GasvxOVTdQNDp4liVVwcgL01HzC6T\" target=\"_blank\" rel=\"nofollow noopener\">http:\/\/ow.ly\/Emzd50BCjfk<\/a>. Para lectores de 9 a 12 a\u00f1os.<\/div>\n<div dir=\"auto\">\n<hr \/>\n<\/div>\n<div dir=\"auto\">\n<p><span class=\"d2edcug0 hpfvmrgz qv66sw1b c1et5uql rrkovp55 a8c37x1j keod5gw0 nxhoafnm aigsh9s9 d3f4x2em fe6kdd0r mau55g9w c8b282yb iv3no6db jq4qci2q a3bd9o3v knj5qynh oo9gr5id hzawbc8m\" dir=\"auto\">Criaturas fant\u00e1sticas, mitos, dioses, h\u00e9roes, magia&#8230; La mitolog\u00eda fascina por igual a grandes y peque\u00f1os desde el principio de los tiempos. Descubre sus maravillas en esta selecci\u00f3n para todas las edades: <span class=\"pq6dq46d tbxw36s4 knj5qynh kvgmc6g5 ditlmg2l oygrvhab nvdbi5me sf5mxxl7 gl3lb2sf hhz5lgdu\"><img loading=\"lazy\" decoding=\"async\" src=\"https:\/\/static.xx.fbcdn.net\/images\/emoji.php\/v9\/t5d\/1\/16\/26a1.png\" alt=\"\u26a1\" width=\"16\" height=\"16\" \/><\/span><span class=\"pq6dq46d tbxw36s4 knj5qynh kvgmc6g5 ditlmg2l oygrvhab nvdbi5me sf5mxxl7 gl3lb2sf hhz5lgdu\"><img loading=\"lazy\" decoding=\"async\" src=\"https:\/\/static.xx.fbcdn.net\/images\/emoji.php\/v9\/tbe\/1\/16\/1f9dc_200d_2640.png\" alt=\"?\u200d\u2640\" width=\"16\" height=\"16\" \/><\/span><span class=\"pq6dq46d tbxw36s4 knj5qynh kvgmc6g5 ditlmg2l oygrvhab nvdbi5me sf5mxxl7 gl3lb2sf hhz5lgdu\"><img loading=\"lazy\" decoding=\"async\" src=\"https:\/\/static.xx.fbcdn.net\/images\/emoji.php\/v9\/t89\/1\/16\/1f3db.png\" alt=\"?\" width=\"16\" height=\"16\" \/><\/span><span class=\"pq6dq46d tbxw36s4 knj5qynh kvgmc6g5 ditlmg2l oygrvhab nvdbi5me sf5mxxl7 gl3lb2sf hhz5lgdu\"><img loading=\"lazy\" decoding=\"async\" src=\"https:\/\/static.xx.fbcdn.net\/images\/emoji.php\/v9\/t8d\/1\/16\/1f984.png\" alt=\"?\" width=\"16\" height=\"16\" \/><\/span> <a class=\"oajrlxb2 g5ia77u1 qu0x051f esr5mh6w e9989ue4 r7d6kgcz rq0escxv nhd2j8a9 nc684nl6 p7hjln8o kvgmc6g5 cxmmr5t8 oygrvhab hcukyx3x jb3vyjys rz4wbd8a qt6c0cv9 a8nywdso i1ao9s8h esuyzwwr f1sip0of lzcic4wl py34i1dx gpro0wi8\" role=\"link\" href=\"http:\/\/ow.ly\/tYPk50CW7ff?fbclid=IwAR2NKt8RvWb31RKCwofEEqOVDj_HzrXVv4M8RXweQA_GmGhOIaRMVfv8Hjw\" target=\"_blank\" rel=\"nofollow noopener\">http:\/\/ow.ly\/tYPk50CW7ff<\/a>.<\/span><\/p>\n<hr \/>\n<\/div>\n<\/div>\n<\/div>\n<\/div>\n<\/div>\n<\/div>\n","protected":false},"excerpt":{"rendered":"<p>\u00abLa evoluci\u00f3n. La incre\u00edble aventura de la vida\u00bb Literatura Infantil y Juvenil SM Este libro te propone un viaje fascinante por el pasado y el futuro de la vida en la Tierra. \u00bfPor qu\u00e9 es tan largo el cuello de las jirafas? \u00bfQu\u00e9 tienes t\u00fa en com\u00fan con los peces, los hongos o los pl\u00e1tanos? [&hellip;]<\/p>\n","protected":false},"author":117,"featured_media":0,"parent":19,"menu_order":0,"comment_status":"closed","ping_status":"closed","template":"","meta":{"footnotes":""},"class_list":["post-1005","page","type-page","status-publish","hentry","post-preview"],"_links":{"self":[{"href":"https:\/\/edublog.educastur.es\/corredoria3\/wp-json\/wp\/v2\/pages\/1005","targetHints":{"allow":["GET"]}}],"collection":[{"href":"https:\/\/edublog.educastur.es\/corredoria3\/wp-json\/wp\/v2\/pages"}],"about":[{"href":"https:\/\/edublog.educastur.es\/corredoria3\/wp-json\/wp\/v2\/types\/page"}],"author":[{"embeddable":true,"href":"https:\/\/edublog.educastur.es\/corredoria3\/wp-json\/wp\/v2\/users\/117"}],"replies":[{"embeddable":true,"href":"https:\/\/edublog.educastur.es\/corredoria3\/wp-json\/wp\/v2\/comments?post=1005"}],"version-history":[{"count":7,"href":"https:\/\/edublog.educastur.es\/corredoria3\/wp-json\/wp\/v2\/pages\/1005\/revisions"}],"predecessor-version":[{"id":2543,"href":"https:\/\/edublog.educastur.es\/corredoria3\/wp-json\/wp\/v2\/pages\/1005\/revisions\/2543"}],"up":[{"embeddable":true,"href":"https:\/\/edublog.educastur.es\/corredoria3\/wp-json\/wp\/v2\/pages\/19"}],"wp:attachment":[{"href":"https:\/\/edublog.educastur.es\/corredoria3\/wp-json\/wp\/v2\/media?parent=1005"}],"curies":[{"name":"wp","href":"https:\/\/api.w.org\/{rel}","templated":true}]}}