{"id":1082,"date":"2020-10-01T05:27:39","date_gmt":"2020-10-01T03:27:39","guid":{"rendered":"https:\/\/edublog.educastur.es\/corredoria3\/?page_id=1082"},"modified":"2020-10-22T23:36:43","modified_gmt":"2020-10-22T21:36:43","slug":"02-ochobre","status":"publish","type":"page","link":"https:\/\/edublog.educastur.es\/corredoria3\/4o-pri\/llingua-asturiana\/02-ochobre\/","title":{"rendered":"02) Ochobre"},"content":{"rendered":"<p><img loading=\"lazy\" decoding=\"async\" class=\" wp-image-830 alignleft\" src=\"http:\/\/edublog.educastur.es\/ixuxullingua\/files\/2020\/08\/11_ochobre-150x150.png\" alt=\"\" width=\"120\" height=\"120\" \/><\/p>\n<p>&nbsp;<\/p>\n<p>&nbsp;<\/p>\n<p>&nbsp;<\/p>\n<p>&nbsp;<\/p>\n<p><span style=\"font-size: 14pt\"><em>A partir del mes de payares,<strong> en clas de Llingua Asturiana trabayaremos con testos tornaos al Asturianu<\/strong> de tem\u00e1tica cultural y bas\u00e1os, mayoritariamente, en Contenidos Curriculares de Cultura Asturiana, ya que son un puntu d\u00b4alcuentru ente les dos materies. L\u00b4actual situaci\u00f3n por culpa de la pandemia obl\u00edganos a compartir espaciu y recursos, ensin qu\u00b4ello suponga perda dalguna de derechos del alumn\u00e1u de Llingua en pro del restu de falantes en castellan.<\/em><\/span><\/p>\n<p><em><span style=\"font-size: 14pt\">De xac\u00edu sobra dicir que <strong>queda totalmente prohibida la reproduci\u00f3n y publicaci\u00f3n de conten\u00edos y recursos ufiertaos al alumn\u00e1u al travi\u00e9s d&#8217;esti blogue educativu (destin\u00e1u puramente para l&#8217;alumn\u00e1u de Llingua de l&#8217;aula d\u00b4Isa Lobo) en redes sociales y a persones ayenes al Colexu P. Carmen Ruiz-Tilve d&#8217;Uvi\u00e9u).<\/strong> La direcci\u00f3n web (<a href=\"https:\/\/edublog.educastur.es\/ixuxullingua\">https:\/\/edublog.educastur.es\/ixuxullingua<\/a>) y la del Colexu (<a href=\"https:\/\/edublog.educastur.es\/corredoria3\">https:\/\/edublog.educastur.es\/corredoria3<\/a>) y la del Blogue de Llectures n\u00b4asturianu (<a href=\"https:\/\/edublog.educastur.es\/ixuxu\">https:\/\/edublog.educastur.es\/ixuxu<\/a>), <strong>son de calter priv\u00e1u y compart\u00edes \u00fanica y puramente col alumn\u00e1u del centru.<\/strong><\/span><br \/>\n<\/em><\/p>\n<hr \/>\n<p><span style=\"font-size: 14pt\"><img loading=\"lazy\" decoding=\"async\" class=\"alignnone \" src=\"https:\/\/edublog.educastur.es\/ixuxullingua\/files\/2020\/08\/00_cuartu-300x246.png\" width=\"97\" height=\"80\" \/> <a href=\"https:\/\/edublog.educastur.es\/corredoria3\/4o-pri\/cultura-asturiana\/primer-trimestre\/sesion-04\/\"><em>SESI\u00d3N\u00a0 4: <strong>Selmana del 26-30\u00a0 d\u00b4OCHOBRE 2020<\/strong><\/em><\/a><\/span><\/p>\n<p><span style=\"font-size: 14pt\"><a href=\"https:\/\/www.turismovillaviciosa.es\/v_portal\/inc\/imagen.asp?f=RUTA_DE_LOS_MOLINOS_DEL_PROFUNDU_V41.JPG&amp;c=1\"><img loading=\"lazy\" decoding=\"async\" class=\"alignnone \" src=\"https:\/\/www.turismovillaviciosa.es\/v_portal\/inc\/imagen.asp?f=RUTA_DE_LOS_MOLINOS_DEL_PROFUNDU_V41.JPG&amp;c=1\" width=\"499\" height=\"245\" \/><\/a><\/span><\/p>\n<ul>\n<li><span style=\"font-size: 14pt\"><a href=\"https:\/\/edublog.educastur.es\/corredoria3\/4o-pri\/cultura-asturiana\/primer-trimestre\/sesion-04\/\">Sesi\u00f3n 04: <strong><em>Molinos de r\u00edo y batanes.<\/em><\/strong><\/a><\/span><\/li>\n<li><span style=\"font-size: 14pt\"><a href=\"https:\/\/educastur-my.sharepoint.com\/:b:\/g\/personal\/isabellh_educastur_org\/EaRVg0-5_N1Gm0yH0HGDqHIBuaQxZ-9WFLR2g5IqtTFMRQ?e=vzpiOe\"><strong><em>Actividad en castellano<\/em><\/strong><\/a><\/span><\/li>\n<li><span style=\"font-size: 14pt\"><a href=\"https:\/\/educastur-my.sharepoint.com\/:b:\/g\/personal\/isabellh_educastur_org\/EdBvUNrWrwBAtgQJJE4imyIB2R7UD4Dy67YgpUAIBcNBXw?e=JpagSE\"><strong><em>Activid\u00e1 n\u00b4asturiano<\/em><\/strong><\/a><\/span><\/li>\n<\/ul>\n<hr \/>\n<p><span style=\"font-size: 14pt\"><img loading=\"lazy\" decoding=\"async\" class=\"alignnone \" src=\"https:\/\/edublog.educastur.es\/ixuxullingua\/files\/2020\/08\/00_cuartu-300x246.png\" width=\"97\" height=\"80\" \/><a href=\"https:\/\/edublog.educastur.es\/corredoria3\/4o-pri\/cultura-asturiana\/primer-trimestre\/sesion-03\/\"> <em>SESI\u00d3N\u00a0 3: <strong>Selmana del 19-23\u00a0 d\u00b4OCHOBRE 2020<\/strong><\/em><\/a><\/span><\/p>\n<p><span style=\"font-size: 14pt\"><a href=\"https:\/\/www.fpa.es\/es\/especial-2020\/premiados\/\"><img loading=\"lazy\" decoding=\"async\" class=\"alignnone \" src=\"https:\/\/www.fpa.es\/es\/pages\/img\/es\/logoEmpresa.gif\" width=\"269\" height=\"87\" \/><\/a><\/span><\/p>\n<ul>\n<li><span style=\"font-size: 14pt\"><a href=\"https:\/\/edublog.educastur.es\/corredoria3\/4o-pri\/cultura-asturiana\/primer-trimestre\/sesion-03\/\">Sesi\u00f3n 03: <strong><em>Premios Princesa de Asturias<\/em><\/strong><\/a><\/span><\/li>\n<li><span style=\"font-size: 14pt\"><a href=\"https:\/\/educastur-my.sharepoint.com\/:w:\/g\/personal\/isabellh_educastur_org\/EYXlfPjJADhNq5cWLtYoGpoB3XeBFzy40B6l4eiRQ_8wEQ?e=wpUwba\"><strong>Enlace a la Actividad propuesta al alumnado.<\/strong><\/a><\/span><\/li>\n<li><span style=\"font-size: 14pt\"><a href=\"https:\/\/educastur-my.sharepoint.com\/:w:\/g\/personal\/isabellh_educastur_org\/EVj0ma1xTudIj-iFHsSbcwIBbIGovTVm2NPXPhy9c_HA9A?e=1Law0d\">Enllaz a l\u00b4Activid\u00e1 n\u00b4asturianu (solo lleer, demomentu)<\/a><\/span><\/li>\n<\/ul>\n<hr \/>\n<p><span style=\"font-size: 14pt\"><img loading=\"lazy\" decoding=\"async\" class=\"alignnone \" src=\"https:\/\/edublog.educastur.es\/ixuxullingua\/files\/2020\/08\/00_cuartu-300x246.png\" width=\"97\" height=\"80\" \/><a href=\"https:\/\/edublog.educastur.es\/corredoria3\/4o-pri\/cultura-asturiana\/primer-trimestre\/sesion-02\/\"> <em>SESI\u00d3N\u00a0 2: <strong>Selmana del 12-16\u00a0 d\u00b4OCHOBRE 2020<\/strong><\/em><\/a><\/span><\/p>\n<p><span style=\"font-size: 14pt\"><a href=\"https:\/\/media.conmuchagula.es\/2015\/09\/10rutasasturias9escandamolinosyleye.jpg\"><img loading=\"lazy\" decoding=\"async\" class=\"alignnone size-full\" src=\"https:\/\/media.conmuchagula.es\/2015\/09\/10rutasasturias9escandamolinosyleye.jpg\" width=\"644\" height=\"362\" \/><\/a><\/span><\/p>\n<ul>\n<li><span style=\"font-size: 14pt\"><a href=\"https:\/\/edublog.educastur.es\/corredoria3\/4o-pri\/cultura-asturiana\/primer-trimestre\/sesion-02\/\">Sesi\u00f3n 02: <strong><em>Cereales en Asturias: Boro\u00f1a y Bollo pre\u00f1ao.<\/em><\/strong><\/a><\/span><\/li>\n<li><span style=\"font-size: 14pt\"><a href=\"https:\/\/educastur-my.sharepoint.com\/:w:\/g\/personal\/isabellh_educastur_org\/EXMJgqJIalxIiAxKWEl543IBU8oC-6PtQkrKR6tIteFbOQ?e=CUgdB1\">Actividad: Cereales y bollo pre\u00f1\u00e1o<\/a>\u00a0<strong> (Cultura y Llingua)<\/strong><\/span><\/li>\n<li><span style=\"font-size: 14pt\"><a href=\"https:\/\/educastur-my.sharepoint.com\/:b:\/g\/personal\/isabellh_educastur_org\/EQCOgs3vhhNChK3Q51Lc2xoBaMIgIjXO_3qrHh68LtiBzA?e=mUVljB\">Actividad en pdf<\/a><\/span><\/li>\n<li><span style=\"font-size: 14pt\"><a href=\"https:\/\/educastur-my.sharepoint.com\/:w:\/g\/personal\/isabellh_educastur_org\/EURir5Kb2l5Oriu3AcOICL4BhF2Ki8n6bbFJISMcsQMeZg?e=n22PtY\">Activid\u00e1 pa lleer n\u00b4asturianu <strong>(solo lleer)<\/strong><\/a><\/span><\/li>\n<\/ul>\n<hr \/>\n<p><span style=\"font-size: 14pt\"><img loading=\"lazy\" decoding=\"async\" class=\"alignnone \" src=\"https:\/\/edublog.educastur.es\/ixuxullingua\/files\/2020\/08\/00_cuartu-300x246.png\" width=\"97\" height=\"80\" \/><a href=\"https:\/\/edublog.educastur.es\/corredoria3\/4o-pri\/cultura-asturiana\/primer-trimestre\/sesion_01\/\"> <em>SESI\u00d3N\u00a0 1: <strong>Selmana del 5-9 d\u00b4OCHOBRE 2020<\/strong><\/em><\/a><\/span><\/p>\n<p><span style=\"font-size: 14pt\"><a href=\"https:\/\/www.senyfoto.es\/wp-content\/uploads\/2017\/09\/Vino-Cangas-2.jpg\"><img loading=\"lazy\" decoding=\"async\" class=\"alignnone \" src=\"https:\/\/www.senyfoto.es\/wp-content\/uploads\/2017\/09\/Vino-Cangas-2.jpg\" width=\"500\" height=\"333\" \/><\/a><\/span><\/p>\n<ul>\n<li><a href=\"https:\/\/edublog.educastur.es\/corredoria3\/4o-pri\/cultura-asturiana\/primer-trimestre\/sesion_01\/\"><span style=\"font-size: 14pt\">Sesi\u00f3n 01: <em><strong>Fiesta de la vendimia en Cangas del Narcea<\/strong><\/em> (en castellano)<\/span><\/a><\/li>\n<\/ul>\n","protected":false},"excerpt":{"rendered":"<p>&nbsp; &nbsp; &nbsp; &nbsp; A partir del mes de payares, en clas de Llingua Asturiana trabayaremos con testos tornaos al Asturianu de tem\u00e1tica cultural y bas\u00e1os, mayoritariamente, en Contenidos Curriculares de Cultura Asturiana, ya que son un puntu d\u00b4alcuentru ente les dos materies. L\u00b4actual situaci\u00f3n por culpa de la pandemia obl\u00edganos a compartir espaciu y [&hellip;]<\/p>\n","protected":false},"author":117,"featured_media":0,"parent":1046,"menu_order":0,"comment_status":"closed","ping_status":"closed","template":"","meta":{"footnotes":""},"class_list":["post-1082","page","type-page","status-publish","hentry","post-preview"],"_links":{"self":[{"href":"https:\/\/edublog.educastur.es\/corredoria3\/wp-json\/wp\/v2\/pages\/1082","targetHints":{"allow":["GET"]}}],"collection":[{"href":"https:\/\/edublog.educastur.es\/corredoria3\/wp-json\/wp\/v2\/pages"}],"about":[{"href":"https:\/\/edublog.educastur.es\/corredoria3\/wp-json\/wp\/v2\/types\/page"}],"author":[{"embeddable":true,"href":"https:\/\/edublog.educastur.es\/corredoria3\/wp-json\/wp\/v2\/users\/117"}],"replies":[{"embeddable":true,"href":"https:\/\/edublog.educastur.es\/corredoria3\/wp-json\/wp\/v2\/comments?post=1082"}],"version-history":[{"count":4,"href":"https:\/\/edublog.educastur.es\/corredoria3\/wp-json\/wp\/v2\/pages\/1082\/revisions"}],"predecessor-version":[{"id":1965,"href":"https:\/\/edublog.educastur.es\/corredoria3\/wp-json\/wp\/v2\/pages\/1082\/revisions\/1965"}],"up":[{"embeddable":true,"href":"https:\/\/edublog.educastur.es\/corredoria3\/wp-json\/wp\/v2\/pages\/1046"}],"wp:attachment":[{"href":"https:\/\/edublog.educastur.es\/corredoria3\/wp-json\/wp\/v2\/media?parent=1082"}],"curies":[{"name":"wp","href":"https:\/\/api.w.org\/{rel}","templated":true}]}}