{"id":1422,"date":"2020-10-10T10:24:37","date_gmt":"2020-10-10T08:24:37","guid":{"rendered":"https:\/\/edublog.educastur.es\/corredoria3\/?page_id=1422"},"modified":"2020-12-08T11:28:42","modified_gmt":"2020-12-08T09:28:42","slug":"primer-trimestre","status":"publish","type":"page","link":"https:\/\/edublog.educastur.es\/corredoria3\/4o-pri\/cultura-asturiana\/primer-trimestre\/","title":{"rendered":"PRIMER TRIMESTRE"},"content":{"rendered":"<ul class=\"children\">\n<li class=\"page_item page-item-1422 page_item_has_children current_page_item\"><span style=\"font-size: 18pt\"><a href=\"https:\/\/edublog.educastur.es\/corredoria3\/4o-pri\/cultura-asturiana\/primer-trimestre\/\"><em><strong>PRIMER TRIMESTRE<\/strong><\/em><\/a><\/span>\n<ul class=\"children\">\n<li class=\"page_item page-item-1367\"><em><span style=\"font-size: 18pt\"><a href=\"https:\/\/edublog.educastur.es\/corredoria3\/4o-pri\/cultura-asturiana\/primer-trimestre\/sesion_01\/\">Sesi\u00f3n 01<\/a><\/span><\/em><\/li>\n<li class=\"page_item page-item-1467\"><em><span style=\"font-size: 18pt\"><a href=\"https:\/\/edublog.educastur.es\/corredoria3\/4o-pri\/cultura-asturiana\/primer-trimestre\/sesion-02\/\">Sesi\u00f3n 02<\/a><\/span><\/em><\/li>\n<li class=\"page_item page-item-1452\"><em><span style=\"font-size: 18pt\"><a href=\"https:\/\/edublog.educastur.es\/corredoria3\/4o-pri\/cultura-asturiana\/primer-trimestre\/sesion-03\/\">Sesi\u00f3n 03<\/a><\/span><\/em><\/li>\n<li class=\"page_item page-item-2020\"><em><span style=\"font-size: 18pt\"><a href=\"https:\/\/edublog.educastur.es\/corredoria3\/4o-pri\/cultura-asturiana\/primer-trimestre\/sesion-03b_samain\/\">Sesi\u00f3n 03b<\/a><\/span><\/em><\/li>\n<li class=\"page_item page-item-1472\"><em><span style=\"font-size: 18pt\"><a href=\"https:\/\/edublog.educastur.es\/corredoria3\/4o-pri\/cultura-asturiana\/primer-trimestre\/sesion-04\/\">Sesi\u00f3n 04<\/a><\/span><\/em><\/li>\n<li class=\"page_item page-item-2163\"><em><span style=\"font-size: 18pt\"><a href=\"https:\/\/edublog.educastur.es\/corredoria3\/4o-pri\/cultura-asturiana\/primer-trimestre\/sesion-05\/\">Sesi\u00f3n 05<\/a><\/span><\/em><\/li>\n<li class=\"page_item page-item-2331\"><em><span style=\"font-size: 18pt\"><a href=\"https:\/\/edublog.educastur.es\/corredoria3\/4o-pri\/cultura-asturiana\/primer-trimestre\/sesion-06\/\">Sesi\u00f3n 06<\/a><\/span><\/em><\/li>\n<li class=\"page_item page-item-2456\"><a href=\"https:\/\/edublog.educastur.es\/corredoria3\/4o-pri\/cultura-asturiana\/primer-trimestre\/sesion-07\/\"><em><span style=\"font-size: 18pt\">Sesi\u00f3n 07<\/span><\/em><\/a><\/li>\n<\/ul>\n<\/li>\n<\/ul>\n","protected":false},"excerpt":{"rendered":"<p>PRIMER TRIMESTRE Sesi\u00f3n 01 Sesi\u00f3n 02 Sesi\u00f3n 03 Sesi\u00f3n 03b Sesi\u00f3n 04 Sesi\u00f3n 05 Sesi\u00f3n 06 Sesi\u00f3n 07<\/p>\n","protected":false},"author":117,"featured_media":0,"parent":1054,"menu_order":0,"comment_status":"closed","ping_status":"closed","template":"","meta":{"footnotes":""},"class_list":["post-1422","page","type-page","status-publish","hentry","post-preview"],"_links":{"self":[{"href":"https:\/\/edublog.educastur.es\/corredoria3\/wp-json\/wp\/v2\/pages\/1422","targetHints":{"allow":["GET"]}}],"collection":[{"href":"https:\/\/edublog.educastur.es\/corredoria3\/wp-json\/wp\/v2\/pages"}],"about":[{"href":"https:\/\/edublog.educastur.es\/corredoria3\/wp-json\/wp\/v2\/types\/page"}],"author":[{"embeddable":true,"href":"https:\/\/edublog.educastur.es\/corredoria3\/wp-json\/wp\/v2\/users\/117"}],"replies":[{"embeddable":true,"href":"https:\/\/edublog.educastur.es\/corredoria3\/wp-json\/wp\/v2\/comments?post=1422"}],"version-history":[{"count":3,"href":"https:\/\/edublog.educastur.es\/corredoria3\/wp-json\/wp\/v2\/pages\/1422\/revisions"}],"predecessor-version":[{"id":2462,"href":"https:\/\/edublog.educastur.es\/corredoria3\/wp-json\/wp\/v2\/pages\/1422\/revisions\/2462"}],"up":[{"embeddable":true,"href":"https:\/\/edublog.educastur.es\/corredoria3\/wp-json\/wp\/v2\/pages\/1054"}],"wp:attachment":[{"href":"https:\/\/edublog.educastur.es\/corredoria3\/wp-json\/wp\/v2\/media?parent=1422"}],"curies":[{"name":"wp","href":"https:\/\/api.w.org\/{rel}","templated":true}]}}