{"id":1435,"date":"2020-10-10T10:35:56","date_gmt":"2020-10-10T08:35:56","guid":{"rendered":"https:\/\/edublog.educastur.es\/corredoria3\/?page_id=1435"},"modified":"2021-01-12T20:52:00","modified_gmt":"2021-01-12T18:52:00","slug":"primer-trimestre","status":"publish","type":"page","link":"https:\/\/edublog.educastur.es\/corredoria3\/3o-pri\/cultura-asturiana\/primer-trimestre\/","title":{"rendered":"PRIMER TRIMESTRE"},"content":{"rendered":"<p>&nbsp;<\/p>\n<ul>\n<li class=\"page_item page-item-1052 page_item_has_children\"><a href=\"https:\/\/edublog.educastur.es\/corredoria3\/3o-pri\/cultura-asturiana\/\">Cultura Asturiana<\/a>\n<ul class=\"children\">\n<li class=\"page_item page-item-1435 page_item_has_children\"><a href=\"https:\/\/edublog.educastur.es\/corredoria3\/3o-pri\/cultura-asturiana\/primer-trimestre\/\">PRIMER TRIMESTRE<\/a><\/li>\n<\/ul>\n<\/li>\n<\/ul>\n<p><img loading=\"lazy\" decoding=\"async\" class=\" wp-image-386 alignleft\" src=\"http:\/\/edublog.educastur.es\/corredoria3\/files\/2020\/08\/32_octubre.png\" alt=\"\" width=\"148\" height=\"122\" srcset=\"https:\/\/edublog.educastur.es\/corredoria3\/files\/2020\/08\/32_octubre.png 398w, https:\/\/edublog.educastur.es\/corredoria3\/files\/2020\/08\/32_octubre-300x246.png 300w\" sizes=\"auto, (max-width: 148px) 100vw, 148px\" \/><\/p>\n<p>&nbsp;<\/p>\n<p>&nbsp;<\/p>\n<p>&nbsp;<\/p>\n<p>&nbsp;<\/p>\n<ul>\n<li><a href=\"https:\/\/edublog.educastur.es\/corredoria3\/3o-pri\/cultura-asturiana\/primer-trimestre\/sesion-01\/\">Sesi\u00f3n 01: Presentaci\u00f3n, Seronda, \u00c1rboles t\u00edpicos \/ Los bosques de Asturias<\/a><\/li>\n<li><a href=\"https:\/\/edublog.educastur.es\/corredoria3\/3o-pri\/cultura-asturiana\/primer-trimestre\/sesion-02\/\">Sesi\u00f3n 02:\u00a0 Terminar Seronda<\/a><br \/>\n<a href=\"https:\/\/edublog.educastur.es\/corredoria3\/6o-pri\/cultura-asturiana\/1otrimestre\/sesion-02-el-desarme-de-oviedo\/\">Men\u00fa del desarme_C\u00f3mic Neto &amp; Casaprima<\/a><\/li>\n<li><a href=\"https:\/\/edublog.educastur.es\/corredoria3\/3o-pri\/cultura-asturiana\/primer-trimestre\/sesion-03\/\">Sesi\u00f3n 03: Elementos paisaje: COSTA \/ Puertos \/ El pirata \/ El capit\u00e1n sablazu<\/a><\/li>\n<li><a href=\"https:\/\/edublog.educastur.es\/corredoria3\/3o-pri\/cultura-asturiana\/primer-trimestre\/sesion-04\/\">Sesi\u00f3n 04:\u00a0 Sama\u00edn, La caser\u00eda y la Quintana<\/a><\/li>\n<\/ul>\n<p><img loading=\"lazy\" decoding=\"async\" class=\" wp-image-387 alignleft\" src=\"http:\/\/edublog.educastur.es\/corredoria3\/files\/2020\/08\/33_noviembre.png\" alt=\"\" width=\"150\" height=\"123\" srcset=\"https:\/\/edublog.educastur.es\/corredoria3\/files\/2020\/08\/33_noviembre.png 398w, https:\/\/edublog.educastur.es\/corredoria3\/files\/2020\/08\/33_noviembre-300x246.png 300w\" sizes=\"auto, (max-width: 150px) 100vw, 150px\" \/><\/p>\n<p>&nbsp;<\/p>\n<p>&nbsp;<\/p>\n<p>&nbsp;<\/p>\n<p>&nbsp;<\/p>\n<ul>\n<li><a href=\"https:\/\/edublog.educastur.es\/corredoria3\/3o-pri\/cultura-asturiana\/primer-trimestre\/sesion-05\/\">Sesi\u00f3n 05: Horreos, Paneras y Cabazos<\/a><\/li>\n<li><a href=\"https:\/\/edublog.educastur.es\/corredoria3\/3o-pri\/cultura-asturiana\/primer-trimestre\/sesion-06\/\">Sesi\u00f3n 06: Relieve Asturias: Cordillera Cant\u00e1brica y Picos de Europa<\/a><\/li>\n<li><a href=\"https:\/\/edublog.educastur.es\/corredoria3\/3o-pri\/cultura-asturiana\/primer-trimestre\/sesion-07\/\">Sesi\u00f3n 07: La matanza del gochu en Asturias<\/a><\/li>\n<li><a href=\"https:\/\/edublog.educastur.es\/corredoria3\/3o-pri\/cultura-asturiana\/primer-trimestre\/sesion-08\/\">Sesi\u00f3n 08: La familia tradicional asturiana<\/a><\/li>\n<\/ul>\n<p><img loading=\"lazy\" decoding=\"async\" class=\" wp-image-388 alignleft\" src=\"http:\/\/edublog.educastur.es\/corredoria3\/files\/2020\/08\/34_diciembre.png\" alt=\"\" width=\"150\" height=\"123\" srcset=\"https:\/\/edublog.educastur.es\/corredoria3\/files\/2020\/08\/34_diciembre.png 398w, https:\/\/edublog.educastur.es\/corredoria3\/files\/2020\/08\/34_diciembre-300x246.png 300w\" sizes=\"auto, (max-width: 150px) 100vw, 150px\" \/><\/p>\n<p>&nbsp;<\/p>\n<p>&nbsp;<\/p>\n<p>&nbsp;<\/p>\n<p>&nbsp;<\/p>\n<ul>\n<li><a href=\"https:\/\/edublog.educastur.es\/corredoria3\/3o-pri\/cultura-asturiana\/primer-trimestre\/sesion-09\/\">Sesi\u00f3n 09: La miner\u00eda en Asturias<\/a><\/li>\n<\/ul>\n","protected":false},"excerpt":{"rendered":"<p>&nbsp; Cultura Asturiana PRIMER TRIMESTRE &nbsp; &nbsp; &nbsp; &nbsp; Sesi\u00f3n 01: Presentaci\u00f3n, Seronda, \u00c1rboles t\u00edpicos \/ Los bosques de Asturias Sesi\u00f3n 02:\u00a0 Terminar Seronda Men\u00fa del desarme_C\u00f3mic Neto &amp; Casaprima Sesi\u00f3n 03: Elementos paisaje: COSTA \/ Puertos \/ El pirata \/ El capit\u00e1n sablazu Sesi\u00f3n 04:\u00a0 Sama\u00edn, La caser\u00eda y la Quintana &nbsp; &nbsp; &nbsp; [&hellip;]<\/p>\n","protected":false},"author":117,"featured_media":0,"parent":1052,"menu_order":0,"comment_status":"closed","ping_status":"closed","template":"","meta":{"footnotes":""},"class_list":["post-1435","page","type-page","status-publish","hentry","post-preview"],"_links":{"self":[{"href":"https:\/\/edublog.educastur.es\/corredoria3\/wp-json\/wp\/v2\/pages\/1435","targetHints":{"allow":["GET"]}}],"collection":[{"href":"https:\/\/edublog.educastur.es\/corredoria3\/wp-json\/wp\/v2\/pages"}],"about":[{"href":"https:\/\/edublog.educastur.es\/corredoria3\/wp-json\/wp\/v2\/types\/page"}],"author":[{"embeddable":true,"href":"https:\/\/edublog.educastur.es\/corredoria3\/wp-json\/wp\/v2\/users\/117"}],"replies":[{"embeddable":true,"href":"https:\/\/edublog.educastur.es\/corredoria3\/wp-json\/wp\/v2\/comments?post=1435"}],"version-history":[{"count":4,"href":"https:\/\/edublog.educastur.es\/corredoria3\/wp-json\/wp\/v2\/pages\/1435\/revisions"}],"predecessor-version":[{"id":2561,"href":"https:\/\/edublog.educastur.es\/corredoria3\/wp-json\/wp\/v2\/pages\/1435\/revisions\/2561"}],"up":[{"embeddable":true,"href":"https:\/\/edublog.educastur.es\/corredoria3\/wp-json\/wp\/v2\/pages\/1052"}],"wp:attachment":[{"href":"https:\/\/edublog.educastur.es\/corredoria3\/wp-json\/wp\/v2\/media?parent=1435"}],"curies":[{"name":"wp","href":"https:\/\/api.w.org\/{rel}","templated":true}]}}