{"id":1437,"date":"2020-10-10T10:36:11","date_gmt":"2020-10-10T08:36:11","guid":{"rendered":"https:\/\/edublog.educastur.es\/corredoria3\/?page_id=1437"},"modified":"2021-10-31T14:10:02","modified_gmt":"2021-10-31T12:10:02","slug":"primer-trimestre","status":"publish","type":"page","link":"https:\/\/edublog.educastur.es\/corredoria3\/5o-pri\/cultura-asturiana\/primer-trimestre\/","title":{"rendered":"PRIMER TRIMESTRE"},"content":{"rendered":"<ul>\n<li><a href=\"https:\/\/edublog.educastur.es\/corredoria3\/5o-pri\/cultura-asturiana\/\"><strong>Cultura Asturiana<\/strong><\/a>\n<ul class=\"children\">\n<li class=\"page_item page-item-1437 page_item_has_children\"><strong><a href=\"https:\/\/edublog.educastur.es\/corredoria3\/5o-pri\/cultura-asturiana\/primer-trimestre\/\">PRIMER TRIMESTRE<\/a><\/strong><\/li>\n<\/ul>\n<\/li>\n<\/ul>\n<hr \/>\n<ul>\n<li><a href=\"https:\/\/edublog.educastur.es\/corredoria3\/5o-pri\/cultura-asturiana\/primer-trimestre\/sesion-01\/\">Sesi\u00f3n 01: Presentaci\u00f3n \/ repaso Traxe tradicional asturiano \/ Indumentaria Grado<\/a><\/li>\n<li><a href=\"https:\/\/edublog.educastur.es\/corredoria3\/5o-pri\/cultura-asturiana\/primer-trimestre\/sesion-02\/\">Sesi\u00f3n 02:\u00a0 <strong>ALLA \/ Mapa dialectal y zonas \/ Monta\u00f1\u00e9s y Gallego-Asturiano \/ ALLA<\/strong><\/a><\/li>\n<li><a href=\"https:\/\/edublog.educastur.es\/corredoria3\/5o-pri\/cultura-asturiana\/primer-trimestre\/sesion-03\/\">Sesi\u00f3n 03:\u00a0 Casa asturiana (tipos, caracter\u00edsticas, funciones) \/ Tipos vivienda en funci\u00f3n det. geogr\u00e1ficos, econ\u00f3micos y culturales<\/a><\/li>\n<li><a href=\"https:\/\/edublog.educastur.es\/corredoria3\/5o-pri\/cultura-asturiana\/primer-trimestre\/la-casa-asturiana\/\">Sesi\u00f3n 03b: <strong>La casa asturiana<\/strong><\/a><\/li>\n<li><a href=\"https:\/\/edublog.educastur.es\/corredoria3\/5o-pri\/cultura-asturiana\/primer-trimestre\/sesion-04\/\">Sesi\u00f3n 04: Oficio Ferreru \/ Museo Grandas de Salime, 11 Dic. D\u00eda herrero <\/a><\/li>\n<li><a href=\"https:\/\/edublog.educastur.es\/corredoria3\/5o-pri\/cultura-asturiana\/primer-trimestre\/sesion-05\/\">Sesi\u00f3n 05:\u00a0 La Madera en Asturias \/<strong> Oficio: carpintero de Ribera__<\/strong><\/a><\/li>\n<li><a href=\"https:\/\/edublog.educastur.es\/corredoria3\/5o-pri\/cultura-asturiana\/primer-trimestre\/sesion-05b\/\">Sei\u00f3n 05b: <strong>Oficio madre\u00f1eru<\/strong><\/a><\/li>\n<li><a href=\"https:\/\/edublog.educastur.es\/corredoria3\/5o-pri\/cultura-asturiana\/primer-trimestre\/sesion-06\/\">Sesi\u00f3n 06: Amag\u00fcestu: recetas con casta\u00f1as (investigar ellos) \/ 8 Nov. D\u00eda Gaita: Asturianada y Tonada<\/a><\/li>\n<li><a href=\"https:\/\/edublog.educastur.es\/corredoria3\/5o-pri\/cultura-asturiana\/primer-trimestre\/sesion-07\/\">Sesi\u00f3n 07:\u00a0 <strong>La miner\u00eda asturiana<\/strong><\/a><\/li>\n<li><a href=\"https:\/\/edublog.educastur.es\/corredoria3\/5o-pri\/cultura-asturiana\/primer-trimestre\/sesion-08\/\">Sesi\u00f3n 08:\u00a0 <strong>Oficio: Azabachero<\/strong><\/a><\/li>\n<li><a href=\"https:\/\/edublog.educastur.es\/corredoria3\/5o-pri\/cultura-asturiana\/primer-trimestre\/sesion-09\/\">Sesi\u00f3n 09: 4 Dic. Santa B\u00e1rbara \/ <strong>MINEROS \/ Mina<\/strong> \/ trabajo \/ Cuencas \/ Partes<\/a><\/li>\n<li><a href=\"https:\/\/edublog.educastur.es\/corredoria3\/5o-pri\/cultura-asturiana\/primer-trimestre\/sesion-10\/\">Sesi\u00f3n 10:\u00a0<strong> La emigraci\u00f3n<\/strong>, Museo Emigrantes, Archivu Indianos, Centros asturianos&#8230;<\/a><\/li>\n<\/ul>\n","protected":false},"excerpt":{"rendered":"<p>Cultura Asturiana PRIMER TRIMESTRE Sesi\u00f3n 01: Presentaci\u00f3n \/ repaso Traxe tradicional asturiano \/ Indumentaria Grado Sesi\u00f3n 02:\u00a0 ALLA \/ Mapa dialectal y zonas \/ Monta\u00f1\u00e9s y Gallego-Asturiano \/ ALLA Sesi\u00f3n 03:\u00a0 Casa asturiana (tipos, caracter\u00edsticas, funciones) \/ Tipos vivienda en funci\u00f3n det. geogr\u00e1ficos, econ\u00f3micos y culturales Sesi\u00f3n 03b: La casa asturiana Sesi\u00f3n 04: Oficio Ferreru [&hellip;]<\/p>\n","protected":false},"author":117,"featured_media":0,"parent":1056,"menu_order":0,"comment_status":"closed","ping_status":"closed","template":"","meta":{"footnotes":""},"class_list":["post-1437","page","type-page","status-publish","hentry","post-preview"],"_links":{"self":[{"href":"https:\/\/edublog.educastur.es\/corredoria3\/wp-json\/wp\/v2\/pages\/1437","targetHints":{"allow":["GET"]}}],"collection":[{"href":"https:\/\/edublog.educastur.es\/corredoria3\/wp-json\/wp\/v2\/pages"}],"about":[{"href":"https:\/\/edublog.educastur.es\/corredoria3\/wp-json\/wp\/v2\/types\/page"}],"author":[{"embeddable":true,"href":"https:\/\/edublog.educastur.es\/corredoria3\/wp-json\/wp\/v2\/users\/117"}],"replies":[{"embeddable":true,"href":"https:\/\/edublog.educastur.es\/corredoria3\/wp-json\/wp\/v2\/comments?post=1437"}],"version-history":[{"count":10,"href":"https:\/\/edublog.educastur.es\/corredoria3\/wp-json\/wp\/v2\/pages\/1437\/revisions"}],"predecessor-version":[{"id":5042,"href":"https:\/\/edublog.educastur.es\/corredoria3\/wp-json\/wp\/v2\/pages\/1437\/revisions\/5042"}],"up":[{"embeddable":true,"href":"https:\/\/edublog.educastur.es\/corredoria3\/wp-json\/wp\/v2\/pages\/1056"}],"wp:attachment":[{"href":"https:\/\/edublog.educastur.es\/corredoria3\/wp-json\/wp\/v2\/media?parent=1437"}],"curies":[{"name":"wp","href":"https:\/\/api.w.org\/{rel}","templated":true}]}}