{"id":1511,"date":"2020-10-11T16:38:43","date_gmt":"2020-10-11T14:38:43","guid":{"rendered":"https:\/\/edublog.educastur.es\/corredoria3\/?page_id=1511"},"modified":"2021-09-12T14:00:28","modified_gmt":"2021-09-12T12:00:28","slug":"sesion-03","status":"publish","type":"page","link":"https:\/\/edublog.educastur.es\/corredoria3\/1o-pri\/cultura-asturiana\/primer-trimestre\/sesion-03\/","title":{"rendered":"Sesi\u00f3n 03"},"content":{"rendered":"<p>Texto:<a href=\"https:\/\/educastur-my.sharepoint.com\/:w:\/g\/personal\/sheilagb_educastur_org\/EZeAiobecJZFsekdmRmrByQBunjugqsqLiiRH-gHT_ykyA?e=1FCwpy\"><em><strong><span style=\"color: #008080;font-size: 18pt\"> LAS ESTACIONES DEL A\u00d1O EN ASTURIAS<\/span><\/strong><\/em><\/a><\/p>\n<p>Video: <a href=\"https:\/\/educastur-my.sharepoint.com\/:v:\/g\/personal\/sheilagb_educastur_org\/EcCUEkxCqbxEtg0EkpFL1MEBLOhWSq0mJ6nku4Bc4Z0JxA?e=OKpmgK\"><span style=\"color: #008080\"><strong><span style=\"font-size: 18pt\">Estaciones del a\u00f1o en Asturias<\/span><\/strong><\/span><\/a><\/p>\n<p><img loading=\"lazy\" decoding=\"async\" class=\"aligncenter size-full wp-image-1898\" src=\"http:\/\/edublog.educastur.es\/corredoria3\/files\/2020\/10\/istock-1058872972_47fe993a_1245x842.jpg\" alt=\"\" width=\"1245\" height=\"842\" srcset=\"https:\/\/edublog.educastur.es\/corredoria3\/files\/2020\/10\/istock-1058872972_47fe993a_1245x842.jpg 1245w, https:\/\/edublog.educastur.es\/corredoria3\/files\/2020\/10\/istock-1058872972_47fe993a_1245x842-600x406.jpg 600w, https:\/\/edublog.educastur.es\/corredoria3\/files\/2020\/10\/istock-1058872972_47fe993a_1245x842-1024x693.jpg 1024w, https:\/\/edublog.educastur.es\/corredoria3\/files\/2020\/10\/istock-1058872972_47fe993a_1245x842-300x203.jpg 300w, https:\/\/edublog.educastur.es\/corredoria3\/files\/2020\/10\/istock-1058872972_47fe993a_1245x842-768x519.jpg 768w, https:\/\/edublog.educastur.es\/corredoria3\/files\/2020\/10\/istock-1058872972_47fe993a_1245x842-676x457.jpg 676w\" sizes=\"auto, (max-width: 1245px) 100vw, 1245px\" \/><\/p>\n<p><span style=\"font-size: 18pt\"><em><strong><a href=\"https:\/\/educastur-my.sharepoint.com\/:p:\/g\/personal\/sheilagb_educastur_org\/Ee7Hdw5Wm0ZBni6Lb_ujrpYBPRt-5MoqUI25XUFKwrXYWA?e=eddAYu\">Ver Presentaci\u00f3n PPT<\/a><br \/>\n<\/strong><\/em><\/span><\/p>\n<p>&nbsp;<\/p>\n<p>&nbsp;<\/p>\n<p><img loading=\"lazy\" decoding=\"async\" class=\"aligncenter size-full wp-image-1897\" src=\"http:\/\/edublog.educastur.es\/corredoria3\/files\/2020\/10\/estaciones1.jpg\" alt=\"\" width=\"960\" height=\"757\" srcset=\"https:\/\/edublog.educastur.es\/corredoria3\/files\/2020\/10\/estaciones1.jpg 960w, https:\/\/edublog.educastur.es\/corredoria3\/files\/2020\/10\/estaciones1-600x473.jpg 600w, https:\/\/edublog.educastur.es\/corredoria3\/files\/2020\/10\/estaciones1-300x237.jpg 300w, https:\/\/edublog.educastur.es\/corredoria3\/files\/2020\/10\/estaciones1-768x606.jpg 768w, https:\/\/edublog.educastur.es\/corredoria3\/files\/2020\/10\/estaciones1-676x533.jpg 676w\" sizes=\"auto, (max-width: 960px) 100vw, 960px\" \/><\/p>\n<p>&nbsp;<\/p>\n","protected":false},"excerpt":{"rendered":"<p>Texto: LAS ESTACIONES DEL A\u00d1O EN ASTURIAS Video: Estaciones del a\u00f1o en Asturias Ver Presentaci\u00f3n PPT &nbsp; &nbsp; &nbsp;<\/p>\n","protected":false},"author":117,"featured_media":0,"parent":1431,"menu_order":0,"comment_status":"closed","ping_status":"closed","template":"","meta":{"footnotes":""},"class_list":["post-1511","page","type-page","status-publish","hentry","post-preview"],"_links":{"self":[{"href":"https:\/\/edublog.educastur.es\/corredoria3\/wp-json\/wp\/v2\/pages\/1511","targetHints":{"allow":["GET"]}}],"collection":[{"href":"https:\/\/edublog.educastur.es\/corredoria3\/wp-json\/wp\/v2\/pages"}],"about":[{"href":"https:\/\/edublog.educastur.es\/corredoria3\/wp-json\/wp\/v2\/types\/page"}],"author":[{"embeddable":true,"href":"https:\/\/edublog.educastur.es\/corredoria3\/wp-json\/wp\/v2\/users\/117"}],"replies":[{"embeddable":true,"href":"https:\/\/edublog.educastur.es\/corredoria3\/wp-json\/wp\/v2\/comments?post=1511"}],"version-history":[{"count":12,"href":"https:\/\/edublog.educastur.es\/corredoria3\/wp-json\/wp\/v2\/pages\/1511\/revisions"}],"predecessor-version":[{"id":4726,"href":"https:\/\/edublog.educastur.es\/corredoria3\/wp-json\/wp\/v2\/pages\/1511\/revisions\/4726"}],"up":[{"embeddable":true,"href":"https:\/\/edublog.educastur.es\/corredoria3\/wp-json\/wp\/v2\/pages\/1431"}],"wp:attachment":[{"href":"https:\/\/edublog.educastur.es\/corredoria3\/wp-json\/wp\/v2\/media?parent=1511"}],"curies":[{"name":"wp","href":"https:\/\/api.w.org\/{rel}","templated":true}]}}