{"id":1517,"date":"2020-10-11T16:40:12","date_gmt":"2020-10-11T14:40:12","guid":{"rendered":"https:\/\/edublog.educastur.es\/corredoria3\/?page_id=1517"},"modified":"2020-11-12T19:04:44","modified_gmt":"2020-11-12T17:04:44","slug":"sesion-06","status":"publish","type":"page","link":"https:\/\/edublog.educastur.es\/corredoria3\/1o-pri\/cultura-asturiana\/primer-trimestre\/sesion-06\/","title":{"rendered":"Sesi\u00f3n 06"},"content":{"rendered":"<p><span style=\"font-size: 18pt\"><span style=\"color: #800000\"><strong><em>Samart\u00edn<\/em><\/strong><\/span><em><span style=\"font-size: 18pt\"> (sobre el 11 de Noviembre\/payares)<\/span><br \/>\n<a href=\"https:\/\/edublog.educastur.es\/corredoria3\/6o-pri\/cultura-asturiana\/1otrimestre\/sesion-06\/\">LA MATANZA EN ASTURIAS&#8230; Sesi\u00f3n de 6\u00ba por si se quiere ense\u00f1ar, a mayores&#8230; alguna foto o video \ud83d\ude09<\/a><\/em><\/span><\/p>\n<ul>\n<li><span style=\"font-size: 18pt\"><em><a href=\"https:\/\/educastur-my.sharepoint.com\/:b:\/g\/personal\/isabellh_educastur_org\/EYxSEknivn1NgrQYAjbhdRUBVBrC3idXmDq3N6vkmV19lg?e=WKcYOU\">Texto en castellano<\/a><\/em><\/span><\/li>\n<li><span style=\"font-size: 18pt\"><a href=\"https:\/\/educastur-my.sharepoint.com\/:b:\/g\/personal\/isabellh_educastur_org\/Ea5gXXrzHOJLutGeVI3MPwAB5CrpE7y0ieIOHS89_rFsaQ?e=l8m4Bg\"><em>Testu n\u00b4asturianu<\/em><\/a><\/span><\/li>\n<li><span style=\"font-size: 18pt\"><em><br \/>\n<\/em><a href=\"https:\/\/imgbox.es\/images\/2020\/11\/07\/samartin2e6ffb5896a9d72d7.jpg\"><img loading=\"lazy\" decoding=\"async\" class=\"alignnone size-full\" src=\"https:\/\/imgbox.es\/images\/2020\/11\/07\/samartin2e6ffb5896a9d72d7.jpg\" width=\"888\" height=\"593\" \/><\/a><\/span><\/li>\n<\/ul>\n<p><span style=\"font-size: 18pt\"><a href=\"https:\/\/turismosierradearacena.com\/wp-content\/uploads\/2013\/02\/cerdo-ib%C3%A9rico-jam%C3%B3n-casa-rural-sierra-de-huelva.png\"><img loading=\"lazy\" decoding=\"async\" class=\"alignnone size-full\" src=\"https:\/\/turismosierradearacena.com\/wp-content\/uploads\/2013\/02\/cerdo-ib%C3%A9rico-jam%C3%B3n-casa-rural-sierra-de-huelva.png\" width=\"640\" height=\"400\" \/><\/a><\/span><\/p>\n<ul>\n<li><span style=\"font-size: 18pt\"><a href=\"https:\/\/imgbox.es\/images\/2020\/10\/25\/Matanza_01fbf9563ee3920f64.jpg\"><img loading=\"lazy\" decoding=\"async\" class=\"alignnone size-full\" src=\"https:\/\/imgbox.es\/images\/2020\/10\/25\/Matanza_01fbf9563ee3920f64.jpg\" width=\"1466\" height=\"1930\" \/><\/a><a href=\"https:\/\/imgbox.es\/images\/2020\/10\/25\/matanza_0260d4f4c2365bdec4.jpg\"><img loading=\"lazy\" decoding=\"async\" class=\"alignnone size-full\" src=\"https:\/\/imgbox.es\/images\/2020\/10\/25\/matanza_0260d4f4c2365bdec4.jpg\" width=\"1442\" height=\"2080\" \/><\/a><\/span><\/li>\n<li><span style=\"font-size: 18pt\"><a href=\"http:\/\/casarural-extremadura.com\/despiece-cortes-y-carnes-del-cerdo\"><strong><em>Despiece del cerdo (texto)<\/em><\/strong><\/a><\/span><\/li>\n<\/ul>\n<p><span style=\"font-size: 18pt\"><a href=\"https:\/\/imgbox.es\/images\/2020\/11\/07\/cerdo1534f0f9e2c0aa19.jpg\"><img loading=\"lazy\" decoding=\"async\" class=\"alignnone \" src=\"https:\/\/imgbox.es\/images\/2020\/11\/07\/cerdo1534f0f9e2c0aa19.jpg\" width=\"321\" height=\"205\" \/><\/a>\/\u00a0 <a href=\"https:\/\/www.riveroseloquecomo.es\/wp-content\/uploads\/2015\/02\/Partes-del-cerdo-01.jpg\"><img loading=\"lazy\" decoding=\"async\" class=\"alignnone \" src=\"https:\/\/www.riveroseloquecomo.es\/wp-content\/uploads\/2015\/02\/Partes-del-cerdo-01.jpg\" width=\"347\" height=\"194\" \/><\/a><\/span><\/p>\n<p><span style=\"font-size: 18pt\"><em>Clic para ampliar las im\u00e1genes&#8230;<\/em><\/span><\/p>\n<p><span style=\"font-size: 18pt\"><a href=\"https:\/\/imgbox.es\/images\/2020\/11\/07\/cerdo2227ac09d78c3b7097.jpg\"><img loading=\"lazy\" decoding=\"async\" class=\"alignnone size-full\" src=\"https:\/\/imgbox.es\/images\/2020\/11\/07\/cerdo2227ac09d78c3b7097.jpg\" width=\"730\" height=\"310\" \/><\/a><\/span><\/p>\n<p><span style=\"font-size: 18pt\"><em>Podemos colorear esta im\u00e1gen&#8230;<\/em><\/span><\/p>\n<p><span style=\"font-size: 18pt\"><a href=\"https:\/\/imgbox.es\/images\/2020\/11\/07\/despiece-blanco-680x380-680x380c676804648e1a2f8.jpg\"><img loading=\"lazy\" decoding=\"async\" class=\"alignnone size-full\" src=\"https:\/\/imgbox.es\/images\/2020\/11\/07\/despiece-blanco-680x380-680x380c676804648e1a2f8.jpg\" width=\"680\" height=\"380\" \/><\/a><\/span><\/p>\n<p><span style=\"font-size: 18pt\"><a href=\"https:\/\/mismejoresrecetas.com\/media\/posts\/19\/Despiece_del_cerdo_1.png\"><img loading=\"lazy\" decoding=\"async\" class=\"alignnone size-full\" src=\"https:\/\/mismejoresrecetas.com\/media\/posts\/19\/Despiece_del_cerdo_1.png\" width=\"1418\" height=\"1152\" \/><\/a><\/span><\/p>\n<p><span style=\"font-size: 18pt\"><em>Y todav\u00eda podemos ver m\u00e1s despiece&#8230; se aprovecha todo todo&#8230;<\/em><\/span><\/p>\n<p><span style=\"font-size: 18pt\"><a href=\"https:\/\/valenciagastronomica.com\/wp-content\/uploads\/2016\/04\/carne-de-cerdo-corte-y-despiece.jpg\"><img loading=\"lazy\" decoding=\"async\" class=\"alignnone size-full\" src=\"https:\/\/valenciagastronomica.com\/wp-content\/uploads\/2016\/04\/carne-de-cerdo-corte-y-despiece.jpg\" width=\"627\" height=\"807\" \/><\/a><\/span><\/p>\n<hr \/>\n<p><span style=\"font-size: 18pt\"><em><strong>Vamos a aprender algunas partes del cerdo:<\/strong><\/em><\/span><\/p>\n<p><span style=\"font-size: 18pt\"><a href=\"https:\/\/imgbox.es\/images\/2020\/11\/12\/mudo-monocromo55b0d81df0025ae5.jpg\"><img loading=\"lazy\" decoding=\"async\" class=\"alignnone size-full\" src=\"https:\/\/imgbox.es\/images\/2020\/11\/12\/mudo-monocromo55b0d81df0025ae5.jpg\" width=\"3508\" height=\"2480\" \/><\/a><\/span><\/p>\n<hr \/>\n<p><span style=\"font-size: 18pt\"><strong><em>Solucionariu<\/em><\/strong><\/span><\/p>\n<p><span style=\"font-size: 18pt\"><a href=\"https:\/\/imgbox.es\/images\/2020\/11\/12\/solucion-castellano9bef814fe2f60675.jpg\"><img loading=\"lazy\" decoding=\"async\" class=\"alignnone \" src=\"https:\/\/imgbox.es\/images\/2020\/11\/12\/solucion-castellano9bef814fe2f60675.jpg\" width=\"1009\" height=\"713\" \/><\/a><\/span><\/p>\n<p><span style=\"font-size: 18pt\"><a href=\"https:\/\/imgbox.es\/images\/2020\/11\/12\/solucion-asturiano591e1e3244bed40a.jpg\"><img loading=\"lazy\" decoding=\"async\" class=\"alignnone size-full\" src=\"https:\/\/imgbox.es\/images\/2020\/11\/12\/solucion-asturiano591e1e3244bed40a.jpg\" width=\"3508\" height=\"2480\" \/><\/a><\/span><\/p>\n<hr \/>\n<p><span style=\"font-size: 18pt\">Cuentu n\u00b4asturianu para todos, tami\u00e9n pa los de Cultura<\/span><br \/>\n<span style=\"font-size: 18pt\"><strong><em>\u00abLa\u00a0 granxa\u00a0 de\u00a0 Sandra\u00bb<\/em><\/strong>.<\/span><\/p>\n<ul>\n<li><span style=\"font-size: 18pt\"><em><a href=\"https:\/\/educastur-my.sharepoint.com\/:u:\/g\/personal\/isabellh_educastur_org\/EdRoWguHYhBPtyCfB0r02MsBS9DwuNp_ut4juEqcGhPVeQ?e=9oPFY4\"><strong>Escuchar audio<\/strong> (en una pesta\u00f1a) mientras se ampl\u00eda la p\u00e1gina.<\/a> <\/em><\/span><\/li>\n<li><span style=\"font-size: 18pt\"><strong><em>El maestru\/a llee de nuevu el cuentu<\/em><\/strong>.<\/span><\/li>\n<\/ul>\n<p><span style=\"font-size: 18pt\"><a href=\"https:\/\/imgbox.es\/images\/2020\/11\/07\/Sandra_01bf90198bd78592277.jpg\"><img loading=\"lazy\" decoding=\"async\" class=\"alignnone size-full\" src=\"https:\/\/imgbox.es\/images\/2020\/11\/07\/Sandra_01bf90198bd78592277.jpg\" width=\"1532\" height=\"2182\" \/><\/a><\/span><\/p>\n<p><span style=\"font-size: 18pt\"><a href=\"https:\/\/imgbox.es\/images\/2020\/11\/07\/Sandra_029b578490f66797b4.jpg\"><img loading=\"lazy\" decoding=\"async\" class=\"alignnone size-full\" src=\"https:\/\/imgbox.es\/images\/2020\/11\/07\/Sandra_029b578490f66797b4.jpg\" width=\"1592\" height=\"2218\" \/><\/a><\/span><\/p>\n<p><span style=\"font-size: 18pt\"><strong><em>Preguntas para responder (entre todos, oralmente)&#8230;<br \/>\n<\/em><\/strong><em>Se puede ir anotando en la pizarra lo que vayan diciendo&#8230;<\/em><strong><em><br \/>\n<\/em><\/strong><\/span><\/p>\n<p><span style=\"font-size: 18pt\"><em>1) \u00bfQui\u00e9n tien una granxa d\u00b4animales en Feleches (Siero)?<\/em><\/span><br \/>\n<span style=\"font-size: 18pt\"><em>2) \u00bfQu\u00e9 fizo Sandra, que ye mui llista, un d\u00eda?<\/em><\/span><br \/>\n<span style=\"font-size: 18pt\"><em>3) \u00bfQu\u00e9 yos pas\u00f3 a los animales de la granxa de Sandra col \u00abpiensu especial\u00bb?<\/em><\/span><br \/>\n<span style=\"font-size: 18pt\"><em>\u00a0\u00a0\u00a0\u00a0\u00a0 Les pites&#8230; \/ El xatu&#8230; \/El gochu&#8230; \/Un par de cor\u00edos&#8230;\/ El pitu.. \/ El burru&#8230;<br \/>\n<\/em><em>4) \u00bfQu\u00e9 ficieron Sandra y los sos amigos pa resolver el problema?<\/em><\/span><\/p>\n<p>&nbsp;<\/p>\n","protected":false},"excerpt":{"rendered":"<p>Samart\u00edn (sobre el 11 de Noviembre\/payares) LA MATANZA EN ASTURIAS&#8230; Sesi\u00f3n de 6\u00ba por si se quiere ense\u00f1ar, a mayores&#8230; alguna foto o video \ud83d\ude09 Texto en castellano Testu n\u00b4asturianu Despiece del cerdo (texto) \/\u00a0 Clic para ampliar las im\u00e1genes&#8230; Podemos colorear esta im\u00e1gen&#8230; Y todav\u00eda podemos ver m\u00e1s despiece&#8230; se aprovecha todo todo&#8230; Vamos [&hellip;]<\/p>\n","protected":false},"author":117,"featured_media":0,"parent":1431,"menu_order":0,"comment_status":"closed","ping_status":"closed","template":"","meta":{"footnotes":""},"class_list":["post-1517","page","type-page","status-publish","hentry","post-preview"],"_links":{"self":[{"href":"https:\/\/edublog.educastur.es\/corredoria3\/wp-json\/wp\/v2\/pages\/1517","targetHints":{"allow":["GET"]}}],"collection":[{"href":"https:\/\/edublog.educastur.es\/corredoria3\/wp-json\/wp\/v2\/pages"}],"about":[{"href":"https:\/\/edublog.educastur.es\/corredoria3\/wp-json\/wp\/v2\/types\/page"}],"author":[{"embeddable":true,"href":"https:\/\/edublog.educastur.es\/corredoria3\/wp-json\/wp\/v2\/users\/117"}],"replies":[{"embeddable":true,"href":"https:\/\/edublog.educastur.es\/corredoria3\/wp-json\/wp\/v2\/comments?post=1517"}],"version-history":[{"count":3,"href":"https:\/\/edublog.educastur.es\/corredoria3\/wp-json\/wp\/v2\/pages\/1517\/revisions"}],"predecessor-version":[{"id":2302,"href":"https:\/\/edublog.educastur.es\/corredoria3\/wp-json\/wp\/v2\/pages\/1517\/revisions\/2302"}],"up":[{"embeddable":true,"href":"https:\/\/edublog.educastur.es\/corredoria3\/wp-json\/wp\/v2\/pages\/1431"}],"wp:attachment":[{"href":"https:\/\/edublog.educastur.es\/corredoria3\/wp-json\/wp\/v2\/media?parent=1517"}],"curies":[{"name":"wp","href":"https:\/\/api.w.org\/{rel}","templated":true}]}}