{"id":1565,"date":"2020-10-11T17:24:32","date_gmt":"2020-10-11T15:24:32","guid":{"rendered":"https:\/\/edublog.educastur.es\/corredoria3\/?page_id=1565"},"modified":"2020-11-09T20:15:03","modified_gmt":"2020-11-09T18:15:03","slug":"sesion-01","status":"publish","type":"page","link":"https:\/\/edublog.educastur.es\/corredoria3\/5o-pri\/cultura-asturiana\/primer-trimestre\/sesion-01\/","title":{"rendered":"Sesi\u00f3n 01"},"content":{"rendered":"<p><span style=\"font-size: 24pt\"><span style=\"color: #008080\">Concursu del Traxe\u00b4l Pa\u00eds<\/span><strong><span style=\"color: #008080\"> \u00abIndumentaria\u00bb<\/span><\/strong><span style=\"color: #008080\"> Grau\/Grado <span style=\"font-size: 18pt\">(\u00faltimo domingu de setiembre)<\/span><\/span><\/span><strong><span style=\"font-size: 18pt;color: #008080\"><br \/>\n<\/span><\/strong><\/p>\n<p><a href=\"https:\/\/www.fundacioncajaruraldeasturias.com\/wp-content\/uploads\/2018\/10\/indumentaria2018_cartel_home_web2.jpg\"><img loading=\"lazy\" decoding=\"async\" class=\"alignnone \" src=\"https:\/\/www.fundacioncajaruraldeasturias.com\/wp-content\/uploads\/2018\/10\/indumentaria2018_cartel_home_web2.jpg\" width=\"309\" height=\"437\" \/><\/a>\u00a0\u00a0 \/<a href=\"https:\/\/www.fundacioncajaruraldeasturias.com\/wp-content\/uploads\/2018\/10\/indumentaria2018_cartel_muyer_web2.jpg\"><img loading=\"lazy\" decoding=\"async\" class=\"alignnone \" src=\"https:\/\/www.fundacioncajaruraldeasturias.com\/wp-content\/uploads\/2018\/10\/indumentaria2018_cartel_muyer_web2.jpg\" width=\"310\" height=\"438\" \/>\u00a0<\/a><\/p>\n<p>&nbsp;<\/p>\n<ul>\n<li><span style=\"font-size: 18pt\"><a href=\"https:\/\/es-es.facebook.com\/concursuindumentaria\/\">\u00bfQu\u00e9 es el \u00bfConcurso Indumentaria\u00bb?<\/a> Ver <a href=\"https:\/\/indumentaria.com.es\/\">web oficial<\/a><br \/>\n<\/span><\/li>\n<li><span style=\"font-size: 18pt\"><em>El domingu 29 de setiembre va ser un d\u00eda dedic\u00e1u al traxe\u2019l pa\u00eds, onde\u2019l nuestru paxellu tradicional tenga\u2019l protagonismu que merez, porque, anque siempre ta presente en toles celebraciones asturianes, ye de xusticia que tenga una fiesta propia: un d\u00eda pa vistir, llucir y vivir el traxe. <\/em><\/span><a href=\"http:\/\/indumentaria.com.es\/bases\/\"><em><span style=\"font-size: 14pt\"><span style=\"font-size: 18pt\">Bases&#8230;<\/span><\/span><\/em><\/a><\/li>\n<\/ul>\n<p><a href=\"http:\/\/lavozdeltrubia.es\/wp-content\/uploads\/2018\/09\/cartel-traxel-pais.jpg\"><img loading=\"lazy\" decoding=\"async\" class=\"alignnone \" src=\"http:\/\/lavozdeltrubia.es\/wp-content\/uploads\/2018\/09\/cartel-traxel-pais.jpg\" width=\"294\" height=\"415\" \/><\/a><\/p>\n<ul>\n<li><span style=\"font-size: 18pt\"><a href=\"https:\/\/www.facebook.com\/ojosdehojalata\">Fotos \/ semeyes: Ojos de Hojalata<\/a><\/span><\/li>\n<li>\n<h1 class=\"posttitle\"><span style=\"font-size: 18pt\"><a href=\"http:\/\/lavozdeltrubia.es\/2018\/09\/29\/dial-traxel-pais-moda-del-xix-para-disfrutar-el-domingo\/\">\u00abD\u00eda\u2019l traxe\u2019l pa\u00eds\u00bb, moda del XIX para disfrutar el domingo<\/a><\/span><\/h1>\n<\/li>\n<li>\n<h2 class=\"entry_title\"><a href=\"http:\/\/www.fundacioncajaruraldeasturias.com\/indumentaria-concurso-muestra-traxes-tradicionales-asturianos\/\"><span style=\"font-size: 18pt\">Indumentaria, Concurso y Muestra de Traxes Tradicionales Asturianos<\/span><\/a><\/h2>\n<\/li>\n<\/ul>\n<p><a href=\"https:\/\/www.fundacioncajaruraldeasturias.com\/wp-content\/uploads\/2018\/10\/concurso-indumentaria-2018_web.jpg\"><img loading=\"lazy\" decoding=\"async\" class=\"alignnone size-full\" src=\"https:\/\/www.fundacioncajaruraldeasturias.com\/wp-content\/uploads\/2018\/10\/concurso-indumentaria-2018_web.jpg\" width=\"1000\" height=\"667\" \/><\/a><\/p>\n<p>&nbsp;<\/p>\n<p><a href=\"https:\/\/www.fundacioncajaruraldeasturias.com\/wp-content\/uploads\/2018\/10\/concurso-indumentaria-2018_1_web.jpg\"><img loading=\"lazy\" decoding=\"async\" class=\"alignnone size-full\" src=\"https:\/\/www.fundacioncajaruraldeasturias.com\/wp-content\/uploads\/2018\/10\/concurso-indumentaria-2018_1_web.jpg\" width=\"1000\" height=\"667\" \/><\/a><\/p>\n<p>&nbsp;<\/p>\n<ul>\n<li><a href=\"http:\/\/www.fundacioncajaruraldeasturias.com\/la-iv-edicion-del-concurso-indumentaria\/\"><span style=\"font-size: 18pt\">La IV Edici\u00f3n del Concurso de Indumentaria se celebrar\u00e1 el pr\u00f3ximo 29 de septiembre<\/span><\/a><\/li>\n<\/ul>\n<p><em><span style=\"font-size: 18pt\">El 29 de septiembre se celebrar\u00e1 en Grau la <strong>cuarta edici\u00f3n del concurso Indumentaria<\/strong>, una referencia ya para todos los amantes de los trajes tradicionales asturianos.<\/span><\/em><\/p>\n<p><a href=\"https:\/\/www.fundacioncajaruraldeasturias.com\/wp-content\/uploads\/2019\/09\/2019-indumentaria.jpg\"><img loading=\"lazy\" decoding=\"async\" class=\"alignnone size-full\" src=\"https:\/\/www.fundacioncajaruraldeasturias.com\/wp-content\/uploads\/2019\/09\/2019-indumentaria.jpg\" width=\"1200\" height=\"848\" \/><\/a><\/p>\n<ul>\n<li><span style=\"font-size: 18pt\"><a href=\"https:\/\/vimeo.com\/365360279\">Videu Indumentaria 2019<\/a><\/span><\/li>\n<li><span style=\"font-size: 18pt\"><a href=\"https:\/\/elsummum.es\/galeria-oficial-de-fotos-indumentaria-2019\/?fbclid=IwAR1AZKdjz2BE6xnhTwjFlZx6gfQskD2LUpS2PmOInp8M8JEWBAEZeMqURp4\">Galer\u00eda oficial de fotos 2019<\/a><\/span><\/li>\n<li><a href=\"https:\/\/www.lne.es\/multimedia\/fotos\/asturias\/2019-09-30-169590-concursu-muestra-traxes-tradicionales-grado.html\"><span style=\"font-size: 18pt\">Galer\u00eda LNE<\/span><\/a><\/li>\n<\/ul>\n<p>&nbsp;<\/p>\n<p><span style=\"color: #ff0000;font-size: 18pt\"><em>Esti a\u00f1u <span class=\"cuerpo_texto100\">no habr\u00e1 <strong>D\u00eda&#8217;l Traxe<\/strong> ni se celebrar\u00e1 el concurso <strong>\u00abIndumentaria\u00bb<\/strong> en la capilla de Los Dolores de Grado, una pasarela en la que se muestra la diversidad y riqueza de la ropa tradicional asturiana. La organizaci\u00f3n ha decidido no convocar la edici\u00f3n de 2020 debido a la crisis sanitaria del covid-19 al entender que el volumen de gente habitual que acude no es seguro.<\/span><\/em><\/span><\/p>\n<hr \/>\n<p><span style=\"font-size: 24pt;color: #008080\"><strong>REPASU\u00a0 DEL\u00a0 TRAXE\u00a0 TRADICIONAL ASTURIANU<\/strong><\/span><\/p>\n<p align=\"left\"><span style=\"font-size: 18pt\"><strong><em><span style=\"font-size: 24pt\">Tema: \u201cTraxe tradicional\u201d.<\/span><span style=\"color: #800000\"><span style=\"font-size: 24pt\"><br \/>\n<\/span> <span style=\"color: #008080\">(Tarea propuesta en Primavera 2020, solo para \u00abrepasar\u00bb,<\/span> no hay que hacer actividades..<span style=\"color: #008080\">.)<\/span><\/span><br \/>\n<\/em><\/strong><\/span><\/p>\n<p><img loading=\"lazy\" decoding=\"async\" src=\"https:\/\/yt3.ggpht.com\/a\/AATXAJw7DWVaeeT8Xf2YN9IkDE6rJ_9YxVhWB6GJCg=s100-c-k-c0xffffffff-no-rj-mo\" width=\"100\" height=\"100\" \/><span style=\"font-size: 18pt\"><u><em><strong>Asociaci\u00f3n Escontra\u00b4l\u00a0 Raiga\u00f1u.<\/strong><\/em><\/u><\/span><\/p>\n<ul>\n<li><span style=\"font-size: 18pt\"><a href=\"https:\/\/www.youtube.com\/watch?v=REnVBZ-kXUo\" target=\"_blank\" rel=\"noopener noreferrer\"><u><em><strong>Ver v\u00eddeu bailando l\u00b4Alredore<\/strong><\/em><\/u><\/a><\/span><\/li>\n<li><a href=\"https:\/\/www.youtube.com\/watch?v=W5iXabqk2-M\" target=\"_blank\" rel=\"noopener noreferrer\"><u><em><strong><span style=\"font-size: 18pt\">Ver v\u00eddeu na Seronda d\u00b4Aviles.<\/span><\/strong><\/em><\/u><\/a><\/li>\n<\/ul>\n<p><img loading=\"lazy\" decoding=\"async\" src=\"https:\/\/imgbox.es\/images\/2020\/03\/23\/separadora4a37c028d732afc.jpg\" width=\"322\" height=\"26\" \/><\/p>\n<p><em><span style=\"font-size: 18pt\"><strong>La forma de vistir de la xente foi cambiando colos a\u00f1os. <\/strong>Lo que conocemos como <strong>\u201cTraxe tradicional\u201d <\/strong>ye\u00b4l conxuntu de ropa que ten\u00eden los antepasaos asturianos nos sieglos XVIII y XIX.<br \/>\n<\/span><\/em><\/p>\n<p><em><span style=\"font-size: 18pt\">N\u00b4acabando esa \u00e9poca por la industrializaci\u00f3n y les f\u00e1briques de ropa, <strong>la moda igual\u00f3se en tol mundu y xeneraliz\u00e1ronse les formes de vistimenta. <\/strong><\/span><\/em><em><span style=\"font-size: 18pt\">Los materiales m\u00e1s us\u00e1os yeren el llinu (lino) y la llana (lana), que se produc\u00eden nel propiu llar, onde tami\u00e9n se trabayaba pa iguar (hacer \/ coser) la ropa. Los colores consigu\u00edense cociendo y xuntando colores.<\/span><\/em><\/p>\n<p><span style=\"font-size: 18pt\"><strong><em>TAREA 1)<\/em><\/strong> Calca nes im\u00e1xenes pa ver en grande. <strong>Fai un list\u00e1u <\/strong>(nuna fueya) <strong>de ropa de la muyer y otru de ropa del home. <\/strong>Pues escribilos en may\u00fascula o copialos en min\u00fascula\u2026<\/span><\/p>\n<ul>\n<li><span style=\"font-size: 24pt\"><a href=\"https:\/\/drive.google.com\/file\/d\/1WtuMUfc8wjSmhEieMjJzxHsbtRXmN_ze\/view?usp=sharing\" target=\"_blank\" rel=\"noopener noreferrer\"><strong><em>Traxe muyer <\/em><\/strong>(calca pa ver ampli\u00e1u) <\/a><\/span><\/li>\n<li><span style=\"font-size: 24pt\"><a href=\"https:\/\/drive.google.com\/file\/d\/1WtuMUfc8wjSmhEieMjJzxHsbtRXmN_ze\/view?usp=sharing\" target=\"_blank\" rel=\"noopener noreferrer\"><img loading=\"lazy\" decoding=\"async\" class=\"\" src=\"https:\/\/imgbox.es\/images\/2020\/04\/17\/Muyer5c83eda1f3eccc1d.jpg\" width=\"501\" height=\"701\" \/><\/a><\/span><\/li>\n<li><span style=\"font-size: 24pt\"><img loading=\"lazy\" decoding=\"async\" src=\"https:\/\/imgbox.es\/images\/2020\/03\/23\/separadora4a37c028d732afc.jpg\" width=\"322\" height=\"26\" \/><\/span><\/li>\n<li><span style=\"font-size: 24pt\"><a href=\"https:\/\/drive.google.com\/file\/d\/1JUM-hdC27drfw_rWBjXlk9SZUwbqkSsP\/view?usp=sharing\" target=\"_blank\" rel=\"noopener noreferrer\"><strong><em>Traxe home <\/em><\/strong>(calca pa ver ampli\u00e1u) <\/a><\/span><\/li>\n<li><span style=\"font-size: 24pt\"><a href=\"https:\/\/imgbox.es\/images\/2020\/04\/17\/Homec2e85c10b5b69fc0.jpg\" target=\"_blank\" rel=\"noopener noreferrer\"><img loading=\"lazy\" decoding=\"async\" class=\"\" src=\"https:\/\/imgbox.es\/images\/2020\/04\/17\/Homec2e85c10b5b69fc0.jpg\" width=\"502\" height=\"704\" \/> <\/a><\/span><\/li>\n<\/ul>\n<p><span style=\"font-size: 18pt\"><u><strong><em>Tarea 2: <\/em><\/strong> Dibuxa con ll\u00e1piz y colorea con colores un traxe<\/u><u> asturianu, home o muyer, el que m\u00e1s te preste, el que prefieras.<\/u><\/span><\/p>\n<p><span style=\"font-size: 18pt\"><strong><em>Tarea 3)<\/em><\/strong> <strong><em>Opcional y voluntaria. <\/em><\/strong>Hai que completar esti testu con nomes qu\u00b4aparecen nes im\u00e1xines o dibuxos anteriores. <a href=\"https:\/\/drive.google.com\/file\/d\/1toLjeyBDpEpKYhn4hbUQFntNlwlOD1ND\/view?usp=sharing\" target=\"_blank\" rel=\"noopener noreferrer\"><strong><em>Testu pa completar<\/em><\/strong> (escribi les 10 pallabres) <\/a><\/span><\/p>\n<p><span style=\"font-size: 18pt\">F\u00edxate bien y completa la frase\u2026<\/span><\/p>\n<ul>\n<li><span style=\"font-size: 18pt\"><a href=\"https:\/\/drive.google.com\/file\/d\/1WtuMUfc8wjSmhEieMjJzxHsbtRXmN_ze\/view?usp=sharing\" target=\"_blank\" rel=\"noopener noreferrer\"><strong><em>Traxe muyer <\/em><\/strong>(calca pa ver ampli\u00e1u) <\/a><\/span><\/li>\n<li><span style=\"font-size: 18pt\"><a href=\"https:\/\/drive.google.com\/file\/d\/1JUM-hdC27drfw_rWBjXlk9SZUwbqkSsP\/view?usp=sharing\" target=\"_blank\" rel=\"noopener noreferrer\"><strong><em>Traxe home <\/em><\/strong>(calca pa ver ampli\u00e1u) <\/a><\/span><\/li>\n<\/ul>\n<ul>\n<li><span style=\"font-size: 18pt\"><u><strong><em>C\u00f3piales nuna fueya y ya espublizo yo equ\u00ed el vienres 15 les respuestes.. A ver si acertaste dalguna de les 10.<\/em><\/strong> <img decoding=\"async\" class=\"wp-smiley\" src=\"http:\/\/blog.educastur.es\/ixuxullingua\/wp-includes\/images\/smilies\/icon_wink.gif\" alt=\";-)\" \/>\u00a0 Nun hai qu\u00b4imprimilo too !! <strong><em>Copia nuna fueya los 10 nomes!<br \/>\n<\/em><\/strong><\/u><\/span><\/li>\n<\/ul>\n<p><span style=\"font-size: 18pt\"><u><strong><em>Tarea 4: <\/em><\/strong><\/u><u><strong><em>Opcional y voluntaria. <\/em><\/strong><\/u><a href=\"https:\/\/drive.google.com\/file\/d\/1v65Pfzt5gKhegfpyWhlyTry7-mlPPG0C\/view\" target=\"_blank\" rel=\"noopener noreferrer\"><em>Imprime <strong>alguna<\/strong> fueya d\u00b4esti documentu, <strong>la que quieras<\/strong>, y <strong>color\u00e9ala<\/strong> respetando los colores del traxe tradicional asturianu.<\/em><\/a><\/span><\/p>\n<ul>\n<li><a href=\"https:\/\/drive.google.com\/file\/d\/1bslyDaYBrHgsAMaiN1iBdhBouj3lXnrD\/view?usp=sharing\" target=\"_blank\" rel=\"noopener noreferrer\"><span style=\"font-size: 18pt\">Solucionariu de <\/span><strong><em><span style=\"font-size: 18pt\">\u201cTraxe asturianu de Muyer y Home<\/span><\/em><\/strong><\/a><\/li>\n<\/ul>\n","protected":false},"excerpt":{"rendered":"<p>Concursu del Traxe\u00b4l Pa\u00eds \u00abIndumentaria\u00bb Grau\/Grado (\u00faltimo domingu de setiembre) \u00a0\u00a0 \/\u00a0 &nbsp; \u00bfQu\u00e9 es el \u00bfConcurso Indumentaria\u00bb? Ver web oficial El domingu 29 de setiembre va ser un d\u00eda dedic\u00e1u al traxe\u2019l pa\u00eds, onde\u2019l nuestru paxellu tradicional tenga\u2019l protagonismu que merez, porque, anque siempre ta presente en toles celebraciones asturianes, ye de xusticia que [&hellip;]<\/p>\n","protected":false},"author":117,"featured_media":0,"parent":1437,"menu_order":0,"comment_status":"closed","ping_status":"closed","template":"","meta":{"footnotes":""},"class_list":["post-1565","page","type-page","status-publish","hentry","post-preview"],"_links":{"self":[{"href":"https:\/\/edublog.educastur.es\/corredoria3\/wp-json\/wp\/v2\/pages\/1565","targetHints":{"allow":["GET"]}}],"collection":[{"href":"https:\/\/edublog.educastur.es\/corredoria3\/wp-json\/wp\/v2\/pages"}],"about":[{"href":"https:\/\/edublog.educastur.es\/corredoria3\/wp-json\/wp\/v2\/types\/page"}],"author":[{"embeddable":true,"href":"https:\/\/edublog.educastur.es\/corredoria3\/wp-json\/wp\/v2\/users\/117"}],"replies":[{"embeddable":true,"href":"https:\/\/edublog.educastur.es\/corredoria3\/wp-json\/wp\/v2\/comments?post=1565"}],"version-history":[{"count":11,"href":"https:\/\/edublog.educastur.es\/corredoria3\/wp-json\/wp\/v2\/pages\/1565\/revisions"}],"predecessor-version":[{"id":1617,"href":"https:\/\/edublog.educastur.es\/corredoria3\/wp-json\/wp\/v2\/pages\/1565\/revisions\/1617"}],"up":[{"embeddable":true,"href":"https:\/\/edublog.educastur.es\/corredoria3\/wp-json\/wp\/v2\/pages\/1437"}],"wp:attachment":[{"href":"https:\/\/edublog.educastur.es\/corredoria3\/wp-json\/wp\/v2\/media?parent=1565"}],"curies":[{"name":"wp","href":"https:\/\/api.w.org\/{rel}","templated":true}]}}