{"id":1574,"date":"2020-10-11T17:26:38","date_gmt":"2020-10-11T15:26:38","guid":{"rendered":"https:\/\/edublog.educastur.es\/corredoria3\/?page_id=1574"},"modified":"2022-01-30T13:15:26","modified_gmt":"2022-01-30T11:15:26","slug":"sesion-05","status":"publish","type":"page","link":"https:\/\/edublog.educastur.es\/corredoria3\/5o-pri\/cultura-asturiana\/primer-trimestre\/sesion-05\/","title":{"rendered":"Sesi\u00f3n 05"},"content":{"rendered":"<p style=\"text-align: center\"><span style=\"color: #008080\"><strong><em><span style=\"font-size: 24pt\">La Madera en Asturias<br \/>\nOficio: carpintero de Ribera<\/span><\/em><\/strong><\/span><\/p>\n<p><span style=\"font-size: 14pt\"><em><span style=\"color: #008080\"><strong>Carpinter\u00eda<\/strong>:<\/span> conjunto de actividades que se realizan con la madera para utilizarla con fines constructivos.<br \/>\n<span style=\"color: #008080\"><strong>Bosque de ribera:\u00a0<\/strong><\/span> bosques que se forman a ambas orillas de los r\u00edos. Est\u00e1n formados por chopos, \u00e1lamos, alisos y sauces.<\/em><\/span><\/p>\n<hr \/>\n<p><span style=\"color: #008080\"><em><span style=\"font-size: 24pt\"><strong>Carpintero de ribera<\/strong><\/span><\/em><\/span><\/p>\n<ul>\n<li><a href=\"https:\/\/educastur-my.sharepoint.com\/:b:\/g\/personal\/isabellh_educastur_org\/ESMmyHTUcB9Mtc_JXiwiWvQBKg24za9VtfzX0R9VyFYQjw?e=js21Q4\"><strong><em><span style=\"font-size: 18pt\">Texto para trabajar en el aula<\/span><\/em><\/strong><em><span style=\"font-size: 18pt\"> (castellano y asturiano)<\/span><\/em><\/a><\/li>\n<li><a href=\"https:\/\/shipshape.com.es\/carpinteria-de-ribera\/carpinteros-de-ribera-en-gijon\/\"><em><span style=\"font-size: 18pt\">Ejemplo carpintero de ribera en Gij\u00f3n<\/span><\/em><\/a><\/li>\n<li><span style=\"font-size: 18pt\"><a href=\"https:\/\/www.elcomercio.es\/v\/20130326\/gijon\/carpinteria-ribera-20130326.html\">Art\u00edculo:<strong><em> La carpinter\u00eda de ribera del XIX<\/em><\/strong><\/a><\/span><\/li>\n<li><a href=\"https:\/\/www.lne.es\/aviles\/2013\/08\/07\/carpintero-ribera-vale-20597950.html\"><span style=\"font-size: 18pt\">Art\u00edculo:<strong><em> El carpintero de ribera, por lo que vale<\/em><\/strong><\/span><\/a><\/li>\n<li><a href=\"https:\/\/www.lne.es\/aviles\/2009\/04\/26\/choli-ultimo-carpintero-ribera-21539557.html\"><em><span style=\"font-size: 18pt\">Art\u00edculo:<strong> Choli, el \u00faltimo carpintero de ribera en Luanco<\/strong><\/span><\/em><\/a><\/li>\n<\/ul>\n<p><a href=\"http:\/\/museomaritimodeasturias.com\/wp-content\/uploads\/2018\/11\/3Astillero-1920-1160x773.jpg\"><img loading=\"lazy\" decoding=\"async\" class=\"alignnone size-full\" src=\"http:\/\/museomaritimodeasturias.com\/wp-content\/uploads\/2018\/11\/3Astillero-1920-1160x773.jpg\" width=\"1160\" height=\"773\" \/><\/a><\/p>\n<p><a href=\"http:\/\/museomaritimodeasturias.com\/carpinteria-de-ribera\/\"><span style=\"font-size: 18pt\"><em><strong>Museo Mar\u00edtimo de asturias (Luanco) VER GALER\u00cdA<\/strong><\/em><\/span><\/a><\/p>\n<ul>\n<li><a href=\"http:\/\/museomaritimodeasturias.com\/\"><em><span style=\"font-size: 18pt\">Web Museo<\/span><\/em><\/a><\/li>\n<li><strong>Descargar pdf de los siguientes enlaces:<\/strong><\/li>\n<li><em><span style=\"font-size: 18pt\"><a href=\"http:\/\/museomaritimodeasturias.com\/wp-content\/uploads\/2018\/11\/Guia_para_escolares_de_Primaria-_nivel_1-1.pdf\">Ver p\u00e1g 8 a 10 de Gu\u00eda Museo 1\u00ba ciclo<\/a><\/span><\/em><\/li>\n<li><em><span style=\"font-size: 18pt\"><a href=\"http:\/\/museomaritimodeasturias.com\/wp-content\/uploads\/2018\/11\/Guia_para_escolares_de_Primaria_nivel_2.pdf\">Ver p\u00e1g\u00a0\u00a0 8 a 11 \u00a0 de Gu\u00eda Museo 2\u00ba ciclo<\/a><\/span><\/em><\/li>\n<li><em><span style=\"font-size: 18pt\"><a href=\"http:\/\/museomaritimodeasturias.com\/wp-content\/uploads\/2018\/11\/Guia_para_escolares_de_Primaria_nivel_3.pdf\">Ver p\u00e1g 5-6 de Gu\u00eda Museo Secundaria<\/a><\/span><\/em><\/li>\n<li><em><span style=\"font-size: 18pt\"><a href=\"http:\/\/museomaritimodeasturias.com\/wp-content\/uploads\/2018\/11\/Unidad_didactica_para_una_visita_al_Museo-_Nivel_Bachillerato.pdf\">Ver p\u00e1g.\u00a0 4 y 5\u00a0 de gu\u00eda Museo Bachillerato<\/a><\/span><\/em><\/li>\n<\/ul>\n<p>&nbsp;<\/p>\n<p><a href=\"https:\/\/s3-eu-west-1.amazonaws.com\/gr-cms\/media\/featured_images\/none\/bb60e152-f939-49ab-8d25-130190fd8946\/10_armazon-de-un-barco-de-vela-latina.jpeg\"><img loading=\"lazy\" decoding=\"async\" class=\"alignnone \" src=\"https:\/\/s3-eu-west-1.amazonaws.com\/gr-cms\/media\/featured_images\/none\/bb60e152-f939-49ab-8d25-130190fd8946\/10_armazon-de-un-barco-de-vela-latina.jpeg\" width=\"905\" height=\"603\" \/><\/a><\/p>\n<p><a href=\"http:\/\/museomaritimodeasturias.com\/wp-content\/uploads\/2018\/11\/galeria-proyecto-normal-carpi-gene3-1160x653.jpg\"><img loading=\"lazy\" decoding=\"async\" class=\"alignnone \" src=\"http:\/\/museomaritimodeasturias.com\/wp-content\/uploads\/2018\/11\/galeria-proyecto-normal-carpi-gene3-1160x653.jpg\" width=\"910\" height=\"512\" \/><\/a><\/p>\n<p><a href=\"https:\/\/estag.fimagenes.com\/img\/1\/j\/k\/w\/jkw_900.jpg\"><img loading=\"lazy\" decoding=\"async\" class=\"alignnone size-full\" src=\"https:\/\/estag.fimagenes.com\/img\/1\/j\/k\/w\/jkw_900.jpg\" width=\"900\" height=\"673\" \/><\/a><\/p>\n<ul>\n<li><a href=\"https:\/\/www.youtube.com\/watch?v=ofqlhWKxxdY\"><strong><em><span style=\"font-size: 18pt\">Video<\/span><\/em><\/strong><\/a><\/li>\n<\/ul>\n<p style=\"text-align: center\">\n<!-- iframe plugin v.6.0 wordpress.org\/plugins\/iframe\/ -->\n<iframe loading=\"lazy\" width=\"588\" height=\"331\" src=\"https:\/\/www.youtube.com\/embed\/ofqlhWKxxdY\" scrolling=\"yes\" class=\"iframe-class\" frameborder=\"0\"><\/iframe>\n<\/p>\n<p><strong><em><span style=\"font-size: 18pt\">ANEXO:\u00a0 <a href=\"http:\/\/leyendesasturianes.blogspot.com\/2010\/09\/los-carpinteros-de-ribera.html\">Carpinter\u00eda naval<\/a><\/span><\/em><\/strong><\/p>\n<p><a href=\"http:\/\/2.bp.blogspot.com\/_TZhkF5eVfSg\/TKEkpz8_PAI\/AAAAAAAACMA\/BQmumx6-Plg\/s400\/4816506930_dbb86199f5.jpg\"><img loading=\"lazy\" decoding=\"async\" class=\"alignnone \" src=\"http:\/\/2.bp.blogspot.com\/_TZhkF5eVfSg\/TKEkpz8_PAI\/AAAAAAAACMA\/BQmumx6-Plg\/s400\/4816506930_dbb86199f5.jpg\" width=\"679\" height=\"377\" \/><\/a><\/p>\n<p><em><span style=\"font-size: 18pt\">Los astilleros se ubicaban pr\u00f3ximos a bosques de buena madera como el Roble, como la costa Cant\u00e1brica; otras eran m\u00e1s abundantes en pino, madera adecuada para galeras, pero no para embarcaciones que hac\u00edan viajes a ultramar.<\/span><\/em><\/p>\n<p><em><span style=\"font-size: 18pt\">Para no esquilmar los robledales del Cant\u00e1brico, en 1563 se orden\u00f3 realizar plantaciones en una franja costera de dos leguas de anchura. Cuando durante el siglo XVI comenzaron a construirse naves de gran tama\u00f1o, como los galeones, se pas\u00f3 de la construcci\u00f3n bajo cubierta al aire libre.<\/span><\/em><\/p>\n<p><em><span style=\"font-size: 18pt\">Los astilleros se formaban con gradas cimentadas sobre arenales con pilotes de madera sobre la que se instalaba una plataforma de madera, adecuada para botar el barco. Sobre esta grada se preparaba en primer lugar la quilla, rematada en curva hacia la proa y la popa. Despu\u00e9s se montaban las v\u00e9rtebras del barco, clavando al final las tablas que cierran el casco. Se impermeabilizaban las juntas con brea y estopa, quedando la colocaci\u00f3n de los palos, castillos y carpinter\u00eda interior con el barco botado.<\/span><\/em><\/p>\n<p><em><span style=\"font-size: 18pt\">Los puertos importantes tambi\u00e9n contaban con gr\u00faas de pluma accionada por hombres en unarueda de gran di\u00e1metro.<\/span><\/em><\/p>\n<p><em><span style=\"font-size: 18pt\">Los carpinteros de ribera ten\u00edan tambi\u00e9n a su cargo las reparaciones de las maderas da\u00f1adas, lo que se realizaba acostando el barco sobre el arenal primero de un lado y luego de otro.<\/span><\/em><\/p>\n<p><em><span style=\"font-size: 18pt\">\/www.infomadera.net<\/span><\/em><\/p>\n<p><a href=\"https:\/\/i0.wp.com\/redmeda.com\/wp-content\/uploads\/luanco_expo_carpinteria.jpg\"><img loading=\"lazy\" decoding=\"async\" class=\"alignnone \" src=\"https:\/\/i0.wp.com\/redmeda.com\/wp-content\/uploads\/luanco_expo_carpinteria.jpg\" width=\"593\" height=\"901\" \/><\/a><\/p>\n<p><img loading=\"lazy\" decoding=\"async\" class=\" aligncenter\" src=\"https:\/\/encrypted-tbn0.gstatic.com\/images?q=tbn:ANd9GcTR28kVyfgd3qwCkn2ICP6JNBpKea-RZS3fF5sLEuFyAkmWuml3Qyn-alg-FidZmJD8Ug&amp;usqp=CAU\" width=\"347\" height=\"37\" \/><\/p>\n<p>ANEXO: <strong><span style=\"color: #008080\">Astilleros a la mar. reportaje de Asturias Semanal<\/span><\/strong> sobre la construcci\u00f3n naval actual en Asturias<br \/>\ny los dos astilleros importantes del Occidente Asturiano: Arm\u00f3n y God\u00e1n.\u00a0 <strong><span style=\"color: #008080\">Se pueden ver 5 min.<\/span><\/strong><\/p>\n<div class=\"_2Qk4AbDuWwkuLB005ds2jm QMubUjbS-BOly_BTHEZj7 allowTextSelection\">\n<div>\n<div class=\"rps_8a6c\">\n<div>\n<ul>\n<li><a href=\"https:\/\/www.rtpa.es\/video:Asturias%20semanal_551635634761.html\" target=\"_blank\" rel=\"noopener noreferrer\" data-auth=\"NotApplicable\" data-linkindex=\"0\">https:\/\/www.rtpa.es\/video:Asturias%20semanal_551635634761.html<\/a><\/li>\n<\/ul>\n<p><img loading=\"lazy\" decoding=\"async\" class=\" aligncenter\" src=\"https:\/\/encrypted-tbn0.gstatic.com\/images?q=tbn:ANd9GcTR28kVyfgd3qwCkn2ICP6JNBpKea-RZS3fF5sLEuFyAkmWuml3Qyn-alg-FidZmJD8Ug&amp;usqp=CAU\" width=\"347\" height=\"37\" \/><\/p>\n<p><a href=\"http:\/\/www.gondan.com\/wp-content\/uploads\/2020\/03\/Gondan-pos_g.jpg\"><img loading=\"lazy\" decoding=\"async\" class=\"alignnone\" src=\"http:\/\/www.gondan.com\/wp-content\/uploads\/2020\/03\/Gondan-pos_g.jpg\" alt=\"\" width=\"212\" height=\"98\" \/><\/a>\/<a href=\"https:\/\/www.puentedemando.com\/wp-content\/uploads\/2018\/09\/P1190913.jpg\"><img loading=\"lazy\" decoding=\"async\" class=\"alignnone\" src=\"https:\/\/www.puentedemando.com\/wp-content\/uploads\/2018\/09\/P1190913.jpg\" alt=\"\" width=\"284\" height=\"213\" \/><\/a><\/p>\n<p><a href=\"https:\/\/www.gondan.com\/wp-content\/uploads\/2021\/01\/PLANO-ASTILLERO-ESPA%C3%91OL-1.jpg\"><img loading=\"lazy\" decoding=\"async\" class=\"alignnone\" src=\"https:\/\/www.gondan.com\/wp-content\/uploads\/2021\/01\/PLANO-ASTILLERO-ESPA%C3%91OL-1.jpg\" alt=\"\" width=\"1170\" height=\"724\" \/><\/a><\/p>\n<ul>\n<li><a href=\"https:\/\/www.gondan.com\/es\/\"><strong>Astilleros Gond\u00e1n<\/strong>: web<\/a> \/ <a href=\"https:\/\/www.gondan.com\/wp-content\/uploads\/2018\/11\/Gondan_Catalogo-corporativo_ES.pdf\">cat\u00e1logo pdf<\/a> \/ <a href=\"https:\/\/www.gondan.com\/es\/contacto\/\">localizaci\u00f3n<\/a> \/ <a href=\"https:\/\/www.google.com\/search?q=gondan&amp;client=firefox-b-d&amp;sxsrf=AOaemvIVVRFNLi_nD8UmI5uEUrx6TW7EFA:1635681021454&amp;source=lnms&amp;tbm=isch&amp;sa=X&amp;ved=2ahUKEwi3jv_RyvTzAhWfAmMBHc3UCNEQ_AUoA3oECAEQBQ&amp;biw=1536&amp;bih=739&amp;dpr=1.25\">fotos<\/a> \/ <a href=\"https:\/\/www.gondan.com\/es\/historia\/\">Historia<\/a> \/ <a href=\"https:\/\/www.gondan.com\/es\/nuestros-barcos\/\"><strong>BARCOS<\/strong><\/a> \/<br \/>\n<em>Astillero<\/em> situado en Asturias con m\u00e1s de 90 a\u00f1os de experiencia en la construcci\u00f3n de barcos de diferentes caracter\u00edsticas.<\/li>\n<li><a href=\"https:\/\/www.astillerosarmon.com\/es\/\"><strong>Astillero Arm\u00f3n<\/strong>: web<\/a> \/ <a href=\"https:\/\/www.astillerosarmon.com\/es\/empresas-2\/astilleros-armon-s-a.html\">Navia<\/a> \/<strong> <a href=\"https:\/\/www.astillerosarmon.com\/es\/construcciones-es.html\">BARCOS<\/a><\/strong> \/<\/li>\n<li><strong>ARMON<\/strong> construye <strong>buques hasta 180 m<\/strong> de eslora: <strong>O<\/strong>ffshore, <strong>P<\/strong>esqueros, <strong>R<\/strong>emolcadores, <strong>E<\/strong>mbarcaciones <strong>R<\/strong>\u00e1pidas, <strong>D<\/strong>ragas, <strong>C<\/strong>argueros, <strong>O<\/strong>ceanogr\u00e1ficos y de <strong>I<\/strong>nvestigaci\u00f3n, <strong>F<\/strong>erries, <strong>Y<\/strong>ates, &#8230;\u00a0 Todos los buques <strong>ARMON<\/strong> a la medida exacta de las necesidades del cliente.<\/li>\n<\/ul>\n<p style=\"text-align: center\"><a href=\"https:\/\/www.astillerosarmon.com\/images\/empresas\/superiores\/navia-880x501.jpg\"><img loading=\"lazy\" decoding=\"async\" class=\"alignnone\" src=\"https:\/\/www.astillerosarmon.com\/images\/empresas\/superiores\/navia-880x501.jpg\" alt=\"\" width=\"880\" height=\"500\" \/><\/a><\/p>\n<p style=\"text-align: center\"><a href=\"https:\/\/www.astillerosarmon.com\/images\/productividad\/productividad.jpg\"><img loading=\"lazy\" decoding=\"async\" class=\"alignnone\" src=\"https:\/\/www.astillerosarmon.com\/images\/productividad\/productividad.jpg\" alt=\"\" width=\"880\" height=\"501\" \/><\/a><\/p>\n<p><a href=\"https:\/\/www.astillerosarmon.com\/images\/empresas\/superiores\/gijon-880x501.jpg\"><img loading=\"lazy\" decoding=\"async\" class=\"aligncenter\" src=\"https:\/\/www.astillerosarmon.com\/images\/empresas\/superiores\/gijon-880x501.jpg\" alt=\"\" width=\"880\" height=\"499\" \/><\/a><\/p>\n<div style=\"text-align: center\"><a href=\"https:\/\/estaticos-cdn.prensaiberica.es\/clip\/1f17b1ed-0aa5-4276-b6bf-0a87f3df7eb8_16-9-discover-aspect-ratio_default_0.jpg\"><img loading=\"lazy\" decoding=\"async\" class=\"alignnone\" src=\"https:\/\/estaticos-cdn.prensaiberica.es\/clip\/1f17b1ed-0aa5-4276-b6bf-0a87f3df7eb8_16-9-discover-aspect-ratio_default_0.jpg\" alt=\"\" width=\"1200\" height=\"675\" \/><\/a><\/div>\n<div dir=\"auto\"><\/div>\n<\/div>\n<\/div>\n<\/div>\n<\/div>\n<ul>\n<li><a href=\"https:\/\/www.abc.es\/summum\/motor\/abci-yate-rafa-nadal-premiado-402625011880-20210628141901_galeria.html#imagen10\">Catamar\u00e1n de Rafa Nadal:<\/a> <a href=\"https:\/\/www.abc.es\/summum\/motor\/abci-yate-rafa-nadal-premiado-402625011880-20210628141901_galeria.html#imagen10\">semeyes<\/a><\/li>\n<\/ul>\n<p style=\"text-align: center\"><a href=\"https:\/\/majorcadailybulletin.com\/sfAttachPlugin\/18463.jpg\"><img loading=\"lazy\" decoding=\"async\" class=\"alignnone\" src=\"https:\/\/majorcadailybulletin.com\/sfAttachPlugin\/18463.jpg\" alt=\"\" width=\"2000\" height=\"986\" \/><\/a><\/p>\n<p style=\"text-align: center\"><a href=\"https:\/\/majorcadailybulletin.com\/sfAttachPlugin\/18467.jpg\"><img loading=\"lazy\" decoding=\"async\" class=\"alignnone\" src=\"https:\/\/majorcadailybulletin.com\/sfAttachPlugin\/18467.jpg\" alt=\"\" width=\"2000\" height=\"1000\" \/><\/a><\/p>\n<p style=\"text-align: center\"><a href=\"https:\/\/majorcadailybulletin.com\/sfAttachPlugin\/18469.jpg\"><img loading=\"lazy\" decoding=\"async\" class=\"alignnone\" src=\"https:\/\/majorcadailybulletin.com\/sfAttachPlugin\/18469.jpg\" alt=\"\" width=\"1400\" height=\"840\" \/><\/a><\/p>\n<p>Cruceros de lujo&#8230; <a href=\"https:\/\/www.msccruceros.es\/es-es\/Homepage.aspx\"><strong>MSC Cruceros<\/strong><\/a><\/p>\n<p style=\"text-align: center\"><a href=\"https:\/\/viajoconvos.com.ar\/wp-content\/uploads\/2016\/11\/MSC-Magnifica.jpg\"><img loading=\"lazy\" decoding=\"async\" class=\"alignnone\" src=\"https:\/\/viajoconvos.com.ar\/wp-content\/uploads\/2016\/11\/MSC-Magnifica.jpg\" alt=\"\" width=\"1100\" height=\"690\" \/><\/a><\/p>\n<ul>\n<li class=\"article-title\"><a href=\"https:\/\/www.worldenergytrade.com\/logistica\/transporte\/el-buque-portacontenedores-ever-alp-de-24-000-teu-realiza-su-primer-viaje-por-el-canal-de-suez?fbclid=IwAR05uC-oPjJcrwkNeOMA3OFd6v5bvsQUpwC1ythdHJs20sAfVan32uDYc8M\">El buque portacontenedores Ever Alp de 24.000 TEU realiza su primer viaje por el Canal de Suez<\/a><\/li>\n<\/ul>\n<p><iframe loading=\"lazy\" title=\"BUQUE EVER ALP realiza primer viaje por el canal de Suez ##Logistics #largestcontainership\" width=\"676\" height=\"380\" src=\"https:\/\/www.youtube.com\/embed\/3H3KhO16klU?feature=oembed\" frameborder=\"0\" allow=\"accelerometer; autoplay; clipboard-write; encrypted-media; gyroscope; picture-in-picture\" allowfullscreen><\/iframe><\/p>\n<p><strong>Este buque de 400 metros de eslora y 61,5 metros de manga, con un tonelaje neto de 221.000 toneladas<\/strong>, es el cuarto de la serie de seis buques que se est\u00e1n construyendo para la naviera taiwanesa Evergreen Marine en el astillero surcoreano Samsung Heavy Industries (SHI). Otros seis portacontenedores se est\u00e1n construyendo en China.<\/p>\n<p><strong>El Ever Alp es el buque gemelo del mayor portacontenedores del mundo, el Ever Ace, <\/strong>que cruz\u00f3 el Canal de Suez por primera vez el 28 de agosto de 2021, apenas dos semanas despu\u00e9s de que el portacontenedores Ever Given de Evergreen transitara por la v\u00eda navegable por primera vez tras encallar en marzo de 2021.<\/p>\n","protected":false},"excerpt":{"rendered":"<p>La Madera en Asturias Oficio: carpintero de Ribera Carpinter\u00eda: conjunto de actividades que se realizan con la madera para utilizarla con fines constructivos. Bosque de ribera:\u00a0 bosques que se forman a ambas orillas de los r\u00edos. Est\u00e1n formados por chopos, \u00e1lamos, alisos y sauces. Carpintero de ribera Texto para trabajar en el aula (castellano y [&hellip;]<\/p>\n","protected":false},"author":117,"featured_media":0,"parent":1437,"menu_order":0,"comment_status":"closed","ping_status":"closed","template":"","meta":{"footnotes":""},"class_list":["post-1574","page","type-page","status-publish","hentry","post-preview"],"_links":{"self":[{"href":"https:\/\/edublog.educastur.es\/corredoria3\/wp-json\/wp\/v2\/pages\/1574","targetHints":{"allow":["GET"]}}],"collection":[{"href":"https:\/\/edublog.educastur.es\/corredoria3\/wp-json\/wp\/v2\/pages"}],"about":[{"href":"https:\/\/edublog.educastur.es\/corredoria3\/wp-json\/wp\/v2\/types\/page"}],"author":[{"embeddable":true,"href":"https:\/\/edublog.educastur.es\/corredoria3\/wp-json\/wp\/v2\/users\/117"}],"replies":[{"embeddable":true,"href":"https:\/\/edublog.educastur.es\/corredoria3\/wp-json\/wp\/v2\/comments?post=1574"}],"version-history":[{"count":20,"href":"https:\/\/edublog.educastur.es\/corredoria3\/wp-json\/wp\/v2\/pages\/1574\/revisions"}],"predecessor-version":[{"id":5156,"href":"https:\/\/edublog.educastur.es\/corredoria3\/wp-json\/wp\/v2\/pages\/1574\/revisions\/5156"}],"up":[{"embeddable":true,"href":"https:\/\/edublog.educastur.es\/corredoria3\/wp-json\/wp\/v2\/pages\/1437"}],"wp:attachment":[{"href":"https:\/\/edublog.educastur.es\/corredoria3\/wp-json\/wp\/v2\/media?parent=1574"}],"curies":[{"name":"wp","href":"https:\/\/api.w.org\/{rel}","templated":true}]}}