{"id":1666,"date":"2020-10-12T17:46:57","date_gmt":"2020-10-12T15:46:57","guid":{"rendered":"https:\/\/edublog.educastur.es\/corredoria3\/?page_id=1666"},"modified":"2020-11-09T20:10:35","modified_gmt":"2020-11-09T18:10:35","slug":"sesion-02","status":"publish","type":"page","link":"https:\/\/edublog.educastur.es\/corredoria3\/3o-pri\/cultura-asturiana\/primer-trimestre\/sesion-02\/","title":{"rendered":"Sesi\u00f3n 02"},"content":{"rendered":"<p><span style=\"font-size: 24pt\"><strong><span style=\"color: #008080\">Seronda II \/ Oto\u00f1o \/ Bosques\/Viesca<\/span><\/strong><\/span><\/p>\n<ul>\n<li><a href=\"https:\/\/educastur-my.sharepoint.com\/:b:\/g\/personal\/isabellh_educastur_org\/EZcvb2EsJg1CrGYj91La_rMBIgotz30JIa6hpqoGLLV62Q?e=SvX0dv\"><em><span style=\"font-size: 18pt\">Documento para visualizar<\/span><\/em><\/a><\/li>\n<li><em><span style=\"font-size: 18pt\">P\u00e1x. 1-2\u00a0 Cuentu: Un pas\u00e9u pela viesca<\/span><\/em><\/li>\n<li><em><span style=\"font-size: 18pt\">P\u00e1x. 3\u00a0 Repasamos \u00e1rboles n\u00b4asturianu<\/span><\/em><\/li>\n<li><em><span style=\"font-size: 18pt\">P\u00e1x. 5) Lectura: El T\u00edu Tan\u00f3n y la t\u00eda Tana<\/span><\/em><\/li>\n<li><em><span style=\"font-size: 18pt\">P\u00e1x 10) Lectura Tan\u00edn<\/span><\/em><\/li>\n<li><em><span style=\"font-size: 18pt\">P\u00e1x 13) Historia: Viesca<\/span><\/em><\/li>\n<li><em><span style=\"font-size: 18pt\">P\u00e1x 16) Cuando Zurro&#8230;<\/span><\/em><\/li>\n<li><em><span style=\"font-size: 18pt\">P\u00e1x 17-18) Cuadernu de campu<\/span><\/em>\n<ul>\n<li>P\u00f3ster: <a href=\"http:\/\/movil.asturias.es\/Asturias\/descargas\/PDF_TEMAS\/Agricultura\/Politica%20Forestal\/poster_bosque_mixto.pdf\"><em><span style=\"font-size: 14pt\"><strong>Bosque mixto en Asturias<\/strong><\/span><\/em><\/a><\/li>\n<\/ul>\n<\/li>\n<\/ul>\n<hr \/>\n<ul>\n<li>\n<h1><a href=\"https:\/\/www.elcomercio.es\/rutas-senderismo-por-asturias\/bosques-bellos-impresionantes-asturias-para-perderte-otono-20191129121128-nt.html?ref=https:%2F%2Fwww.google.com%2F\"><span style=\"font-size: 18pt\">Los bosques m\u00e1s bellos de Asturias en los que perderte este oto\u00f1o<\/span><\/a><\/h1>\n<\/li>\n<\/ul>\n<p><a href=\"https:\/\/live.staticflickr.com\/8466\/8147246763_07d1ef6668_z.jpg\"><img loading=\"lazy\" decoding=\"async\" class=\"alignnone \" src=\"https:\/\/live.staticflickr.com\/8466\/8147246763_07d1ef6668_z.jpg\" width=\"838\" height=\"602\" \/><\/a><\/p>\n<p><a href=\"https:\/\/viajes.nationalgeographic.com.es\/medio\/2019\/09\/12\/istock-1058872972_47fe993a_1245x842.jpg\"><img loading=\"lazy\" decoding=\"async\" class=\"alignnone \" src=\"https:\/\/viajes.nationalgeographic.com.es\/medio\/2019\/09\/12\/istock-1058872972_47fe993a_1245x842.jpg\" width=\"846\" height=\"572\" \/><\/a><\/p>\n<h1 class=\"sc_layouts_title_caption\"><a href=\"https:\/\/www.desdeasturias.com\/los-bosques-de-asturias\/\">Los bosques de Asturias<\/a><\/h1>\n<p><a href=\"https:\/\/www.turismoasturias.es\/documents\/11022\/860048\/Rio.jpg\/2cf7a52c-0e57-4014-bc22-117dd2fc4ed7?t=1444983804763\"><img loading=\"lazy\" decoding=\"async\" class=\"alignnone \" src=\"https:\/\/www.turismoasturias.es\/documents\/11022\/860048\/Rio.jpg\/2cf7a52c-0e57-4014-bc22-117dd2fc4ed7?t=1444983804763\" width=\"844\" height=\"433\" \/><\/a><\/p>\n<p><a href=\"https:\/\/i.pinimg.com\/originals\/95\/8e\/08\/958e085e1210c807095a8db6e4ab7ff0.jpg\"><img loading=\"lazy\" decoding=\"async\" class=\"alignnone \" src=\"https:\/\/i.pinimg.com\/originals\/95\/8e\/08\/958e085e1210c807095a8db6e4ab7ff0.jpg\" width=\"839\" height=\"559\" \/><\/a><br \/>\n<a href=\"https:\/\/verne.elpais.com\/verne\/2018\/09\/13\/articulo\/1536844947_401655.html\">Muniellos<\/a><\/p>\n<p><a href=\"https:\/\/www.turismoasturias.es\/documents\/11022\/2653377\/Andorvio_o_Andorviu_Camino_ala_Vega_de_Bra%C3%B1agallones_Caso.jpg\/134d4467-49f6-4186-a073-471c87f625d6?t=1507199284402\"><img loading=\"lazy\" decoding=\"async\" class=\"alignnone \" src=\"https:\/\/www.turismoasturias.es\/documents\/11022\/2653377\/Andorvio_o_Andorviu_Camino_ala_Vega_de_Bra%C3%B1agallones_Caso.jpg\/134d4467-49f6-4186-a073-471c87f625d6?t=1507199284402\" width=\"843\" height=\"448\" \/><\/a><\/p>\n<div class=\"contenido\">\n<p><span style=\"font-size: 18pt\">A continuaci\u00f3n os proponemos visitar <b>seis de los bosques m\u00e1s populares de Asturias<\/b>. En desdeasturias.com nos ponemos como reto ir completando poco a poco esta secci\u00f3n, a\u00f1adiendo m\u00e1s bosques representativos de nuestra comunidad.<\/span><\/p>\n<h3><span style=\"font-size: 18pt;color: #008080\">Bosque de Muniellos<\/span><\/h3>\n<p><span style=\"font-size: 18pt\">Es la masa forestal m\u00e1s extensa de Asturias, el mayor robledal de Espa\u00f1a con m\u00e1s de 5.000 hect\u00e1reas, y uno de los bosques atl\u00e1nticos mejor conservados de toda Europa. En el a\u00f1o 2000 fue declarado Reserva de la Biosfera por la UNESCO y actualmente es el espacio natural m\u00e1s protegido de todo el Principado. <a href=\"https:\/\/www.desdeasturias.com\/el-bosque-de-muniellos\/\" target=\"_top\" rel=\"nofollow noopener noreferrer\"><b><u>\u00abBosque de Muniellos\u00bb<\/u><\/b><\/a><\/span><\/p>\n<h3><span style=\"font-size: 18pt;color: #008080\">Parque de Redes<\/span><\/h3>\n<p><span style=\"font-size: 18pt\">Se le ha otorgado el t\u00edtulo de Reserva Natural, tambi\u00e9n el de Reserva de la Biosfera, y es que sus impresionantes arboledas, su naturaleza virgen, y la inapreciable manipulaci\u00f3n del medio por los hombres y mujeres que lo habitan, bien merece un galard\u00f3n as\u00ed. Su superficie es de 376,2 Km2. <a href=\"https:\/\/www.desdeasturias.com\/parque-natural-de-redes\/\" target=\"_top\" rel=\"nofollow noopener noreferrer\"><b><u>El \u00abParque de Redes\u00bb<\/u><\/b><\/a><\/span><\/p>\n<h3><span style=\"font-size: 18pt;color: #008080\">Hayedo de Pelo\u00f1o<\/span><\/h3>\n<p><span style=\"font-size: 18pt\">Las 200.000 hayas del bosque de Pelo\u00f1o, en el municipio de Ponga, se visten a la moda, de verde intenso durante la primavera y de un sobrio color pardo en la temporada oto\u00f1o-invierno. Sus 15 kil\u00f3metros cuadrados de vestimenta est\u00e1n protegidos (Reserva Natural Parcial) y lo convierten en un espacio \u00fanico en Espa\u00f1a, un enorme parasol que contiene la humedad atmosf\u00e9rica como en pocos lugares. <a href=\"https:\/\/www.desdeasturias.com\/el-hayedo-del-monte-pelono\/\" target=\"_top\" rel=\"nofollow noopener noreferrer\"><b><u>El \u00abHayedo de Pelo\u00f1o\u00bb<\/u><\/b><\/a><\/span><\/p>\n<h3><span style=\"font-size: 18pt;color: #008080\">Bosque de Pome<\/span><\/h3>\n<p><span style=\"font-size: 18pt\">Es el mayor hayedo del macizo occidental de los Picos de Europa, e internarse en \u00e9l supone una experiencia exclusiva: densidad forestal, ramas, copas, hojarasca, fauna, silencio. El bosque es espeso, alto, musgoso, con espigados acebos y \u00e1rboles ca\u00eddos y a\u00f1osos. En su interior se observan claros abiertos por antiguos aprovechamientos forestales que nos permiten parcelarlo, diversificarlo y posicionarnos en medio del laberinto. <a href=\"https:\/\/www.desdeasturias.com\/el-bosque-de-pome\/\" target=\"_top\" rel=\"nofollow noopener noreferrer\"><b><u>El \u00abBosque de Pome\u00bb<\/u><\/b><\/a><\/span><\/p>\n<h3><span style=\"font-size: 18pt;color: #008080\">Bosque de Cea<\/span><\/h3>\n<p><span style=\"font-size: 18pt\">El Bosque de Cea es una masa arb\u00f3rea de incre\u00edble valor, un capricho de la naturaleza al alcance de cualquiera. Llegamos a sus dominios tras una ruta corta y de gran vistosidad en todos sus tramos. Se encuentra en el concejo de Parres, en las inmediaciones de la monta\u00f1a\u00a0<strong>Mota Cet\u00edn<\/strong>, y en el entorno de la Sierra del Sueve. <a href=\"https:\/\/www.desdeasturias.com\/el-bosque-de-cea\/\" target=\"_top\" rel=\"nofollow noopener noreferrer\"><b><u>El \u00abBosque de Cea\u00bb<\/u><\/b><\/a><\/span><\/p>\n<h3><span style=\"font-size: 18pt;color: #008080\">La sauceda de Buelles<\/span><\/h3>\n<p><span style=\"font-size: 18pt\">A orillas del r\u00edo Deva, entre las poblaciones de El Mazo y Buelles, en el concejo de Pe\u00f1amellera Baja, muy cerca ya del l\u00edmite oriental con Cantabria, encontramos una de las vegas fluviales m\u00e1s bellas de Asturias. Declarada Monumento Natural, la sauceda de Buelles es una jungla cercana, una lugar tupido y agreste que permite el paso en su interior a trav\u00e9s de un camino ribere\u00f1o. <a href=\"https:\/\/www.desdeasturias.com\/la-sauceda-de-buelles\/\" target=\"_top\" rel=\"nofollow noopener noreferrer\"><b><u>La Sauceda de Buelles<\/u><\/b><\/a><\/span><\/p>\n<h3><span style=\"font-size: 18pt;color: #008080\">Jard\u00edn Bot\u00e1nico Atl\u00e1ntico y la Carbayera del Tragam\u00f3n<\/span><\/h3>\n<p><span style=\"font-size: 18pt\">Es un espacio vivo, recreado pero natural a m\u00e1s no poder, que ocupa 15 hect\u00e1reas de terreno perfectamente dise\u00f1adas y se convierte en un gran expositor, un microcosmos verde y florido en el que crecen m\u00e1s de 15.000 plantas y \u00e1rboles, especies vegetales de ambos lados del Atl\u00e1ntico, incluyendo un bosque aut\u00f3ctono: la Carbayera de Tragam\u00f3n. <a href=\"https:\/\/www.desdeasturias.com\/jardin-botanico-de-gijon\/\" target=\"_top\" rel=\"nofollow noopener noreferrer\"><b><u>El \u00abJard\u00edn Bot\u00e1nico Atl\u00e1ntico y la Carbayera del Tragam\u00f3n\u00bb<\/u><\/b><\/a><\/span><\/p>\n<p><span style=\"font-size: 18pt\">Tambi\u00e9n os animamos a conocer uno de los \u00e1rboles m\u00e1s longevos de nuestra geograf\u00eda: <b> el Tejo<\/b>, un \u00e1rbol milenario.<\/span><\/p>\n<\/div>\n<p><span class=\"autoria\" style=\"font-size: 14pt;color: #808080\"><strong>Texto: \u00a9 Ram\u00f3n Molleda para desdeasturias.com<\/strong><\/span><\/p>\n<p>&nbsp;<\/p>\n","protected":false},"excerpt":{"rendered":"<p>Seronda II \/ Oto\u00f1o \/ Bosques\/Viesca Documento para visualizar P\u00e1x. 1-2\u00a0 Cuentu: Un pas\u00e9u pela viesca P\u00e1x. 3\u00a0 Repasamos \u00e1rboles n\u00b4asturianu P\u00e1x. 5) Lectura: El T\u00edu Tan\u00f3n y la t\u00eda Tana P\u00e1x 10) Lectura Tan\u00edn P\u00e1x 13) Historia: Viesca P\u00e1x 16) Cuando Zurro&#8230; P\u00e1x 17-18) Cuadernu de campu P\u00f3ster: Bosque mixto en Asturias Los bosques [&hellip;]<\/p>\n","protected":false},"author":117,"featured_media":0,"parent":1435,"menu_order":0,"comment_status":"closed","ping_status":"closed","template":"","meta":{"footnotes":""},"class_list":["post-1666","page","type-page","status-publish","hentry","post-preview"],"_links":{"self":[{"href":"https:\/\/edublog.educastur.es\/corredoria3\/wp-json\/wp\/v2\/pages\/1666","targetHints":{"allow":["GET"]}}],"collection":[{"href":"https:\/\/edublog.educastur.es\/corredoria3\/wp-json\/wp\/v2\/pages"}],"about":[{"href":"https:\/\/edublog.educastur.es\/corredoria3\/wp-json\/wp\/v2\/types\/page"}],"author":[{"embeddable":true,"href":"https:\/\/edublog.educastur.es\/corredoria3\/wp-json\/wp\/v2\/users\/117"}],"replies":[{"embeddable":true,"href":"https:\/\/edublog.educastur.es\/corredoria3\/wp-json\/wp\/v2\/comments?post=1666"}],"version-history":[{"count":12,"href":"https:\/\/edublog.educastur.es\/corredoria3\/wp-json\/wp\/v2\/pages\/1666\/revisions"}],"predecessor-version":[{"id":1892,"href":"https:\/\/edublog.educastur.es\/corredoria3\/wp-json\/wp\/v2\/pages\/1666\/revisions\/1892"}],"up":[{"embeddable":true,"href":"https:\/\/edublog.educastur.es\/corredoria3\/wp-json\/wp\/v2\/pages\/1435"}],"wp:attachment":[{"href":"https:\/\/edublog.educastur.es\/corredoria3\/wp-json\/wp\/v2\/media?parent=1666"}],"curies":[{"name":"wp","href":"https:\/\/api.w.org\/{rel}","templated":true}]}}