{"id":1673,"date":"2020-10-12T18:44:22","date_gmt":"2020-10-12T16:44:22","guid":{"rendered":"https:\/\/edublog.educastur.es\/corredoria3\/?page_id=1673"},"modified":"2021-02-28T17:02:00","modified_gmt":"2021-02-28T15:02:00","slug":"sesion-03","status":"publish","type":"page","link":"https:\/\/edublog.educastur.es\/corredoria3\/3o-pri\/cultura-asturiana\/primer-trimestre\/sesion-03\/","title":{"rendered":"Sesi\u00f3n 03"},"content":{"rendered":"<p><span style=\"color: #008080\"><span style=\"font-size: 18pt\"><em>Elementos del paisaje: COSTA \/ <\/em><\/span><em><span style=\"font-size: 18pt\">Puertos de Asturias<\/span> <\/em><\/span><\/p>\n<ul>\n<li><a href=\"https:\/\/educastur-my.sharepoint.com\/:f:\/g\/personal\/isabellh_educastur_org\/EpmHUBvw40BBkxM-tYHxCFsBsb0rizhUV5MBJ2vve27a9A?e=crBWFc\"><em><strong><span style=\"font-size: 18pt\">Tr\u00e9bole 3: LA MAR SALADA<\/span><\/strong><\/em><\/a><\/li>\n<li><a href=\"https:\/\/educastur-my.sharepoint.com\/:b:\/g\/personal\/isabellh_educastur_org\/Ef7RLne_w01OlSJ2zG8wIK8BR-OVE-fhnXJRobwc9Y49bA?e=Rj9b2P\"><strong><em><span style=\"font-size: 18pt\">Actividad de aula<\/span><\/em><\/strong><\/a><\/li>\n<\/ul>\n<p><a href=\"https:\/\/3.bp.blogspot.com\/-1AtUSOUHPhA\/WjAfw52EcEI\/AAAAAAAADNM\/beLSYptgcYonLyfke2TY56LnSohwuHuNgCLcBGAs\/s1600\/001%2BCastropol%2BM.jpg\"><img loading=\"lazy\" decoding=\"async\" class=\"alignnone \" src=\"https:\/\/3.bp.blogspot.com\/-1AtUSOUHPhA\/WjAfw52EcEI\/AAAAAAAADNM\/beLSYptgcYonLyfke2TY56LnSohwuHuNgCLcBGAs\/s1600\/001%2BCastropol%2BM.jpg\" width=\"1021\" height=\"438\" \/><\/a><\/p>\n<ul>\n<li><a href=\"https:\/\/educastur-my.sharepoint.com\/:b:\/g\/personal\/isabellh_educastur_org\/Ef7RLne_w01OlSJ2zG8wIK8BR-OVE-fhnXJRobwc9Y49bA?e=mJKKOd\"><span style=\"color: #800000\"><em><span style=\"font-size: 18pt\">Actividad aula<\/span><\/em><\/span><\/a><\/li>\n<\/ul>\n<p><span style=\"color: #008080;font-size: 18pt\"><em><strong>Intro:<\/strong><\/em><\/span><\/p>\n<p><a href=\"https:\/\/www.mapade.org\/wp-content\/uploads\/mapa-geografico-de-asturias.jpg\"><img loading=\"lazy\" decoding=\"async\" class=\"alignnone \" src=\"https:\/\/www.mapade.org\/wp-content\/uploads\/mapa-geografico-de-asturias.jpg\" width=\"1435\" height=\"678\" \/><\/a><\/p>\n<p><strong><em>De izda a dcha = Veiga (Puerto de Vega)\u00a0 \/ Lluarca\u00a0 (Luarca) \/ Cuideiru (Cudillero) \/ Ribeseya (Ribadesella) y Llanes<\/em><\/strong><\/p>\n<ul>\n<li><strong><span style=\"font-size: 18pt\"><em><a href=\"http:\/\/elbuscondelvino.blogspot.com\/2017\/12\/puertos-del-cantabrico-en-asturias.html\">Puertos de Asturias<\/a><br \/>\n<\/em><\/span><\/strong><\/li>\n<\/ul>\n<p><a href=\"https:\/\/4.bp.blogspot.com\/-1ud_3krugX8\/WjAYYEkHrSI\/AAAAAAAADNI\/vlkK7q7XRpQkCYVIV8kKdnNh7SUzj06_gCLcBGAs\/s1600\/MAPA%2Bpuertos%2Basturias.jpg\"><img loading=\"lazy\" decoding=\"async\" class=\"alignnone \" src=\"https:\/\/4.bp.blogspot.com\/-1ud_3krugX8\/WjAYYEkHrSI\/AAAAAAAADNI\/vlkK7q7XRpQkCYVIV8kKdnNh7SUzj06_gCLcBGAs\/s1600\/MAPA%2Bpuertos%2Basturias.jpg\" width=\"1044\" height=\"448\" \/><\/a><\/p>\n<ul>\n<li><span style=\"color: #008080\"><strong><em><span style=\"font-size: 18pt\">Puertos Comerciales en Asturias<\/span><\/em><\/strong><\/span><\/li>\n<li><a href=\"https:\/\/www.puertogijon.es\/\"><em><span style=\"font-size: 18pt\">El Musel en Gij\u00f3n<\/span><\/em><\/a><\/li>\n<\/ul>\n<p><a href=\"https:\/\/www.puertogijon.es\/wp-content\/uploads\/2019\/05\/04-ABRIL-01-02.jpg\"><img loading=\"lazy\" decoding=\"async\" class=\"alignnone size-full\" src=\"https:\/\/www.puertogijon.es\/wp-content\/uploads\/2019\/05\/04-ABRIL-01-02.jpg\" width=\"1903\" height=\"504\" \/><\/a><\/p>\n<p><span style=\"color: #808080;font-size: 14pt\"><em>Foto: Cargueros de Mercanc\u00eda en un puerto Comercial<\/em><\/span><\/p>\n<p><a href=\"https:\/\/noticiaslogisticaytransporte.com\/wp-content\/uploads\/2019\/02\/Puerto-de-Gij%C3%B3n-destinar%C3%A1-cuatro-millones-de-euros-pavimentar-dos-muelles.jpg\"><img loading=\"lazy\" decoding=\"async\" class=\"alignnone size-full\" src=\"https:\/\/noticiaslogisticaytransporte.com\/wp-content\/uploads\/2019\/02\/Puerto-de-Gij%C3%B3n-destinar%C3%A1-cuatro-millones-de-euros-pavimentar-dos-muelles.jpg\" width=\"600\" height=\"400\" \/><\/a><\/p>\n<ul>\n<li><a href=\"https:\/\/www.puertoaviles.es\/es\/puerto\/localizacion.asp\"><em><span style=\"font-size: 18pt\">Puerto de Avil\u00e9s<\/span><\/em><\/a><\/li>\n<\/ul>\n<p><a href=\"https:\/\/www.puertoaviles.es\/upload\/web\/parrafos\/00796\/fotos\/Muelles_margen_derecha1986.JPG\"><img loading=\"lazy\" decoding=\"async\" class=\"alignnone size-full\" src=\"https:\/\/www.puertoaviles.es\/upload\/web\/parrafos\/00796\/fotos\/Muelles_margen_derecha1986.JPG\" width=\"600\" height=\"400\" \/><\/a><\/p>\n<ul>\n<li><strong><span style=\"font-size: 18pt\"><em><span style=\"color: #008080\">Lonja: <sup id=\"cite_ref-1\" class=\"reference separada\"><\/sup><\/span>es un lugar de reuni\u00f3n de los comerciantes.<\/em><\/span><\/strong><\/li>\n<\/ul>\n<p><a href=\"https:\/\/static.elcomercio.es\/www\/multimedia\/201912\/30\/media\/cortadas\/51505022--624x415.JPG\"><img loading=\"lazy\" decoding=\"async\" class=\"alignnone \" src=\"https:\/\/static.elcomercio.es\/www\/multimedia\/201912\/30\/media\/cortadas\/51505022--624x415.JPG\" width=\"289\" height=\"192\" \/><\/a> \/<a href=\"https:\/\/es.i-nova.net\/documents\/27182\/6230600\/20160701_LonjadeLlanes_05.jpg\/e1d75731-a519-4a40-9359-a666a9b93ba3?t=1468417669000\"><img loading=\"lazy\" decoding=\"async\" class=\"alignnone \" src=\"https:\/\/es.i-nova.net\/documents\/27182\/6230600\/20160701_LonjadeLlanes_05.jpg\/e1d75731-a519-4a40-9359-a666a9b93ba3?t=1468417669000\" width=\"325\" height=\"195\" \/><\/a><\/p>\n<ul>\n<li><a href=\"https:\/\/www.youtube.com\/watch?v=BUvFnVL-25s\">Ver video: reportaje lonja de Avil\u00e9s<\/a><\/li>\n<\/ul>\n\n<!-- iframe plugin v.6.0 wordpress.org\/plugins\/iframe\/ -->\n<iframe loading=\"lazy\" width=\"588\" height=\"331\" src=\"https:\/\/www.youtube.com\/embed\/BUvFnVL-25s\" scrolling=\"yes\" class=\"iframe-class\" frameborder=\"0\"><\/iframe>\n\n<hr \/>\n<p><a href=\"http:\/\/edublog.educastur.es\/corredoria3\/files\/2020\/10\/FARO.jpg\"><img loading=\"lazy\" decoding=\"async\" class=\"aligncenter size-full wp-image-1969\" src=\"http:\/\/edublog.educastur.es\/corredoria3\/files\/2020\/10\/FARO.jpg\" alt=\"\" width=\"1920\" height=\"1080\" srcset=\"https:\/\/edublog.educastur.es\/corredoria3\/files\/2020\/10\/FARO.jpg 1920w, https:\/\/edublog.educastur.es\/corredoria3\/files\/2020\/10\/FARO-600x338.jpg 600w, https:\/\/edublog.educastur.es\/corredoria3\/files\/2020\/10\/FARO-1024x576.jpg 1024w, https:\/\/edublog.educastur.es\/corredoria3\/files\/2020\/10\/FARO-300x169.jpg 300w, https:\/\/edublog.educastur.es\/corredoria3\/files\/2020\/10\/FARO-768x432.jpg 768w, https:\/\/edublog.educastur.es\/corredoria3\/files\/2020\/10\/FARO-1536x864.jpg 1536w, https:\/\/edublog.educastur.es\/corredoria3\/files\/2020\/10\/FARO-676x380.jpg 676w\" sizes=\"auto, (max-width: 1920px) 100vw, 1920px\" \/><\/a><\/p>\n<ul>\n<li><strong><span style=\"font-size: 18pt\"><em><span style=\"color: #008080\">Faro:<\/span><span style=\"color: #808080\"> U<span style=\"font-size: 14pt\">n <b>faro<\/b> es una torre de se\u00f1alizaci\u00f3n luminosa situada en el litoral mar\u00edtimo o tierra firme, como referencia y aviso costero o a\u00e9reo para <a style=\"color: #808080\" title=\"Navegaci\u00f3n\" href=\"https:\/\/es.wikipedia.org\/wiki\/Navegaci%C3%B3n\">navegantes<\/a>.<sup id=\"cite_ref-1\" class=\"reference separada\"><a style=\"color: #808080\" href=\"https:\/\/es.wikipedia.org\/wiki\/Faro#cite_note-1\">1<\/a><\/sup>\u200b Est\u00e1n coronados por una o dos <a style=\"color: #808080\" title=\"L\u00e1mpara\" href=\"https:\/\/es.wikipedia.org\/wiki\/L%C3%A1mpara\">l\u00e1mpara<\/a>s potentes que sirven como gu\u00eda y en los a\u00e9reos rumbo . El t\u00e9rmino espa\u00f1ol proviene del <a style=\"color: #808080\" title=\"Griego antiguo\" href=\"https:\/\/es.wikipedia.org\/wiki\/Griego_antiguo\">griego antiguo<\/a> (<i>pharos<\/i>), haciendo referencia a la <a style=\"color: #808080\" title=\"Faro de Alejandr\u00eda\" href=\"https:\/\/es.wikipedia.org\/wiki\/Faro_de_Alejandr%C3%ADa\">torre de se\u00f1ales<\/a> de la <a style=\"color: #808080\" title=\"Isla de Faro\" href=\"https:\/\/es.wikipedia.org\/wiki\/Isla_de_Faro\">isla de Faro<\/a>, en Egipto. \/<a href=\"https:\/\/www.asturnatura.com\/lugares\/faros\/21.html\">Faros de Asturias<\/a>\/ <a href=\"https:\/\/www.turismoasturias.es\/costa\/ruta-faros\">Asturias: de faro en faro.<\/a> \/\/ <a href=\"http:\/\/www.farosdeasturias.es\/mapa-ruta-farera-asturias\/\">Ruta farera de Asturias.<\/a> \/ <a href=\"https:\/\/es.calameo.com\/read\/001021626e142ab0c0f48\">Ver en Calameo<\/a>\/<a href=\"https:\/\/www.google.com\/maps\/d\/viewer?mid=1MvE38n7-jbn5oStmecEcexw31T0&amp;ll=43.52759462399859%2C-5.740198194980621&amp;z=9\">VER!!<\/a><\/span><\/span><\/em><\/span><\/strong><\/li>\n<\/ul>\n<p><a href=\"https:\/\/www.puertogijon.es\/wp-content\/uploads\/2016\/12\/Faros.jpg\"><img loading=\"lazy\" decoding=\"async\" class=\"alignnone \" src=\"https:\/\/www.puertogijon.es\/wp-content\/uploads\/2016\/12\/Faros.jpg\" width=\"837\" height=\"430\" \/><\/a><\/p>\n<p><a href=\"https:\/\/www.asturiasverde.com\/banco-de-imagenes\/poblaciones\/gozon\/faro-san-juan-gozon-aviles-940px.jpg\"><img loading=\"lazy\" decoding=\"async\" class=\"alignnone size-full\" src=\"https:\/\/www.asturiasverde.com\/banco-de-imagenes\/poblaciones\/gozon\/faro-san-juan-gozon-aviles-940px.jpg\" width=\"930\" height=\"300\" \/><\/a><\/p>\n<p><a href=\"https:\/\/ysuspartes.com\/wp-content\/uploads\/2019\/10\/el-faro-y-sus-partes-min.jpg\"><img loading=\"lazy\" decoding=\"async\" class=\"alignnone \" src=\"https:\/\/ysuspartes.com\/wp-content\/uploads\/2019\/10\/el-faro-y-sus-partes-min.jpg\" width=\"348\" height=\"214\" \/><\/a>\/ \u00a0 <a href=\"https:\/\/upload.wikimedia.org\/wikipedia\/commons\/thumb\/3\/39\/%D0%90%D0%BB%D0%B5%D0%BA%D1%81%D0%B0%D0%BD%D0%B4%D1%80%D0%B8%D0%B9%D1%81%D0%BA%D0%B8%D0%B9_%D0%BC%D0%B0%D1%8F%D0%BA.jpg\/1280px-%D0%90%D0%BB%D0%B5%D0%BA%D1%81%D0%B0%D0%BD%D0%B4%D1%80%D0%B8%D0%B9%D1%81%D0%BA%D0%B8%D0%B9_%D0%BC%D0%B0%D1%8F%D0%BA.jpg\"><img loading=\"lazy\" decoding=\"async\" class=\"alignnone \" src=\"https:\/\/upload.wikimedia.org\/wikipedia\/commons\/thumb\/3\/39\/%D0%90%D0%BB%D0%B5%D0%BA%D1%81%D0%B0%D0%BD%D0%B4%D1%80%D0%B8%D0%B9%D1%81%D0%BA%D0%B8%D0%B9_%D0%BC%D0%B0%D1%8F%D0%BA.jpg\/1280px-%D0%90%D0%BB%D0%B5%D0%BA%D1%81%D0%B0%D0%BD%D0%B4%D1%80%D0%B8%D0%B9%D1%81%D0%BA%D0%B8%D0%B9_%D0%BC%D0%B0%D1%8F%D0%BA.jpg\" width=\"267\" height=\"207\" \/><\/a><\/p>\n<p><a href=\"https:\/\/images-na.ssl-images-amazon.com\/images\/I\/61Z8NyuyEzL._AC_SY679_.jpg\"><img loading=\"lazy\" decoding=\"async\" class=\"alignnone \" src=\"https:\/\/images-na.ssl-images-amazon.com\/images\/I\/61Z8NyuyEzL._AC_SY679_.jpg\" width=\"265\" height=\"398\" \/><\/a>\/<a href=\"https:\/\/p.calameoassets.com\/160526051423-04f114c963ec6d80a6ddd97c7fd197ec\/p1.jpg\"><img loading=\"lazy\" decoding=\"async\" class=\"alignnone \" src=\"https:\/\/p.calameoassets.com\/160526051423-04f114c963ec6d80a6ddd97c7fd197ec\/p1.jpg\" width=\"313\" height=\"405\" \/>\u00a0\u00a0<\/a><\/p>\n<p><a href=\"https:\/\/media.istockphoto.com\/photos\/lighthouse-in-stormy-landscape-leader-and-vision-concept-picture-id936647076?k=6&amp;m=936647076&amp;s=612x612&amp;w=0&amp;h=cma_o2wEqmipy3hFwEpMJ1SjkzuyxTRIPfOzqgCX-oM=\"><img loading=\"lazy\" decoding=\"async\" class=\"alignnone \" src=\"https:\/\/media.istockphoto.com\/photos\/lighthouse-in-stormy-landscape-leader-and-vision-concept-picture-id936647076?k=6&amp;m=936647076&amp;s=612x612&amp;w=0&amp;h=cma_o2wEqmipy3hFwEpMJ1SjkzuyxTRIPfOzqgCX-oM=\" width=\"654\" height=\"392\" \/><\/a><\/p>\n<hr \/>\n<ul>\n<li><span style=\"color: #008080\"><strong><span style=\"font-size: 18pt\"><em>Buf\u00f3n: <\/em><\/span><\/strong><\/span><span style=\"font-size: 14pt\"><strong><em>Un <\/em><\/strong><strong><em><b>bufadero<\/b> o <b>buf\u00f3n<\/b> es una <a title=\"Formaci\u00f3n geol\u00f3gica\" href=\"https:\/\/es.wikipedia.org\/wiki\/Formaci%C3%B3n_geol%C3%B3gica\">formaci\u00f3n geol\u00f3gica<\/a> de morfolog\u00eda litoral en acantilados de origen c\u00e1rstico o volc\u00e1nico. Se trata, b\u00e1sicamente, de una <a title=\"Chimenea\" href=\"https:\/\/es.wikipedia.org\/wiki\/Chimenea\">chimenea<\/a> natural abierta normalmente en un <a title=\"Acantilado\" href=\"https:\/\/es.wikipedia.org\/wiki\/Acantilado\">acantilado<\/a>, que est\u00e1 comunicado con <a title=\"Sima\" href=\"https:\/\/es.wikipedia.org\/wiki\/Sima\">simas<\/a> marinas. Cuando la mar est\u00e1 en <a class=\"mw-redirect\" title=\"Pleamar\" href=\"https:\/\/es.wikipedia.org\/wiki\/Pleamar\">pleamar<\/a>, el agua choca con fuerza contra los acantilados y sube a trav\u00e9s de estas chimeneas, saliendo despedida hacia arriba por el hueco a modo de <a title=\"G\u00e9iser\" href=\"https:\/\/es.wikipedia.org\/wiki\/G%C3%A9iser\">g\u00e9iser<\/a><\/em><\/strong><strong><em> y produciendo un sonido caracter\u00edstico. Cuando la marea sube y las olas baten con fuerza, expulsa hacia arriba un chorro de agua de mar pulverizada, lo que provoca un sonido caracter\u00edstico que es lo que le da el nombre de buf\u00f3n. La columna de agua pulverizada puede alcanzar m\u00e1s de 10 metros de altura y el bufido o\u00edrse a varios kil\u00f3metros. <a href=\"https:\/\/es.wikipedia.org\/wiki\/Bufones_de_Pr%C3%ADa\">Ver Bufones de Pr\u00eda<\/a><\/em><\/strong><\/span><span style=\"color: #008080\"><strong><span style=\"font-size: 18pt\"><em><br \/>\n<\/em><\/span><\/strong><\/span><\/li>\n<li><a href=\"https:\/\/www.youtube.com\/watch?v=kVeLq_aotbw\">Ver video<\/a><\/li>\n<\/ul>\n\n<!-- iframe plugin v.6.0 wordpress.org\/plugins\/iframe\/ -->\n<iframe loading=\"lazy\" width=\"588\" height=\"331\" src=\"https:\/\/www.youtube.com\/embed\/kVeLq_aotbw\" scrolling=\"yes\" class=\"iframe-class\" frameborder=\"0\"><\/iframe>\n\n<p><a href=\"https:\/\/cflvdg.avoz.es\/default\/2019\/03\/22\/00121553271166510169851\/Foto\/m.JPG\"><img loading=\"lazy\" decoding=\"async\" class=\"alignnone \" src=\"https:\/\/cflvdg.avoz.es\/default\/2019\/03\/22\/00121553271166510169851\/Foto\/m.JPG\" width=\"319\" height=\"180\" \/><\/a>\u00a0\/<a href=\"https:\/\/www.canonistas.com\/galerias\/data\/500\/MG_7861.jpg\"><img loading=\"lazy\" decoding=\"async\" class=\"alignnone \" src=\"https:\/\/www.canonistas.com\/galerias\/data\/500\/MG_7861.jpg\" width=\"253\" height=\"178\" \/><\/a><br \/>\n\/ <a href=\"https:\/\/porsolea.com\/wp-content\/uploads\/2015\/02\/bufones-pria-3.jpg\"><img loading=\"lazy\" decoding=\"async\" class=\"alignnone \" src=\"https:\/\/porsolea.com\/wp-content\/uploads\/2015\/02\/bufones-pria-3.jpg\" width=\"288\" height=\"203\" \/><\/a>\/ <a href=\"https:\/\/upload.wikimedia.org\/wikipedia\/commons\/thumb\/9\/95\/Blowhole1.svg\/1280px-Blowhole1.svg.png\"><img loading=\"lazy\" decoding=\"async\" class=\"alignnone \" src=\"https:\/\/upload.wikimedia.org\/wikipedia\/commons\/thumb\/9\/95\/Blowhole1.svg\/1280px-Blowhole1.svg.png\" width=\"277\" height=\"207\" \/><\/a><\/p>\n\n<!-- iframe plugin v.6.0 wordpress.org\/plugins\/iframe\/ -->\n<iframe loading=\"lazy\" width=\"588\" height=\"331\" src=\"https:\/\/www.youtube.com\/embed\/Y3zpmNcu39g\" scrolling=\"yes\" class=\"iframe-class\" frameborder=\"0\"><\/iframe>\n\n<p><a href=\"https:\/\/www.youtube.com\/watch?v=Y3zpmNcu39g&amp;feature=emb_logo\">Ver Bufones Playa Guadam\u00eda<\/a>\/\u00a0<a href=\"https:\/\/queverenasturias.es\/visitar\/los-bufones-llames-de-pria\/\"><span style=\"font-size: 18pt\"><em><strong> Ver<\/strong><\/em><\/span><\/a><\/p>\n<hr \/>\n<p><span style=\"color: #808080\"><em>Foto: Terminamos la sesi\u00f3n con esta bonita foo de Cudillero\/Cuideiru, uno de los Puertos Asturianos m\u00e1s bonitos&#8230;<\/em><\/span><\/p>\n<p><a href=\"https:\/\/cdn.businessinsider.es\/sites\/navi.axelspringer.es\/public\/media\/image\/2020\/06\/cudillero-asturias-1969319.jpg\"><img loading=\"lazy\" decoding=\"async\" class=\"alignnone size-full\" src=\"https:\/\/cdn.businessinsider.es\/sites\/navi.axelspringer.es\/public\/media\/image\/2020\/06\/cudillero-asturias-1969319.jpg\" width=\"2121\" height=\"1414\" \/><\/a><\/p>\n<p><span style=\"color: #808080\"><em><span style=\"font-size: 14pt\">Y con esta foto del Puerto deportivo de Gij\u00f3n<\/span><\/em><\/span><\/p>\n<p><a href=\"https:\/\/pbs.twimg.com\/media\/EkR9E78XYAEqpKX?format=jpg&amp;name=large\"><img loading=\"lazy\" decoding=\"async\" class=\"alignnone size-full\" src=\"https:\/\/pbs.twimg.com\/media\/EkR9E78XYAEqpKX?format=jpg&amp;name=large\" width=\"2048\" height=\"1174\" \/><\/a><\/p>\n<p><a href=\"https:\/\/pbs.twimg.com\/media\/EkXUVvnXsAAUyKb?format=jpg&amp;name=large\"><img loading=\"lazy\" decoding=\"async\" class=\"alignnone size-full\" src=\"https:\/\/pbs.twimg.com\/media\/EkXUVvnXsAAUyKb?format=jpg&amp;name=large\" width=\"2048\" height=\"1536\" \/><\/a><\/p>\n<p><span style=\"color: #008080\"><em><span style=\"font-size: 18pt\"><strong>ANEXO:<\/strong> R\u00edas de Asturias (48 \/ Tr\u00e9bole 4)<\/span><\/em><\/span><\/p>\n<p>&nbsp;<\/p>\n","protected":false},"excerpt":{"rendered":"<p>Elementos del paisaje: COSTA \/ Puertos de Asturias Tr\u00e9bole 3: LA MAR SALADA Actividad de aula Actividad aula Intro: De izda a dcha = Veiga (Puerto de Vega)\u00a0 \/ Lluarca\u00a0 (Luarca) \/ Cuideiru (Cudillero) \/ Ribeseya (Ribadesella) y Llanes Puertos de Asturias Puertos Comerciales en Asturias El Musel en Gij\u00f3n Foto: Cargueros de Mercanc\u00eda en [&hellip;]<\/p>\n","protected":false},"author":117,"featured_media":0,"parent":1435,"menu_order":0,"comment_status":"closed","ping_status":"closed","template":"","meta":{"footnotes":""},"class_list":["post-1673","page","type-page","status-publish","hentry","post-preview"],"_links":{"self":[{"href":"https:\/\/edublog.educastur.es\/corredoria3\/wp-json\/wp\/v2\/pages\/1673","targetHints":{"allow":["GET"]}}],"collection":[{"href":"https:\/\/edublog.educastur.es\/corredoria3\/wp-json\/wp\/v2\/pages"}],"about":[{"href":"https:\/\/edublog.educastur.es\/corredoria3\/wp-json\/wp\/v2\/types\/page"}],"author":[{"embeddable":true,"href":"https:\/\/edublog.educastur.es\/corredoria3\/wp-json\/wp\/v2\/users\/117"}],"replies":[{"embeddable":true,"href":"https:\/\/edublog.educastur.es\/corredoria3\/wp-json\/wp\/v2\/comments?post=1673"}],"version-history":[{"count":21,"href":"https:\/\/edublog.educastur.es\/corredoria3\/wp-json\/wp\/v2\/pages\/1673\/revisions"}],"predecessor-version":[{"id":3430,"href":"https:\/\/edublog.educastur.es\/corredoria3\/wp-json\/wp\/v2\/pages\/1673\/revisions\/3430"}],"up":[{"embeddable":true,"href":"https:\/\/edublog.educastur.es\/corredoria3\/wp-json\/wp\/v2\/pages\/1435"}],"wp:attachment":[{"href":"https:\/\/edublog.educastur.es\/corredoria3\/wp-json\/wp\/v2\/media?parent=1673"}],"curies":[{"name":"wp","href":"https:\/\/api.w.org\/{rel}","templated":true}]}}