{"id":1829,"date":"2020-10-19T03:51:32","date_gmt":"2020-10-19T01:51:32","guid":{"rendered":"https:\/\/edublog.educastur.es\/corredoria3\/?page_id=1829"},"modified":"2022-01-09T19:54:26","modified_gmt":"2022-01-09T17:54:26","slug":"edublog","status":"publish","type":"page","link":"https:\/\/edublog.educastur.es\/corredoria3\/intranet-profes\/edublog\/","title":{"rendered":"EduBLOG"},"content":{"rendered":"<ul>\n<li><span style=\"font-size: 18pt\"><a href=\"https:\/\/educastur-my.sharepoint.com\/:b:\/g\/personal\/isabellh_educastur_org\/EbesaIMEdWpAsU5D-4u3KvIBkzVTd77FnDVLKtr-TPehMQ?e=NOYxQB\"><strong><em>Plantilla para gestionar credenciales PROFES<br \/>\n(descargar e imprimir)<\/em><\/strong><\/a><\/span><\/li>\n<li><span style=\"font-size: 18pt;color: #800080\"><strong><em>Para acceder a la Plataforma EDUBLOG<\/em><\/strong><em><br \/>\nse necesitan las <\/em><strong><em><span style=\"text-decoration: underline\">credenciales de Educastur<\/span>!!<\/em><\/strong><\/span><\/li>\n<li>\n<h1 class=\"post-title entry-title\"><span style=\"color: #999999;font-size: 12pt\">\u30c4<\/span><\/h1>\n<\/li>\n<li><span style=\"color: #800080\"><em><span style=\"font-size: 18pt\"><strong>Para visualizar los Videos de AYUDA<\/strong> se necesitan<br \/>\nlas\u00a0<strong><span style=\"text-decoration: underline\"> credenciales de Microsoft Office 365<\/span>!!<\/strong><\/span><\/em><\/span><\/li>\n<li>\n<h1 class=\"post-title entry-title\"><span style=\"color: #999999;font-size: 12pt\">\u30c4<\/span><\/h1>\n<\/li>\n<\/ul>\n<hr \/>\n<p><a href=\"https:\/\/edublog.educastur.es\/wp-admin\/\"><img loading=\"lazy\" decoding=\"async\" class=\"aligncenter\" src=\"https:\/\/i0.wp.com\/edublog.educastur.es\/wp-content\/uploads\/2020\/06\/cabecera-4-1250x416-1.jpg?resize=676%2C220&amp;ssl=1\" width=\"399\" height=\"130\" \/><\/a><\/p>\n<div class=\"post-header\">\n<h1 class=\"post-title entry-title\" style=\"text-align: center\"><span style=\"color: #008080\">Videotutoriales \u30c4<\/span><\/h1>\n<\/div>\n<div class=\"post-content entry-content\">\n<ul>\n<li><span style=\"font-size: 14pt\"><a href=\"https:\/\/edublog.educastur.es\/crearunblog\/pagina-ejemplo\/\"><strong><em>P\u00e1gina con Videotutoriales<\/em><\/strong><\/a><\/span><\/li>\n<li><span style=\"font-size: 14pt\"><a href=\"https:\/\/web.microsoftstream.com\/embed\/channel\/c22b8f2e-bf51-44c3-a880-71eed19edf5e?sort=trending#\"><em><strong>Videotutoriales en Streaming (10 videos)<\/strong><\/em><\/a><\/span><\/li>\n<li><span style=\"font-size: 14pt\">Acceso con las<strong> credenciales de Educastur<\/strong><\/span><\/li>\n<\/ul>\n<\/div>\n<ul>\n<li><a href=\"https:\/\/edublog.educastur.es\/\"><span style=\"font-size: 18pt\">Qu\u00e9 es <\/span><strong><span style=\"font-size: 18pt\">EDUBLOG\u00a0<\/span><\/strong><\/a><\/li>\n<li><em><span style=\"font-size: 14pt\">Es la plataforma de blogs educativos de la Consejer\u00eda de Educaci\u00f3n de Asturias.<\/span><\/em><\/li>\n<li><em><span style=\"font-size: 14pt\">\u00a0Est\u00e1 basado en la plataforma <span style=\"color: #008080\">WordPress <\/span><\/span><\/em><\/li>\n<li><em><span style=\"font-size: 14pt\">Su prop\u00f3sito es <span style=\"color: #800080\"><strong>ofrecer gratis al profesorado con identidad digital de Educastur<br \/>\nun espacio para la publicaci\u00f3n de contenidos en la web bajo el formato de blog o bit\u00e1cora.<\/strong><\/span><\/span><\/em><\/li>\n<\/ul>\n<p style=\"text-align: center\">\n<!-- iframe plugin v.6.0 wordpress.org\/plugins\/iframe\/ -->\n<iframe loading=\"lazy\" frameborder=\"0\" width=\"533px\" height=\"267px\" src=\"https:\/\/view.genial.ly\/5ff01d1b485b460cf9c74cf7\" 0=\"\/iframe\" scrolling=\"yes\" class=\"iframe-class\"><\/iframe>\n<\/p>\n<p><a href=\"https:\/\/www.evernote.com\/l\/AHGM9IDpZR1IAZzgAuKtviEY6D141O-0nFEB\/image.png\"><img loading=\"lazy\" decoding=\"async\" class=\"aligncenter\" src=\"https:\/\/www.evernote.com\/l\/AHGM9IDpZR1IAZzgAuKtviEY6D141O-0nFEB\/image.png\" alt=\"\" width=\"700\" height=\"900\" \/><\/a><\/p>\n<ul>\n<li>\n<h3><span style=\"font-size: 24pt\"><a href=\"https:\/\/edublog.educastur.es\/wp-admin\/\" target=\"_blank\" rel=\"noopener noreferrer\">Accede a la administraci\u00f3n de tu blog <span style=\"font-size: 14pt\"><br \/>\n(credenciales de Educastur)<\/span><\/a><\/span><\/h3>\n<\/li>\n<li><span style=\"font-size: 24pt\"><a href=\"https:\/\/edublog.educastur.es\/ayuda\/\"><strong>Ayuda:<span style=\"font-size: 18pt\"> Videos de c\u00f3mo CREAR y gestionar un blog<\/span><\/strong><\/a><\/span><\/li>\n<\/ul>\n<p style=\"text-align: left\"><span style=\"font-size: 18pt\"><em><span style=\"color: #800080;font-size: 14pt\">Los v\u00eddeos est\u00e1n alojados en un canal de <strong>Stream<br \/>\n<\/strong>de la plataforma Office 365 de Educastur por lo que ser\u00e1 necesario<br \/>\nacceder con las credenciales de la <\/span><strong><span style=\"color: #800080;font-size: 14pt\">cuenta 365 (Microsoft).<\/span><br \/>\n<\/strong><\/em><\/span><\/p>\n<ul>\n<li><span style=\"font-size: 18pt\"><a href=\"https:\/\/edublog.educastur.es\/corredoria3\/\"><strong>Esta plantilla es un CUADERNO DE COORDINACI\u00d3N<br \/>\nDOCENTE<\/strong>\u00a0 para trabajar colaborativamente <\/a><strong><span style=\"color: #008080\">y<\/span><br \/>\n<span style=\"color: #800080\">de uso exclusivo para el profesorado del cole<br \/>\n<span style=\"color: #808080\">(no compartir la direcci\u00f3n web con nadie!).<\/span><\/span><\/strong><\/span><\/li>\n<\/ul>\n<p><span style=\"font-size: 18pt\"><strong><span style=\"color: #800080\"><span style=\"color: #808080\"><br \/>\n<\/span><\/span><\/strong><span style=\"color: #800000\"><span style=\"color: #800080\">Est\u00e1 configurado para que no aparezca en buscadores<br \/>\nweb, a no ser que se sepa la URL concreta:<br \/>\n<\/span> <a href=\"https:\/\/edublog.educastur.es\/corredoria3\/\"><strong><em><span style=\"color: #008080\">https:\/\/edublog.educastur.es\/corredoria3\/<\/span><\/em><\/strong><\/a><br \/>\n<\/span><\/span><\/p>\n<p><em><span style=\"font-size: 14pt\"><strong>Est\u00e1 ya preparado para que,<\/strong><span style=\"color: #808080\"> sin borrar los art\u00edculos\/entradas ni las p\u00e1ginas ya creadas de Cultura y de Llingua, <span style=\"color: #000000\"><strong><span style=\"color: #008080\">pod\u00e1is \u00abpracticar\u00bb<\/span> creando entradas o p\u00e1ginas enlzadas desde vuestros niveles o especialidades. <span style=\"color: #008080\">Me decis que os interesa editar y os habilito para poder publicar y editar.<\/span><\/strong><\/span><\/span><\/span><\/em><\/p>\n<p>&nbsp;<\/p>\n<ul>\n<li><span style=\"font-size: 24pt\"><a href=\"https:\/\/educastur-my.sharepoint.com\/:b:\/g\/personal\/isabellh_educastur_org\/EVaZnKB3GnpMrnELt4r_e-4BteDRCGOP2kdonu9tjnwgOA?e=t9YIv2\"><strong>Tutorial de c\u00f3mo crear un Blog<\/strong> (ISA)<\/a><\/span><\/li>\n<\/ul>\n<p style=\"text-align: center\"><strong><span style=\"color: #800080\">C<\/span><span style=\"color: #800080;font-size: 14pt\">lic en la flecha superior derecha para ver en pantalla completa<\/span><\/strong><\/p>\n<p style=\"text-align: center\">\n<!-- iframe plugin v.6.0 wordpress.org\/plugins\/iframe\/ -->\n<iframe loading=\"lazy\" src=\"https:\/\/drive.google.com\/file\/d\/1-80pF0_Z9abgAm2GUWeHE8jKqlHOGjT8\/preview\" width=\"640\" height=\"980\" 0=\"\/iframe\" scrolling=\"yes\" class=\"iframe-class\" frameborder=\"0\"><\/iframe>\n<\/p>\n<p>&nbsp;<\/p>\n<ul>\n<li><a href=\"https:\/\/educastur-my.sharepoint.com\/:b:\/g\/personal\/isabellh_educastur_org\/ESgpfp7GJjVLjYc_G3drPnIBTPm3ebi6Os-wZt4ja_aFTA?e=U09mVK\"><span style=\"font-size: 24pt\"><strong>Tutorial de c\u00f3mo insertar CONTENIDOS<\/strong> con perfil EDITOR (ISA)<\/span><\/a><\/li>\n<\/ul>\n<p style=\"text-align: center\"><span style=\"color: #800080;font-size: 14pt\"><strong>Clic en la flecha superior derecha para ver en pantalla completa<\/strong><\/span><\/p>\n<p style=\"text-align: center\">\n<!-- iframe plugin v.6.0 wordpress.org\/plugins\/iframe\/ -->\n<iframe loading=\"lazy\" src=\"https:\/\/drive.google.com\/file\/d\/1D5uE_z88v7Aak3NjiXjnobeah9yYk0Uw\/preview\" width=\"640\" height=\"980\" 0=\"\/iframe\" scrolling=\"yes\" class=\"iframe-class\" frameborder=\"0\"><\/iframe>\n<\/p>\n<h1 class=\"iDeviceTitle\" style=\"text-align: center\"><span style=\"text-decoration: underline\"><em><span style=\"font-size: 18pt;color: #008080;text-decoration: underline\">Cambiar la apariencia del blog. Men\u00fas y widgets<\/span><\/em><\/span><\/h1>\n<p style=\"text-align: center\">\n<!-- iframe plugin v.6.0 wordpress.org\/plugins\/iframe\/ -->\n<iframe loading=\"lazy\" width=\"100%\" height=\"331\" src=\"https:\/\/www.youtube.com\/embed\/tEUXRzN3qYM\" scrolling=\"yes\" class=\"iframe-class\" frameborder=\"0\"><\/iframe>\n<\/p>\n<p style=\"text-align: center\"><span style=\"text-decoration: underline\"><span style=\"font-size: 24pt\"><strong><span style=\"color: #008080\"><em>C\u00f3digo web insertar contenido<\/em><\/span><\/strong><\/span><\/span><\/p>\n<ul>\n<li><em><span style=\"font-size: 14pt\">Este c\u00f3digo web <strong>es interesante copiarlo en un Widget situado a pie de p\u00e1gina<\/strong>, es decir, abajo.<\/span><\/em><\/li>\n<li><em><span style=\"font-size: 14pt\">De esta forma cuando lo necesit\u00e9is, <strong>solo ten\u00e9is que navegar hacia la parte inferior del blog y copiarlo.<\/strong><\/span><\/em><\/li>\n<li><em><span style=\"font-size: 14pt\">Solamente quedar\u00eda sustituir las XXXXXXXX por el c\u00f3digo concreto de la publicacion<br \/>\no ver el formato del c\u00f3digo para saber c\u00f3mo modificarlo.<\/span><\/em><\/li>\n<\/ul>\n<p><a href=\"http:\/\/edublog.educastur.es\/corredoria3\/files\/2020\/10\/codigow.jpg\"><img loading=\"lazy\" decoding=\"async\" class=\"aligncenter size-full wp-image-1498\" src=\"http:\/\/edublog.educastur.es\/corredoria3\/files\/2020\/10\/codigow.jpg\" alt=\"\" width=\"1422\" height=\"314\" srcset=\"https:\/\/edublog.educastur.es\/corredoria3\/files\/2020\/10\/codigow.jpg 1422w, https:\/\/edublog.educastur.es\/corredoria3\/files\/2020\/10\/codigow-600x132.jpg 600w, https:\/\/edublog.educastur.es\/corredoria3\/files\/2020\/10\/codigow-1024x226.jpg 1024w, https:\/\/edublog.educastur.es\/corredoria3\/files\/2020\/10\/codigow-300x66.jpg 300w, https:\/\/edublog.educastur.es\/corredoria3\/files\/2020\/10\/codigow-768x170.jpg 768w, https:\/\/edublog.educastur.es\/corredoria3\/files\/2020\/10\/codigow-676x149.jpg 676w\" sizes=\"auto, (max-width: 1422px) 100vw, 1422px\" \/><\/a><\/p>\n<ul>\n<li><strong><em><span style=\"color: #800080;font-size: 14pt\">NOTA: Este c\u00f3digo web est\u00e1 disponible para copiar, el que se necesite en concreto dependiendo del contenido a insertar (video \/ pdf\/sway&#8230;) al final de la p\u00e1gina. <\/span><\/em><\/strong><\/li>\n<li><em><span style=\"color: #800080;font-size: 14pt\">Solo habr\u00eda que modificar, si se desea, los valores width (ancho) y height (alto) de los visores, calculando mayor\/menor proporcionalmente&#8230;<\/span><\/em><\/li>\n<\/ul>\n<p>&nbsp;<\/p>\n<ul>\n<li style=\"text-align: center\"><em><span style=\"font-size: 14pt\">Modelo de Widget a elegir: <span style=\"color: #008080\"><strong>HTML personalizado<\/strong><\/span><\/span><\/em><\/li>\n<li style=\"text-align: center\"><em><span style=\"font-size: 14pt\">Arrastrarlo hasta el <span style=\"color: #008080\"><strong>Pie de p\u00e1gina<\/strong><\/span><\/span><\/em><\/li>\n<li style=\"text-align: center\"><em><span style=\"font-size: 14pt\">En el <span style=\"color: #008080\"><strong>T\u00edtulo<\/strong><\/span>: escribir de qu\u00e9 es ese c\u00f3digo<\/span><\/em><\/li>\n<li style=\"text-align: center\"><em><span style=\"font-size: 14pt\">En el <span style=\"color: #008080\">Contenido<\/span>, copiar el c\u00f3digo tal cual<\/span><\/em><\/li>\n<\/ul>\n<p><img loading=\"lazy\" decoding=\"async\" class=\"alignnone size-full aligncenter\" src=\"https:\/\/imgbox.es\/images\/2021\/05\/26\/widget846c7a4f81d2bca4.jpg\" width=\"469\" height=\"208\" \/><\/p>\n<p style=\"text-align: center\"><em><span style=\"font-size: 14pt\"><strong>Consejo<\/strong>: es mejor <span style=\"color: #008080\"><strong>poner un Widget para cada c\u00f3digo<\/strong> <\/span><\/span><\/em><br \/>\n<em><span style=\"font-size: 14pt\">que hacer uno as\u00ed, que tambi\u00e9n se puede, para todos los c\u00f3digos.<\/span><\/em><\/p>\n<p><img loading=\"lazy\" decoding=\"async\" class=\"wp-image-1840 aligncenter\" src=\"http:\/\/edublog.educastur.es\/corredoria3\/files\/2020\/10\/codigo.jpg\" alt=\"\" width=\"233\" height=\"433\" srcset=\"https:\/\/edublog.educastur.es\/corredoria3\/files\/2020\/10\/codigo.jpg 578w, https:\/\/edublog.educastur.es\/corredoria3\/files\/2020\/10\/codigo-323x600.jpg 323w, https:\/\/edublog.educastur.es\/corredoria3\/files\/2020\/10\/codigo-551x1024.jpg 551w, https:\/\/edublog.educastur.es\/corredoria3\/files\/2020\/10\/codigo-161x300.jpg 161w\" sizes=\"auto, (max-width: 233px) 100vw, 233px\" \/><\/p>\n<p>&nbsp;<\/p>\n<div class=\"footer-inner section-inner group\">\n<div class=\"column column-3 left\">\n<div class=\"widgets\">\n<div id=\"custom_html-2\" class=\"widget_text widget widget_custom_html\"><\/div>\n<\/div>\n<\/div>\n<\/div>\n","protected":false},"excerpt":{"rendered":"<p>Plantilla para gestionar credenciales PROFES (descargar e imprimir) Para acceder a la Plataforma EDUBLOG se necesitan las credenciales de Educastur!! \u30c4 Para visualizar los Videos de AYUDA se necesitan las\u00a0 credenciales de Microsoft Office 365!! \u30c4 Videotutoriales \u30c4 P\u00e1gina con Videotutoriales Videotutoriales en Streaming (10 videos) Acceso con las credenciales de Educastur Qu\u00e9 es EDUBLOG\u00a0 [&hellip;]<\/p>\n","protected":false},"author":117,"featured_media":0,"parent":834,"menu_order":0,"comment_status":"closed","ping_status":"closed","template":"","meta":{"footnotes":""},"class_list":["post-1829","page","type-page","status-publish","hentry","post-preview"],"_links":{"self":[{"href":"https:\/\/edublog.educastur.es\/corredoria3\/wp-json\/wp\/v2\/pages\/1829","targetHints":{"allow":["GET"]}}],"collection":[{"href":"https:\/\/edublog.educastur.es\/corredoria3\/wp-json\/wp\/v2\/pages"}],"about":[{"href":"https:\/\/edublog.educastur.es\/corredoria3\/wp-json\/wp\/v2\/types\/page"}],"author":[{"embeddable":true,"href":"https:\/\/edublog.educastur.es\/corredoria3\/wp-json\/wp\/v2\/users\/117"}],"replies":[{"embeddable":true,"href":"https:\/\/edublog.educastur.es\/corredoria3\/wp-json\/wp\/v2\/comments?post=1829"}],"version-history":[{"count":21,"href":"https:\/\/edublog.educastur.es\/corredoria3\/wp-json\/wp\/v2\/pages\/1829\/revisions"}],"predecessor-version":[{"id":4544,"href":"https:\/\/edublog.educastur.es\/corredoria3\/wp-json\/wp\/v2\/pages\/1829\/revisions\/4544"}],"up":[{"embeddable":true,"href":"https:\/\/edublog.educastur.es\/corredoria3\/wp-json\/wp\/v2\/pages\/834"}],"wp:attachment":[{"href":"https:\/\/edublog.educastur.es\/corredoria3\/wp-json\/wp\/v2\/media?parent=1829"}],"curies":[{"name":"wp","href":"https:\/\/api.w.org\/{rel}","templated":true}]}}