{"id":190,"date":"2020-08-20T08:49:32","date_gmt":"2020-08-20T07:49:32","guid":{"rendered":"https:\/\/edublog.educastur.es\/corredoria3\/?page_id=190"},"modified":"2020-08-23T15:27:06","modified_gmt":"2020-08-23T14:27:06","slug":"p-t","status":"publish","type":"page","link":"https:\/\/edublog.educastur.es\/corredoria3\/p-t\/","title":{"rendered":"P. T."},"content":{"rendered":"<p><img loading=\"lazy\" decoding=\"async\" class=\"aligncenter size-full wp-image-319\" src=\"http:\/\/edublog.educastur.es\/corredoria3\/files\/2020\/08\/pt.jpg\" alt=\"\" width=\"1000\" height=\"250\" srcset=\"https:\/\/edublog.educastur.es\/corredoria3\/files\/2020\/08\/pt.jpg 1000w, https:\/\/edublog.educastur.es\/corredoria3\/files\/2020\/08\/pt-600x150.jpg 600w, https:\/\/edublog.educastur.es\/corredoria3\/files\/2020\/08\/pt-300x75.jpg 300w, https:\/\/edublog.educastur.es\/corredoria3\/files\/2020\/08\/pt-768x192.jpg 768w, https:\/\/edublog.educastur.es\/corredoria3\/files\/2020\/08\/pt-676x169.jpg 676w\" sizes=\"auto, (max-width: 1000px) 100vw, 1000px\" \/><br \/>\n<em><span style=\"font-size: 14pt\">Profesoras: <strong>Teresa<\/strong> y<\/span><\/em><\/p>\n<hr \/>\n<p><span style=\"color: #800000\"><em><span style=\"font-size: 14pt\">Las TAREAS concretas<strong> para cada alumnado de P. T.<\/strong> se enviar\u00e1n a trav\u00e9s de la Tutor\u00eda.<\/span><\/em><\/span><\/p>\n<hr \/>\n<p>&nbsp;<\/p>\n<p><img loading=\"lazy\" decoding=\"async\" class=\" wp-image-383 alignleft\" src=\"http:\/\/edublog.educastur.es\/corredoria3\/files\/2020\/08\/29_infantil-300x246.png\" alt=\"\" width=\"120\" height=\"98\" srcset=\"https:\/\/edublog.educastur.es\/corredoria3\/files\/2020\/08\/29_infantil-300x246.png 300w, https:\/\/edublog.educastur.es\/corredoria3\/files\/2020\/08\/29_infantil.png 424w\" sizes=\"auto, (max-width: 120px) 100vw, 120px\" \/> \u00a0\u00a0 <img loading=\"lazy\" decoding=\"async\" class=\" wp-image-380 alignleft\" src=\"http:\/\/edublog.educastur.es\/corredoria3\/files\/2020\/08\/26_tresanos-300x246.png\" alt=\"\" width=\"120\" height=\"98\" srcset=\"https:\/\/edublog.educastur.es\/corredoria3\/files\/2020\/08\/26_tresanos-300x246.png 300w, https:\/\/edublog.educastur.es\/corredoria3\/files\/2020\/08\/26_tresanos.png 424w\" sizes=\"auto, (max-width: 120px) 100vw, 120px\" \/> \u00a0 \u00a0 <img loading=\"lazy\" decoding=\"async\" class=\" wp-image-381 alignleft\" src=\"http:\/\/edublog.educastur.es\/corredoria3\/files\/2020\/08\/27_cuatroanos-300x246.png\" alt=\"\" width=\"120\" height=\"98\" srcset=\"https:\/\/edublog.educastur.es\/corredoria3\/files\/2020\/08\/27_cuatroanos-300x246.png 300w, https:\/\/edublog.educastur.es\/corredoria3\/files\/2020\/08\/27_cuatroanos.png 424w\" sizes=\"auto, (max-width: 120px) 100vw, 120px\" \/>\u00a0\u00a0 \u00a0\u00a0\u00a0\u00a0\u00a0\u00a0\u00a0 \u00a0\u00a0 \u00a0 \u00a0 <img loading=\"lazy\" decoding=\"async\" class=\" wp-image-382 alignleft\" src=\"http:\/\/edublog.educastur.es\/corredoria3\/files\/2020\/08\/28_cincoanos-300x246.png\" alt=\"\" width=\"120\" height=\"98\" srcset=\"https:\/\/edublog.educastur.es\/corredoria3\/files\/2020\/08\/28_cincoanos-300x246.png 300w, https:\/\/edublog.educastur.es\/corredoria3\/files\/2020\/08\/28_cincoanos.png 424w\" sizes=\"auto, (max-width: 120px) 100vw, 120px\" \/><\/p>\n<p>&nbsp;<\/p>\n<p>&nbsp;<\/p>\n<p>&nbsp;<\/p>\n<p><img loading=\"lazy\" decoding=\"async\" class=\"wp-image-384 alignleft\" src=\"http:\/\/edublog.educastur.es\/corredoria3\/files\/2020\/08\/30_primaria-300x246.png\" alt=\"\" width=\"120\" height=\"98\" srcset=\"https:\/\/edublog.educastur.es\/corredoria3\/files\/2020\/08\/30_primaria-300x246.png 300w, https:\/\/edublog.educastur.es\/corredoria3\/files\/2020\/08\/30_primaria.png 424w\" sizes=\"auto, (max-width: 120px) 100vw, 120px\" \/> <img loading=\"lazy\" decoding=\"async\" class=\" wp-image-374 alignleft\" src=\"http:\/\/edublog.educastur.es\/corredoria3\/files\/2020\/08\/20_primero-300x246.png\" alt=\"\" width=\"120\" height=\"98\" srcset=\"https:\/\/edublog.educastur.es\/corredoria3\/files\/2020\/08\/20_primero-300x246.png 300w, https:\/\/edublog.educastur.es\/corredoria3\/files\/2020\/08\/20_primero.png 424w\" sizes=\"auto, (max-width: 120px) 100vw, 120px\" \/> <img loading=\"lazy\" decoding=\"async\" class=\" wp-image-375 alignleft\" src=\"http:\/\/edublog.educastur.es\/corredoria3\/files\/2020\/08\/21_segundo-300x246.png\" alt=\"\" width=\"120\" height=\"98\" srcset=\"https:\/\/edublog.educastur.es\/corredoria3\/files\/2020\/08\/21_segundo-300x246.png 300w, https:\/\/edublog.educastur.es\/corredoria3\/files\/2020\/08\/21_segundo.png 424w\" sizes=\"auto, (max-width: 120px) 100vw, 120px\" \/> <img loading=\"lazy\" decoding=\"async\" class=\" wp-image-376 alignleft\" src=\"http:\/\/edublog.educastur.es\/corredoria3\/files\/2020\/08\/22_tercero-300x246.png\" alt=\"\" width=\"120\" height=\"98\" srcset=\"https:\/\/edublog.educastur.es\/corredoria3\/files\/2020\/08\/22_tercero-300x246.png 300w, https:\/\/edublog.educastur.es\/corredoria3\/files\/2020\/08\/22_tercero.png 424w\" sizes=\"auto, (max-width: 120px) 100vw, 120px\" \/> <img loading=\"lazy\" decoding=\"async\" class=\" wp-image-377 alignleft\" src=\"http:\/\/edublog.educastur.es\/corredoria3\/files\/2020\/08\/23_cuarto-300x246.png\" alt=\"\" width=\"120\" height=\"98\" srcset=\"https:\/\/edublog.educastur.es\/corredoria3\/files\/2020\/08\/23_cuarto-300x246.png 300w, https:\/\/edublog.educastur.es\/corredoria3\/files\/2020\/08\/23_cuarto.png 424w\" sizes=\"auto, (max-width: 120px) 100vw, 120px\" \/> <img loading=\"lazy\" decoding=\"async\" class=\"wp-image-378 alignleft\" src=\"http:\/\/edublog.educastur.es\/corredoria3\/files\/2020\/08\/24_quinto-300x246.png\" alt=\"\" width=\"120\" height=\"98\" srcset=\"https:\/\/edublog.educastur.es\/corredoria3\/files\/2020\/08\/24_quinto-300x246.png 300w, https:\/\/edublog.educastur.es\/corredoria3\/files\/2020\/08\/24_quinto.png 424w\" sizes=\"auto, (max-width: 120px) 100vw, 120px\" \/> <img loading=\"lazy\" decoding=\"async\" class=\" wp-image-379 alignleft\" src=\"http:\/\/edublog.educastur.es\/corredoria3\/files\/2020\/08\/25_sexto-300x246.png\" alt=\"\" width=\"120\" height=\"98\" srcset=\"https:\/\/edublog.educastur.es\/corredoria3\/files\/2020\/08\/25_sexto-300x246.png 300w, https:\/\/edublog.educastur.es\/corredoria3\/files\/2020\/08\/25_sexto.png 424w\" sizes=\"auto, (max-width: 120px) 100vw, 120px\" \/><\/p>\n<p>&nbsp;<\/p>\n<p>&nbsp;<\/p>\n<p>&nbsp;<\/p>\n<p>&nbsp;<\/p>\n<hr \/>\n<p><img loading=\"lazy\" decoding=\"async\" class=\"wp-image-385 alignleft\" src=\"http:\/\/edublog.educastur.es\/corredoria3\/files\/2020\/08\/31_sept-300x246.png\" alt=\"\" width=\"130\" height=\"107\" srcset=\"https:\/\/edublog.educastur.es\/corredoria3\/files\/2020\/08\/31_sept-300x246.png 300w, https:\/\/edublog.educastur.es\/corredoria3\/files\/2020\/08\/31_sept.png 398w\" sizes=\"auto, (max-width: 130px) 100vw, 130px\" \/> <img loading=\"lazy\" decoding=\"async\" class=\"wp-image-386 alignleft\" src=\"http:\/\/edublog.educastur.es\/corredoria3\/files\/2020\/08\/32_octubre-300x246.png\" alt=\"\" width=\"130\" height=\"107\" srcset=\"https:\/\/edublog.educastur.es\/corredoria3\/files\/2020\/08\/32_octubre-300x246.png 300w, https:\/\/edublog.educastur.es\/corredoria3\/files\/2020\/08\/32_octubre.png 398w\" sizes=\"auto, (max-width: 130px) 100vw, 130px\" \/> <img loading=\"lazy\" decoding=\"async\" class=\"wp-image-387 alignleft\" src=\"http:\/\/edublog.educastur.es\/corredoria3\/files\/2020\/08\/33_noviembre-300x246.png\" alt=\"\" width=\"130\" height=\"107\" srcset=\"https:\/\/edublog.educastur.es\/corredoria3\/files\/2020\/08\/33_noviembre-300x246.png 300w, https:\/\/edublog.educastur.es\/corredoria3\/files\/2020\/08\/33_noviembre.png 398w\" sizes=\"auto, (max-width: 130px) 100vw, 130px\" \/><img loading=\"lazy\" decoding=\"async\" class=\"wp-image-388 alignleft\" src=\"http:\/\/edublog.educastur.es\/corredoria3\/files\/2020\/08\/34_diciembre-300x246.png\" alt=\"\" width=\"130\" height=\"107\" srcset=\"https:\/\/edublog.educastur.es\/corredoria3\/files\/2020\/08\/34_diciembre-300x246.png 300w, https:\/\/edublog.educastur.es\/corredoria3\/files\/2020\/08\/34_diciembre.png 398w\" sizes=\"auto, (max-width: 130px) 100vw, 130px\" \/><\/p>\n<p><img loading=\"lazy\" decoding=\"async\" class=\"wp-image-389 alignleft\" src=\"http:\/\/edublog.educastur.es\/corredoria3\/files\/2020\/08\/35_enero-300x246.png\" alt=\"\" width=\"130\" height=\"107\" srcset=\"https:\/\/edublog.educastur.es\/corredoria3\/files\/2020\/08\/35_enero-300x246.png 300w, https:\/\/edublog.educastur.es\/corredoria3\/files\/2020\/08\/35_enero.png 398w\" sizes=\"auto, (max-width: 130px) 100vw, 130px\" \/><img loading=\"lazy\" decoding=\"async\" class=\"wp-image-390 alignleft\" src=\"http:\/\/edublog.educastur.es\/corredoria3\/files\/2020\/08\/36_febrero-300x246.png\" alt=\"\" width=\"130\" height=\"107\" srcset=\"https:\/\/edublog.educastur.es\/corredoria3\/files\/2020\/08\/36_febrero-300x246.png 300w, https:\/\/edublog.educastur.es\/corredoria3\/files\/2020\/08\/36_febrero.png 398w\" sizes=\"auto, (max-width: 130px) 100vw, 130px\" \/><img loading=\"lazy\" decoding=\"async\" class=\"wp-image-391 alignleft\" src=\"http:\/\/edublog.educastur.es\/corredoria3\/files\/2020\/08\/37_marzo-300x246.png\" alt=\"\" width=\"130\" height=\"107\" srcset=\"https:\/\/edublog.educastur.es\/corredoria3\/files\/2020\/08\/37_marzo-300x246.png 300w, https:\/\/edublog.educastur.es\/corredoria3\/files\/2020\/08\/37_marzo.png 398w\" sizes=\"auto, (max-width: 130px) 100vw, 130px\" \/><img loading=\"lazy\" decoding=\"async\" class=\"wp-image-392 alignleft\" src=\"http:\/\/edublog.educastur.es\/corredoria3\/files\/2020\/08\/38_abril-300x246.png\" alt=\"\" width=\"130\" height=\"107\" srcset=\"https:\/\/edublog.educastur.es\/corredoria3\/files\/2020\/08\/38_abril-300x246.png 300w, https:\/\/edublog.educastur.es\/corredoria3\/files\/2020\/08\/38_abril.png 398w\" sizes=\"auto, (max-width: 130px) 100vw, 130px\" \/><img loading=\"lazy\" decoding=\"async\" class=\"wp-image-393 alignleft\" src=\"http:\/\/edublog.educastur.es\/corredoria3\/files\/2020\/08\/39_mayo-300x246.png\" alt=\"\" width=\"130\" height=\"107\" srcset=\"https:\/\/edublog.educastur.es\/corredoria3\/files\/2020\/08\/39_mayo-300x246.png 300w, https:\/\/edublog.educastur.es\/corredoria3\/files\/2020\/08\/39_mayo.png 398w\" sizes=\"auto, (max-width: 130px) 100vw, 130px\" \/><img loading=\"lazy\" decoding=\"async\" class=\"wp-image-360 alignleft\" src=\"http:\/\/edublog.educastur.es\/corredoria3\/files\/2020\/08\/40_junio-300x246.png\" alt=\"\" width=\"130\" height=\"107\" srcset=\"https:\/\/edublog.educastur.es\/corredoria3\/files\/2020\/08\/40_junio-300x246.png 300w, https:\/\/edublog.educastur.es\/corredoria3\/files\/2020\/08\/40_junio.png 398w\" sizes=\"auto, (max-width: 130px) 100vw, 130px\" \/><\/p>\n<p>&nbsp;<\/p>\n<p>&nbsp;<\/p>\n<p>&nbsp;<\/p>\n<p>&nbsp;<\/p>\n<p>&nbsp;<\/p>\n<p>&nbsp;<\/p>\n<p>&nbsp;<\/p>\n<p>&nbsp;<\/p>\n<hr \/>\n<p>&nbsp;<\/p>\n<ul>\n<li class=\"page_item page-item-190 page_item_has_children current_page_item\"><span style=\"font-size: 18pt\"><em><a href=\"https:\/\/edublog.educastur.es\/corredoria3\/p-t\/\">P. T.<\/a><\/em><\/span>\n<ul class=\"children\">\n<li class=\"page_item page-item-207\"><span style=\"font-size: 18pt\"><em><a href=\"https:\/\/edublog.educastur.es\/corredoria3\/p-t\/01-septiembre\/\">01) Septiembre<\/a><\/em><\/span><\/li>\n<li class=\"page_item page-item-221\"><span style=\"font-size: 18pt\"><em><a href=\"https:\/\/edublog.educastur.es\/corredoria3\/p-t\/02-octubre\/\">02) Octubre<\/a><\/em><\/span><\/li>\n<li class=\"page_item page-item-227\"><span style=\"font-size: 18pt\"><em><a href=\"https:\/\/edublog.educastur.es\/corredoria3\/p-t\/03-noviembre\/\">03) Noviembre<\/a><\/em><\/span><\/li>\n<li class=\"page_item page-item-249\"><span style=\"font-size: 18pt\"><em><a href=\"https:\/\/edublog.educastur.es\/corredoria3\/p-t\/04-diciembre\/\">04) Diciembre<\/a><\/em><\/span><\/li>\n<li class=\"page_item page-item-577\"><span style=\"font-size: 18pt\"><em><a href=\"https:\/\/edublog.educastur.es\/corredoria3\/p-t\/05-enero\/\">05) Enero<\/a><\/em><\/span><\/li>\n<li class=\"page_item page-item-607\"><span style=\"font-size: 18pt\"><em><a href=\"https:\/\/edublog.educastur.es\/corredoria3\/p-t\/06-febrero\/\">06) Febrero<\/a><\/em><\/span><\/li>\n<li class=\"page_item page-item-637\"><span style=\"font-size: 18pt\"><em><a href=\"https:\/\/edublog.educastur.es\/corredoria3\/p-t\/07-marzo\/\">07) Marzo<\/a><\/em><\/span><\/li>\n<li class=\"page_item page-item-669\"><span style=\"font-size: 18pt\"><em><a href=\"https:\/\/edublog.educastur.es\/corredoria3\/p-t\/08-abril\/\">08) Abril<\/a><\/em><\/span><\/li>\n<li class=\"page_item page-item-699\"><span style=\"font-size: 18pt\"><em><a href=\"https:\/\/edublog.educastur.es\/corredoria3\/p-t\/09-mayo\/\">09) Mayo<\/a><\/em><\/span><\/li>\n<li class=\"page_item page-item-727\"><a href=\"https:\/\/edublog.educastur.es\/corredoria3\/p-t\/10-junio\/\"><span style=\"font-size: 18pt\"><em>10) Junio<\/em><\/span><\/a><\/li>\n<\/ul>\n<\/li>\n<\/ul>\n<p>&nbsp;<\/p>\n<p>&nbsp;<\/p>\n","protected":false},"excerpt":{"rendered":"<p>Profesoras: Teresa y Las TAREAS concretas para cada alumnado de P. T. se enviar\u00e1n a trav\u00e9s de la Tutor\u00eda. &nbsp; \u00a0\u00a0 \u00a0 \u00a0 \u00a0\u00a0 \u00a0\u00a0\u00a0\u00a0\u00a0\u00a0\u00a0 \u00a0\u00a0 \u00a0 \u00a0 &nbsp; &nbsp; &nbsp; &nbsp; &nbsp; &nbsp; &nbsp; &nbsp; &nbsp; &nbsp; &nbsp; &nbsp; &nbsp; &nbsp; &nbsp; &nbsp; P. T. 01) Septiembre 02) Octubre 03) Noviembre 04) Diciembre 05) [&hellip;]<\/p>\n","protected":false},"author":117,"featured_media":0,"parent":0,"menu_order":18,"comment_status":"closed","ping_status":"closed","template":"","meta":{"footnotes":""},"class_list":["post-190","page","type-page","status-publish","hentry","post-preview"],"_links":{"self":[{"href":"https:\/\/edublog.educastur.es\/corredoria3\/wp-json\/wp\/v2\/pages\/190","targetHints":{"allow":["GET"]}}],"collection":[{"href":"https:\/\/edublog.educastur.es\/corredoria3\/wp-json\/wp\/v2\/pages"}],"about":[{"href":"https:\/\/edublog.educastur.es\/corredoria3\/wp-json\/wp\/v2\/types\/page"}],"author":[{"embeddable":true,"href":"https:\/\/edublog.educastur.es\/corredoria3\/wp-json\/wp\/v2\/users\/117"}],"replies":[{"embeddable":true,"href":"https:\/\/edublog.educastur.es\/corredoria3\/wp-json\/wp\/v2\/comments?post=190"}],"version-history":[{"count":8,"href":"https:\/\/edublog.educastur.es\/corredoria3\/wp-json\/wp\/v2\/pages\/190\/revisions"}],"predecessor-version":[{"id":785,"href":"https:\/\/edublog.educastur.es\/corredoria3\/wp-json\/wp\/v2\/pages\/190\/revisions\/785"}],"wp:attachment":[{"href":"https:\/\/edublog.educastur.es\/corredoria3\/wp-json\/wp\/v2\/media?parent=190"}],"curies":[{"name":"wp","href":"https:\/\/api.w.org\/{rel}","templated":true}]}}