{"id":193,"date":"2020-08-20T08:49:42","date_gmt":"2020-08-20T07:49:42","guid":{"rendered":"https:\/\/edublog.educastur.es\/corredoria3\/?page_id=193"},"modified":"2020-08-23T15:28:27","modified_gmt":"2020-08-23T14:28:27","slug":"a-l","status":"publish","type":"page","link":"https:\/\/edublog.educastur.es\/corredoria3\/a-l\/","title":{"rendered":"A. L."},"content":{"rendered":"<p><img loading=\"lazy\" decoding=\"async\" class=\"wp-image-320 alignleft\" src=\"http:\/\/edublog.educastur.es\/corredoria3\/files\/2020\/08\/al.jpg\" alt=\"\" width=\"275\" height=\"179\" srcset=\"https:\/\/edublog.educastur.es\/corredoria3\/files\/2020\/08\/al.jpg 700w, https:\/\/edublog.educastur.es\/corredoria3\/files\/2020\/08\/al-600x390.jpg 600w, https:\/\/edublog.educastur.es\/corredoria3\/files\/2020\/08\/al-300x195.jpg 300w, https:\/\/edublog.educastur.es\/corredoria3\/files\/2020\/08\/al-676x439.jpg 676w\" sizes=\"auto, (max-width: 275px) 100vw, 275px\" \/><\/p>\n<p><img loading=\"lazy\" decoding=\"async\" class=\"wp-image-373 alignleft\" src=\"http:\/\/edublog.educastur.es\/corredoria3\/files\/2020\/08\/13_al-300x256.png\" alt=\"\" width=\"198\" height=\"169\" srcset=\"https:\/\/edublog.educastur.es\/corredoria3\/files\/2020\/08\/13_al-300x256.png 300w, https:\/\/edublog.educastur.es\/corredoria3\/files\/2020\/08\/13_al.png 425w\" sizes=\"auto, (max-width: 198px) 100vw, 198px\" \/><\/p>\n<p>&nbsp;<\/p>\n<p>&nbsp;<\/p>\n<p><span style=\"font-size: 14pt\"><em>Profesoras: <strong>Oti<\/strong> y<\/em> <\/span><\/p>\n<p>&nbsp;<\/p>\n<p>&nbsp;<\/p>\n<p>&nbsp;<\/p>\n<hr \/>\n<p><span style=\"font-size: 14pt;color: #800000\"><em>Las TAREAS concretas y particulares<\/em><\/span><strong><span style=\"font-size: 14pt;color: #800000\"><em> de Audici\u00f3n y Lenguaje <\/em><\/span><\/strong><span style=\"font-size: 14pt;color: #800000\"><em>se enviar\u00e1n a trav\u00e9s de la Tutor\u00eda. En esta p\u00e1gina se publicar\u00e1n recomendaciones generales para todo el alumnado.<br \/>\n<\/em><\/span><\/p>\n<hr \/>\n<p>&nbsp;<\/p>\n<p><img loading=\"lazy\" decoding=\"async\" class=\" wp-image-383 alignleft\" src=\"http:\/\/edublog.educastur.es\/corredoria3\/files\/2020\/08\/29_infantil-300x246.png\" alt=\"\" width=\"120\" height=\"98\" srcset=\"https:\/\/edublog.educastur.es\/corredoria3\/files\/2020\/08\/29_infantil-300x246.png 300w, https:\/\/edublog.educastur.es\/corredoria3\/files\/2020\/08\/29_infantil.png 424w\" sizes=\"auto, (max-width: 120px) 100vw, 120px\" \/> \u00a0\u00a0 <img loading=\"lazy\" decoding=\"async\" class=\" wp-image-380 alignleft\" src=\"http:\/\/edublog.educastur.es\/corredoria3\/files\/2020\/08\/26_tresanos-300x246.png\" alt=\"\" width=\"120\" height=\"98\" srcset=\"https:\/\/edublog.educastur.es\/corredoria3\/files\/2020\/08\/26_tresanos-300x246.png 300w, https:\/\/edublog.educastur.es\/corredoria3\/files\/2020\/08\/26_tresanos.png 424w\" sizes=\"auto, (max-width: 120px) 100vw, 120px\" \/> \u00a0 \u00a0 <img loading=\"lazy\" decoding=\"async\" class=\" wp-image-381 alignleft\" src=\"http:\/\/edublog.educastur.es\/corredoria3\/files\/2020\/08\/27_cuatroanos-300x246.png\" alt=\"\" width=\"120\" height=\"98\" srcset=\"https:\/\/edublog.educastur.es\/corredoria3\/files\/2020\/08\/27_cuatroanos-300x246.png 300w, https:\/\/edublog.educastur.es\/corredoria3\/files\/2020\/08\/27_cuatroanos.png 424w\" sizes=\"auto, (max-width: 120px) 100vw, 120px\" \/>\u00a0\u00a0 \u00a0\u00a0\u00a0\u00a0\u00a0\u00a0\u00a0 \u00a0\u00a0 \u00a0 \u00a0 <img loading=\"lazy\" decoding=\"async\" class=\" wp-image-382 alignleft\" src=\"http:\/\/edublog.educastur.es\/corredoria3\/files\/2020\/08\/28_cincoanos-300x246.png\" alt=\"\" width=\"120\" height=\"98\" srcset=\"https:\/\/edublog.educastur.es\/corredoria3\/files\/2020\/08\/28_cincoanos-300x246.png 300w, https:\/\/edublog.educastur.es\/corredoria3\/files\/2020\/08\/28_cincoanos.png 424w\" sizes=\"auto, (max-width: 120px) 100vw, 120px\" \/><\/p>\n<p>&nbsp;<\/p>\n<p>&nbsp;<\/p>\n<p>&nbsp;<\/p>\n<hr \/>\n<p>&nbsp;<\/p>\n<p><img loading=\"lazy\" decoding=\"async\" class=\"wp-image-384 alignleft\" src=\"http:\/\/edublog.educastur.es\/corredoria3\/files\/2020\/08\/30_primaria-300x246.png\" alt=\"\" width=\"120\" height=\"98\" srcset=\"https:\/\/edublog.educastur.es\/corredoria3\/files\/2020\/08\/30_primaria-300x246.png 300w, https:\/\/edublog.educastur.es\/corredoria3\/files\/2020\/08\/30_primaria.png 424w\" sizes=\"auto, (max-width: 120px) 100vw, 120px\" \/> <img loading=\"lazy\" decoding=\"async\" class=\" wp-image-374 alignleft\" src=\"http:\/\/edublog.educastur.es\/corredoria3\/files\/2020\/08\/20_primero-300x246.png\" alt=\"\" width=\"120\" height=\"98\" srcset=\"https:\/\/edublog.educastur.es\/corredoria3\/files\/2020\/08\/20_primero-300x246.png 300w, https:\/\/edublog.educastur.es\/corredoria3\/files\/2020\/08\/20_primero.png 424w\" sizes=\"auto, (max-width: 120px) 100vw, 120px\" \/> <img loading=\"lazy\" decoding=\"async\" class=\" wp-image-375 alignleft\" src=\"http:\/\/edublog.educastur.es\/corredoria3\/files\/2020\/08\/21_segundo-300x246.png\" alt=\"\" width=\"120\" height=\"98\" srcset=\"https:\/\/edublog.educastur.es\/corredoria3\/files\/2020\/08\/21_segundo-300x246.png 300w, https:\/\/edublog.educastur.es\/corredoria3\/files\/2020\/08\/21_segundo.png 424w\" sizes=\"auto, (max-width: 120px) 100vw, 120px\" \/> <img loading=\"lazy\" decoding=\"async\" class=\" wp-image-376 alignleft\" src=\"http:\/\/edublog.educastur.es\/corredoria3\/files\/2020\/08\/22_tercero-300x246.png\" alt=\"\" width=\"120\" height=\"98\" srcset=\"https:\/\/edublog.educastur.es\/corredoria3\/files\/2020\/08\/22_tercero-300x246.png 300w, https:\/\/edublog.educastur.es\/corredoria3\/files\/2020\/08\/22_tercero.png 424w\" sizes=\"auto, (max-width: 120px) 100vw, 120px\" \/> <img loading=\"lazy\" decoding=\"async\" class=\" wp-image-377 alignleft\" src=\"http:\/\/edublog.educastur.es\/corredoria3\/files\/2020\/08\/23_cuarto-300x246.png\" alt=\"\" width=\"120\" height=\"98\" srcset=\"https:\/\/edublog.educastur.es\/corredoria3\/files\/2020\/08\/23_cuarto-300x246.png 300w, https:\/\/edublog.educastur.es\/corredoria3\/files\/2020\/08\/23_cuarto.png 424w\" sizes=\"auto, (max-width: 120px) 100vw, 120px\" \/> <img loading=\"lazy\" decoding=\"async\" class=\"wp-image-378 alignleft\" src=\"http:\/\/edublog.educastur.es\/corredoria3\/files\/2020\/08\/24_quinto-300x246.png\" alt=\"\" width=\"120\" height=\"98\" srcset=\"https:\/\/edublog.educastur.es\/corredoria3\/files\/2020\/08\/24_quinto-300x246.png 300w, https:\/\/edublog.educastur.es\/corredoria3\/files\/2020\/08\/24_quinto.png 424w\" sizes=\"auto, (max-width: 120px) 100vw, 120px\" \/> <img loading=\"lazy\" decoding=\"async\" class=\" wp-image-379 alignleft\" src=\"http:\/\/edublog.educastur.es\/corredoria3\/files\/2020\/08\/25_sexto-300x246.png\" alt=\"\" width=\"120\" height=\"98\" srcset=\"https:\/\/edublog.educastur.es\/corredoria3\/files\/2020\/08\/25_sexto-300x246.png 300w, https:\/\/edublog.educastur.es\/corredoria3\/files\/2020\/08\/25_sexto.png 424w\" sizes=\"auto, (max-width: 120px) 100vw, 120px\" \/><\/p>\n<p>&nbsp;<\/p>\n<p>&nbsp;<\/p>\n<p>&nbsp;<\/p>\n<p>&nbsp;<\/p>\n<hr \/>\n<p><img loading=\"lazy\" decoding=\"async\" class=\"wp-image-385 alignleft\" src=\"http:\/\/edublog.educastur.es\/corredoria3\/files\/2020\/08\/31_sept-300x246.png\" alt=\"\" width=\"130\" height=\"107\" srcset=\"https:\/\/edublog.educastur.es\/corredoria3\/files\/2020\/08\/31_sept-300x246.png 300w, https:\/\/edublog.educastur.es\/corredoria3\/files\/2020\/08\/31_sept.png 398w\" sizes=\"auto, (max-width: 130px) 100vw, 130px\" \/> <img loading=\"lazy\" decoding=\"async\" class=\"wp-image-386 alignleft\" src=\"http:\/\/edublog.educastur.es\/corredoria3\/files\/2020\/08\/32_octubre-300x246.png\" alt=\"\" width=\"130\" height=\"107\" srcset=\"https:\/\/edublog.educastur.es\/corredoria3\/files\/2020\/08\/32_octubre-300x246.png 300w, https:\/\/edublog.educastur.es\/corredoria3\/files\/2020\/08\/32_octubre.png 398w\" sizes=\"auto, (max-width: 130px) 100vw, 130px\" \/> <img loading=\"lazy\" decoding=\"async\" class=\"wp-image-387 alignleft\" src=\"http:\/\/edublog.educastur.es\/corredoria3\/files\/2020\/08\/33_noviembre-300x246.png\" alt=\"\" width=\"130\" height=\"107\" srcset=\"https:\/\/edublog.educastur.es\/corredoria3\/files\/2020\/08\/33_noviembre-300x246.png 300w, https:\/\/edublog.educastur.es\/corredoria3\/files\/2020\/08\/33_noviembre.png 398w\" sizes=\"auto, (max-width: 130px) 100vw, 130px\" \/><img loading=\"lazy\" decoding=\"async\" class=\"wp-image-388 alignleft\" src=\"http:\/\/edublog.educastur.es\/corredoria3\/files\/2020\/08\/34_diciembre-300x246.png\" alt=\"\" width=\"130\" height=\"107\" srcset=\"https:\/\/edublog.educastur.es\/corredoria3\/files\/2020\/08\/34_diciembre-300x246.png 300w, https:\/\/edublog.educastur.es\/corredoria3\/files\/2020\/08\/34_diciembre.png 398w\" sizes=\"auto, (max-width: 130px) 100vw, 130px\" \/><\/p>\n<p><img loading=\"lazy\" decoding=\"async\" class=\"wp-image-389 alignleft\" src=\"http:\/\/edublog.educastur.es\/corredoria3\/files\/2020\/08\/35_enero-300x246.png\" alt=\"\" width=\"130\" height=\"107\" srcset=\"https:\/\/edublog.educastur.es\/corredoria3\/files\/2020\/08\/35_enero-300x246.png 300w, https:\/\/edublog.educastur.es\/corredoria3\/files\/2020\/08\/35_enero.png 398w\" sizes=\"auto, (max-width: 130px) 100vw, 130px\" \/><img loading=\"lazy\" decoding=\"async\" class=\"wp-image-390 alignleft\" src=\"http:\/\/edublog.educastur.es\/corredoria3\/files\/2020\/08\/36_febrero-300x246.png\" alt=\"\" width=\"130\" height=\"107\" srcset=\"https:\/\/edublog.educastur.es\/corredoria3\/files\/2020\/08\/36_febrero-300x246.png 300w, https:\/\/edublog.educastur.es\/corredoria3\/files\/2020\/08\/36_febrero.png 398w\" sizes=\"auto, (max-width: 130px) 100vw, 130px\" \/><img loading=\"lazy\" decoding=\"async\" class=\"wp-image-391 alignleft\" src=\"http:\/\/edublog.educastur.es\/corredoria3\/files\/2020\/08\/37_marzo-300x246.png\" alt=\"\" width=\"130\" height=\"107\" srcset=\"https:\/\/edublog.educastur.es\/corredoria3\/files\/2020\/08\/37_marzo-300x246.png 300w, https:\/\/edublog.educastur.es\/corredoria3\/files\/2020\/08\/37_marzo.png 398w\" sizes=\"auto, (max-width: 130px) 100vw, 130px\" \/><img loading=\"lazy\" decoding=\"async\" class=\"wp-image-392 alignleft\" src=\"http:\/\/edublog.educastur.es\/corredoria3\/files\/2020\/08\/38_abril-300x246.png\" alt=\"\" width=\"130\" height=\"107\" srcset=\"https:\/\/edublog.educastur.es\/corredoria3\/files\/2020\/08\/38_abril-300x246.png 300w, https:\/\/edublog.educastur.es\/corredoria3\/files\/2020\/08\/38_abril.png 398w\" sizes=\"auto, (max-width: 130px) 100vw, 130px\" \/><img loading=\"lazy\" decoding=\"async\" class=\"wp-image-393 alignleft\" src=\"http:\/\/edublog.educastur.es\/corredoria3\/files\/2020\/08\/39_mayo-300x246.png\" alt=\"\" width=\"130\" height=\"107\" srcset=\"https:\/\/edublog.educastur.es\/corredoria3\/files\/2020\/08\/39_mayo-300x246.png 300w, https:\/\/edublog.educastur.es\/corredoria3\/files\/2020\/08\/39_mayo.png 398w\" sizes=\"auto, (max-width: 130px) 100vw, 130px\" \/><img loading=\"lazy\" decoding=\"async\" class=\"wp-image-360 alignleft\" src=\"http:\/\/edublog.educastur.es\/corredoria3\/files\/2020\/08\/40_junio-300x246.png\" alt=\"\" width=\"130\" height=\"107\" srcset=\"https:\/\/edublog.educastur.es\/corredoria3\/files\/2020\/08\/40_junio-300x246.png 300w, https:\/\/edublog.educastur.es\/corredoria3\/files\/2020\/08\/40_junio.png 398w\" sizes=\"auto, (max-width: 130px) 100vw, 130px\" \/><\/p>\n<p>&nbsp;<\/p>\n<p>&nbsp;<\/p>\n<p>&nbsp;<\/p>\n<p>&nbsp;<\/p>\n<p>&nbsp;<\/p>\n<p>&nbsp;<\/p>\n<p>&nbsp;<\/p>\n<p>&nbsp;<\/p>\n<hr \/>\n<p>&nbsp;<\/p>\n<ul>\n<li class=\"page_item page-item-193 page_item_has_children\"><em><span style=\"font-size: 18pt\"><a href=\"https:\/\/edublog.educastur.es\/corredoria3\/a-l\/\">A. L.<\/a><\/span><\/em>\n<ul class=\"children\">\n<li class=\"page_item page-item-209\"><em><span style=\"font-size: 18pt\"><a href=\"https:\/\/edublog.educastur.es\/corredoria3\/a-l\/01-septiembre\/\">01) Septiembre<\/a><\/span><\/em><\/li>\n<li class=\"page_item page-item-223\"><em><span style=\"font-size: 18pt\"><a href=\"https:\/\/edublog.educastur.es\/corredoria3\/a-l\/02-octubre\/\">02) Octubre<\/a><\/span><\/em><\/li>\n<li class=\"page_item page-item-225\"><em><span style=\"font-size: 18pt\"><a href=\"https:\/\/edublog.educastur.es\/corredoria3\/a-l\/03-noviembre\/\">03) Noviembre<\/a><\/span><\/em><\/li>\n<li class=\"page_item page-item-251\"><em><span style=\"font-size: 18pt\"><a href=\"https:\/\/edublog.educastur.es\/corredoria3\/a-l\/04-diciembre\/\">04) Diciembre<\/a><\/span><\/em><\/li>\n<li class=\"page_item page-item-579\"><em><span style=\"font-size: 18pt\"><a href=\"https:\/\/edublog.educastur.es\/corredoria3\/a-l\/05-enero\/\">05) Enero<\/a><\/span><\/em><\/li>\n<li class=\"page_item page-item-609\"><em><span style=\"font-size: 18pt\"><a href=\"https:\/\/edublog.educastur.es\/corredoria3\/a-l\/06-febrero\/\">06) Febrero<\/a><\/span><\/em><\/li>\n<li class=\"page_item page-item-639\"><em><span style=\"font-size: 18pt\"><a href=\"https:\/\/edublog.educastur.es\/corredoria3\/a-l\/07-marzo\/\">07) Marzo<\/a><\/span><\/em><\/li>\n<li class=\"page_item page-item-665\"><em><span style=\"font-size: 18pt\"><a href=\"https:\/\/edublog.educastur.es\/corredoria3\/a-l\/08-abril\/\">08) Abril<\/a><\/span><\/em><\/li>\n<li class=\"page_item page-item-697\"><em><span style=\"font-size: 18pt\"><a href=\"https:\/\/edublog.educastur.es\/corredoria3\/a-l\/09-mayo\/\">09) Mayo<\/a><\/span><\/em><\/li>\n<li class=\"page_item page-item-729\"><a href=\"https:\/\/edublog.educastur.es\/corredoria3\/a-l\/10-junio\/\"><em><span style=\"font-size: 18pt\">10) Junio<\/span><\/em><\/a><\/li>\n<\/ul>\n<\/li>\n<\/ul>\n<p>&nbsp;<\/p>\n<p>&nbsp;<\/p>\n<p>&nbsp;<\/p>\n","protected":false},"excerpt":{"rendered":"<p>&nbsp; &nbsp; Profesoras: Oti y &nbsp; &nbsp; &nbsp; Las TAREAS concretas y particulares de Audici\u00f3n y Lenguaje se enviar\u00e1n a trav\u00e9s de la Tutor\u00eda. En esta p\u00e1gina se publicar\u00e1n recomendaciones generales para todo el alumnado. &nbsp; \u00a0\u00a0 \u00a0 \u00a0 \u00a0\u00a0 \u00a0\u00a0\u00a0\u00a0\u00a0\u00a0\u00a0 \u00a0\u00a0 \u00a0 \u00a0 &nbsp; &nbsp; &nbsp; &nbsp; &nbsp; &nbsp; &nbsp; &nbsp; &nbsp; &nbsp; &nbsp; [&hellip;]<\/p>\n","protected":false},"author":117,"featured_media":0,"parent":0,"menu_order":19,"comment_status":"closed","ping_status":"closed","template":"","meta":{"footnotes":""},"class_list":["post-193","page","type-page","status-publish","hentry","post-preview"],"_links":{"self":[{"href":"https:\/\/edublog.educastur.es\/corredoria3\/wp-json\/wp\/v2\/pages\/193","targetHints":{"allow":["GET"]}}],"collection":[{"href":"https:\/\/edublog.educastur.es\/corredoria3\/wp-json\/wp\/v2\/pages"}],"about":[{"href":"https:\/\/edublog.educastur.es\/corredoria3\/wp-json\/wp\/v2\/types\/page"}],"author":[{"embeddable":true,"href":"https:\/\/edublog.educastur.es\/corredoria3\/wp-json\/wp\/v2\/users\/117"}],"replies":[{"embeddable":true,"href":"https:\/\/edublog.educastur.es\/corredoria3\/wp-json\/wp\/v2\/comments?post=193"}],"version-history":[{"count":6,"href":"https:\/\/edublog.educastur.es\/corredoria3\/wp-json\/wp\/v2\/pages\/193\/revisions"}],"predecessor-version":[{"id":786,"href":"https:\/\/edublog.educastur.es\/corredoria3\/wp-json\/wp\/v2\/pages\/193\/revisions\/786"}],"wp:attachment":[{"href":"https:\/\/edublog.educastur.es\/corredoria3\/wp-json\/wp\/v2\/media?parent=193"}],"curies":[{"name":"wp","href":"https:\/\/api.w.org\/{rel}","templated":true}]}}